{"id":1819,"date":"2024-12-31T02:50:14","date_gmt":"2024-12-31T02:50:14","guid":{"rendered":"https:\/\/www.linkceramics.com\/?post_type=product&#038;p=1819"},"modified":"2024-12-31T02:50:16","modified_gmt":"2024-12-31T02:50:16","slug":"bulk-animal-ornaments","status":"publish","type":"product","link":"https:\/\/www.linkceramics.com\/es\/product\/bulk-animal-ornaments\/","title":{"rendered":"Adornos personalizados para gatos en venta, adornos para animales a granel Venta directa de f\u00e1brica"},"content":{"rendered":"<h3 class=\"wp-block-heading\">Par\u00e1metros de los adornos para gatos<\/h3>\n\n\n\n<figure class=\"wp-block-table\"><table class=\"has-fixed-layout\"><tbody><tr><td>Modelo<\/td><td>Nombre del producto<\/td><td>Color<\/td><td>Material<\/td><td>Utiliza<\/td><td>Dimensiones<\/td><td>Peso<\/td><\/tr><tr><td>E37136-H851-A01<\/td><td>Adorno animal - Gato sentado<\/td><td>Marr\u00f3n antiguo&nbsp;<\/td><td>Resina<\/td><td>decoraci\u00f3n,sal\u00f3n<\/td><td>16,5X8,5X13cm<\/td><td>0,5kg\/PC<\/td><\/tr><tr><td>E37137-H851-A01<\/td><td>Adorno animal-Gato andante<\/td><td>Marr\u00f3n antiguo&nbsp;<\/td><td>Resina<\/td><td>decoraci\u00f3n,sal\u00f3n<\/td><td>14,5X10X16cm<\/td><td>0,6kg\/PC<\/td><\/tr><\/tbody><\/table><\/figure>\n\n\n\n<div class=\"wp-block-columns is-layout-flex wp-container-core-columns-is-layout-9d6595d7 wp-block-columns-is-layout-flex\">\n<div class=\"wp-block-column is-layout-flow wp-block-column-is-layout-flow\">\n<figure class=\"wp-block-image size-full\"><img decoding=\"async\" width=\"768\" height=\"640\" src=\"https:\/\/www.linkceramics.com\/wp-content\/uploads\/2024\/12\/Animal-Ornaments-Walking-cat-4-768x640.jpg.webp\" alt=\"Adornos para animales-Gato andante-4-768x640.jpg\" class=\"wp-image-1823\" srcset=\"https:\/\/www.linkceramics.com\/wp-content\/uploads\/2024\/12\/Animal-Ornaments-Walking-cat-4-768x640.jpg.webp 768w, https:\/\/www.linkceramics.com\/wp-content\/uploads\/2024\/12\/Animal-Ornaments-Walking-cat-4-768x640.jpg-300x250.webp 300w, https:\/\/www.linkceramics.com\/wp-content\/uploads\/2024\/12\/Animal-Ornaments-Walking-cat-4-768x640.jpg-600x500.webp 600w\" sizes=\"(max-width: 768px) 100vw, 768px\" \/><\/figure>\n<\/div>\n\n\n\n<div class=\"wp-block-column is-layout-flow wp-block-column-is-layout-flow\">\n<figure class=\"wp-block-image size-full\"><img decoding=\"async\" width=\"768\" height=\"640\" src=\"https:\/\/www.linkceramics.com\/wp-content\/uploads\/2024\/12\/Animal-Ornaments-Setting-Cat-4-768x640.jpg.webp\" alt=\"Adornos para animales-Escenario-Gato-4-768x640.jpg\" class=\"wp-image-1822\" srcset=\"https:\/\/www.linkceramics.com\/wp-content\/uploads\/2024\/12\/Animal-Ornaments-Setting-Cat-4-768x640.jpg.webp 768w, https:\/\/www.linkceramics.com\/wp-content\/uploads\/2024\/12\/Animal-Ornaments-Setting-Cat-4-768x640.jpg-300x250.webp 300w, https:\/\/www.linkceramics.com\/wp-content\/uploads\/2024\/12\/Animal-Ornaments-Setting-Cat-4-768x640.jpg-600x500.webp 600w\" sizes=\"(max-width: 768px) 100vw, 768px\" \/><\/figure>\n<\/div>\n<\/div>","protected":false},"excerpt":{"rendered":"<div id=\"brxe-raacbk\" class=\"brxe-product-meta product_meta\">\n<p data-pm-slice=\"0 0 []\">Ofrecemos adornos de animales al por mayor y soluciones de adornos personalizados. Estos adornos de animales a\u00f1aden vitalidad y diversi\u00f3n a su espacio. Los exquisitos adornos de animales no s\u00f3lo pueden decorar el entorno de su hogar, sino que tambi\u00e9n pueden regalarse a familiares y amigos, y son adecuados para diversas ocasiones. Invitamos a mayoristas y distribuidores a ponerse en contacto con nosotros. El fabricante de adornos para el hogar de cer\u00e1mica SANTAI le ofrece precios competitivos.<\/p>\n<h2>Caracter\u00edsticas de los adornos de animales<\/h2>\n<p><strong>Dise\u00f1o bonito y encantador<\/strong>: Los adornos para gatos adoptan una combinaci\u00f3n de colores marr\u00f3n claro y manchas blancas, que resulta c\u00e1lida y adorable. Esta combinaci\u00f3n de colores no s\u00f3lo es f\u00e1cil de integrar en varios estilos de decoraci\u00f3n del hogar, sino que tambi\u00e9n a\u00f1ade un toque vivo y alegre al ambiente del hogar.<\/p>\n<p><strong>Adornos creativos con animales<\/strong>: Los bonitos adornos de animales inspiran la creatividad y la imaginaci\u00f3n de la gente. Tanto si se colocan en el estudio como en el sal\u00f3n, pueden convertirse en una decoraci\u00f3n muy bonita.<\/p>\n<p><strong>Tecnolog\u00eda de producci\u00f3n de alta calidad<\/strong>: Los adornos de gatito est\u00e1n hechos de materiales de resina de alta calidad, con una artesan\u00eda exquisita y un procesamiento adecuado de los detalles. Ya sea el contorno de los adornos o la textura de la superficie, muestra un nivel de producci\u00f3n de alta calidad.<\/p>\n<p><strong>F\u00e1cil de combinar y colocar<\/strong>: Las dos estatuas de animales pueden colocarse por separado o combinadas. No solo son adecuadas para espacios interiores como el estudio y el sal\u00f3n, sino que tambi\u00e9n pueden utilizarse como decoraci\u00f3n para jardines o balcones exteriores.<\/p>\n<p><strong>Servicio profesional al por mayor de decoraci\u00f3n del hogar<\/strong>: SANTAI es un fabricante l\u00edder de decoraci\u00f3n del hogar de cer\u00e1mica de China. Ofrecemos una amplia gama de decoraci\u00f3n de muebles al por mayor, adornos de animales y precios competitivos. B2B compradores son bienvenidos a contactar con nosotros.<\/p>\n<\/div>","protected":false},"featured_media":1824,"comment_status":"open","ping_status":"closed","template":"","meta":{"_acf_changed":true},"certification":[63,64,66,65,61,60,62],"product_brand":[],"product_cat":[37,38],"product_tag":[],"class_list":{"0":"post-1819","1":"product","2":"type-product","3":"status-publish","4":"has-post-thumbnail","6":"certification-amfori","7":"certification-bsci","8":"certification-cnas","9":"certification-iaf","10":"certification-iso-14001","11":"certification-iso-45001","12":"certification-iso-9001","13":"product_cat-decorative-ceramic-wholesale","14":"product_cat-custom-ceramic-ornament","16":"first","17":"instock","18":"shipping-taxable","19":"product-type-simple"},"acf":[],"_links":{"self":[{"href":"https:\/\/www.linkceramics.com\/es\/wp-json\/wp\/v2\/product\/1819","targetHints":{"allow":["GET"]}}],"collection":[{"href":"https:\/\/www.linkceramics.com\/es\/wp-json\/wp\/v2\/product"}],"about":[{"href":"https:\/\/www.linkceramics.com\/es\/wp-json\/wp\/v2\/types\/product"}],"replies":[{"embeddable":true,"href":"https:\/\/www.linkceramics.com\/es\/wp-json\/wp\/v2\/comments?post=1819"}],"wp:featuredmedia":[{"embeddable":true,"href":"https:\/\/www.linkceramics.com\/es\/wp-json\/wp\/v2\/media\/1824"}],"wp:attachment":[{"href":"https:\/\/www.linkceramics.com\/es\/wp-json\/wp\/v2\/media?parent=1819"}],"wp:term":[{"taxonomy":"certification","embeddable":true,"href":"https:\/\/www.linkceramics.com\/es\/wp-json\/wp\/v2\/certification?post=1819"},{"taxonomy":"product_brand","embeddable":true,"href":"https:\/\/www.linkceramics.com\/es\/wp-json\/wp\/v2\/product_brand?post=1819"},{"taxonomy":"product_cat","embeddable":true,"href":"https:\/\/www.linkceramics.com\/es\/wp-json\/wp\/v2\/product_cat?post=1819"},{"taxonomy":"product_tag","embeddable":true,"href":"https:\/\/www.linkceramics.com\/es\/wp-json\/wp\/v2\/product_tag?post=1819"}],"curies":[{"name":"wp","href":"https:\/\/api.w.org\/{rel}","templated":true}]}}