{"id":1830,"date":"2025-01-04T08:55:36","date_gmt":"2025-01-04T08:55:36","guid":{"rendered":"https:\/\/www.linkceramics.com\/?post_type=product&#038;p=1830"},"modified":"2025-01-04T08:55:37","modified_gmt":"2025-01-04T08:55:37","slug":"wholesale-scented-candles","status":"publish","type":"product","link":"https:\/\/www.linkceramics.com\/es\/product\/wholesale-scented-candles\/","title":{"rendered":"Venta al por mayor de velas perfumadas en lujosos tarros de cer\u00e1mica"},"content":{"rendered":"<div class=\"wp-block-columns is-layout-flex wp-container-core-columns-is-layout-9d6595d7 wp-block-columns-is-layout-flex\">\n<div class=\"wp-block-column is-layout-flow wp-block-column-is-layout-flow\" style=\"flex-basis:66.66%\">\n<h3 class=\"wp-block-heading\">Premium al por mayor velas perfumadas Caracter\u00edsticas:<\/h3>\n\n\n\n<p><strong>Versatilidad y materiales respetuosos con el medio ambiente:\u00a0<\/strong>Los tarros de cer\u00e1mica de nuestras velas arom\u00e1ticas a granel no s\u00f3lo son reutilizables, sino que tambi\u00e9n pueden usarse como tarros de almacenaje o decoraci\u00f3n, reduciendo los residuos, respetuosos con el medio ambiente y pr\u00e1cticos.<\/p>\n\n\n\n<p><strong>Dise\u00f1o de tarro de cer\u00e1mica retro:\u00a0<\/strong>Estas velas arom\u00e1ticas al por mayor utilizan tarros de cer\u00e1mica de estilo retro con texturas de alta gama. No solo es un pr\u00e1ctico producto de aromaterapia, sino tambi\u00e9n una elegante decoraci\u00f3n para realzar la belleza de tu hogar.<\/p>\n\n\n\n<p><strong>Dos estilos para elegir:\u00a0<\/strong>Ofrecemos dos estilos para estas velas perfumadas a granel, con tapa y sin tapa. El dise\u00f1o con tapa mantiene la fragancia durante mucho tiempo, y el dise\u00f1o sin tapa es c\u00f3modo de usar para satisfacer las necesidades de diferentes ocasiones.<\/p>\n\n\n\n<p><strong>Experiencia de aromaterapia de alta calidad:\u00a0<\/strong>Nuestras velas perfumadas al por mayor est\u00e1n fabricadas con cera de soja de alta calidad y fragancias naturales. Al arder, emiten un aroma relajante que crea un ambiente confortable y relajante. Son ideales para la aromaterapia de interior.<\/p>\n<\/div>\n\n\n\n<div class=\"wp-block-column is-layout-flow wp-block-column-is-layout-flow\" style=\"flex-basis:33.33%\">\n<figure class=\"wp-block-image size-full\"><img decoding=\"async\" width=\"1200\" height=\"1200\" src=\"https:\/\/www.linkceramics.com\/wp-content\/uploads\/2025\/01\/Premium-Wholesale-Scented-Candles-In-Luxury-Ceramic-Jars-8.webp\" alt=\"Mayorista de velas perfumadas de lujo en tarros de cer\u00e1mica 8\" class=\"wp-image-1835\" srcset=\"https:\/\/www.linkceramics.com\/wp-content\/uploads\/2025\/01\/Premium-Wholesale-Scented-Candles-In-Luxury-Ceramic-Jars-8.webp 1200w, https:\/\/www.linkceramics.com\/wp-content\/uploads\/2025\/01\/Premium-Wholesale-Scented-Candles-In-Luxury-Ceramic-Jars-8-300x300.webp 300w, https:\/\/www.linkceramics.com\/wp-content\/uploads\/2025\/01\/Premium-Wholesale-Scented-Candles-In-Luxury-Ceramic-Jars-8-150x150.webp 150w, https:\/\/www.linkceramics.com\/wp-content\/uploads\/2025\/01\/Premium-Wholesale-Scented-Candles-In-Luxury-Ceramic-Jars-8-768x768.webp 768w, https:\/\/www.linkceramics.com\/wp-content\/uploads\/2025\/01\/Premium-Wholesale-Scented-Candles-In-Luxury-Ceramic-Jars-8-600x600.webp 600w, https:\/\/www.linkceramics.com\/wp-content\/uploads\/2025\/01\/Premium-Wholesale-Scented-Candles-In-Luxury-Ceramic-Jars-8-100x100.webp 100w\" sizes=\"(max-width: 1200px) 100vw, 1200px\" \/><\/figure>\n<\/div>\n<\/div>","protected":false},"excerpt":{"rendered":"<div id=\"brxe-0ee1ca\" class=\"brxe-product-meta product_meta\">\n<div id=\"brxe-0ee1ca\" class=\"brxe-product-meta product_meta\">\n<div id=\"brxe-0ee1ca\" class=\"brxe-product-meta product_meta\">Estas lujosas velas perfumadas al por mayor utilizan un dise\u00f1o de tarro de cer\u00e1mica retro y est\u00e1n disponibles en dos opciones: con tapa y sin tapa. Con cera de soja de alta calidad y fragancias naturales, aportan una elegante experiencia arom\u00e1tica y son la elecci\u00f3n perfecta para mejorar el ambiente del hogar.<\/div>\n<\/div>\n<\/div>\n<div id=\"brxe-8c5ca9\" class=\"brxe-product-short-description\">\n<div class=\"woocommerce-product-details__short-description\">\n<h2>Velas perfumadas Premium Especificaciones:<\/h2>\n<table border=\"0\" width=\"338\" cellspacing=\"0\" cellpadding=\"0\">\n<tbody>\n<tr>\n<td width=\"124\" height=\"18\">Fabricante<\/td>\n<td width=\"214\">Un hogar lleno de amor<\/td>\n<\/tr>\n<tr>\n<td width=\"124\" height=\"18\">Nombre de la colecci\u00f3n<\/td>\n<td width=\"214\">Vela perfumada<\/td>\n<\/tr>\n<tr>\n<td width=\"124\" height=\"18\">Estilo de dise\u00f1o<\/td>\n<td width=\"214\">Europa<\/td>\n<\/tr>\n<tr>\n<td width=\"124\" height=\"18\">Utilizaci\u00f3n<\/td>\n<td width=\"214\">Hogar, Restaurante, Hotel<\/td>\n<\/tr>\n<tr>\n<td width=\"124\" height=\"18\">Tipo de vela<\/td>\n<td width=\"214\">Tarro de vela, Vela perfumada<\/td>\n<\/tr>\n<tr>\n<td width=\"124\" height=\"18\">Material<\/td>\n<td width=\"214\">Porcelana resistente<\/td>\n<\/tr>\n<tr>\n<td width=\"124\" height=\"18\">Dimensi\u00f3n<\/td>\n<td width=\"214\">Como imagen detallada<\/td>\n<\/tr>\n<tr>\n<td width=\"124\" height=\"18\">Unidades de venta<\/td>\n<td width=\"214\">Art\u00edculo \u00fanico<\/td>\n<\/tr>\n<tr>\n<td width=\"124\" height=\"18\">MOQ<\/td>\n<td width=\"214\">1200 unid. por art\u00edculo<\/td>\n<\/tr>\n<tr>\n<td width=\"124\" height=\"18\">Opci\u00f3n personalizada<\/td>\n<td width=\"214\">Color\/Tama\u00f1o\/Glaseado\/Logotipo\/Embalaje<\/td>\n<\/tr>\n<\/tbody>\n<\/table>\n<\/div>\n<\/div>","protected":false},"featured_media":1831,"comment_status":"open","ping_status":"closed","template":"","meta":{"_acf_changed":true},"certification":[63,64,66,58,65,61,60,62],"product_brand":[],"product_cat":[37,16,38],"product_tag":[],"class_list":{"0":"post-1830","1":"product","2":"type-product","3":"status-publish","4":"has-post-thumbnail","6":"certification-amfori","7":"certification-bsci","8":"certification-cnas","9":"certification-fda","10":"certification-iaf","11":"certification-iso-14001","12":"certification-iso-45001","13":"certification-iso-9001","14":"product_cat-decorative-ceramic-wholesale","15":"product_cat-ceramic-candle-holder","16":"product_cat-custom-ceramic-ornament","18":"first","19":"instock","20":"shipping-taxable","21":"product-type-simple"},"acf":[],"_links":{"self":[{"href":"https:\/\/www.linkceramics.com\/es\/wp-json\/wp\/v2\/product\/1830","targetHints":{"allow":["GET"]}}],"collection":[{"href":"https:\/\/www.linkceramics.com\/es\/wp-json\/wp\/v2\/product"}],"about":[{"href":"https:\/\/www.linkceramics.com\/es\/wp-json\/wp\/v2\/types\/product"}],"replies":[{"embeddable":true,"href":"https:\/\/www.linkceramics.com\/es\/wp-json\/wp\/v2\/comments?post=1830"}],"wp:featuredmedia":[{"embeddable":true,"href":"https:\/\/www.linkceramics.com\/es\/wp-json\/wp\/v2\/media\/1831"}],"wp:attachment":[{"href":"https:\/\/www.linkceramics.com\/es\/wp-json\/wp\/v2\/media?parent=1830"}],"wp:term":[{"taxonomy":"certification","embeddable":true,"href":"https:\/\/www.linkceramics.com\/es\/wp-json\/wp\/v2\/certification?post=1830"},{"taxonomy":"product_brand","embeddable":true,"href":"https:\/\/www.linkceramics.com\/es\/wp-json\/wp\/v2\/product_brand?post=1830"},{"taxonomy":"product_cat","embeddable":true,"href":"https:\/\/www.linkceramics.com\/es\/wp-json\/wp\/v2\/product_cat?post=1830"},{"taxonomy":"product_tag","embeddable":true,"href":"https:\/\/www.linkceramics.com\/es\/wp-json\/wp\/v2\/product_tag?post=1830"}],"curies":[{"name":"wp","href":"https:\/\/api.w.org\/{rel}","templated":true}]}}