{"id":1836,"date":"2025-01-04T09:05:50","date_gmt":"2025-01-04T09:05:50","guid":{"rendered":"https:\/\/www.linkceramics.com\/?post_type=product&#038;p=1836"},"modified":"2025-01-04T09:05:52","modified_gmt":"2025-01-04T09:05:52","slug":"bul-classical-patterned-ceramic-vase","status":"publish","type":"product","link":"https:\/\/www.linkceramics.com\/es\/product\/bul-classical-patterned-ceramic-vase\/","title":{"rendered":"Mayorista Jarr\u00f3n de Cer\u00e1mica Cl\u00e1sico Chino, Elegante Jarr\u00f3n Tradicional para Decoraci\u00f3n del Hogar"},"content":{"rendered":"<h3 class=\"wp-block-heading\">Par\u00e1metros del jarr\u00f3n de cer\u00e1mica con motivos cl\u00e1sicos<\/h3>\n\n\n\n<figure class=\"wp-block-table\"><table class=\"has-fixed-layout\"><tbody><tr><td>Modelo<\/td><td>Nombre del producto<\/td><td>Color<\/td><td>Material<\/td><td>Utiliza<\/td><td>Dimensiones<\/td><td>Peso<\/td><\/tr><tr><td>A32067-LC17-A01<\/td><td>Florero de cer\u00e1mica<\/td><td>Marr\u00f3n elegante<\/td><td>Cer\u00e1mica<\/td><td>decoraci\u00f3n,sal\u00f3n<\/td><td>30X16X18.5<\/td><td>2,1 kg\/unidad<\/td><\/tr><\/tbody><\/table><\/figure>\n\n\n\n<div class=\"wp-block-columns is-layout-flex wp-container-core-columns-is-layout-9d6595d7 wp-block-columns-is-layout-flex\">\n<div class=\"wp-block-column is-layout-flow wp-block-column-is-layout-flow\">\n<figure class=\"wp-block-image size-full\"><img decoding=\"async\" width=\"1500\" height=\"1250\" src=\"https:\/\/www.linkceramics.com\/wp-content\/uploads\/2025\/01\/Chinese-Classical-Patterned-Ceramic-Vase-2-1.jpg.webp\" alt=\"Jarr\u00f3n de cer\u00e1mica con motivos cl\u00e1sicos chinos-2-1.jpg\" class=\"wp-image-1837\" srcset=\"https:\/\/www.linkceramics.com\/wp-content\/uploads\/2025\/01\/Chinese-Classical-Patterned-Ceramic-Vase-2-1.jpg.webp 1500w, https:\/\/www.linkceramics.com\/wp-content\/uploads\/2025\/01\/Chinese-Classical-Patterned-Ceramic-Vase-2-1.jpg-300x250.webp 300w, https:\/\/www.linkceramics.com\/wp-content\/uploads\/2025\/01\/Chinese-Classical-Patterned-Ceramic-Vase-2-1.jpg-768x640.webp 768w, https:\/\/www.linkceramics.com\/wp-content\/uploads\/2025\/01\/Chinese-Classical-Patterned-Ceramic-Vase-2-1.jpg-1200x1000.webp 1200w, https:\/\/www.linkceramics.com\/wp-content\/uploads\/2025\/01\/Chinese-Classical-Patterned-Ceramic-Vase-2-1.jpg-600x500.webp 600w\" sizes=\"(max-width: 1500px) 100vw, 1500px\" \/><\/figure>\n<\/div>\n\n\n\n<div class=\"wp-block-column is-layout-flow wp-block-column-is-layout-flow\">\n<figure class=\"wp-block-image size-full\"><img decoding=\"async\" width=\"1500\" height=\"1250\" src=\"https:\/\/www.linkceramics.com\/wp-content\/uploads\/2025\/01\/Chinese-Classical-Patterned-Ceramic-Vase-1-1.jpg.webp\" alt=\"Jarr\u00f3n de cer\u00e1mica con motivos cl\u00e1sicos chinos-1-1.jpg\" class=\"wp-image-1839\" srcset=\"https:\/\/www.linkceramics.com\/wp-content\/uploads\/2025\/01\/Chinese-Classical-Patterned-Ceramic-Vase-1-1.jpg.webp 1500w, https:\/\/www.linkceramics.com\/wp-content\/uploads\/2025\/01\/Chinese-Classical-Patterned-Ceramic-Vase-1-1.jpg-300x250.webp 300w, https:\/\/www.linkceramics.com\/wp-content\/uploads\/2025\/01\/Chinese-Classical-Patterned-Ceramic-Vase-1-1.jpg-768x640.webp 768w, https:\/\/www.linkceramics.com\/wp-content\/uploads\/2025\/01\/Chinese-Classical-Patterned-Ceramic-Vase-1-1.jpg-1200x1000.webp 1200w, https:\/\/www.linkceramics.com\/wp-content\/uploads\/2025\/01\/Chinese-Classical-Patterned-Ceramic-Vase-1-1.jpg-600x500.webp 600w\" sizes=\"(max-width: 1500px) 100vw, 1500px\" \/><\/figure>\n<\/div>\n<\/div>","protected":false},"excerpt":{"rendered":"<div id=\"brxe-raacbk\" class=\"brxe-product-meta product_meta\">\n<p data-pm-slice=\"0 0 []\">Los jarrones de cer\u00e1mica cl\u00e1sicos al por mayor, hechos de arcilla natural, tienen una textura y un color de esmalte \u00fanicos, un dise\u00f1o chino y una forma \u00fanica. Este jarr\u00f3n cl\u00e1sico puede integrarse perfectamente con una gran variedad de estilos de hogar. Puede utilizarse como decoraci\u00f3n art\u00edstica independiente o para arreglos florales. Ofrecemos servicios profesionales de venta al por mayor y personalizaci\u00f3n de jarrones de cer\u00e1mica, p\u00f3ngase en contacto con nosotros.<\/p>\n<h2>Caracter\u00edsticas del jarr\u00f3n de cer\u00e1mica con motivos cl\u00e1sicos<\/h2>\n<p><strong>Dise\u00f1o cl\u00e1sico chino:<\/strong>\u00a0El jarr\u00f3n cl\u00e1sico adopta patrones tradicionales chinos, integrando ricos elementos culturales y expresiones art\u00edsticas, mostrando una profunda est\u00e9tica china.<\/p>\n<p><strong>F\u00e1cil de combinar:<\/strong>\u00a0Este jarr\u00f3n de cer\u00e1mica con motivos cl\u00e1sicos puede integrarse perfectamente con una gran variedad de estilos de hogar, a\u00f1adiendo una atm\u00f3sfera art\u00edstica \u00fanica a la decoraci\u00f3n de muebles de estilo sencillo y tradicional.<\/p>\n<p><strong>Duradera y bonita:<\/strong>\u00a0Este jarr\u00f3n cl\u00e1sico est\u00e1 hecho de arcilla natural y cocido a alta temperatura para garantizar su durabilidad y brillo.<\/p>\n<p><strong>Materiales de alta calidad:<\/strong>\u00a0Seleccionando arcilla de alta calidad y fabricado a trav\u00e9s de una exquisita artesan\u00eda, este jarr\u00f3n de cer\u00e1mica con motivos cl\u00e1sicos tiene una superficie lisa, buen tacto, resistente al desgaste y duradero, y puede mantener un brillo perfecto incluso despu\u00e9s de un uso prolongado.<\/p>\n<p><strong>Servicio OEM y ODM:<\/strong>\u00a0Como fabricante de cer\u00e1mica para decoraci\u00f3n del hogar, ofrecemos servicios de personalizaci\u00f3n oem y odm para pedidos de gran volumen, que abarcan materiales personalizados, formas, tama\u00f1os y mucho m\u00e1s.<\/p>\n<\/div>","protected":false},"featured_media":1839,"comment_status":"open","ping_status":"closed","template":"","meta":{"_acf_changed":true},"certification":[63,64,66,65,61,60,62],"product_brand":[],"product_cat":[37,38,17],"product_tag":[],"class_list":{"0":"post-1836","1":"product","2":"type-product","3":"status-publish","4":"has-post-thumbnail","6":"certification-amfori","7":"certification-bsci","8":"certification-cnas","9":"certification-iaf","10":"certification-iso-14001","11":"certification-iso-45001","12":"certification-iso-9001","13":"product_cat-decorative-ceramic-wholesale","14":"product_cat-custom-ceramic-ornament","15":"product_cat-ceramic-vases-wholesale","17":"first","18":"instock","19":"shipping-taxable","20":"product-type-simple"},"acf":[],"_links":{"self":[{"href":"https:\/\/www.linkceramics.com\/es\/wp-json\/wp\/v2\/product\/1836","targetHints":{"allow":["GET"]}}],"collection":[{"href":"https:\/\/www.linkceramics.com\/es\/wp-json\/wp\/v2\/product"}],"about":[{"href":"https:\/\/www.linkceramics.com\/es\/wp-json\/wp\/v2\/types\/product"}],"replies":[{"embeddable":true,"href":"https:\/\/www.linkceramics.com\/es\/wp-json\/wp\/v2\/comments?post=1836"}],"wp:featuredmedia":[{"embeddable":true,"href":"https:\/\/www.linkceramics.com\/es\/wp-json\/wp\/v2\/media\/1839"}],"wp:attachment":[{"href":"https:\/\/www.linkceramics.com\/es\/wp-json\/wp\/v2\/media?parent=1836"}],"wp:term":[{"taxonomy":"certification","embeddable":true,"href":"https:\/\/www.linkceramics.com\/es\/wp-json\/wp\/v2\/certification?post=1836"},{"taxonomy":"product_brand","embeddable":true,"href":"https:\/\/www.linkceramics.com\/es\/wp-json\/wp\/v2\/product_brand?post=1836"},{"taxonomy":"product_cat","embeddable":true,"href":"https:\/\/www.linkceramics.com\/es\/wp-json\/wp\/v2\/product_cat?post=1836"},{"taxonomy":"product_tag","embeddable":true,"href":"https:\/\/www.linkceramics.com\/es\/wp-json\/wp\/v2\/product_tag?post=1836"}],"curies":[{"name":"wp","href":"https:\/\/api.w.org\/{rel}","templated":true}]}}