{"id":1840,"date":"2025-01-04T09:14:02","date_gmt":"2025-01-04T09:14:02","guid":{"rendered":"https:\/\/www.linkceramics.com\/?post_type=product&#038;p=1840"},"modified":"2025-01-04T09:14:03","modified_gmt":"2025-01-04T09:14:03","slug":"wholesale-turtle-statues","status":"publish","type":"product","link":"https:\/\/www.linkceramics.com\/es\/product\/wholesale-turtle-statues\/","title":{"rendered":"Mayorista Estatuas de Tortugas Decoracion de Tortugas, Decoracion del Hogar a Granel Escultura de Tortuga en Venta"},"content":{"rendered":"<h3 class=\"wp-block-heading\">Par\u00e1metros de la estatua de tortuga<\/h3>\n\n\n\n<figure class=\"wp-block-table\"><table class=\"has-fixed-layout\"><tbody><tr><td>Modelo<\/td><td>Nombre del producto<\/td><td>Color<\/td><td>Material<\/td><td>Utiliza<\/td><td>Dimensiones<\/td><td>Peso<\/td><\/tr><tr><td>E37140-G033-A01<\/td><td>Tortuga de pie de resina<\/td><td>Plata brillante<\/td><td>Resina<\/td><td>decoraci\u00f3n,sal\u00f3n<\/td><td>15,5X8,5X9cm<\/td><td>0,5kg\/PC<\/td><\/tr><tr><td>E37142-G033-A01<\/td><td>Tortuga rastrera de resina<\/td><td>Plata brillante<\/td><td>Resina<\/td><td>decoraci\u00f3n,sal\u00f3n<\/td><td>12X7.5X5.5cm<\/td><td>0,2kg\/PC<\/td><\/tr><tr><td>E37141-G033-A01<\/td><td>Tortuga de resina<\/td><td>Plata brillante<\/td><td>Resina<\/td><td>decoraci\u00f3n,sal\u00f3n<\/td><td>14,5X10,5X6,5cm<\/td><td>0,3kg\/PC<\/td><\/tr><\/tbody><\/table><\/figure>\n\n\n\n<div class=\"wp-block-columns is-layout-flex wp-container-core-columns-is-layout-9d6595d7 wp-block-columns-is-layout-flex\">\n<div class=\"wp-block-column is-layout-flow wp-block-column-is-layout-flow\">\n<figure class=\"wp-block-image size-full\"><img decoding=\"async\" width=\"768\" height=\"639\" src=\"https:\/\/www.linkceramics.com\/wp-content\/uploads\/2025\/01\/Turtle-Decoration-10-768x639.jpg.webp\" alt=\"Turtle-Decoration-10-768x639.jpg\" class=\"wp-image-1845\" srcset=\"https:\/\/www.linkceramics.com\/wp-content\/uploads\/2025\/01\/Turtle-Decoration-10-768x639.jpg.webp 768w, https:\/\/www.linkceramics.com\/wp-content\/uploads\/2025\/01\/Turtle-Decoration-10-768x639.jpg-300x250.webp 300w, https:\/\/www.linkceramics.com\/wp-content\/uploads\/2025\/01\/Turtle-Decoration-10-768x639.jpg-600x499.webp 600w\" sizes=\"(max-width: 768px) 100vw, 768px\" \/><\/figure>\n<\/div>\n\n\n\n<div class=\"wp-block-column is-layout-flow wp-block-column-is-layout-flow\">\n<figure class=\"wp-block-image size-full\"><img decoding=\"async\" width=\"768\" height=\"640\" src=\"https:\/\/www.linkceramics.com\/wp-content\/uploads\/2025\/01\/Turtle-Decoration-9-768x640.jpg.webp\" alt=\"Turtle-Decoration-9-768x640.jpg\" class=\"wp-image-1844\" srcset=\"https:\/\/www.linkceramics.com\/wp-content\/uploads\/2025\/01\/Turtle-Decoration-9-768x640.jpg.webp 768w, https:\/\/www.linkceramics.com\/wp-content\/uploads\/2025\/01\/Turtle-Decoration-9-768x640.jpg-300x250.webp 300w, https:\/\/www.linkceramics.com\/wp-content\/uploads\/2025\/01\/Turtle-Decoration-9-768x640.jpg-600x500.webp 600w\" sizes=\"(max-width: 768px) 100vw, 768px\" \/><\/figure>\n<\/div>\n<\/div>\n\n\n\n<p><\/p>","protected":false},"excerpt":{"rendered":"<div id=\"brxe-raacbk\" class=\"brxe-product-meta product_meta\">\n<p data-pm-slice=\"0 0 []\">Nuestra estatua de tortuga es una bonita decoraci\u00f3n para el hogar. Cada estatua de tortuga est\u00e1 cuidadosamente dise\u00f1ada y fabricada con materiales de resina de alta calidad para garantizar que la estatua sea duradera y adecuada para su colocaci\u00f3n en interiores y exteriores. Como fabricante profesional de estatuas para decoraci\u00f3n del hogar, ofrecemos un servicio integral de estatuas personalizadas. P\u00f3ngase en contacto con nosotros para solicitar un presupuesto.<\/p>\n<h2>Caracter\u00edsticas de la estatua de tortuga<\/h2>\n<p><strong>Dise\u00f1o exclusivo<\/strong>: Inspirada en la belleza del oc\u00e9ano, la estatua de tortuga muestra a la perfecci\u00f3n el encanto de la naturaleza y se adapta a todo tipo de estilos de hogar.<\/p>\n<p><strong>Excelente textura<\/strong>: La superficie de la estatua de tortuga es de plata brillante, lo que hace que el modelo de tortuga parezca m\u00e1s noble y elegante. Al mismo tiempo, est\u00e1 hecha de resina, que tiene buena durabilidad y resistencia a la corrosi\u00f3n, y puede mantener la belleza y la textura del producto durante mucho tiempo.<\/p>\n<p><strong>Fuerte sentido de la jerarqu\u00eda<\/strong>: Esta serie de estatua de tortuga tiene tres tama\u00f1os, y los tres modelos de tortuga est\u00e1n ordenados por tama\u00f1o, formando un fuerte sentido de jerarqu\u00eda, haciendo que toda la decoraci\u00f3n sea m\u00e1s v\u00edvida e interesante.<\/p>\n<p><strong>El regalo perfecto<\/strong>: Ya sea para uso personal o para regalar a familiares y amigos, las estatuas de tortuga son una excelente elecci\u00f3n, ya que simbolizan la longevidad y la paz.<\/p>\n<p><strong>Servicio personalizado<\/strong>: Como fabricante de estatuas, SANTAI ofrece estatuas al por mayor y una soluci\u00f3n integral de estatuas de animales personalizadas, donde puede personalizar sus productos exclusivos.<\/p>\n<\/div>","protected":false},"featured_media":1841,"comment_status":"open","ping_status":"closed","template":"","meta":{"_acf_changed":true},"certification":[63,64,66,65,61,60,62],"product_brand":[],"product_cat":[37,38],"product_tag":[],"class_list":{"0":"post-1840","1":"product","2":"type-product","3":"status-publish","4":"has-post-thumbnail","6":"certification-amfori","7":"certification-bsci","8":"certification-cnas","9":"certification-iaf","10":"certification-iso-14001","11":"certification-iso-45001","12":"certification-iso-9001","13":"product_cat-decorative-ceramic-wholesale","14":"product_cat-custom-ceramic-ornament","16":"first","17":"instock","18":"shipping-taxable","19":"product-type-simple"},"acf":[],"_links":{"self":[{"href":"https:\/\/www.linkceramics.com\/es\/wp-json\/wp\/v2\/product\/1840","targetHints":{"allow":["GET"]}}],"collection":[{"href":"https:\/\/www.linkceramics.com\/es\/wp-json\/wp\/v2\/product"}],"about":[{"href":"https:\/\/www.linkceramics.com\/es\/wp-json\/wp\/v2\/types\/product"}],"replies":[{"embeddable":true,"href":"https:\/\/www.linkceramics.com\/es\/wp-json\/wp\/v2\/comments?post=1840"}],"wp:featuredmedia":[{"embeddable":true,"href":"https:\/\/www.linkceramics.com\/es\/wp-json\/wp\/v2\/media\/1841"}],"wp:attachment":[{"href":"https:\/\/www.linkceramics.com\/es\/wp-json\/wp\/v2\/media?parent=1840"}],"wp:term":[{"taxonomy":"certification","embeddable":true,"href":"https:\/\/www.linkceramics.com\/es\/wp-json\/wp\/v2\/certification?post=1840"},{"taxonomy":"product_brand","embeddable":true,"href":"https:\/\/www.linkceramics.com\/es\/wp-json\/wp\/v2\/product_brand?post=1840"},{"taxonomy":"product_cat","embeddable":true,"href":"https:\/\/www.linkceramics.com\/es\/wp-json\/wp\/v2\/product_cat?post=1840"},{"taxonomy":"product_tag","embeddable":true,"href":"https:\/\/www.linkceramics.com\/es\/wp-json\/wp\/v2\/product_tag?post=1840"}],"curies":[{"name":"wp","href":"https:\/\/api.w.org\/{rel}","templated":true}]}}