{"id":1846,"date":"2025-01-04T09:18:37","date_gmt":"2025-01-04T09:18:37","guid":{"rendered":"https:\/\/www.linkceramics.com\/?post_type=product&#038;p=1846"},"modified":"2025-01-04T09:18:39","modified_gmt":"2025-01-04T09:18:39","slug":"custom-pink-tea-sets","status":"publish","type":"product","link":"https:\/\/www.linkceramics.com\/es\/product\/custom-pink-tea-sets\/","title":{"rendered":"Juegos de T\u00e9 Rosa Personalizados Vajilla de Cer\u00e1mica Coraz\u00f3n Flamingo"},"content":{"rendered":"<div class=\"wp-block-columns is-layout-flex wp-container-core-columns-is-layout-9d6595d7 wp-block-columns-is-layout-flex\">\n<div class=\"wp-block-column is-layout-flow wp-block-column-is-layout-flow\" style=\"flex-basis:50%\">\n<h3 class=\"wp-block-heading\">Juegos de T\u00e9 Rosa Caracter\u00edsticas:<\/h3>\n\n\n\n<p><strong>Dise\u00f1o bonito y rosa:<\/strong><br>Con un adorable estampado de corazones rosas y flamencos, esta vajilla es perfecta para meriendas o cenas informales.<\/p>\n\n\n\n<p><strong>Porcelana duradera de alta calidad:<\/strong><br>Fabricada en porcelana resistente, es inastillable y lo bastante duradera para soportar el uso diario sin perder su aspecto.<\/p>\n\n\n\n<p><strong>Vers\u00e1til y pr\u00e1ctico para los amantes del t\u00e9:<\/strong><br>Este precioso juego de vajilla incluye una colecci\u00f3n de servicio de t\u00e9 (tazas, platillos, teteras) y cuencos y platos con el mismo dise\u00f1o. Se puede utilizar para postres, aperitivos o comidas ligeras, adecuado para una gran variedad de ocasiones y prop\u00f3sitos.<\/p>\n\n\n\n<p><strong>Perfecto para recibir invitados<\/strong><br>Con colores vibrantes y dise\u00f1os \u00fanicos, la vajilla se presta perfectamente para recibir invitados o dar un toque especial a las comidas familiares.<\/p>\n<\/div>\n\n\n\n<div class=\"wp-block-column is-layout-flow wp-block-column-is-layout-flow\" style=\"flex-basis:50%\">\n<figure class=\"wp-block-image size-full\"><img decoding=\"async\" width=\"616\" height=\"617\" src=\"https:\/\/www.linkceramics.com\/wp-content\/uploads\/2025\/01\/pink-tea-set-wholesale-dinnerware-sets-3.webp\" alt=\"juego de t\u00e9 rosa-vajilla al por mayor-sets-3\" class=\"wp-image-1848\" srcset=\"https:\/\/www.linkceramics.com\/wp-content\/uploads\/2025\/01\/pink-tea-set-wholesale-dinnerware-sets-3.webp 616w, https:\/\/www.linkceramics.com\/wp-content\/uploads\/2025\/01\/pink-tea-set-wholesale-dinnerware-sets-3-300x300.webp 300w, https:\/\/www.linkceramics.com\/wp-content\/uploads\/2025\/01\/pink-tea-set-wholesale-dinnerware-sets-3-150x150.webp 150w, https:\/\/www.linkceramics.com\/wp-content\/uploads\/2025\/01\/pink-tea-set-wholesale-dinnerware-sets-3-600x601.webp 600w, https:\/\/www.linkceramics.com\/wp-content\/uploads\/2025\/01\/pink-tea-set-wholesale-dinnerware-sets-3-100x100.webp 100w\" sizes=\"(max-width: 616px) 100vw, 616px\" \/><\/figure>\n<\/div>\n<\/div>","protected":false},"excerpt":{"rendered":"<p>Vajilla personalizada con juego de t\u00e9 rosa, que incluye tetera y platillo, taza de t\u00e9, plato y cuenco de cer\u00e1mica, etc. Coraz\u00f3n lindo y dise\u00f1o del flamenco, un estilo popular para las muchachas de moda. \u00a1Suministro directo de China fabricante de vajilla de cer\u00e1mica, el apoyo a las opciones al por mayor, bienvenido a preguntar!<\/p>\n<h2>Juegos de t\u00e9 rosa Par\u00e1metros<\/h2>\n<table border=\"0\" width=\"618\" cellspacing=\"0\" cellpadding=\"0\">\n<tbody>\n<tr>\n<td width=\"180\" height=\"26\">Fabricante<\/td>\n<td width=\"438\">Lianyuan<\/td>\n<\/tr>\n<tr>\n<td height=\"26\">Tipo de producto<\/td>\n<td>Tetera, plato, taza y platillo, azucarero y cremera, taza, cuenco<\/td>\n<\/tr>\n<tr>\n<td height=\"26\">Patr\u00f3n<\/td>\n<td>Coraz\u00f3n, Flamenco<\/td>\n<\/tr>\n<tr>\n<td height=\"26\">Color<\/td>\n<td>Rosa, Oro, Blanco<\/td>\n<\/tr>\n<tr>\n<td height=\"26\">Material<\/td>\n<td>Porcelana resistente<\/td>\n<\/tr>\n<tr>\n<td height=\"26\">Artesan\u00eda<\/td>\n<td>Calcoman\u00eda esmaltada y pintura a mano<\/td>\n<\/tr>\n<tr>\n<td height=\"26\">Aplicaci\u00f3n<\/td>\n<td>Apto para microondas, lavavajillas y horno<\/td>\n<\/tr>\n<tr>\n<td height=\"26\">A medida<\/td>\n<td>Color\/Tama\u00f1o\/Logotipo\/Embalaje<\/td>\n<\/tr>\n<\/tbody>\n<\/table>","protected":false},"featured_media":1848,"comment_status":"open","ping_status":"closed","template":"","meta":{"_acf_changed":true},"certification":[66,58,65,61,60,62,57],"product_brand":[],"product_cat":[34,19],"product_tag":[],"class_list":{"0":"post-1846","1":"product","2":"type-product","3":"status-publish","4":"has-post-thumbnail","6":"certification-cnas","7":"certification-fda","8":"certification-iaf","9":"certification-iso-14001","10":"certification-iso-45001","11":"certification-iso-9001","12":"certification-lfgb","13":"product_cat-custom-household-ceramics","14":"product_cat-ceramic-tea-set-wholesale","16":"first","17":"instock","18":"shipping-taxable","19":"product-type-simple"},"acf":[],"_links":{"self":[{"href":"https:\/\/www.linkceramics.com\/es\/wp-json\/wp\/v2\/product\/1846","targetHints":{"allow":["GET"]}}],"collection":[{"href":"https:\/\/www.linkceramics.com\/es\/wp-json\/wp\/v2\/product"}],"about":[{"href":"https:\/\/www.linkceramics.com\/es\/wp-json\/wp\/v2\/types\/product"}],"replies":[{"embeddable":true,"href":"https:\/\/www.linkceramics.com\/es\/wp-json\/wp\/v2\/comments?post=1846"}],"wp:featuredmedia":[{"embeddable":true,"href":"https:\/\/www.linkceramics.com\/es\/wp-json\/wp\/v2\/media\/1848"}],"wp:attachment":[{"href":"https:\/\/www.linkceramics.com\/es\/wp-json\/wp\/v2\/media?parent=1846"}],"wp:term":[{"taxonomy":"certification","embeddable":true,"href":"https:\/\/www.linkceramics.com\/es\/wp-json\/wp\/v2\/certification?post=1846"},{"taxonomy":"product_brand","embeddable":true,"href":"https:\/\/www.linkceramics.com\/es\/wp-json\/wp\/v2\/product_brand?post=1846"},{"taxonomy":"product_cat","embeddable":true,"href":"https:\/\/www.linkceramics.com\/es\/wp-json\/wp\/v2\/product_cat?post=1846"},{"taxonomy":"product_tag","embeddable":true,"href":"https:\/\/www.linkceramics.com\/es\/wp-json\/wp\/v2\/product_tag?post=1846"}],"curies":[{"name":"wp","href":"https:\/\/api.w.org\/{rel}","templated":true}]}}