{"id":1907,"date":"2025-02-24T03:27:16","date_gmt":"2025-02-24T03:27:16","guid":{"rendered":"https:\/\/www.linkceramics.com\/?post_type=product&#038;p=1907"},"modified":"2025-02-24T03:27:17","modified_gmt":"2025-02-24T03:27:17","slug":"custom-vintage-dinnerware","status":"publish","type":"product","link":"https:\/\/www.linkceramics.com\/es\/product\/custom-vintage-dinnerware\/","title":{"rendered":"Vajilla Vintage Personalizada Juego de T\u00e9 de Cer\u00e1mica Azul y Blanco"},"content":{"rendered":"<div class=\"wp-block-columns is-layout-flex wp-container-core-columns-is-layout-9d6595d7 wp-block-columns-is-layout-flex\">\n<div class=\"wp-block-column is-layout-flow wp-block-column-is-layout-flow\" style=\"flex-basis:50%\">\n<h3 class=\"wp-block-heading\">Vajilla Vintage Personalizada Caracter\u00edsticas:<\/h3>\n\n\n\n<p><strong>Porcelana segura y duradera<br><\/strong>Estos Custom Vintage Vajilla son de grado alimenticio de porcelana duradera es durable e irrompible. La cocci\u00f3n a alta temperatura garantiza una excelente resistencia al agrietamiento y durabilidad.<\/p>\n\n\n\n<p><strong>Dise\u00f1o vintage en azul y blanco<\/strong><br>Nuestro juego de t\u00e9 al por mayor elegante combinaci\u00f3n de flores azules presenta elegancia y belleza cl\u00e1sica. El mango marr\u00f3n resalta el nivel de dise\u00f1o y mejora la comodidad de agarre.<\/p>\n\n\n\n<p><strong>Exquisitos detalles de calidad<\/strong><br>Nuestra tetera al por mayor est\u00e1 pintada a mano y aplicada en el esmalte, lo que hace que el dibujo sea resistente a la descamaci\u00f3n y los colores duraderos, reflejando los detalles art\u00edsticos y combinando belleza y calidad.<\/p>\n\n\n\n<p><strong>Cuberter\u00eda completa<\/strong><br>Esta Vajilla Vintage Personalizada incluye platos llanos, cuencos, cubiertos, tetera, tazas de t\u00e9 y platillos para tomar el t\u00e9 a diario, en fiestas o en ocasiones formales.<\/p>\n<\/div>\n\n\n\n<div class=\"wp-block-column is-layout-flow wp-block-column-is-layout-flow\" style=\"flex-basis:50%\">\n<figure class=\"wp-block-image size-full\"><img decoding=\"async\" width=\"2580\" height=\"2295\" src=\"https:\/\/www.linkceramics.com\/wp-content\/uploads\/2025\/02\/vintage-dinnerware-wholesale-1.webp\" alt=\"vajilla-vintage-mayorista-1\" class=\"wp-image-1908\" srcset=\"https:\/\/www.linkceramics.com\/wp-content\/uploads\/2025\/02\/vintage-dinnerware-wholesale-1.webp 2580w, https:\/\/www.linkceramics.com\/wp-content\/uploads\/2025\/02\/vintage-dinnerware-wholesale-1-300x267.webp 300w, https:\/\/www.linkceramics.com\/wp-content\/uploads\/2025\/02\/vintage-dinnerware-wholesale-1-768x683.webp 768w, https:\/\/www.linkceramics.com\/wp-content\/uploads\/2025\/02\/vintage-dinnerware-wholesale-1-1200x1067.webp 1200w, https:\/\/www.linkceramics.com\/wp-content\/uploads\/2025\/02\/vintage-dinnerware-wholesale-1-600x534.webp 600w\" sizes=\"(max-width: 2580px) 100vw, 2580px\" \/><\/figure>\n<\/div>\n<\/div>","protected":false},"excerpt":{"rendered":"<p>Vajilla vintage personalizada y juegos de t\u00e9 al por mayor, de alta calidad y dise\u00f1o elegante, proporcionando juegos completos de vajilla, incluyendo platos, cuencos, teteras, tazas de t\u00e9, tazas, etc. Si desea un embalaje personalizado o un logotipo, Lianyuan Tableware Factory puede proporcionarle las soluciones m\u00e1s rentables y de calidad.<\/p>\n<h2>Vajilla vintage personalizada Par\u00e1metro<\/h2>\n<table border=\"0\" width=\"618\" cellspacing=\"0\" cellpadding=\"0\">\n<tbody>\n<tr>\n<td width=\"180\" height=\"26\">Fabricante<\/td>\n<td width=\"438\">Lianyuan<\/td>\n<\/tr>\n<tr>\n<td height=\"26\">Tipo de producto<\/td>\n<td>Platos, Soplos, Tetera, Taza de t\u00e9, Vajilla<\/td>\n<\/tr>\n<tr>\n<td height=\"26\">Patr\u00f3n<\/td>\n<td>Floral<\/td>\n<\/tr>\n<tr>\n<td height=\"26\">Color<\/td>\n<td>Azul, Blanco, Marr\u00f3n<\/td>\n<\/tr>\n<tr>\n<td height=\"26\">Material<\/td>\n<td>Porcelana resistente<\/td>\n<\/tr>\n<tr>\n<td height=\"26\">Artesan\u00eda<\/td>\n<td>Esmalte mate, calcoman\u00eda esmaltada, pintura a mano<\/td>\n<\/tr>\n<tr>\n<td height=\"26\">Aplicaci\u00f3n<\/td>\n<td>Apto para microondas, lavavajillas y horno<\/td>\n<\/tr>\n<tr>\n<td height=\"26\">A medida<\/td>\n<td>Color\/Tama\u00f1o\/Logotipo\/Embalaje<\/td>\n<\/tr>\n<\/tbody>\n<\/table>","protected":false},"featured_media":1910,"comment_status":"open","ping_status":"closed","template":"","meta":{"_acf_changed":true},"certification":[66,58,65,61,60,62,57],"product_brand":[],"product_cat":[34,18,19],"product_tag":[],"class_list":{"0":"post-1907","1":"product","2":"type-product","3":"status-publish","4":"has-post-thumbnail","6":"certification-cnas","7":"certification-fda","8":"certification-iaf","9":"certification-iso-14001","10":"certification-iso-45001","11":"certification-iso-9001","12":"certification-lfgb","13":"product_cat-custom-household-ceramics","14":"product_cat-ceramic-tableware-wholesale","15":"product_cat-ceramic-tea-set-wholesale","17":"first","18":"instock","19":"shipping-taxable","20":"product-type-simple"},"acf":[],"_links":{"self":[{"href":"https:\/\/www.linkceramics.com\/es\/wp-json\/wp\/v2\/product\/1907","targetHints":{"allow":["GET"]}}],"collection":[{"href":"https:\/\/www.linkceramics.com\/es\/wp-json\/wp\/v2\/product"}],"about":[{"href":"https:\/\/www.linkceramics.com\/es\/wp-json\/wp\/v2\/types\/product"}],"replies":[{"embeddable":true,"href":"https:\/\/www.linkceramics.com\/es\/wp-json\/wp\/v2\/comments?post=1907"}],"wp:featuredmedia":[{"embeddable":true,"href":"https:\/\/www.linkceramics.com\/es\/wp-json\/wp\/v2\/media\/1910"}],"wp:attachment":[{"href":"https:\/\/www.linkceramics.com\/es\/wp-json\/wp\/v2\/media?parent=1907"}],"wp:term":[{"taxonomy":"certification","embeddable":true,"href":"https:\/\/www.linkceramics.com\/es\/wp-json\/wp\/v2\/certification?post=1907"},{"taxonomy":"product_brand","embeddable":true,"href":"https:\/\/www.linkceramics.com\/es\/wp-json\/wp\/v2\/product_brand?post=1907"},{"taxonomy":"product_cat","embeddable":true,"href":"https:\/\/www.linkceramics.com\/es\/wp-json\/wp\/v2\/product_cat?post=1907"},{"taxonomy":"product_tag","embeddable":true,"href":"https:\/\/www.linkceramics.com\/es\/wp-json\/wp\/v2\/product_tag?post=1907"}],"curies":[{"name":"wp","href":"https:\/\/api.w.org\/{rel}","templated":true}]}}