{"id":1911,"date":"2025-02-24T03:29:13","date_gmt":"2025-02-24T03:29:13","guid":{"rendered":"https:\/\/www.linkceramics.com\/?post_type=product&#038;p=1911"},"modified":"2025-02-24T03:37:07","modified_gmt":"2025-02-24T03:37:07","slug":"wholesale-ceramic-vase","status":"publish","type":"product","link":"https:\/\/www.linkceramics.com\/es\/product\/wholesale-ceramic-vase\/","title":{"rendered":"Mayorista Jarr\u00f3n de Cer\u00e1mica, Floar Decoraci\u00f3n para el Hogar al por mayor"},"content":{"rendered":"<div class=\"wp-block-columns is-layout-flex wp-container-core-columns-is-layout-9d6595d7 wp-block-columns-is-layout-flex\">\n<div class=\"wp-block-column is-layout-flow wp-block-column-is-layout-flow\" style=\"flex-basis:50%\">\n<h3 class=\"wp-block-heading\">Jarr\u00f3n de cer\u00e1mica al por mayor Caracter\u00edsticas:<\/h3>\n\n\n\n<p><strong>Cer\u00e1mica duradera:<\/strong> Este jarr\u00f3n de cer\u00e1mica al por mayor est\u00e1 hecho de porcelana resistente, fuerte y duradero para un uso prolongado.<\/p>\n\n\n\n<p><strong>Variedad de motivos florales: <\/strong>Nuestra decoraci\u00f3n para el hogar floar al por mayor ofrece una amplia variedad de motivos florales en colores ricos y hermosos para satisfacer las necesidades de diferentes estilos decorativos.<\/p>\n\n\n\n<p><strong>Textura en relieve y magn\u00edfica artesan\u00eda:<\/strong> Este jarr\u00f3n de cer\u00e1mica al por mayor combina aplicaciones en esmalte con artesan\u00eda pintada a mano y sensaci\u00f3n de relieve, cada jarr\u00f3n es una obra de arte \u00fanica.<\/p>\n\n\n\n<p><strong>Exquisita decoraci\u00f3n para el hogar: <\/strong>Nuestra decoraci\u00f3n para el hogar de floar al por mayor est\u00e1 bellamente dise\u00f1ada y puede utilizarse como jarr\u00f3n o como regalo, adecuada para la decoraci\u00f3n del hogar o de espacios comerciales.<\/p>\n<\/div>\n\n\n\n<div class=\"wp-block-column is-layout-flow wp-block-column-is-layout-flow\" style=\"flex-basis:50%\">\n<figure class=\"wp-block-image size-full\"><img decoding=\"async\" width=\"4160\" height=\"6240\" src=\"https:\/\/www.linkceramics.com\/wp-content\/uploads\/2025\/02\/wholesale-ceramic-vase-1.webp\" alt=\"mayorista-ceramica-florero-1\" class=\"wp-image-1913\" srcset=\"https:\/\/www.linkceramics.com\/wp-content\/uploads\/2025\/02\/wholesale-ceramic-vase-1.webp 4160w, https:\/\/www.linkceramics.com\/wp-content\/uploads\/2025\/02\/wholesale-ceramic-vase-1-200x300.webp 200w, https:\/\/www.linkceramics.com\/wp-content\/uploads\/2025\/02\/wholesale-ceramic-vase-1-768x1152.webp 768w, https:\/\/www.linkceramics.com\/wp-content\/uploads\/2025\/02\/wholesale-ceramic-vase-1-1200x1800.webp 1200w, https:\/\/www.linkceramics.com\/wp-content\/uploads\/2025\/02\/wholesale-ceramic-vase-1-600x900.webp 600w\" sizes=\"(max-width: 4160px) 100vw, 4160px\" \/><\/figure>\n<\/div>\n<\/div>","protected":false},"excerpt":{"rendered":"<p>Bienvenido a la venta al por mayor jarrones de cer\u00e1mica, con diversos motivos florales y formas, exquisita artesan\u00eda y sentido art\u00edstico, adecuado para el hogar y la decoraci\u00f3n comercial. \u00a1Precios de f\u00e1brica, y proporcionar los mejores descuentos para las costumbres a granel, p\u00f3ngase en contacto con nosotros hoy!<\/p>\n<h2>Mayorista Jarr\u00f3n de Cer\u00e1mica Par\u00e1metros<\/h2>\n<table border=\"0\" width=\"618\" cellspacing=\"0\" cellpadding=\"0\">\n<tbody>\n<tr>\n<td width=\"180\" height=\"26\">Fabricante<\/td>\n<td width=\"438\">Lianyuan<\/td>\n<\/tr>\n<tr>\n<td height=\"26\">Tipo de producto<\/td>\n<td>Platos, cuencos, taza de t\u00e9, tetera<\/td>\n<\/tr>\n<tr>\n<td height=\"26\">Patr\u00f3n<\/td>\n<td>Pura simplicidad crom\u00e1tica<\/td>\n<\/tr>\n<tr>\n<td height=\"26\">Color<\/td>\n<td>multi<\/td>\n<\/tr>\n<tr>\n<td height=\"26\">Material<\/td>\n<td>Porcelana resistente<\/td>\n<\/tr>\n<tr>\n<td height=\"26\">Artesan\u00eda<\/td>\n<td>Calcoman\u00eda esmaltada, pintura a mano<\/td>\n<\/tr>\n<tr>\n<td height=\"26\">Aplicaci\u00f3n<\/td>\n<td>Apto para microondas, lavavajillas y horno<\/td>\n<\/tr>\n<tr>\n<td height=\"26\">A medida<\/td>\n<td>Color\/Tama\u00f1o\/Logotipo\/Embalaje<\/td>\n<\/tr>\n<\/tbody>\n<\/table>","protected":false},"featured_media":1912,"comment_status":"open","ping_status":"closed","template":"","meta":{"_acf_changed":true},"certification":[66,58,65,61,60,62,57],"product_brand":[],"product_cat":[37,17],"product_tag":[],"class_list":{"0":"post-1911","1":"product","2":"type-product","3":"status-publish","4":"has-post-thumbnail","6":"certification-cnas","7":"certification-fda","8":"certification-iaf","9":"certification-iso-14001","10":"certification-iso-45001","11":"certification-iso-9001","12":"certification-lfgb","13":"product_cat-decorative-ceramic-wholesale","14":"product_cat-ceramic-vases-wholesale","16":"first","17":"instock","18":"shipping-taxable","19":"product-type-simple"},"acf":[],"_links":{"self":[{"href":"https:\/\/www.linkceramics.com\/es\/wp-json\/wp\/v2\/product\/1911","targetHints":{"allow":["GET"]}}],"collection":[{"href":"https:\/\/www.linkceramics.com\/es\/wp-json\/wp\/v2\/product"}],"about":[{"href":"https:\/\/www.linkceramics.com\/es\/wp-json\/wp\/v2\/types\/product"}],"replies":[{"embeddable":true,"href":"https:\/\/www.linkceramics.com\/es\/wp-json\/wp\/v2\/comments?post=1911"}],"wp:featuredmedia":[{"embeddable":true,"href":"https:\/\/www.linkceramics.com\/es\/wp-json\/wp\/v2\/media\/1912"}],"wp:attachment":[{"href":"https:\/\/www.linkceramics.com\/es\/wp-json\/wp\/v2\/media?parent=1911"}],"wp:term":[{"taxonomy":"certification","embeddable":true,"href":"https:\/\/www.linkceramics.com\/es\/wp-json\/wp\/v2\/certification?post=1911"},{"taxonomy":"product_brand","embeddable":true,"href":"https:\/\/www.linkceramics.com\/es\/wp-json\/wp\/v2\/product_brand?post=1911"},{"taxonomy":"product_cat","embeddable":true,"href":"https:\/\/www.linkceramics.com\/es\/wp-json\/wp\/v2\/product_cat?post=1911"},{"taxonomy":"product_tag","embeddable":true,"href":"https:\/\/www.linkceramics.com\/es\/wp-json\/wp\/v2\/product_tag?post=1911"}],"curies":[{"name":"wp","href":"https:\/\/api.w.org\/{rel}","templated":true}]}}