{"id":1915,"date":"2025-03-03T02:06:56","date_gmt":"2025-03-03T02:06:56","guid":{"rendered":"https:\/\/www.linkceramics.com\/?post_type=product&#038;p=1915"},"modified":"2025-03-24T03:31:05","modified_gmt":"2025-03-24T03:31:05","slug":"wholesale-porcelain-dinnerware","status":"publish","type":"product","link":"https:\/\/www.linkceramics.com\/es\/product\/wholesale-porcelain-dinnerware\/","title":{"rendered":"Mayorista Vajilla de Porcelana Juego de T\u00e9 Elegante Blanco Floral"},"content":{"rendered":"<div class=\"wp-block-columns is-layout-flex wp-container-core-columns-is-layout-9d6595d7 wp-block-columns-is-layout-flex\">\n<div class=\"wp-block-column is-layout-flow wp-block-column-is-layout-flow\" style=\"flex-basis:50%\">\n<h3 class=\"wp-block-heading\">Vajilla de porcelana al por mayor Caracter\u00edsticas:<\/h3>\n\n\n\n<p><strong>Porcelana de alta calidad: <\/strong>Nuestra vajilla de porcelana al por mayor est\u00e1 hecha de porcelana duradera y de textura fina, que es fuerte y resistente al desgaste. Tambi\u00e9n es ecol\u00f3gica y segura, sin plomo, no t\u00f3xica y apta para el uso diario.<\/p>\n\n\n\n<p><strong>Dise\u00f1o elegante y a la moda: <\/strong>Este juego de t\u00e9 personalizado de color blanco natural y elegante, adornado con hermosos motivos de peque\u00f1as flores, transmite la belleza de la naturaleza y el confort.<\/p>\n\n\n\n<p><strong>Dise\u00f1o de forma irregular:<\/strong> Nuestra vajilla de porcelana al por mayor rompe con la forma tradicional; el dise\u00f1o es \u00fanico, a\u00f1ade sentido art\u00edstico y realza el atractivo de los servicios de mesa.<\/p>\n\n\n\n<p><strong>Vajilla y juego de t\u00e9: <\/strong>Cubreplatos, cuencos, tazas de t\u00e9, teteras, etc., adecuados para el t\u00e9 de la tarde, cenas familiares, servicios de hosteler\u00eda de restaurantes, etc.<\/p>\n<\/div>\n\n\n\n<div class=\"wp-block-column is-layout-flow wp-block-column-is-layout-flow\" style=\"flex-basis:50%\">\n<figure class=\"wp-block-image size-full\"><img decoding=\"async\" width=\"2472\" height=\"2472\" src=\"https:\/\/www.linkceramics.com\/wp-content\/uploads\/2025\/03\/wholesale-porcelain-dinnerware-tea-set-5.webp\" alt=\"mayorista-porcelana-vajilla-tetera-5\" class=\"wp-image-1919\" srcset=\"https:\/\/www.linkceramics.com\/wp-content\/uploads\/2025\/03\/wholesale-porcelain-dinnerware-tea-set-5.webp 2472w, https:\/\/www.linkceramics.com\/wp-content\/uploads\/2025\/03\/wholesale-porcelain-dinnerware-tea-set-5-300x300.webp 300w, https:\/\/www.linkceramics.com\/wp-content\/uploads\/2025\/03\/wholesale-porcelain-dinnerware-tea-set-5-150x150.webp 150w, https:\/\/www.linkceramics.com\/wp-content\/uploads\/2025\/03\/wholesale-porcelain-dinnerware-tea-set-5-768x768.webp 768w, https:\/\/www.linkceramics.com\/wp-content\/uploads\/2025\/03\/wholesale-porcelain-dinnerware-tea-set-5-1200x1200.webp 1200w, https:\/\/www.linkceramics.com\/wp-content\/uploads\/2025\/03\/wholesale-porcelain-dinnerware-tea-set-5-600x600.webp 600w, https:\/\/www.linkceramics.com\/wp-content\/uploads\/2025\/03\/wholesale-porcelain-dinnerware-tea-set-5-100x100.webp 100w\" sizes=\"(max-width: 2472px) 100vw, 2472px\" \/><\/figure>\n<\/div>\n<\/div>","protected":false},"excerpt":{"rendered":"<p>Bienvenido a la vajilla de porcelana al por mayor y juegos de t\u00e9, flores elegantes y naturales adornan platos blancos, dise\u00f1o de forma irregular, \u00fanico y hermoso. Para precios de f\u00e1brica y servicios personalizados, p\u00f3ngase en contacto con nosotros para obtener m\u00e1s informaci\u00f3n sobre vajilla de porcelana fina.<\/p>\n<h2>Vajilla de porcelana al por mayor Par\u00e1metro<\/h2>\n<table border=\"0\" width=\"618\" cellspacing=\"0\" cellpadding=\"0\">\n<tbody>\n<tr>\n<td width=\"180\" height=\"26\">Fabricante<\/td>\n<td width=\"438\">Lianyuan<\/td>\n<\/tr>\n<tr>\n<td height=\"26\">Tipo de producto<\/td>\n<td>Platos, Cuencos, Vajilla, Taza de t\u00e9, Tetera, Vasse<\/td>\n<\/tr>\n<tr>\n<td height=\"26\">Patr\u00f3n<\/td>\n<td>Floral<\/td>\n<\/tr>\n<tr>\n<td height=\"26\">Color<\/td>\n<td>Colorido<\/td>\n<\/tr>\n<tr>\n<td height=\"26\">Material<\/td>\n<td>Porcelana resistente<\/td>\n<\/tr>\n<tr>\n<td height=\"26\">Artesan\u00eda<\/td>\n<td>Calcoman\u00eda esmaltada, pintura a mano<\/td>\n<\/tr>\n<tr>\n<td height=\"26\">Aplicaci\u00f3n<\/td>\n<td>Apto para microondas, lavavajillas y horno<\/td>\n<\/tr>\n<tr>\n<td height=\"26\">A medida<\/td>\n<td>Color\/Tama\u00f1o\/Logotipo\/Embalaje<\/td>\n<\/tr>\n<\/tbody>\n<\/table>","protected":false},"featured_media":1918,"comment_status":"open","ping_status":"closed","template":"","meta":{"_acf_changed":true},"certification":[66,58,65,61,60,62,57],"product_brand":[],"product_cat":[34,18,19],"product_tag":[],"class_list":{"0":"post-1915","1":"product","2":"type-product","3":"status-publish","4":"has-post-thumbnail","6":"certification-cnas","7":"certification-fda","8":"certification-iaf","9":"certification-iso-14001","10":"certification-iso-45001","11":"certification-iso-9001","12":"certification-lfgb","13":"product_cat-custom-household-ceramics","14":"product_cat-ceramic-tableware-wholesale","15":"product_cat-ceramic-tea-set-wholesale","17":"first","18":"instock","19":"shipping-taxable","20":"product-type-simple"},"acf":[],"_links":{"self":[{"href":"https:\/\/www.linkceramics.com\/es\/wp-json\/wp\/v2\/product\/1915","targetHints":{"allow":["GET"]}}],"collection":[{"href":"https:\/\/www.linkceramics.com\/es\/wp-json\/wp\/v2\/product"}],"about":[{"href":"https:\/\/www.linkceramics.com\/es\/wp-json\/wp\/v2\/types\/product"}],"replies":[{"embeddable":true,"href":"https:\/\/www.linkceramics.com\/es\/wp-json\/wp\/v2\/comments?post=1915"}],"wp:featuredmedia":[{"embeddable":true,"href":"https:\/\/www.linkceramics.com\/es\/wp-json\/wp\/v2\/media\/1918"}],"wp:attachment":[{"href":"https:\/\/www.linkceramics.com\/es\/wp-json\/wp\/v2\/media?parent=1915"}],"wp:term":[{"taxonomy":"certification","embeddable":true,"href":"https:\/\/www.linkceramics.com\/es\/wp-json\/wp\/v2\/certification?post=1915"},{"taxonomy":"product_brand","embeddable":true,"href":"https:\/\/www.linkceramics.com\/es\/wp-json\/wp\/v2\/product_brand?post=1915"},{"taxonomy":"product_cat","embeddable":true,"href":"https:\/\/www.linkceramics.com\/es\/wp-json\/wp\/v2\/product_cat?post=1915"},{"taxonomy":"product_tag","embeddable":true,"href":"https:\/\/www.linkceramics.com\/es\/wp-json\/wp\/v2\/product_tag?post=1915"}],"curies":[{"name":"wp","href":"https:\/\/api.w.org\/{rel}","templated":true}]}}