{"id":1920,"date":"2025-03-03T03:02:25","date_gmt":"2025-03-03T03:02:25","guid":{"rendered":"https:\/\/www.linkceramics.com\/?post_type=product&#038;p=1920"},"modified":"2025-03-03T03:02:26","modified_gmt":"2025-03-03T03:02:26","slug":"custom-ceramic-food-storage-container","status":"publish","type":"product","link":"https:\/\/www.linkceramics.com\/es\/product\/custom-ceramic-food-storage-container\/","title":{"rendered":"Recipientes de cer\u00e1mica a granel con tapa para alimentos"},"content":{"rendered":"<div class=\"wp-block-columns is-layout-flex wp-container-core-columns-is-layout-9d6595d7 wp-block-columns-is-layout-flex\">\n<div class=\"wp-block-column is-layout-flow wp-block-column-is-layout-flow\" style=\"flex-basis:50%\">\n<h3 class=\"wp-block-heading\">Recipientes de cer\u00e1mica personalizados para alimentos Caracter\u00edsticas:<\/h3>\n\n\n\n<p><strong>Porcelana duradera de alta calidad:<\/strong> Nuestros recipientes de cer\u00e1mica personalizados para almacenar alimentos est\u00e1n hechos de porcelana no t\u00f3xica y segura. Es m\u00e1s duradera, resistente a altas temperaturas y puede utilizarse con seguridad en microondas, hornos y frigor\u00edficos.<\/p>\n\n\n\n<p><strong>Dise\u00f1o \u00fanico y exquisito:<\/strong> El dise\u00f1o de flores y plantas es un estilo nuevo y natural. El trabajo pintado a mano y las calcoman\u00edas de esmalte forman los patrones tan brillantes y v\u00edvidos, y la superficie es como un espejo y suave, proporcionando a la mesa de comedor o la cocina una sensaci\u00f3n de sofisticaci\u00f3n.<\/p>\n\n\n\n<p><strong>Dise\u00f1o a prueba de fugas:<\/strong> Nuestros recipientes cer\u00e1micos personalizados para almacenar alimentos tienen una tapa sellada para evitar fugas del contenido; inhibe eficazmente el crecimiento bacteriano y es adecuado para el almacenamiento a largo plazo.<\/p>\n\n\n\n<p><strong>F\u00e1cil de limpiar:<\/strong> La superficie es lisa, no absorbe f\u00e1cilmente los restos de comida y es f\u00e1cil de limpiar.<\/p>\n\n\n\n<p><strong>Certificaci\u00f3n de seguridad: <\/strong>Nuestros recipientes de cer\u00e1mica personalizados para el almacenamiento de alimentos cumplen la normativa de la Propuesta 65 de California y no son t\u00f3xicos ni perjudiciales para el medio ambiente, lo que garantiza la seguridad del almacenamiento de alimentos.<\/p>\n<\/div>\n\n\n\n<div class=\"wp-block-column is-layout-flow wp-block-column-is-layout-flow\" style=\"flex-basis:50%\">\n<figure class=\"wp-block-image size-full\"><img decoding=\"async\" width=\"3528\" height=\"3528\" src=\"https:\/\/www.linkceramics.com\/wp-content\/uploads\/2025\/03\/custom-ceramic-food-storage-containers-bulk-28.webp\" alt=\"recipientes de cer\u00e1mica a medida para alimentos a granel-28\" class=\"wp-image-1922\" srcset=\"https:\/\/www.linkceramics.com\/wp-content\/uploads\/2025\/03\/custom-ceramic-food-storage-containers-bulk-28.webp 3528w, https:\/\/www.linkceramics.com\/wp-content\/uploads\/2025\/03\/custom-ceramic-food-storage-containers-bulk-28-300x300.webp 300w, https:\/\/www.linkceramics.com\/wp-content\/uploads\/2025\/03\/custom-ceramic-food-storage-containers-bulk-28-150x150.webp 150w, https:\/\/www.linkceramics.com\/wp-content\/uploads\/2025\/03\/custom-ceramic-food-storage-containers-bulk-28-768x768.webp 768w, https:\/\/www.linkceramics.com\/wp-content\/uploads\/2025\/03\/custom-ceramic-food-storage-containers-bulk-28-1200x1200.webp 1200w, https:\/\/www.linkceramics.com\/wp-content\/uploads\/2025\/03\/custom-ceramic-food-storage-containers-bulk-28-600x600.webp 600w, https:\/\/www.linkceramics.com\/wp-content\/uploads\/2025\/03\/custom-ceramic-food-storage-containers-bulk-28-100x100.webp 100w\" sizes=\"(max-width: 3528px) 100vw, 3528px\" \/><\/figure>\n<\/div>\n<\/div>","protected":false},"excerpt":{"rendered":"<p>Recipientes de cer\u00e1mica personalizados para almacenar alimentos con tapas herm\u00e9ticas y un bonito dise\u00f1o floral. \u00a1Disponible en varios tama\u00f1os y formas (rectangular, cuadrado, redondo), suministrado directamente por el fabricante, los mejores descuentos para pedidos al por mayor a granel, bienvenido a preguntar hoy!<\/p>\n<h2>Par\u00e1metros de los recipientes de cer\u00e1mica personalizados para alimentos<\/h2>\n<table width=\"353\">\n<tbody>\n<tr>\n<td width=\"82\">Fabricante<\/td>\n<td width=\"270\">Lianyuan<\/td>\n<\/tr>\n<tr>\n<td>Tipo de producto<\/td>\n<td width=\"270\">Recipiente para alimentos, caja de almacenamiento<\/td>\n<\/tr>\n<tr>\n<td>Patr\u00f3n<\/td>\n<td>Flores, Plantas<\/td>\n<\/tr>\n<tr>\n<td>Color<\/td>\n<td>\n<p>Multicolor<\/p>\n<\/td>\n<\/tr>\n<tr>\n<td>Material<\/td>\n<td>Porcelana resistente<\/td>\n<\/tr>\n<tr>\n<td>Artesan\u00eda<\/td>\n<td>Calcoman\u00eda en esmalte, Pintado a mano\u00a0<\/td>\n<\/tr>\n<tr>\n<td>Aplicaci\u00f3n<\/td>\n<td>Apto para microondas y lavavajillas, horno y congelador<\/td>\n<\/tr>\n<tr>\n<td>A medida<\/td>\n<td>Color\/Tama\u00f1o\/Logotipo\/Embalaje<\/td>\n<\/tr>\n<\/tbody>\n<\/table>","protected":false},"featured_media":1923,"comment_status":"open","ping_status":"closed","template":"","meta":{"_acf_changed":true},"certification":[66,58,65,61,60,62,57],"product_brand":[],"product_cat":[34,20],"product_tag":[],"class_list":{"0":"post-1920","1":"product","2":"type-product","3":"status-publish","4":"has-post-thumbnail","6":"certification-cnas","7":"certification-fda","8":"certification-iaf","9":"certification-iso-14001","10":"certification-iso-45001","11":"certification-iso-9001","12":"certification-lfgb","13":"product_cat-custom-household-ceramics","14":"product_cat-ceramic-kitchenware-wholesale","16":"first","17":"instock","18":"shipping-taxable","19":"product-type-simple"},"acf":[],"_links":{"self":[{"href":"https:\/\/www.linkceramics.com\/es\/wp-json\/wp\/v2\/product\/1920","targetHints":{"allow":["GET"]}}],"collection":[{"href":"https:\/\/www.linkceramics.com\/es\/wp-json\/wp\/v2\/product"}],"about":[{"href":"https:\/\/www.linkceramics.com\/es\/wp-json\/wp\/v2\/types\/product"}],"replies":[{"embeddable":true,"href":"https:\/\/www.linkceramics.com\/es\/wp-json\/wp\/v2\/comments?post=1920"}],"wp:featuredmedia":[{"embeddable":true,"href":"https:\/\/www.linkceramics.com\/es\/wp-json\/wp\/v2\/media\/1923"}],"wp:attachment":[{"href":"https:\/\/www.linkceramics.com\/es\/wp-json\/wp\/v2\/media?parent=1920"}],"wp:term":[{"taxonomy":"certification","embeddable":true,"href":"https:\/\/www.linkceramics.com\/es\/wp-json\/wp\/v2\/certification?post=1920"},{"taxonomy":"product_brand","embeddable":true,"href":"https:\/\/www.linkceramics.com\/es\/wp-json\/wp\/v2\/product_brand?post=1920"},{"taxonomy":"product_cat","embeddable":true,"href":"https:\/\/www.linkceramics.com\/es\/wp-json\/wp\/v2\/product_cat?post=1920"},{"taxonomy":"product_tag","embeddable":true,"href":"https:\/\/www.linkceramics.com\/es\/wp-json\/wp\/v2\/product_tag?post=1920"}],"curies":[{"name":"wp","href":"https:\/\/api.w.org\/{rel}","templated":true}]}}