{"id":1935,"date":"2025-03-10T03:51:18","date_gmt":"2025-03-10T03:51:18","guid":{"rendered":"https:\/\/www.linkceramics.com\/?post_type=product&#038;p=1935"},"modified":"2025-03-10T03:51:20","modified_gmt":"2025-03-10T03:51:20","slug":"customize-bathroom-sets","status":"publish","type":"product","link":"https:\/\/www.linkceramics.com\/es\/product\/customize-bathroom-sets\/","title":{"rendered":"Conjuntos de Ba\u00f1o de 4 Piezas a Medida, Accesorios de Ba\u00f1o de Cer\u00e1mica a Granel"},"content":{"rendered":"<div class=\"wp-block-columns is-layout-flex wp-container-core-columns-is-layout-9d6595d7 wp-block-columns-is-layout-flex\">\n<div class=\"wp-block-column is-layout-flow wp-block-column-is-layout-flow\" style=\"flex-basis:50%\">\n<h3 class=\"wp-block-heading\">Premium Customize Conjuntos de ba\u00f1o Caracter\u00edsticas:<\/h3>\n\n\n\n<ul class=\"wp-block-list\">\n<li><strong>Dise\u00f1o elegante:<\/strong> Estos juegos de ba\u00f1o personalizados son de color blanco con decoraci\u00f3n de textura hexagonal en la superficie. El dise\u00f1o puede combinarse con todo tipo de estilos decorativos, sin importar si su cuarto de ba\u00f1o es de estilo minimalista, n\u00f3rdico o incluso moderno. Esto podr\u00eda a\u00f1adir belleza y lujo a todo el cuarto de ba\u00f1o.<\/li>\n\n\n\n<li><strong>Material cer\u00e1mico de alta calidad:<\/strong> Estos accesorios de cer\u00e1mica para el ba\u00f1o a granel vienen en material de alta calidad que los hace resistentes y duraderos al desgaste y los da\u00f1os y les proporciona una mayor esperanza de vida. Adem\u00e1s, la superficie exterior de la cer\u00e1mica es lisa y f\u00e1cil de limpiar.<\/li>\n\n\n\n<li><strong>Juego completo: <\/strong>Con dispensador de jab\u00f3n, portacepillos de dientes, vaso para enjuague bucal y jabonera, estos sets de ba\u00f1o personalizados de cer\u00e1mica de 4 piezas satisfacen las necesidades de almacenamiento y aseo del cuarto de ba\u00f1o y lo mantienen ordenado.<\/li>\n\n\n\n<li><strong>Dise\u00f1o reflexivo: <\/strong>El dispensador de jab\u00f3n al por mayor dispone de una amplia abertura que permite rellenarlo de forma r\u00e1pida y sencilla. El cabezal de la bomba, de generosas dimensiones, est\u00e1 dise\u00f1ado para presionar sin esfuerzo. Adem\u00e1s, la jabonera tiene patas elevadas para evitar la acumulaci\u00f3n de agua y mejorar la estabilidad. Las rayas en relieve del centro proporcionan una mayor fricci\u00f3n, manteniendo el jab\u00f3n firmemente en su sitio y evitando deslizamientos no deseados.<\/li>\n<\/ul>\n<\/div>\n\n\n\n<div class=\"wp-block-column is-layout-flow wp-block-column-is-layout-flow\" style=\"flex-basis:50%\">\n<figure class=\"wp-block-image size-full\"><img decoding=\"async\" width=\"1600\" height=\"1600\" src=\"https:\/\/www.linkceramics.com\/wp-content\/uploads\/2025\/03\/4-Piece-Designer-Bathroom-Sets-Wholesale-Ceramic-Bathroom-Supplies.webp\" alt=\"Conjuntos de Ba\u00f1o de 4 Piezas a Medida, Accesorios de Ba\u00f1o de Cer\u00e1mica a Granel-1\" class=\"wp-image-1936\" srcset=\"https:\/\/www.linkceramics.com\/wp-content\/uploads\/2025\/03\/4-Piece-Designer-Bathroom-Sets-Wholesale-Ceramic-Bathroom-Supplies.webp 1600w, https:\/\/www.linkceramics.com\/wp-content\/uploads\/2025\/03\/4-Piece-Designer-Bathroom-Sets-Wholesale-Ceramic-Bathroom-Supplies-300x300.webp 300w, https:\/\/www.linkceramics.com\/wp-content\/uploads\/2025\/03\/4-Piece-Designer-Bathroom-Sets-Wholesale-Ceramic-Bathroom-Supplies-150x150.webp 150w, https:\/\/www.linkceramics.com\/wp-content\/uploads\/2025\/03\/4-Piece-Designer-Bathroom-Sets-Wholesale-Ceramic-Bathroom-Supplies-768x768.webp 768w, https:\/\/www.linkceramics.com\/wp-content\/uploads\/2025\/03\/4-Piece-Designer-Bathroom-Sets-Wholesale-Ceramic-Bathroom-Supplies-1200x1200.webp 1200w, https:\/\/www.linkceramics.com\/wp-content\/uploads\/2025\/03\/4-Piece-Designer-Bathroom-Sets-Wholesale-Ceramic-Bathroom-Supplies-600x600.webp 600w, https:\/\/www.linkceramics.com\/wp-content\/uploads\/2025\/03\/4-Piece-Designer-Bathroom-Sets-Wholesale-Ceramic-Bathroom-Supplies-100x100.webp 100w\" sizes=\"(max-width: 1600px) 100vw, 1600px\" \/><\/figure>\n<\/div>\n<\/div>\n\n\n\n<p><\/p>","protected":false},"excerpt":{"rendered":"<div class=\"elementor-element elementor-element-12826c1 elementor-widget elementor-widget-text-editor\" data-id=\"12826c1\" data-element_type=\"widget\" data-widget_type=\"text-editor.default\">\n<div class=\"elementor-widget-container\">Bienvenido a comprar accesorios de ba\u00f1o de cer\u00e1mica al por mayor. Estos juegos de ba\u00f1o personalizados de cer\u00e1mica son muy atractivos; el color blanco combina f\u00e1cilmente con cualquier estilo de decoraci\u00f3n de ba\u00f1o, mostrando la elegancia plenamente y a\u00f1adiendo belleza en el ba\u00f1o de forma integral. El material cer\u00e1mico, duradero y limpio, presta mucha atenci\u00f3n a los detalles. Elegante y pr\u00e1ctico, cada conjunto a\u00f1ade pulcritud y aplomo al ba\u00f1o.<\/p>\n<h2>Personalizar conjuntos de ba\u00f1o Especificaciones:<\/h2>\n<\/div>\n<\/div>\n<div data-id=\"bef26dc\" data-element_type=\"widget\" data-widget_type=\"text-editor.default\">\n<div data-id=\"bef26dc\" data-element_type=\"widget\" data-widget_type=\"text-editor.default\">\n<table border=\"0\" width=\"476\" cellspacing=\"0\" cellpadding=\"0\">\n<tbody>\n<tr>\n<td width=\"187\" height=\"29\">Fabricante<\/td>\n<td width=\"289\">JINHUA<\/td>\n<\/tr>\n<tr>\n<td height=\"29\">N\u00ba de modelo<\/td>\n<td>JHB68<\/td>\n<\/tr>\n<tr>\n<td height=\"29\">Dise\u00f1o<\/td>\n<td>Juego de 4 piezas<\/td>\n<\/tr>\n<tr>\n<td height=\"29\">Material<\/td>\n<td>Cer\u00e1mica<\/td>\n<\/tr>\n<tr>\n<td height=\"29\">Color<\/td>\n<td width=\"289\">Blanco<\/td>\n<\/tr>\n<tr>\n<td height=\"29\">A medida<\/td>\n<td>Color\/Tama\u00f1o\/Logotipo\/Embalaje<\/td>\n<\/tr>\n<tr>\n<td height=\"29\">MOQ<\/td>\n<td>500 juegos<\/td>\n<\/tr>\n<tr>\n<td height=\"87\">Dimensi\u00f3n<\/td>\n<td width=\"289\">Botella de jab\u00f3n: 9.2*9.2*12.3cm<br \/>Vaso: 9*9*9.9cm<br \/>Jabonera: 13.8*8.4*2.9cm<\/td>\n<\/tr>\n<\/tbody>\n<\/table>\n<\/div>\n<\/div>","protected":false},"featured_media":1937,"comment_status":"open","ping_status":"closed","template":"","meta":{"_acf_changed":true},"certification":[63,64,66,58,65,61,60,62,57],"product_brand":[],"product_cat":[35,22],"product_tag":[],"class_list":{"0":"post-1935","1":"product","2":"type-product","3":"status-publish","4":"has-post-thumbnail","6":"certification-amfori","7":"certification-bsci","8":"certification-cnas","9":"certification-fda","10":"certification-iaf","11":"certification-iso-14001","12":"certification-iso-45001","13":"certification-iso-9001","14":"certification-lfgb","15":"product_cat-bathroom-ceramics-supply","16":"product_cat-ceramic-bathroom-set","18":"first","19":"instock","20":"shipping-taxable","21":"product-type-simple"},"acf":[],"_links":{"self":[{"href":"https:\/\/www.linkceramics.com\/es\/wp-json\/wp\/v2\/product\/1935","targetHints":{"allow":["GET"]}}],"collection":[{"href":"https:\/\/www.linkceramics.com\/es\/wp-json\/wp\/v2\/product"}],"about":[{"href":"https:\/\/www.linkceramics.com\/es\/wp-json\/wp\/v2\/types\/product"}],"replies":[{"embeddable":true,"href":"https:\/\/www.linkceramics.com\/es\/wp-json\/wp\/v2\/comments?post=1935"}],"wp:featuredmedia":[{"embeddable":true,"href":"https:\/\/www.linkceramics.com\/es\/wp-json\/wp\/v2\/media\/1937"}],"wp:attachment":[{"href":"https:\/\/www.linkceramics.com\/es\/wp-json\/wp\/v2\/media?parent=1935"}],"wp:term":[{"taxonomy":"certification","embeddable":true,"href":"https:\/\/www.linkceramics.com\/es\/wp-json\/wp\/v2\/certification?post=1935"},{"taxonomy":"product_brand","embeddable":true,"href":"https:\/\/www.linkceramics.com\/es\/wp-json\/wp\/v2\/product_brand?post=1935"},{"taxonomy":"product_cat","embeddable":true,"href":"https:\/\/www.linkceramics.com\/es\/wp-json\/wp\/v2\/product_cat?post=1935"},{"taxonomy":"product_tag","embeddable":true,"href":"https:\/\/www.linkceramics.com\/es\/wp-json\/wp\/v2\/product_tag?post=1935"}],"curies":[{"name":"wp","href":"https:\/\/api.w.org\/{rel}","templated":true}]}}