{"id":1941,"date":"2025-03-10T04:06:25","date_gmt":"2025-03-10T04:06:25","guid":{"rendered":"https:\/\/www.linkceramics.com\/?post_type=product&#038;p=1941"},"modified":"2025-03-10T04:06:26","modified_gmt":"2025-03-10T04:06:26","slug":"wholesale-5-piece-bathroom-accessories-set","status":"publish","type":"product","link":"https:\/\/www.linkceramics.com\/es\/product\/wholesale-5-piece-bathroom-accessories-set\/","title":{"rendered":"Mayorista Set de Accesorios de Ba\u00f1o de 5 Piezas con Dise\u00f1o Moderno"},"content":{"rendered":"<div class=\"wp-block-columns is-layout-flex wp-container-core-columns-is-layout-9d6595d7 wp-block-columns-is-layout-flex\">\n<div class=\"wp-block-column is-layout-flow wp-block-column-is-layout-flow\" style=\"flex-basis:50%\">\n<h3 class=\"wp-block-heading\">Premium al por mayor de 5 piezas de accesorios de ba\u00f1o Set Caracter\u00edsticas:<\/h3>\n\n\n\n<ul class=\"wp-block-list\">\n<li><strong>Cinco piezas son duras en lo pr\u00e1ctico:<\/strong> Este set de accesorios de ba\u00f1o al por mayor incluye un dosificador de jab\u00f3n, una jabonera, 2 vasos para cepillos de dientes y un tarro de almacenaje; todo ello cubre las necesidades b\u00e1sicas del cuarto de ba\u00f1o para mantenerlo ordenado, organizado y c\u00f3modo de usar a diario.<\/li>\n\n\n\n<li><strong>Duradero y resistente a las manchas:<\/strong> Fabricado con materiales de alta calidad, nuestro set de accesorios de ba\u00f1o de 5 piezas al por mayor est\u00e1 hecho para durar. Es robusto, resistente a las manchas, y dise\u00f1ado para mantener su aspecto impecable con el tiempo.<\/li>\n\n\n\n<li><strong>Dise\u00f1o elegante y funcional:<\/strong> Dise\u00f1ado con una moderna forma cuadrada en blanco fresco, este juego de accesorios de ba\u00f1o de 5 piezas al por mayor presenta una textura c\u00f3ncava que no s\u00f3lo mejora su atractivo visual, sino que tambi\u00e9n proporciona una superficie antideslizante para mayor seguridad y comodidad. Adem\u00e1s, su dise\u00f1o permite una limpieza r\u00e1pida y sin esfuerzo.<\/li>\n\n\n\n<li><strong>Se adapta a la mayor\u00eda de estilos de ba\u00f1o:<\/strong> De formas sencillas, este conjunto de accesorios de ba\u00f1o al por mayor se adapta f\u00e1cilmente a la mayor\u00eda de estilos de decoraci\u00f3n, ya sea un ba\u00f1o moderno, sencillo o de estilo tradicional, para ayudar a los usuarios a realzar el ambiente y la belleza del espacio.<\/li>\n<\/ul>\n<\/div>\n\n\n\n<div class=\"wp-block-column is-layout-flow wp-block-column-is-layout-flow\" style=\"flex-basis:50%\">\n<figure class=\"wp-block-image size-full\"><img decoding=\"async\" width=\"1500\" height=\"1500\" src=\"https:\/\/www.linkceramics.com\/wp-content\/uploads\/2025\/03\/ceramic-bathroom-set-2.webp\" alt=\"Mayorista Set de Accesorios de Ba\u00f1o de 5 Piezas con Dise\u00f1o Moderno-4\" class=\"wp-image-1944\" srcset=\"https:\/\/www.linkceramics.com\/wp-content\/uploads\/2025\/03\/ceramic-bathroom-set-2.webp 1500w, https:\/\/www.linkceramics.com\/wp-content\/uploads\/2025\/03\/ceramic-bathroom-set-2-300x300.webp 300w, https:\/\/www.linkceramics.com\/wp-content\/uploads\/2025\/03\/ceramic-bathroom-set-2-150x150.webp 150w, https:\/\/www.linkceramics.com\/wp-content\/uploads\/2025\/03\/ceramic-bathroom-set-2-768x768.webp 768w, https:\/\/www.linkceramics.com\/wp-content\/uploads\/2025\/03\/ceramic-bathroom-set-2-1200x1200.webp 1200w, https:\/\/www.linkceramics.com\/wp-content\/uploads\/2025\/03\/ceramic-bathroom-set-2-600x600.webp 600w, https:\/\/www.linkceramics.com\/wp-content\/uploads\/2025\/03\/ceramic-bathroom-set-2-100x100.webp 100w\" sizes=\"(max-width: 1500px) 100vw, 1500px\" \/><\/figure>\n<\/div>\n<\/div>\n\n\n\n<p><\/p>","protected":false},"excerpt":{"rendered":"<div class=\"elementor-element elementor-element-12826c1 elementor-widget elementor-widget-text-editor\" data-id=\"12826c1\" data-element_type=\"widget\" data-widget_type=\"text-editor.default\">\n<div class=\"elementor-widget-container\">Bienvenido a la venta al por mayor de accesorios de ba\u00f1o. Este moderno juego de accesorios de ba\u00f1o de 5 piezas al por mayor tiene una forma cuadrada blanca con una textura c\u00f3ncava \u00fanica, mostrando un ambiente elegante y sencillo. Hecho de materiales cer\u00e1micos de alta calidad, este producto seguramente ser\u00e1 fuerte, duradero y f\u00e1cil de limpiar, en consecuencia, satisfacer las necesidades b\u00e1sicas del cuarto de ba\u00f1o.<\/p>\n<h2 class=\"wp-block-heading\">Juego de accesorios de ba\u00f1o de 5 piezas al por mayor Especificaciones:<\/h2>\n<\/div>\n<\/div>\n<div data-id=\"bef26dc\" data-element_type=\"widget\" data-widget_type=\"text-editor.default\">\n<table border=\"0\" width=\"582\" cellspacing=\"0\" cellpadding=\"0\">\n<tbody>\n<tr>\n<td width=\"229\" height=\"33\">Fabricante<\/td>\n<td width=\"353\">JINHUA<\/td>\n<\/tr>\n<tr>\n<td height=\"33\">N\u00ba de modelo<\/td>\n<td>JHB14<\/td>\n<\/tr>\n<tr>\n<td height=\"33\">Dise\u00f1o<\/td>\n<td>Juego de cinco piezas<\/td>\n<\/tr>\n<tr>\n<td height=\"33\">Material<\/td>\n<td>Cer\u00e1mica<\/td>\n<\/tr>\n<tr>\n<td height=\"33\">Color<\/td>\n<td width=\"353\">Blanco<\/td>\n<\/tr>\n<tr>\n<td height=\"33\">A medida<\/td>\n<td>Color\/Tama\u00f1o\/Logotipo\/Embalaje<\/td>\n<\/tr>\n<tr>\n<td height=\"33\">MOQ<\/td>\n<td>500 juegos<\/td>\n<\/tr>\n<tr>\n<td height=\"132\">Dimensi\u00f3n<\/td>\n<td width=\"353\">Botella de jab\u00f3n:9*9*15cm<br \/>Taza:7.7*7.7*10cm<br \/>Jabonera:12.3*12.3*2.4cm<br \/>Tarro:9*9*11.4cm<\/td>\n<\/tr>\n<\/tbody>\n<\/table>\n<\/div>","protected":false},"featured_media":1942,"comment_status":"open","ping_status":"closed","template":"","meta":{"_acf_changed":true},"certification":[63,64,66,58,65,61,60,62,57],"product_brand":[],"product_cat":[35,22],"product_tag":[],"class_list":{"0":"post-1941","1":"product","2":"type-product","3":"status-publish","4":"has-post-thumbnail","6":"certification-amfori","7":"certification-bsci","8":"certification-cnas","9":"certification-fda","10":"certification-iaf","11":"certification-iso-14001","12":"certification-iso-45001","13":"certification-iso-9001","14":"certification-lfgb","15":"product_cat-bathroom-ceramics-supply","16":"product_cat-ceramic-bathroom-set","18":"first","19":"instock","20":"shipping-taxable","21":"product-type-simple"},"acf":[],"_links":{"self":[{"href":"https:\/\/www.linkceramics.com\/es\/wp-json\/wp\/v2\/product\/1941","targetHints":{"allow":["GET"]}}],"collection":[{"href":"https:\/\/www.linkceramics.com\/es\/wp-json\/wp\/v2\/product"}],"about":[{"href":"https:\/\/www.linkceramics.com\/es\/wp-json\/wp\/v2\/types\/product"}],"replies":[{"embeddable":true,"href":"https:\/\/www.linkceramics.com\/es\/wp-json\/wp\/v2\/comments?post=1941"}],"wp:featuredmedia":[{"embeddable":true,"href":"https:\/\/www.linkceramics.com\/es\/wp-json\/wp\/v2\/media\/1942"}],"wp:attachment":[{"href":"https:\/\/www.linkceramics.com\/es\/wp-json\/wp\/v2\/media?parent=1941"}],"wp:term":[{"taxonomy":"certification","embeddable":true,"href":"https:\/\/www.linkceramics.com\/es\/wp-json\/wp\/v2\/certification?post=1941"},{"taxonomy":"product_brand","embeddable":true,"href":"https:\/\/www.linkceramics.com\/es\/wp-json\/wp\/v2\/product_brand?post=1941"},{"taxonomy":"product_cat","embeddable":true,"href":"https:\/\/www.linkceramics.com\/es\/wp-json\/wp\/v2\/product_cat?post=1941"},{"taxonomy":"product_tag","embeddable":true,"href":"https:\/\/www.linkceramics.com\/es\/wp-json\/wp\/v2\/product_tag?post=1941"}],"curies":[{"name":"wp","href":"https:\/\/api.w.org\/{rel}","templated":true}]}}