{"id":1997,"date":"2025-03-24T03:35:13","date_gmt":"2025-03-24T03:35:13","guid":{"rendered":"https:\/\/www.linkceramics.com\/?post_type=product&#038;p=1997"},"modified":"2025-09-22T10:25:15","modified_gmt":"2025-09-22T10:25:15","slug":"ceramic-tableware-set-in-bulk","status":"publish","type":"product","link":"https:\/\/www.linkceramics.com\/es\/product\/ceramic-tableware-set-in-bulk\/","title":{"rendered":"Vajilla de Cer\u00e1mica para Boda a Granel con Lazo Decorado"},"content":{"rendered":"<div class=\"wp-block-columns is-layout-flex wp-container-core-columns-is-layout-9d6595d7 wp-block-columns-is-layout-flex\">\n<div class=\"wp-block-column is-layout-flow wp-block-column-is-layout-flow\" style=\"flex-basis:50%\">\n<h3 class=\"wp-block-heading\">Vajilla de Cer\u00e1mica a Granel Caracter\u00edsticas:<\/h3>\n\n\n\n<p><strong>Dise\u00f1o rom\u00e1ntico de decoraci\u00f3n con lazo:<\/strong> Esta vajilla de cer\u00e1mica para bodas a granel est\u00e1 adornada con preciosos lazos rojos y rosas que desprenden elegancia y romanticismo, creando calidez para banquetes de boda, o cualquier ocasi\u00f3n especial, y ser\u00e1 el centro de atenci\u00f3n de la mesa.<\/p>\n\n\n\n<p><strong>Varios tama\u00f1os:<\/strong> Nuestra vajilla de cer\u00e1mica a granel se compone de platos, cuencos y tazas de distintos tama\u00f1os para satisfacer todas sus necesidades personales, tanto si va a tomar aperitivos, un plato principal, un postre o una bebida, tenemos los tama\u00f1os necesarios.<\/p>\n\n\n\n<p><strong>Material cer\u00e1mico de alta calidad:<\/strong> Material cer\u00e1mico de alta calidad se utiliza para la fabricaci\u00f3n de nuestro juego de vajilla de cer\u00e1mica a granel para bodas, que tiene buena resistencia al agrietamiento y durabilidad. Mientras tanto, la superficie de la vajilla es suave y f\u00e1cil de limpiar, por lo que es conveniente para el servicio de banquetes eficiente.<\/p>\n\n\n\n<p><strong>Apto para horno, microondas o lavavajillas:<\/strong> Esta vajilla de cer\u00e1mica personalizada se puede utilizar en hornos de alta temperatura, tambi\u00e9n se puede calentar en el microondas y resiste el lavavajillas. Es c\u00f3modo y r\u00e1pido y satisface perfectamente las necesidades de las cocinas modernas.<\/p>\n\n\n\n<p><strong>Adecuado para bodas y otras ocasiones especiales: <\/strong>Estas vajillas al por mayor crean una experiencia gastron\u00f3mica \u00fanica y rom\u00e1ntica en diversas ocasiones, como bodas, fiestas de cumplea\u00f1os, vacaciones y aniversarios.<\/p>\n<\/div>\n\n\n\n<div class=\"wp-block-column is-layout-flow wp-block-column-is-layout-flow\" style=\"flex-basis:50%\">\n<figure class=\"wp-block-image size-full\"><img decoding=\"async\" width=\"1200\" height=\"1200\" src=\"https:\/\/www.linkceramics.com\/wp-content\/uploads\/2025\/03\/wedding-ceramic-tableware-set-in-bulk-with-bow-decorated-1.webp\" alt=\"vajilla-ceramica-de-boda-con-arco-decorado-1\" class=\"wp-image-2608\" srcset=\"https:\/\/www.linkceramics.com\/wp-content\/uploads\/2025\/03\/wedding-ceramic-tableware-set-in-bulk-with-bow-decorated-1.webp 1200w, https:\/\/www.linkceramics.com\/wp-content\/uploads\/2025\/03\/wedding-ceramic-tableware-set-in-bulk-with-bow-decorated-1-300x300.webp 300w, https:\/\/www.linkceramics.com\/wp-content\/uploads\/2025\/03\/wedding-ceramic-tableware-set-in-bulk-with-bow-decorated-1-150x150.webp 150w, https:\/\/www.linkceramics.com\/wp-content\/uploads\/2025\/03\/wedding-ceramic-tableware-set-in-bulk-with-bow-decorated-1-768x768.webp 768w, https:\/\/www.linkceramics.com\/wp-content\/uploads\/2025\/03\/wedding-ceramic-tableware-set-in-bulk-with-bow-decorated-1-12x12.webp 12w, https:\/\/www.linkceramics.com\/wp-content\/uploads\/2025\/03\/wedding-ceramic-tableware-set-in-bulk-with-bow-decorated-1-600x600.webp 600w, https:\/\/www.linkceramics.com\/wp-content\/uploads\/2025\/03\/wedding-ceramic-tableware-set-in-bulk-with-bow-decorated-1-100x100.webp 100w\" sizes=\"(max-width: 1200px) 100vw, 1200px\" \/><\/figure>\n<\/div>\n<\/div>","protected":false},"excerpt":{"rendered":"<p>Bienvenido a comprar nuestra vajilla de cer\u00e1mica al por mayor. Nuestra vajilla de boda al por mayor, decorada con lazos rojos y rosas, muestra un dise\u00f1o rom\u00e1ntico. Los platos, cuencos y tazas est\u00e1n disponibles en varios tama\u00f1os. Fabricada en cer\u00e1mica de primera calidad, esta vajilla tiene una est\u00e9tica elegante y es apta para horno, microondas y lavavajillas.<\/p>\n<h2>Vajilla de cer\u00e1mica Par\u00e1metro:<\/h2>\n<div id=\"brxe-8c5ca9\">\n<div>\n<table width=\"338\">\n<tbody>\n<tr>\n<td width=\"124\">Fabricante<\/td>\n<td width=\"214\">Un hogar lleno de amor<\/td>\n<\/tr>\n<tr>\n<td width=\"124\">Nombre de la colecci\u00f3n<\/td>\n<td width=\"214\">Cinta de Gracia<\/td>\n<\/tr>\n<tr>\n<td width=\"124\">Utilizaci\u00f3n<\/td>\n<td width=\"214\">Hogar, Restaurante, Hotel<\/td>\n<\/tr>\n<tr>\n<td width=\"124\">Tipo de vajilla<\/td>\n<td width=\"214\">Jarra, Taza, Taza, Cremera, Plato, Bol, Juego de Tapas<\/td>\n<\/tr>\n<tr>\n<td width=\"124\">Material<\/td>\n<td width=\"214\">Porcelana resistente<\/td>\n<\/tr>\n<tr>\n<td width=\"124\">Dimensi\u00f3n<\/td>\n<td width=\"214\">Como imagen detallada<\/td>\n<\/tr>\n<tr>\n<td width=\"124\">Unidades de venta<\/td>\n<td width=\"214\">Art\u00edculo \u00fanico<\/td>\n<\/tr>\n<tr>\n<td width=\"124\">MOQ<\/td>\n<td width=\"214\">1200 unid. por art\u00edculo<\/td>\n<\/tr>\n<tr>\n<td width=\"124\">Opci\u00f3n personalizada<\/td>\n<td width=\"214\">Color\/Tama\u00f1o\/Glaseado\/Logotipo\/Embalaje<\/td>\n<\/tr>\n<\/tbody>\n<\/table>\n<\/div>\n<\/div>","protected":false},"featured_media":2611,"comment_status":"open","ping_status":"closed","template":"","meta":{"_acf_changed":false},"certification":[63,64,66,58,65,61,60,62],"product_brand":[],"product_cat":[34,18],"product_tag":[],"class_list":{"0":"post-1997","1":"product","2":"type-product","3":"status-publish","4":"has-post-thumbnail","6":"certification-amfori","7":"certification-bsci","8":"certification-cnas","9":"certification-fda","10":"certification-iaf","11":"certification-iso-14001","12":"certification-iso-45001","13":"certification-iso-9001","14":"product_cat-custom-household-ceramics","15":"product_cat-ceramic-tableware-wholesale","17":"first","18":"instock","19":"shipping-taxable","20":"product-type-simple"},"acf":[],"_links":{"self":[{"href":"https:\/\/www.linkceramics.com\/es\/wp-json\/wp\/v2\/product\/1997","targetHints":{"allow":["GET"]}}],"collection":[{"href":"https:\/\/www.linkceramics.com\/es\/wp-json\/wp\/v2\/product"}],"about":[{"href":"https:\/\/www.linkceramics.com\/es\/wp-json\/wp\/v2\/types\/product"}],"replies":[{"embeddable":true,"href":"https:\/\/www.linkceramics.com\/es\/wp-json\/wp\/v2\/comments?post=1997"}],"wp:featuredmedia":[{"embeddable":true,"href":"https:\/\/www.linkceramics.com\/es\/wp-json\/wp\/v2\/media\/2611"}],"wp:attachment":[{"href":"https:\/\/www.linkceramics.com\/es\/wp-json\/wp\/v2\/media?parent=1997"}],"wp:term":[{"taxonomy":"certification","embeddable":true,"href":"https:\/\/www.linkceramics.com\/es\/wp-json\/wp\/v2\/certification?post=1997"},{"taxonomy":"product_brand","embeddable":true,"href":"https:\/\/www.linkceramics.com\/es\/wp-json\/wp\/v2\/product_brand?post=1997"},{"taxonomy":"product_cat","embeddable":true,"href":"https:\/\/www.linkceramics.com\/es\/wp-json\/wp\/v2\/product_cat?post=1997"},{"taxonomy":"product_tag","embeddable":true,"href":"https:\/\/www.linkceramics.com\/es\/wp-json\/wp\/v2\/product_tag?post=1997"}],"curies":[{"name":"wp","href":"https:\/\/api.w.org\/{rel}","templated":true}]}}