{"id":2006,"date":"2025-03-24T03:48:29","date_gmt":"2025-03-24T03:48:29","guid":{"rendered":"https:\/\/www.linkceramics.com\/?post_type=product&#038;p=2006"},"modified":"2025-09-22T03:57:34","modified_gmt":"2025-09-22T03:57:34","slug":"bulk-ceramic-flower-vase","status":"publish","type":"product","link":"https:\/\/www.linkceramics.com\/es\/product\/bulk-ceramic-flower-vase\/","title":{"rendered":"Florero de cer\u00e1mica a granel, adornos art\u00edsticos de color verde suave"},"content":{"rendered":"<div class=\"wp-block-columns is-layout-flex wp-container-core-columns-is-layout-9d6595d7 wp-block-columns-is-layout-flex\">\n<div class=\"wp-block-column is-layout-flow wp-block-column-is-layout-flow\">\n<h3 class=\"wp-block-heading\">Florero de cer\u00e1mica a granel Caracter\u00edsticas:<\/h3>\n\n\n\n<p><strong>Materiales ecol\u00f3gicos y no t\u00f3xicos: <\/strong>La producci\u00f3n de floreros de cer\u00e1mica a granel con arcilla naturalmente amigable y esmalte no t\u00f3xico es saludable y seguro de usar en su casa, oficina y todos los lugares comerciales.<\/p>\n\n\n\n<p><strong>Resistente y duradero:<\/strong> Nuestro jarr\u00f3n de cer\u00e1mica al por mayor est\u00e1 hecho de arcilla de alta calidad cocida a altas temperaturas, es duradero y a prueba de grietas, con la superficie f\u00e1cil de limpiar, y adecuado para el uso a largo plazo.<\/p>\n\n\n\n<p><strong>Versatilidad decorativa:<\/strong> Disponibles en tres tama\u00f1os, estos jarrones de cer\u00e1mica para flores a granel ofrecen mucho espacio de exposici\u00f3n para todo, desde estanter\u00edas de estudio hasta mesas de centro de sal\u00f3n.<\/p>\n\n\n\n<p><strong>Atractivo est\u00e9tico:<\/strong> Estos floreros de cer\u00e1mica a granel tambi\u00e9n vienen con un color verde claro, fino esmalte craquelado y finos dise\u00f1os de helechos para un atractivo tur\u00edstico.<\/p>\n\n\n\n<p><strong>Capacidad de producci\u00f3n en serie:<\/strong> Como proveedor y exportador de jarrones, disponemos de maquinaria avanzada y personal cualificado para fabricarlos a granel seg\u00fan la demanda de todo el mundo para pedidos al por mayor.<\/p>\n<\/div>\n<\/div>\n\n\n\n<div class=\"wp-block-columns is-layout-flex wp-container-core-columns-is-layout-9d6595d7 wp-block-columns-is-layout-flex\">\n<div class=\"wp-block-column is-layout-flow wp-block-column-is-layout-flow\">\n<figure class=\"wp-block-image size-full\"><img decoding=\"async\" width=\"2843\" height=\"2369\" src=\"https:\/\/www.linkceramics.com\/wp-content\/uploads\/2025\/03\/bulk-ceramic-flower-vase-soft-green-color-art-ornaments-6.webp\" alt=\"florero de cer\u00e1mica a granel - florero de color verde suave - adornos de arte - 6\" class=\"wp-image-2566\" srcset=\"https:\/\/www.linkceramics.com\/wp-content\/uploads\/2025\/03\/bulk-ceramic-flower-vase-soft-green-color-art-ornaments-6.webp 2843w, https:\/\/www.linkceramics.com\/wp-content\/uploads\/2025\/03\/bulk-ceramic-flower-vase-soft-green-color-art-ornaments-6-300x250.webp 300w, https:\/\/www.linkceramics.com\/wp-content\/uploads\/2025\/03\/bulk-ceramic-flower-vase-soft-green-color-art-ornaments-6-768x640.webp 768w, https:\/\/www.linkceramics.com\/wp-content\/uploads\/2025\/03\/bulk-ceramic-flower-vase-soft-green-color-art-ornaments-6-14x12.webp 14w, https:\/\/www.linkceramics.com\/wp-content\/uploads\/2025\/03\/bulk-ceramic-flower-vase-soft-green-color-art-ornaments-6-1200x1000.webp 1200w, https:\/\/www.linkceramics.com\/wp-content\/uploads\/2025\/03\/bulk-ceramic-flower-vase-soft-green-color-art-ornaments-6-600x500.webp 600w\" sizes=\"(max-width: 2843px) 100vw, 2843px\" \/><\/figure>\n<\/div>\n\n\n\n<div class=\"wp-block-column is-layout-flow wp-block-column-is-layout-flow\">\n<figure class=\"wp-block-image size-full\"><img decoding=\"async\" width=\"2405\" height=\"2004\" src=\"https:\/\/www.linkceramics.com\/wp-content\/uploads\/2025\/03\/bulk-ceramic-flower-vase-soft-green-color-art-ornaments-5.webp\" alt=\"florero de cer\u00e1mica a granel - florero de color verde suave - adornos de arte - 5\" class=\"wp-image-2565\" srcset=\"https:\/\/www.linkceramics.com\/wp-content\/uploads\/2025\/03\/bulk-ceramic-flower-vase-soft-green-color-art-ornaments-5.webp 2405w, https:\/\/www.linkceramics.com\/wp-content\/uploads\/2025\/03\/bulk-ceramic-flower-vase-soft-green-color-art-ornaments-5-300x250.webp 300w, https:\/\/www.linkceramics.com\/wp-content\/uploads\/2025\/03\/bulk-ceramic-flower-vase-soft-green-color-art-ornaments-5-768x640.webp 768w, https:\/\/www.linkceramics.com\/wp-content\/uploads\/2025\/03\/bulk-ceramic-flower-vase-soft-green-color-art-ornaments-5-14x12.webp 14w, https:\/\/www.linkceramics.com\/wp-content\/uploads\/2025\/03\/bulk-ceramic-flower-vase-soft-green-color-art-ornaments-5-1200x1000.webp 1200w, https:\/\/www.linkceramics.com\/wp-content\/uploads\/2025\/03\/bulk-ceramic-flower-vase-soft-green-color-art-ornaments-5-600x500.webp 600w\" sizes=\"(max-width: 2405px) 100vw, 2405px\" \/><\/figure>\n<\/div>\n<\/div>","protected":false},"excerpt":{"rendered":"<p>Bienvenido a comprar jarrones de cer\u00e1mica a granel con arreglos florales y funciones decorativas. Su textura \u00fanica y dise\u00f1o hecho a mano a\u00f1aden un toque art\u00edstico y natural al espacio y son adecuados para entradas de casa, adornos de escritorio y almacenamiento de arte.<\/p>\n<h2>Especificaciones de los floreros de cer\u00e1mica a granel<\/h2>\n<table width=\"1140\">\n<tbody>\n<tr>\n<td width=\"285\">N\u00famero de modelo<\/td>\n<td width=\"285\">A37659-LE24-A01<\/td>\n<td width=\"285\">A37659-LE24-A02<\/td>\n<td width=\"285\">A37659-LE24-A03<\/td>\n<\/tr>\n<tr>\n<td>Nombre del producto<\/td>\n<td>Jarr\u00f3n de cer\u00e1mica<\/td>\n<td>Jarr\u00f3n de cer\u00e1mica<\/td>\n<td>Jarr\u00f3n de cer\u00e1mica<\/td>\n<\/tr>\n<tr>\n<td>Color<\/td>\n<td>Verde<\/td>\n<td>Verde<\/td>\n<td>Verde<\/td>\n<\/tr>\n<tr>\n<td>Material<\/td>\n<td>Cer\u00e1mica\u00a0<\/td>\n<td>Cer\u00e1mica\u00a0<\/td>\n<td>Cer\u00e1mica\u00a0<\/td>\n<\/tr>\n<tr>\n<td>Escenarios de uso<\/td>\n<td>decoraci\u00f3n del hogar\u00a0<\/td>\n<td>decoraci\u00f3n del hogar\u00a0<\/td>\n<td>decoraci\u00f3n del hogar\u00a0<\/td>\n<\/tr>\n<tr>\n<td>Dimensiones<\/td>\n<td>P:15X19,5cm<\/td>\n<td>P:15X15cm<\/td>\n<td>P:11,5X12cm<\/td>\n<\/tr>\n<tr>\n<td>Peso<\/td>\n<td>0,8 kg\/unidad<\/td>\n<td>0,6 kg\/unidad<\/td>\n<td>0,3 kg\/unidad<\/td>\n<\/tr>\n<\/tbody>\n<\/table>","protected":false},"featured_media":2561,"comment_status":"open","ping_status":"closed","template":"","meta":{"_acf_changed":true},"certification":[63,64,66,65,61,60,62],"product_brand":[],"product_cat":[37,17],"product_tag":[],"class_list":{"0":"post-2006","1":"product","2":"type-product","3":"status-publish","4":"has-post-thumbnail","6":"certification-amfori","7":"certification-bsci","8":"certification-cnas","9":"certification-iaf","10":"certification-iso-14001","11":"certification-iso-45001","12":"certification-iso-9001","13":"product_cat-decorative-ceramic-wholesale","14":"product_cat-ceramic-vases-wholesale","16":"first","17":"instock","18":"shipping-taxable","19":"product-type-simple"},"acf":[],"_links":{"self":[{"href":"https:\/\/www.linkceramics.com\/es\/wp-json\/wp\/v2\/product\/2006","targetHints":{"allow":["GET"]}}],"collection":[{"href":"https:\/\/www.linkceramics.com\/es\/wp-json\/wp\/v2\/product"}],"about":[{"href":"https:\/\/www.linkceramics.com\/es\/wp-json\/wp\/v2\/types\/product"}],"replies":[{"embeddable":true,"href":"https:\/\/www.linkceramics.com\/es\/wp-json\/wp\/v2\/comments?post=2006"}],"wp:featuredmedia":[{"embeddable":true,"href":"https:\/\/www.linkceramics.com\/es\/wp-json\/wp\/v2\/media\/2561"}],"wp:attachment":[{"href":"https:\/\/www.linkceramics.com\/es\/wp-json\/wp\/v2\/media?parent=2006"}],"wp:term":[{"taxonomy":"certification","embeddable":true,"href":"https:\/\/www.linkceramics.com\/es\/wp-json\/wp\/v2\/certification?post=2006"},{"taxonomy":"product_brand","embeddable":true,"href":"https:\/\/www.linkceramics.com\/es\/wp-json\/wp\/v2\/product_brand?post=2006"},{"taxonomy":"product_cat","embeddable":true,"href":"https:\/\/www.linkceramics.com\/es\/wp-json\/wp\/v2\/product_cat?post=2006"},{"taxonomy":"product_tag","embeddable":true,"href":"https:\/\/www.linkceramics.com\/es\/wp-json\/wp\/v2\/product_tag?post=2006"}],"curies":[{"name":"wp","href":"https:\/\/api.w.org\/{rel}","templated":true}]}}