{"id":2014,"date":"2025-03-31T07:18:52","date_gmt":"2025-03-31T07:18:52","guid":{"rendered":"https:\/\/www.linkceramics.com\/?post_type=product&#038;p=2014"},"modified":"2025-10-08T02:00:42","modified_gmt":"2025-10-08T02:00:42","slug":"bulk-ceramic-dinner-plates","status":"publish","type":"product","link":"https:\/\/www.linkceramics.com\/es\/product\/bulk-ceramic-dinner-plates\/","title":{"rendered":"Platos de Cer\u00e1mica a Granel, Platos hondos de 8 pulgadas al por mayor"},"content":{"rendered":"<div class=\"wp-block-columns is-layout-flex wp-container-core-columns-is-layout-9d6595d7 wp-block-columns-is-layout-flex\">\n<div class=\"wp-block-column is-layout-flow wp-block-column-is-layout-flow\" style=\"flex-basis:50%\">\n<h3 class=\"wp-block-heading\">Platos de cer\u00e1mica a granel Caracter\u00edsticas:<\/h3>\n\n\n\n<p><strong>Material cer\u00e1mico duradero<\/strong> - Fabricado con material cer\u00e1mico, es duradero, no se astilla ni se rompe f\u00e1cilmente, y es adecuado para el uso diario y a largo plazo<\/p>\n\n\n\n<p><strong>F\u00e1cil de limpiar<\/strong> - La superficie del plato de cer\u00e1mica a granel no se mancha f\u00e1cilmente. Es f\u00e1cil de limpiar manualmente o meterlo en el lavavajillas para ahorrar tiempo de limpieza.<\/p>\n\n\n\n<p><strong>Artesan\u00eda en esmalte<\/strong> - Los elementos del dise\u00f1o de estos platos llanos de cer\u00e1mica a granel se incrustan bajo una capa de esmalte cuando se estampan en el producto, lo que garantiza que los colores brillantes perdurar\u00e1n junto con una superficie lisa y sin juntas que permanece intacta y sin da\u00f1os tras continuos lavados y usos.<\/p>\n\n\n\n<p><strong>Dise\u00f1o pr\u00e1ctico de platos hondos<\/strong> - La profundidad del plato de 20 cm y la capacidad de las paredes ayudar\u00e1n a evitar derrames, \u00a1lo que lo convierte en un plato ideal para todo tipo de platos salseados de la cultura china u occidental, fiestas o cenas!<\/p>\n\n\n\n<p><strong>Suerte Dise\u00f1o de granada<\/strong> - El dise\u00f1o de granadas rojas de cada plato tiene un significado de reuni\u00f3n y fiesta, y aporta un elemento cultural a la experiencia de la cena o la fiesta.<\/p>\n<\/div>\n\n\n\n<div class=\"wp-block-column is-layout-flow wp-block-column-is-layout-flow\" style=\"flex-basis:50%\">\n<figure class=\"wp-block-image size-full\"><img decoding=\"async\" width=\"800\" height=\"800\" src=\"https:\/\/www.linkceramics.com\/wp-content\/uploads\/2025\/03\/bulk-ceramic-dinner-plates-wholesale-8-inch-deep-plates-3.webp\" alt=\"platos-cocina-ceramica-mayoristas-platos-hondos-de-8-pulgadas-3\" class=\"wp-image-2719\" srcset=\"https:\/\/www.linkceramics.com\/wp-content\/uploads\/2025\/03\/bulk-ceramic-dinner-plates-wholesale-8-inch-deep-plates-3.webp 800w, https:\/\/www.linkceramics.com\/wp-content\/uploads\/2025\/03\/bulk-ceramic-dinner-plates-wholesale-8-inch-deep-plates-3-300x300.webp 300w, https:\/\/www.linkceramics.com\/wp-content\/uploads\/2025\/03\/bulk-ceramic-dinner-plates-wholesale-8-inch-deep-plates-3-150x150.webp 150w, https:\/\/www.linkceramics.com\/wp-content\/uploads\/2025\/03\/bulk-ceramic-dinner-plates-wholesale-8-inch-deep-plates-3-768x768.webp 768w, https:\/\/www.linkceramics.com\/wp-content\/uploads\/2025\/03\/bulk-ceramic-dinner-plates-wholesale-8-inch-deep-plates-3-12x12.webp 12w, https:\/\/www.linkceramics.com\/wp-content\/uploads\/2025\/03\/bulk-ceramic-dinner-plates-wholesale-8-inch-deep-plates-3-600x600.webp 600w, https:\/\/www.linkceramics.com\/wp-content\/uploads\/2025\/03\/bulk-ceramic-dinner-plates-wholesale-8-inch-deep-plates-3-100x100.webp 100w\" sizes=\"(max-width: 800px) 100vw, 800px\" \/><\/figure>\n<\/div>\n<\/div>","protected":false},"excerpt":{"rendered":"<p>Bienvenido a comprar nuestros platos de cer\u00e1mica al por mayor. Estos platos de 8 pulgadas de profundidad al por mayor cuentan con un patr\u00f3n de granada vibrante y duradero. Dise\u00f1ados para sopas, platos de pasta, salteados y otros platos llenos de salsa. Los materiales respetuosos con el medio ambiente cumplen las normas de seguridad alimentaria, las superficies lisas son f\u00e1ciles de limpiar y los usos multifuncionales satisfacen una gran variedad de escenarios gastron\u00f3micos. P\u00f3ngase en contacto con nosotros para obtener un presupuesto gratuito.<\/p>\n<h2>Platos de cer\u00e1mica Par\u00e1metro:<\/h2>\n<table border=\"0\" width=\"370\" cellspacing=\"0\" cellpadding=\"0\">\n<tbody>\n<tr>\n<td width=\"139\" height=\"18\">Fabricante<\/td>\n<td width=\"231\">SOLECASA<\/td>\n<\/tr>\n<tr>\n<td width=\"139\" height=\"18\">Colecci\u00f3n Pertenecer<\/td>\n<td width=\"231\">Flor carmes\u00ed<\/td>\n<\/tr>\n<tr>\n<td width=\"139\" height=\"18\">Tipo de producto<\/td>\n<td width=\"231\">Plato hondo esmaltado 8<\/td>\n<\/tr>\n<tr>\n<td width=\"139\" height=\"18\">N\u00famero de modelo<\/td>\n<td width=\"231\">15540#9S1115-XR<\/td>\n<\/tr>\n<tr>\n<td width=\"139\" height=\"18\">Material<\/td>\n<td width=\"231\">Porcelana<\/td>\n<\/tr>\n<tr>\n<td width=\"139\" height=\"18\">Dimensi\u00f3n<\/td>\n<td width=\"231\">204 mm<\/td>\n<\/tr>\n<tr>\n<td width=\"139\" height=\"18\">MOQ<\/td>\n<td width=\"231\">MOQ bajo<\/td>\n<\/tr>\n<tr>\n<td width=\"139\" height=\"18\">Muestra gratuita<\/td>\n<td width=\"231\">Disponible<\/td>\n<\/tr>\n<tr>\n<td width=\"139\" height=\"18\">Opci\u00f3n personalizada<\/td>\n<td width=\"231\">Color\/Tama\u00f1o\/Glaseado\/Logotipo\/Embalaje<\/td>\n<\/tr>\n<\/tbody>\n<\/table>","protected":false},"featured_media":2717,"comment_status":"open","ping_status":"closed","template":"","meta":{"_acf_changed":false},"certification":[66,58,65,61,60,62,57],"product_brand":[],"product_cat":[34,18],"product_tag":[],"class_list":{"0":"post-2014","1":"product","2":"type-product","3":"status-publish","4":"has-post-thumbnail","6":"certification-cnas","7":"certification-fda","8":"certification-iaf","9":"certification-iso-14001","10":"certification-iso-45001","11":"certification-iso-9001","12":"certification-lfgb","13":"product_cat-custom-household-ceramics","14":"product_cat-ceramic-tableware-wholesale","16":"first","17":"instock","18":"shipping-taxable","19":"product-type-simple"},"acf":[],"_links":{"self":[{"href":"https:\/\/www.linkceramics.com\/es\/wp-json\/wp\/v2\/product\/2014","targetHints":{"allow":["GET"]}}],"collection":[{"href":"https:\/\/www.linkceramics.com\/es\/wp-json\/wp\/v2\/product"}],"about":[{"href":"https:\/\/www.linkceramics.com\/es\/wp-json\/wp\/v2\/types\/product"}],"replies":[{"embeddable":true,"href":"https:\/\/www.linkceramics.com\/es\/wp-json\/wp\/v2\/comments?post=2014"}],"wp:featuredmedia":[{"embeddable":true,"href":"https:\/\/www.linkceramics.com\/es\/wp-json\/wp\/v2\/media\/2717"}],"wp:attachment":[{"href":"https:\/\/www.linkceramics.com\/es\/wp-json\/wp\/v2\/media?parent=2014"}],"wp:term":[{"taxonomy":"certification","embeddable":true,"href":"https:\/\/www.linkceramics.com\/es\/wp-json\/wp\/v2\/certification?post=2014"},{"taxonomy":"product_brand","embeddable":true,"href":"https:\/\/www.linkceramics.com\/es\/wp-json\/wp\/v2\/product_brand?post=2014"},{"taxonomy":"product_cat","embeddable":true,"href":"https:\/\/www.linkceramics.com\/es\/wp-json\/wp\/v2\/product_cat?post=2014"},{"taxonomy":"product_tag","embeddable":true,"href":"https:\/\/www.linkceramics.com\/es\/wp-json\/wp\/v2\/product_tag?post=2014"}],"curies":[{"name":"wp","href":"https:\/\/api.w.org\/{rel}","templated":true}]}}