{"id":2019,"date":"2025-03-31T07:49:47","date_gmt":"2025-03-31T07:49:47","guid":{"rendered":"https:\/\/www.linkceramics.com\/?post_type=product&#038;p=2019"},"modified":"2025-09-22T08:27:24","modified_gmt":"2025-09-22T08:27:24","slug":"wholesale-ceramic-wax-warmer","status":"publish","type":"product","link":"https:\/\/www.linkceramics.com\/es\/product\/wholesale-ceramic-wax-warmer\/","title":{"rendered":"Mayorista Calentador de Cera de Cer\u00e1mica, Difusores de Aceites Esenciales a Granel"},"content":{"rendered":"<div class=\"wp-block-columns is-layout-flex wp-container-core-columns-is-layout-9d6595d7 wp-block-columns-is-layout-flex\">\n<div class=\"wp-block-column is-layout-flow wp-block-column-is-layout-flow\" style=\"flex-basis:50%\">\n<h3 class=\"wp-block-heading\">Calentador de cera de cer\u00e1mica al por mayor Caracter\u00edsticas:<\/h3>\n\n\n\n<p><strong>Cer\u00e1mica artesanal de calidad:<\/strong> Nuestro calentador de cera de cer\u00e1mica al por mayor cuenta con la cer\u00e1mica de la m\u00e1s alta calidad, utilizada asegura la longevidad del producto al calor y le da un acabado sedoso, como un espejo para que coincida con cualquier decoraci\u00f3n.<\/p>\n\n\n\n<p><strong>F\u00e1cil de usar y limpiar:<\/strong> El peque\u00f1o tama\u00f1o del calentador de cera de cer\u00e1mica al por mayor hace que sea f\u00e1cil colocar cera fundida o una vela en su interior, mientras que el material cer\u00e1mico hace que la limpieza despu\u00e9s de su uso sea sencilla.<\/p>\n\n\n\n<p><strong>Varios colores:<\/strong> Estos difusores de aceites esenciales al por mayor est\u00e1n disponibles en varios colores, como blanco puro, negro puro, lunares verdes y negros, lunares blancos y negros, y lunares de colores y blanco. Tienen un dise\u00f1o moderno y elegante y se pueden utilizar para adaptarse a diversos dise\u00f1os de decoraci\u00f3n del hogar.<\/p>\n\n\n\n<p><strong>Estructura pr\u00e1ctica:<\/strong> Estos difusores de aromas de cer\u00e1mica a granel constan de tres partes. La parte superior es un recipiente en forma de cuenco para fragancias de aceites esenciales, la parte inferior es una base con una cavidad redonda y una peque\u00f1a bandeja en forma de cuchara con asa para colocar velas candelitas.<\/p>\n\n\n\n<p><strong>Expansi\u00f3n suave de la fragancia:<\/strong> Estos difusores de aceites esenciales al por mayor son muy f\u00e1ciles de usar. Basta con verter el aceite esencial en el recipiente superior y encender la vela candelita situada debajo. El calor de la vela vaporizar\u00e1 el aceite esencial y lo expandir\u00e1, dispersando el aroma lentamente y creando un ambiente relajante.<\/p>\n<\/div>\n\n\n\n<div class=\"wp-block-column is-layout-flow wp-block-column-is-layout-flow\" style=\"flex-basis:50%\">\n<figure class=\"wp-block-image size-full\"><img decoding=\"async\" width=\"800\" height=\"800\" src=\"https:\/\/www.linkceramics.com\/wp-content\/uploads\/2025\/03\/wholesale-ceramic-wax-warmer-essential-oil-diffusers-bulk-5.webp\" alt=\"mayorista-ceramica-calentador-de-cera-aceite-esencial-difusores-granel-5\" class=\"wp-image-2580\" srcset=\"https:\/\/www.linkceramics.com\/wp-content\/uploads\/2025\/03\/wholesale-ceramic-wax-warmer-essential-oil-diffusers-bulk-5.webp 800w, https:\/\/www.linkceramics.com\/wp-content\/uploads\/2025\/03\/wholesale-ceramic-wax-warmer-essential-oil-diffusers-bulk-5-300x300.webp 300w, https:\/\/www.linkceramics.com\/wp-content\/uploads\/2025\/03\/wholesale-ceramic-wax-warmer-essential-oil-diffusers-bulk-5-150x150.webp 150w, https:\/\/www.linkceramics.com\/wp-content\/uploads\/2025\/03\/wholesale-ceramic-wax-warmer-essential-oil-diffusers-bulk-5-768x768.webp 768w, https:\/\/www.linkceramics.com\/wp-content\/uploads\/2025\/03\/wholesale-ceramic-wax-warmer-essential-oil-diffusers-bulk-5-12x12.webp 12w, https:\/\/www.linkceramics.com\/wp-content\/uploads\/2025\/03\/wholesale-ceramic-wax-warmer-essential-oil-diffusers-bulk-5-600x600.webp 600w, https:\/\/www.linkceramics.com\/wp-content\/uploads\/2025\/03\/wholesale-ceramic-wax-warmer-essential-oil-diffusers-bulk-5-100x100.webp 100w\" sizes=\"(max-width: 800px) 100vw, 800px\" \/><\/figure>\n<\/div>\n<\/div>","protected":false},"excerpt":{"rendered":"<p>Bienvenido a comprar difusores de aroma de cer\u00e1mica al por mayor. Nuestro calentador de cera de cer\u00e1mica al por mayor tiene dise\u00f1os convenientes, es seguro y f\u00e1cil de usar. Perfecto para crear un estado de \u00e1nimo para un ambiente c\u00e1lido y acogedor, de larga duraci\u00f3n y dise\u00f1ado espec\u00edficamente para complementar cualquier decoraci\u00f3n del hogar.<\/p>\n<h2>Calentador de cera de cer\u00e1mica al por mayor Par\u00e1metros:<\/h2>\n<table border=\"0\" width=\"476\" cellspacing=\"0\" cellpadding=\"0\">\n<tbody>\n<tr>\n<td width=\"187\" height=\"29\">Fabricante<\/td>\n<td width=\"289\">JINHUA<\/td>\n<\/tr>\n<tr>\n<td height=\"29\">N\u00ba de modelo<\/td>\n<td>JHC52<\/td>\n<\/tr>\n<tr>\n<td height=\"29\">Dise\u00f1o<\/td>\n<td>Forma cil\u00edndrica<\/td>\n<\/tr>\n<tr>\n<td height=\"29\">Material<\/td>\n<td>Cer\u00e1mica<\/td>\n<\/tr>\n<tr>\n<td height=\"29\">Color<\/td>\n<td width=\"289\">Negro, Blanco, Verde<\/td>\n<\/tr>\n<tr>\n<td height=\"29\">A medida<\/td>\n<td>Color\/Tama\u00f1o\/Logotipo\/Embalaje<\/td>\n<\/tr>\n<tr>\n<td height=\"29\">MOQ<\/td>\n<td>500 unidades<\/td>\n<\/tr>\n<tr>\n<td height=\"29\">Dimensi\u00f3n<\/td>\n<td width=\"289\">9.5*9.5*11cm<\/td>\n<\/tr>\n<\/tbody>\n<\/table>","protected":false},"featured_media":2579,"comment_status":"open","ping_status":"closed","template":"","meta":{"_acf_changed":false},"certification":[63,64,66,58,65,61,60,62,57],"product_brand":[],"product_cat":[37,16],"product_tag":[],"class_list":{"0":"post-2019","1":"product","2":"type-product","3":"status-publish","4":"has-post-thumbnail","6":"certification-amfori","7":"certification-bsci","8":"certification-cnas","9":"certification-fda","10":"certification-iaf","11":"certification-iso-14001","12":"certification-iso-45001","13":"certification-iso-9001","14":"certification-lfgb","15":"product_cat-decorative-ceramic-wholesale","16":"product_cat-ceramic-candle-holder","18":"first","19":"instock","20":"shipping-taxable","21":"product-type-simple"},"acf":[],"_links":{"self":[{"href":"https:\/\/www.linkceramics.com\/es\/wp-json\/wp\/v2\/product\/2019","targetHints":{"allow":["GET"]}}],"collection":[{"href":"https:\/\/www.linkceramics.com\/es\/wp-json\/wp\/v2\/product"}],"about":[{"href":"https:\/\/www.linkceramics.com\/es\/wp-json\/wp\/v2\/types\/product"}],"replies":[{"embeddable":true,"href":"https:\/\/www.linkceramics.com\/es\/wp-json\/wp\/v2\/comments?post=2019"}],"wp:featuredmedia":[{"embeddable":true,"href":"https:\/\/www.linkceramics.com\/es\/wp-json\/wp\/v2\/media\/2579"}],"wp:attachment":[{"href":"https:\/\/www.linkceramics.com\/es\/wp-json\/wp\/v2\/media?parent=2019"}],"wp:term":[{"taxonomy":"certification","embeddable":true,"href":"https:\/\/www.linkceramics.com\/es\/wp-json\/wp\/v2\/certification?post=2019"},{"taxonomy":"product_brand","embeddable":true,"href":"https:\/\/www.linkceramics.com\/es\/wp-json\/wp\/v2\/product_brand?post=2019"},{"taxonomy":"product_cat","embeddable":true,"href":"https:\/\/www.linkceramics.com\/es\/wp-json\/wp\/v2\/product_cat?post=2019"},{"taxonomy":"product_tag","embeddable":true,"href":"https:\/\/www.linkceramics.com\/es\/wp-json\/wp\/v2\/product_tag?post=2019"}],"curies":[{"name":"wp","href":"https:\/\/api.w.org\/{rel}","templated":true}]}}