{"id":2035,"date":"2025-04-06T09:38:33","date_gmt":"2025-04-06T09:38:33","guid":{"rendered":"https:\/\/www.linkceramics.com\/?post_type=product&#038;p=2035"},"modified":"2025-09-30T10:09:36","modified_gmt":"2025-09-30T10:09:36","slug":"ceramic-bathroom-accessories-set-wholesale","status":"publish","type":"product","link":"https:\/\/www.linkceramics.com\/es\/product\/ceramic-bathroom-accessories-set-wholesale\/","title":{"rendered":"Juego de Accesorios de Ba\u00f1o de Cer\u00e1mica de Lujo al por Mayor en Estilo Romano"},"content":{"rendered":"<div class=\"wp-block-columns is-layout-flex wp-container-core-columns-is-layout-9d6595d7 wp-block-columns-is-layout-flex\">\n<div class=\"wp-block-column is-layout-flow wp-block-column-is-layout-flow\" style=\"flex-basis:50%\">\n<h3 class=\"wp-block-heading\">Juego de Accesorios de Ba\u00f1o al por mayor Caracter\u00edsticas:<\/h3>\n\n\n\n<p><strong>Calidad excepcional: <\/strong>Nuestro juego de accesorios de ba\u00f1o de cer\u00e1mica de lujo al por mayor est\u00e1 fabricado con una calidad excepcional, teniendo en cuenta todos los aspectos del proceso de dise\u00f1o y producci\u00f3n, lo que garantiza tanto la calidad como un aspecto lujoso.<\/p>\n\n\n\n<p><strong>Dise\u00f1o excepcional:<\/strong> Este conjunto de accesorios de ba\u00f1o al por mayor tiene cer\u00e1mica blanca cl\u00e1sica con un dise\u00f1o de patr\u00f3n cl\u00e1sico que proporciona una sensaci\u00f3n atemporal de estilo romano y llena el espacio de ba\u00f1o con elegancia y un hermoso temeraire hist\u00f3rico.<\/p>\n\n\n\n<p><strong>Juego combinado de varias piezas: <\/strong>El juego de accesorios de ba\u00f1o al por mayor incluye art\u00edculos de aseo de uso com\u00fan, como jaboneras, vasos para enjuague bucal y frascos desinfectantes para manos. Esta colecci\u00f3n puede utilizarse para diversos usos del cuarto de ba\u00f1o gracias a su comodidad y practicidad.<\/p>\n\n\n\n<p><strong>Dise\u00f1o de f\u00e1cil limpieza:<\/strong> El juego de accesorios de ba\u00f1o al por mayor est\u00e1 creado con una superficie lisa y antiincrustante, lo que facilita su limpieza, y s\u00f3lo necesita un pa\u00f1o suave para limpiarlo todos los d\u00edas, ahorrando energ\u00eda y tiempo.<\/p>\n\n\n\n<p><strong>Precios competitivos:<\/strong> Como fabricante de accesorios de ba\u00f1o, podemos ofrecer al por mayor conjuntos de accesorios de ba\u00f1o de cer\u00e1mica a precios competitivos que permiten a los clientes comprar conjuntos de accesorios de ba\u00f1o de cer\u00e1mica de lujo de mayor calidad a bajo precio.<\/p>\n<\/div>\n\n\n\n<div class=\"wp-block-column is-layout-flow wp-block-column-is-layout-flow\" style=\"flex-basis:50%\">\n<figure class=\"wp-block-image size-full\"><img decoding=\"async\" width=\"1500\" height=\"1500\" src=\"https:\/\/www.linkceramics.com\/wp-content\/uploads\/2025\/04\/luxury-ceramic-bathroom-accessories-set-wholesale-in-roman-style-2.webp\" alt=\"set-accesorios-de-ba\u00f1o-de-cer\u00e1mica-de-lujo-al-mayor-en-estilo-romano-2\" class=\"wp-image-2705\" srcset=\"https:\/\/www.linkceramics.com\/wp-content\/uploads\/2025\/04\/luxury-ceramic-bathroom-accessories-set-wholesale-in-roman-style-2.webp 1500w, https:\/\/www.linkceramics.com\/wp-content\/uploads\/2025\/04\/luxury-ceramic-bathroom-accessories-set-wholesale-in-roman-style-2-300x300.webp 300w, https:\/\/www.linkceramics.com\/wp-content\/uploads\/2025\/04\/luxury-ceramic-bathroom-accessories-set-wholesale-in-roman-style-2-150x150.webp 150w, https:\/\/www.linkceramics.com\/wp-content\/uploads\/2025\/04\/luxury-ceramic-bathroom-accessories-set-wholesale-in-roman-style-2-768x768.webp 768w, https:\/\/www.linkceramics.com\/wp-content\/uploads\/2025\/04\/luxury-ceramic-bathroom-accessories-set-wholesale-in-roman-style-2-12x12.webp 12w, https:\/\/www.linkceramics.com\/wp-content\/uploads\/2025\/04\/luxury-ceramic-bathroom-accessories-set-wholesale-in-roman-style-2-1200x1200.webp 1200w, https:\/\/www.linkceramics.com\/wp-content\/uploads\/2025\/04\/luxury-ceramic-bathroom-accessories-set-wholesale-in-roman-style-2-600x600.webp 600w, https:\/\/www.linkceramics.com\/wp-content\/uploads\/2025\/04\/luxury-ceramic-bathroom-accessories-set-wholesale-in-roman-style-2-100x100.webp 100w\" sizes=\"(max-width: 1500px) 100vw, 1500px\" \/><\/figure>\n<\/div>\n<\/div>","protected":false},"excerpt":{"rendered":"<p>Compramos accesorios de ba\u00f1o de cer\u00e1mica al por mayor en una variedad de dise\u00f1os. Nuestra colecci\u00f3n de accesorios de ba\u00f1o de cer\u00e1mica de lujo al por mayor conjuntos cuenta con materiales de alta calidad con una amplia gama de selecciones y precios wholesomely, es seguro, respetuoso del medio ambiente, f\u00e1cil de limpiar, y puede ser f\u00e1cilmente utilizado en diversos escenarios de la casa y el hotel.<\/p>\n<h2>Juego de accesorios de ba\u00f1o Par\u00e1metros al por mayor:<\/h2>\n<table border=\"0\" width=\"476\" cellspacing=\"0\" cellpadding=\"0\">\n<tbody>\n<tr>\n<td width=\"187\" height=\"29\">Fabricante<\/td>\n<td width=\"289\">JINHUA<\/td>\n<\/tr>\n<tr>\n<td height=\"29\">N\u00ba de modelo<\/td>\n<td>JHB08<\/td>\n<\/tr>\n<tr>\n<td height=\"29\">Tipo<\/td>\n<td width=\"289\">Juego de cuatro piezas<\/td>\n<\/tr>\n<tr>\n<td height=\"29\">Material<\/td>\n<td>Cer\u00e1mica<\/td>\n<\/tr>\n<tr>\n<td height=\"29\">Color<\/td>\n<td width=\"289\">Blanco<\/td>\n<\/tr>\n<tr>\n<td height=\"29\">A medida<\/td>\n<td>Color\/Tama\u00f1o\/Logotipo\/Embalaje<\/td>\n<\/tr>\n<tr>\n<td height=\"29\">MOQ<\/td>\n<td>500 juegos<\/td>\n<\/tr>\n<tr>\n<td height=\"174\">Dimensi\u00f3n<\/td>\n<td width=\"289\">taza:7.6*7.6*9.5cm<br \/>dosificador de jab\u00f3n: 7.5*7.5*17cm<br \/>portacepillos:13*6.5*9cm<br \/>jabonera: 12*8.5*2cm<\/td>\n<\/tr>\n<\/tbody>\n<\/table>","protected":false},"featured_media":2706,"comment_status":"open","ping_status":"closed","template":"","meta":{"_acf_changed":true},"certification":[63,64,66,58,65,61,60,62,57],"product_brand":[],"product_cat":[35,22],"product_tag":[],"class_list":{"0":"post-2035","1":"product","2":"type-product","3":"status-publish","4":"has-post-thumbnail","6":"certification-amfori","7":"certification-bsci","8":"certification-cnas","9":"certification-fda","10":"certification-iaf","11":"certification-iso-14001","12":"certification-iso-45001","13":"certification-iso-9001","14":"certification-lfgb","15":"product_cat-bathroom-ceramics-supply","16":"product_cat-ceramic-bathroom-set","18":"first","19":"instock","20":"shipping-taxable","21":"product-type-simple"},"acf":[],"_links":{"self":[{"href":"https:\/\/www.linkceramics.com\/es\/wp-json\/wp\/v2\/product\/2035","targetHints":{"allow":["GET"]}}],"collection":[{"href":"https:\/\/www.linkceramics.com\/es\/wp-json\/wp\/v2\/product"}],"about":[{"href":"https:\/\/www.linkceramics.com\/es\/wp-json\/wp\/v2\/types\/product"}],"replies":[{"embeddable":true,"href":"https:\/\/www.linkceramics.com\/es\/wp-json\/wp\/v2\/comments?post=2035"}],"wp:featuredmedia":[{"embeddable":true,"href":"https:\/\/www.linkceramics.com\/es\/wp-json\/wp\/v2\/media\/2706"}],"wp:attachment":[{"href":"https:\/\/www.linkceramics.com\/es\/wp-json\/wp\/v2\/media?parent=2035"}],"wp:term":[{"taxonomy":"certification","embeddable":true,"href":"https:\/\/www.linkceramics.com\/es\/wp-json\/wp\/v2\/certification?post=2035"},{"taxonomy":"product_brand","embeddable":true,"href":"https:\/\/www.linkceramics.com\/es\/wp-json\/wp\/v2\/product_brand?post=2035"},{"taxonomy":"product_cat","embeddable":true,"href":"https:\/\/www.linkceramics.com\/es\/wp-json\/wp\/v2\/product_cat?post=2035"},{"taxonomy":"product_tag","embeddable":true,"href":"https:\/\/www.linkceramics.com\/es\/wp-json\/wp\/v2\/product_tag?post=2035"}],"curies":[{"name":"wp","href":"https:\/\/api.w.org\/{rel}","templated":true}]}}