{"id":2039,"date":"2025-04-06T09:58:58","date_gmt":"2025-04-06T09:58:58","guid":{"rendered":"https:\/\/www.linkceramics.com\/?post_type=product&#038;p=2039"},"modified":"2025-09-23T01:42:20","modified_gmt":"2025-09-23T01:42:20","slug":"wholesale-ceramic-dinnerware","status":"publish","type":"product","link":"https:\/\/www.linkceramics.com\/es\/product\/wholesale-ceramic-dinnerware\/","title":{"rendered":"Lovely Cherry Pattern Vajilla de Cer\u00e1mica al por mayor Suministro a granel"},"content":{"rendered":"<div class=\"wp-block-columns is-layout-flex wp-container-core-columns-is-layout-9d6595d7 wp-block-columns-is-layout-flex\">\n<div class=\"wp-block-column is-layout-flow wp-block-column-is-layout-flow\" style=\"flex-basis:50%\">\n<h3 class=\"wp-block-heading\">Vajilla de cer\u00e1mica al por mayor Caracter\u00edsticas:<\/h3>\n\n\n\n<p><strong>Dulce y hermoso dise\u00f1o de cereza, atractivo y agradable:<\/strong> Nuestras vajillas al por mayor presentan dise\u00f1os de cerezas rojas y rosas en la superficie, que son naturales y frescos, atractivos y muy populares entre los consumidores j\u00f3venes.<\/p>\n\n\n\n<p><strong>Porcelana de alta calidad, blanca y delicada: <\/strong>Esta vajilla blanca al por mayor es de arcilla de porcelana de alta calidad cocida a alta temperatura. El esmalte es blanco y suave, y el tacto es c\u00e1lido. Es a la vez pr\u00e1ctica y visual, y mejora la experiencia gastron\u00f3mica en general.<\/p>\n\n\n\n<p><strong>Combinaciones diversas, pr\u00e1cticas y completas:<\/strong> Nuestros juegos de vajilla de cer\u00e1mica al por mayor incluyen platos, cuencos y tazas de diversas especificaciones, que pueden combinarse de forma flexible con las comidas diarias o el t\u00e9 de la tarde para satisfacer diferentes necesidades de uso.<\/p>\n\n\n\n<p><strong>Apoyo a la venta al por mayor y servicios personalizados: <\/strong>LovingHome ofrece venta al por mayor al por mayor de vajilla blanca, y puede personalizar los patrones, estilos y envases de acuerdo a las necesidades del cliente, que es adecuado para la personalizaci\u00f3n de la marca y la coincidencia comercial.<\/p>\n\n\n\n<p><strong>Apilamiento en poco espacio: <\/strong>La vajilla de cer\u00e1mica al por mayor no es voluminosa, tiene un tama\u00f1o razonable, no ocupa espacio y puede utilizarse en cocinas de empresas y hogares.<\/p>\n\n\n\n<p><strong>Esmalte antidesgaste y antirrayado:<\/strong> El esmalte de la vajilla de cer\u00e1mica al por mayor es fino y sedoso, suave al tacto, no propenso a rayarse ni a retener restos de comida, y limpio y bonito durante mucho tiempo.<\/p>\n<\/div>\n\n\n\n<div class=\"wp-block-column is-layout-flow wp-block-column-is-layout-flow\" style=\"flex-basis:50%\">\n<figure class=\"wp-block-image size-full\"><img decoding=\"async\" width=\"1200\" height=\"1200\" src=\"https:\/\/www.linkceramics.com\/wp-content\/uploads\/2025\/04\/lovely-cherry-pattern-wholesale-ceramic-dinnerware-bulk-supply-7.webp\" alt=\"lovely-cherry-pattern-vajilla de cer\u00e1mica al por mayor-suministro a granel-7\" class=\"wp-image-2622\" srcset=\"https:\/\/www.linkceramics.com\/wp-content\/uploads\/2025\/04\/lovely-cherry-pattern-wholesale-ceramic-dinnerware-bulk-supply-7.webp 1200w, https:\/\/www.linkceramics.com\/wp-content\/uploads\/2025\/04\/lovely-cherry-pattern-wholesale-ceramic-dinnerware-bulk-supply-7-300x300.webp 300w, https:\/\/www.linkceramics.com\/wp-content\/uploads\/2025\/04\/lovely-cherry-pattern-wholesale-ceramic-dinnerware-bulk-supply-7-150x150.webp 150w, https:\/\/www.linkceramics.com\/wp-content\/uploads\/2025\/04\/lovely-cherry-pattern-wholesale-ceramic-dinnerware-bulk-supply-7-768x768.webp 768w, https:\/\/www.linkceramics.com\/wp-content\/uploads\/2025\/04\/lovely-cherry-pattern-wholesale-ceramic-dinnerware-bulk-supply-7-12x12.webp 12w, https:\/\/www.linkceramics.com\/wp-content\/uploads\/2025\/04\/lovely-cherry-pattern-wholesale-ceramic-dinnerware-bulk-supply-7-600x600.webp 600w, https:\/\/www.linkceramics.com\/wp-content\/uploads\/2025\/04\/lovely-cherry-pattern-wholesale-ceramic-dinnerware-bulk-supply-7-100x100.webp 100w\" sizes=\"(max-width: 1200px) 100vw, 1200px\" \/><\/figure>\n<\/div>\n<\/div>","protected":false},"excerpt":{"rendered":"<p>Bienvenido a comprar vajilla de cer\u00e1mica al por mayor. Esta hermosa vajilla blanca con patr\u00f3n de cereza al por mayor es fresca y dulce, llena de vigor. El conjunto se compone de platos, cuencos y tazas con diversas especificaciones, adecuados para el hogar, restaurantes de postres, caf\u00e9s y otros lugares.<\/p>\n<h2>Vajilla de cer\u00e1mica al por mayor Par\u00e1metros:<\/h2>\n<table width=\"338\">\n<tbody>\n<tr>\n<td width=\"124\">Fabricante<\/td>\n<td width=\"214\">Un hogar lleno de amor<\/td>\n<\/tr>\n<tr>\n<td width=\"124\">Nombre de la colecci\u00f3n<\/td>\n<td width=\"214\">Colecci\u00f3n Miss Cherry<\/td>\n<\/tr>\n<tr>\n<td width=\"124\">Utilizaci\u00f3n<\/td>\n<td width=\"214\">Hogar, Restaurante, Hotel<\/td>\n<\/tr>\n<tr>\n<td width=\"124\">Tipo de vajilla<\/td>\n<td width=\"214\">Jarra, Taza, Taza, Cremera, Plato, Bol, Juego de Tapas<\/td>\n<\/tr>\n<tr>\n<td width=\"124\">Material<\/td>\n<td width=\"214\">Porcelana resistente<\/td>\n<\/tr>\n<tr>\n<td width=\"124\">Dimensi\u00f3n<\/td>\n<td width=\"214\">Como imagen detallada<\/td>\n<\/tr>\n<tr>\n<td width=\"124\">Unidades de venta<\/td>\n<td width=\"214\">Art\u00edculo \u00fanico<\/td>\n<\/tr>\n<tr>\n<td width=\"124\">MOQ<\/td>\n<td width=\"214\">1200 unid. por art\u00edculo<\/td>\n<\/tr>\n<tr>\n<td width=\"124\">Opci\u00f3n personalizada<\/td>\n<td width=\"214\">Color\/Tama\u00f1o\/Glaseado\/Logotipo\/Embalaje<\/td>\n<\/tr>\n<\/tbody>\n<\/table>","protected":false},"featured_media":2619,"comment_status":"open","ping_status":"closed","template":"","meta":{"_acf_changed":true},"certification":[63,64,66,58,65,61,60,62],"product_brand":[],"product_cat":[34,18],"product_tag":[],"class_list":{"0":"post-2039","1":"product","2":"type-product","3":"status-publish","4":"has-post-thumbnail","6":"certification-amfori","7":"certification-bsci","8":"certification-cnas","9":"certification-fda","10":"certification-iaf","11":"certification-iso-14001","12":"certification-iso-45001","13":"certification-iso-9001","14":"product_cat-custom-household-ceramics","15":"product_cat-ceramic-tableware-wholesale","17":"first","18":"instock","19":"shipping-taxable","20":"product-type-simple"},"acf":[],"_links":{"self":[{"href":"https:\/\/www.linkceramics.com\/es\/wp-json\/wp\/v2\/product\/2039","targetHints":{"allow":["GET"]}}],"collection":[{"href":"https:\/\/www.linkceramics.com\/es\/wp-json\/wp\/v2\/product"}],"about":[{"href":"https:\/\/www.linkceramics.com\/es\/wp-json\/wp\/v2\/types\/product"}],"replies":[{"embeddable":true,"href":"https:\/\/www.linkceramics.com\/es\/wp-json\/wp\/v2\/comments?post=2039"}],"wp:featuredmedia":[{"embeddable":true,"href":"https:\/\/www.linkceramics.com\/es\/wp-json\/wp\/v2\/media\/2619"}],"wp:attachment":[{"href":"https:\/\/www.linkceramics.com\/es\/wp-json\/wp\/v2\/media?parent=2039"}],"wp:term":[{"taxonomy":"certification","embeddable":true,"href":"https:\/\/www.linkceramics.com\/es\/wp-json\/wp\/v2\/certification?post=2039"},{"taxonomy":"product_brand","embeddable":true,"href":"https:\/\/www.linkceramics.com\/es\/wp-json\/wp\/v2\/product_brand?post=2039"},{"taxonomy":"product_cat","embeddable":true,"href":"https:\/\/www.linkceramics.com\/es\/wp-json\/wp\/v2\/product_cat?post=2039"},{"taxonomy":"product_tag","embeddable":true,"href":"https:\/\/www.linkceramics.com\/es\/wp-json\/wp\/v2\/product_tag?post=2039"}],"curies":[{"name":"wp","href":"https:\/\/api.w.org\/{rel}","templated":true}]}}