{"id":2051,"date":"2025-04-10T02:13:13","date_gmt":"2025-04-10T02:13:13","guid":{"rendered":"https:\/\/www.linkceramics.com\/?post_type=product&#038;p=2051"},"modified":"2025-09-22T09:23:42","modified_gmt":"2025-09-22T09:23:42","slug":"wholesale-coffee-mugs","status":"publish","type":"product","link":"https:\/\/www.linkceramics.com\/es\/product\/wholesale-coffee-mugs\/","title":{"rendered":"Mayorista Tazas de Caf\u00e9 con Tapa, Tazas de Esmalte Reactivo al por Mayor"},"content":{"rendered":"<div class=\"wp-block-columns is-layout-flex wp-container-core-columns-is-layout-9d6595d7 wp-block-columns-is-layout-flex\">\n<div class=\"wp-block-column is-layout-flow wp-block-column-is-layout-flow\" style=\"flex-basis:50%\">\n<h3 class=\"wp-block-heading\">Tazas de caf\u00e9 al por mayor Caracter\u00edsticas:<\/h3>\n\n\n\n<p><strong>Dise\u00f1o de tapa de bamb\u00fa respetuoso con el medio ambiente, a la vez bonito y pr\u00e1ctico:<\/strong> Nuestras tazas de caf\u00e9 a granel se emparejan con tapas de taza de bamb\u00fa natural, que son respetuosas con el medio ambiente y saludables, con una textura c\u00e1lida. No solo evitan el polvo y mantienen el calor, sino que tambi\u00e9n a\u00f1aden elementos naturales al dise\u00f1o general de la taza, equilibrando a la perfecci\u00f3n funcionalidad y est\u00e9tica.<\/p>\n\n\n\n<p><strong>Material cer\u00e1mico de alta calidad, duradero y seguro:<\/strong> Estas tazas de caf\u00e9 al por mayor est\u00e1n fabricadas con materiales cer\u00e1micos de alta calidad y cocidas a altas temperaturas para garantizar que los productos sean resistentes y duraderos, f\u00e1ciles de limpiar y que no absorban olores, satisfaciendo las necesidades de uso a largo plazo, al tiempo que cumplen las normas de seguridad de grado alimentario y se utilizan de forma m\u00e1s segura.<\/p>\n\n\n\n<p><strong>Una variedad de opciones de color para satisfacer necesidades personalizadas:<\/strong> Nuestras tazas de caf\u00e9 a granel ofrecen una variedad de opciones de color, cada color est\u00e1 cuidadosamente dise\u00f1ado para que coincida con una variedad de estilos de decoraci\u00f3n de interiores, y es adecuado como regalo o para uso comercial, proporcionando a los usuarios ricas opciones.<\/p>\n\n\n\n<p><strong>Mango ergon\u00f3mico: <\/strong>El cuerpo de la taza de desayuno al por mayor est\u00e1 curvado, y el mango tiene un dise\u00f1o ergon\u00f3mico, c\u00f3modo de sujetar y no es f\u00e1cil que resbale.<\/p>\n\n\n\n<p><strong>Esmalte resistente a los ara\u00f1azos y al desgaste:<\/strong> El esmalte de estas tazas de caf\u00e9 al por mayor es nuevo, uniforme y fino, resistente al desgaste y a los ara\u00f1azos, no deja manchas y sigue como nuevo y brillante despu\u00e9s de muchos usos.<\/p>\n<\/div>\n\n\n\n<div class=\"wp-block-column is-layout-flow wp-block-column-is-layout-flow\" style=\"flex-basis:50%\">\n<figure class=\"wp-block-image size-full\"><img decoding=\"async\" width=\"719\" height=\"720\" src=\"https:\/\/www.linkceramics.com\/wp-content\/uploads\/2025\/04\/wholesale-coffee-mugs-with-lids-reactive-glaze-mugs-bulk-2.jpg\" alt=\"mayorista-tazas-de-caf\u00e9-con-tapa-tazas-reactivas-esmaltadas-granel-2\" class=\"wp-image-2591\" srcset=\"https:\/\/www.linkceramics.com\/wp-content\/uploads\/2025\/04\/wholesale-coffee-mugs-with-lids-reactive-glaze-mugs-bulk-2.jpg 719w, https:\/\/www.linkceramics.com\/wp-content\/uploads\/2025\/04\/wholesale-coffee-mugs-with-lids-reactive-glaze-mugs-bulk-2-300x300.jpg 300w, https:\/\/www.linkceramics.com\/wp-content\/uploads\/2025\/04\/wholesale-coffee-mugs-with-lids-reactive-glaze-mugs-bulk-2-150x150.jpg 150w, https:\/\/www.linkceramics.com\/wp-content\/uploads\/2025\/04\/wholesale-coffee-mugs-with-lids-reactive-glaze-mugs-bulk-2-12x12.jpg 12w, https:\/\/www.linkceramics.com\/wp-content\/uploads\/2025\/04\/wholesale-coffee-mugs-with-lids-reactive-glaze-mugs-bulk-2-600x601.jpg 600w, https:\/\/www.linkceramics.com\/wp-content\/uploads\/2025\/04\/wholesale-coffee-mugs-with-lids-reactive-glaze-mugs-bulk-2-100x100.jpg 100w\" sizes=\"(max-width: 719px) 100vw, 719px\" \/><\/figure>\n<\/div>\n<\/div>","protected":false},"excerpt":{"rendered":"<p>Bienvenido a comprar tazas de caf\u00e9 al por mayor. Estas tazas de caf\u00e9 al por mayor horneadas con tapa de bamb\u00fa natural combinan a la perfecci\u00f3n naturaleza y dise\u00f1o moderno. La textura \u00fanica, m\u00faltiples opciones de color, material cer\u00e1mico de alta calidad, y las tazas resistentes al desgaste de gran capacidad con un esmalte resistente a los ara\u00f1azos son ideales para su uso con caf\u00e9, t\u00e9 o bebidas para el desayuno.<\/p>\n<h2>Tazas de caf\u00e9 de porcelana al por mayor Par\u00e1metros:<\/h2>\n<table border=\"0\" width=\"322\" cellspacing=\"0\" cellpadding=\"0\">\n<tbody>\n<tr>\n<td width=\"120\" height=\"17\">Fabricante<\/td>\n<td width=\"202\">Yongjian<\/td>\n<\/tr>\n<tr>\n<td height=\"18\">N\u00ba de modelo<\/td>\n<td width=\"202\">YJ-C04<\/td>\n<\/tr>\n<tr>\n<td height=\"18\">Tipo de producto<\/td>\n<td width=\"202\">Tazas y platillos<\/td>\n<\/tr>\n<tr>\n<td height=\"17\">Material<\/td>\n<td>Cer\u00e1mica+tapa de bamb\u00fa<\/td>\n<\/tr>\n<tr>\n<td height=\"17\">Color<\/td>\n<td>Blanco\/Negro\/Azul oscuro<\/td>\n<\/tr>\n<tr>\n<td height=\"17\">Dimensi\u00f3n<\/td>\n<td>Como imagen<\/td>\n<\/tr>\n<tr>\n<td height=\"17\">Capacidad<\/td>\n<td>275 ml<\/td>\n<\/tr>\n<tr>\n<td height=\"17\">MOQ<\/td>\n<td>500 unidades<\/td>\n<\/tr>\n<tr>\n<td height=\"17\">A medida<\/td>\n<td>Color\/Tama\u00f1o\/Logotipo\/Embalaje<\/td>\n<\/tr>\n<\/tbody>\n<\/table>","protected":false},"featured_media":2593,"comment_status":"open","ping_status":"closed","template":"","meta":{"_acf_changed":true},"certification":[63,64,66,58,65,61,60,62,57],"product_brand":[],"product_cat":[34,19],"product_tag":[],"class_list":{"0":"post-2051","1":"product","2":"type-product","3":"status-publish","4":"has-post-thumbnail","6":"certification-amfori","7":"certification-bsci","8":"certification-cnas","9":"certification-fda","10":"certification-iaf","11":"certification-iso-14001","12":"certification-iso-45001","13":"certification-iso-9001","14":"certification-lfgb","15":"product_cat-custom-household-ceramics","16":"product_cat-ceramic-tea-set-wholesale","18":"first","19":"instock","20":"shipping-taxable","21":"product-type-simple"},"acf":[],"_links":{"self":[{"href":"https:\/\/www.linkceramics.com\/es\/wp-json\/wp\/v2\/product\/2051","targetHints":{"allow":["GET"]}}],"collection":[{"href":"https:\/\/www.linkceramics.com\/es\/wp-json\/wp\/v2\/product"}],"about":[{"href":"https:\/\/www.linkceramics.com\/es\/wp-json\/wp\/v2\/types\/product"}],"replies":[{"embeddable":true,"href":"https:\/\/www.linkceramics.com\/es\/wp-json\/wp\/v2\/comments?post=2051"}],"wp:featuredmedia":[{"embeddable":true,"href":"https:\/\/www.linkceramics.com\/es\/wp-json\/wp\/v2\/media\/2593"}],"wp:attachment":[{"href":"https:\/\/www.linkceramics.com\/es\/wp-json\/wp\/v2\/media?parent=2051"}],"wp:term":[{"taxonomy":"certification","embeddable":true,"href":"https:\/\/www.linkceramics.com\/es\/wp-json\/wp\/v2\/certification?post=2051"},{"taxonomy":"product_brand","embeddable":true,"href":"https:\/\/www.linkceramics.com\/es\/wp-json\/wp\/v2\/product_brand?post=2051"},{"taxonomy":"product_cat","embeddable":true,"href":"https:\/\/www.linkceramics.com\/es\/wp-json\/wp\/v2\/product_cat?post=2051"},{"taxonomy":"product_tag","embeddable":true,"href":"https:\/\/www.linkceramics.com\/es\/wp-json\/wp\/v2\/product_tag?post=2051"}],"curies":[{"name":"wp","href":"https:\/\/api.w.org\/{rel}","templated":true}]}}