{"id":2069,"date":"2025-04-14T07:50:56","date_gmt":"2025-04-14T07:50:56","guid":{"rendered":"https:\/\/www.linkceramics.com\/?post_type=product&#038;p=2069"},"modified":"2025-09-22T09:57:12","modified_gmt":"2025-09-22T09:57:12","slug":"wholesale-ceramic-tableware-set","status":"publish","type":"product","link":"https:\/\/www.linkceramics.com\/es\/product\/wholesale-ceramic-tableware-set\/","title":{"rendered":"Esmalte Reactivo Vajilla de Cer\u00e1mica al por Mayor Granel"},"content":{"rendered":"<div class=\"wp-block-columns is-layout-flex wp-container-core-columns-is-layout-9d6595d7 wp-block-columns-is-layout-flex\">\n<div class=\"wp-block-column is-layout-flow wp-block-column-is-layout-flow\" style=\"flex-basis:50%\">\n<h3 class=\"wp-block-heading\">Vajilla de cer\u00e1mica al por mayor Caracter\u00edsticas:<\/h3>\n\n\n\n<p><strong>Material cer\u00e1mico de buena calidad: <\/strong>Esta vajilla de cer\u00e1mica al por mayor est\u00e1 fabricada con material cer\u00e1mico de buena calidad. Es durable y utilizable diariamente.<\/p>\n\n\n\n<p><strong>No t\u00f3xico y seguro:<\/strong> Todos los materiales de esta vajilla de cer\u00e1mica al por mayor son aptos para alimentos y est\u00e1n libres de toxinas nocivas, por lo que puede sentirse seguro utiliz\u00e1ndolos para cualquier comida, incluso para los ni\u00f1os.<\/p>\n\n\n\n<p><strong>Estilo retro japon\u00e9s, estilo caf\u00e9 dorado: <\/strong>Inspirado en un estilo japon\u00e9s \u00fanico, el esmalte dorado caf\u00e9 de esta vajilla de cer\u00e1mica al por mayor es sofisticado y evocador, con un impresionante equilibrio entre lo antiguo y lo moderno y una pizca de creatividad y sofisticaci\u00f3n en la mesa.<\/p>\n\n\n\n<p><strong>M\u00faltiples tipos de utensilios para satisfacer las necesidades de m\u00faltiples escenas: <\/strong>Este conjunto de vajilla de cer\u00e1mica al por mayor incluye una variedad de tipos, tales como platos, soperas, ensaladeras, etc, para satisfacer diferentes necesidades de comedor, adecuado para el desayuno, el almuerzo, la cena y banquetes vajilla Set.<\/p>\n\n\n\n<p><strong>Suministro al por mayor para satisfacer las compras al por mayor:<\/strong> Apoyar las compras al por mayor a gran escala de vajilla de restaurante al por mayor para satisfacer las necesidades de uso diario a gran escala de hoteles, restaurantes y cadenas de empresas de catering, y proporcionar soluciones rentables de adquisici\u00f3n de vajilla.<\/p>\n<\/div>\n\n\n\n<div class=\"wp-block-column is-layout-flow wp-block-column-is-layout-flow\" style=\"flex-basis:50%\">\n<figure class=\"wp-block-image size-full\"><img decoding=\"async\" width=\"750\" height=\"1159\" src=\"https:\/\/www.linkceramics.com\/wp-content\/uploads\/2025\/04\/reactive-glaze-wholesale-ceramic-tableware-set-bulk-7.webp\" alt=\"reactive-glaze-wholesale-ceramic-tableware-set-bulk-7\" class=\"wp-image-2602\" srcset=\"https:\/\/www.linkceramics.com\/wp-content\/uploads\/2025\/04\/reactive-glaze-wholesale-ceramic-tableware-set-bulk-7.webp 750w, https:\/\/www.linkceramics.com\/wp-content\/uploads\/2025\/04\/reactive-glaze-wholesale-ceramic-tableware-set-bulk-7-194x300.webp 194w, https:\/\/www.linkceramics.com\/wp-content\/uploads\/2025\/04\/reactive-glaze-wholesale-ceramic-tableware-set-bulk-7-8x12.webp 8w, https:\/\/www.linkceramics.com\/wp-content\/uploads\/2025\/04\/reactive-glaze-wholesale-ceramic-tableware-set-bulk-7-600x927.webp 600w\" sizes=\"(max-width: 750px) 100vw, 750px\" \/><\/figure>\n<\/div>\n<\/div>\n\n\n\n<p><\/p>","protected":false},"excerpt":{"rendered":"<p>Bienvenido a comprar nuestro juego de vajilla de cer\u00e1mica al por mayor. Este juego de vajilla de restaurante japonesa al por mayor adopta tecnolog\u00eda de esmaltado reactivo de alta calidad e incluye una variedad de tipos, adecuados para hoteles, restaurantes y cenas familiares. Los modelos tienen diferentes tama\u00f1os y formas para los platos y cuencos. El dise\u00f1o retro y elegante se combina con las caracter\u00edsticas de durabilidad y f\u00e1cil limpieza.<\/p>\n<h2>Vajilla de cer\u00e1mica al por mayor Par\u00e1metros:<\/h2>\n<div id=\"prd-desc\" data-id=\"4381eac\" data-element_type=\"widget\" data-widget_type=\"text-editor.default\">\n<div>\n<table border=\"0\" width=\"654\" cellspacing=\"0\" cellpadding=\"0\">\n<tbody>\n<tr>\n<td width=\"254\" height=\"33\">Fabricante<\/td>\n<td width=\"400\">Yongjian<\/td>\n<\/tr>\n<tr>\n<td height=\"33\">N\u00ba de modelo<\/td>\n<td width=\"400\">YJ-095<\/td>\n<\/tr>\n<tr>\n<td width=\"254\" height=\"33\">Tipo de vajilla<\/td>\n<td width=\"400\">Bandejas, Platos, Cuencos<\/td>\n<\/tr>\n<tr>\n<td height=\"33\">T\u00e9cnica<\/td>\n<td>Efecto esmaltado en horno<\/td>\n<\/tr>\n<tr>\n<td height=\"33\">Material<\/td>\n<td>Porcelana<\/td>\n<\/tr>\n<tr>\n<td height=\"66\">Aplicable<\/td>\n<td width=\"400\">Esterilizador, Lavavajillas, Horno, Microondas<\/td>\n<\/tr>\n<tr>\n<td height=\"33\">Dimensi\u00f3n<\/td>\n<td>Como imagen<\/td>\n<\/tr>\n<tr>\n<td height=\"33\">MOQ<\/td>\n<td>500 unidades<\/td>\n<\/tr>\n<tr>\n<td height=\"33\">A medida<\/td>\n<td>Color\/Tama\u00f1o\/Logotipo\/Embalaje<\/td>\n<\/tr>\n<\/tbody>\n<\/table>\n<\/div>\n<\/div>\n<div class=\"elementor-element elementor-element-6ab1f5c elementor-widget elementor-widget-button\" data-id=\"6ab1f5c\" data-element_type=\"widget\" data-widget_type=\"button.default\">\n<div class=\"elementor-widget-container\">\n<div class=\"elementor-button-wrapper\">\u00a0<\/div>\n<\/div>\n<\/div>","protected":false},"featured_media":2603,"comment_status":"open","ping_status":"closed","template":"","meta":{"_acf_changed":false},"certification":[63,64,66,58,65,61,60,62,57],"product_brand":[],"product_cat":[34,18],"product_tag":[],"class_list":{"0":"post-2069","1":"product","2":"type-product","3":"status-publish","4":"has-post-thumbnail","6":"certification-amfori","7":"certification-bsci","8":"certification-cnas","9":"certification-fda","10":"certification-iaf","11":"certification-iso-14001","12":"certification-iso-45001","13":"certification-iso-9001","14":"certification-lfgb","15":"product_cat-custom-household-ceramics","16":"product_cat-ceramic-tableware-wholesale","18":"first","19":"instock","20":"shipping-taxable","21":"product-type-simple"},"acf":[],"_links":{"self":[{"href":"https:\/\/www.linkceramics.com\/es\/wp-json\/wp\/v2\/product\/2069","targetHints":{"allow":["GET"]}}],"collection":[{"href":"https:\/\/www.linkceramics.com\/es\/wp-json\/wp\/v2\/product"}],"about":[{"href":"https:\/\/www.linkceramics.com\/es\/wp-json\/wp\/v2\/types\/product"}],"replies":[{"embeddable":true,"href":"https:\/\/www.linkceramics.com\/es\/wp-json\/wp\/v2\/comments?post=2069"}],"wp:featuredmedia":[{"embeddable":true,"href":"https:\/\/www.linkceramics.com\/es\/wp-json\/wp\/v2\/media\/2603"}],"wp:attachment":[{"href":"https:\/\/www.linkceramics.com\/es\/wp-json\/wp\/v2\/media?parent=2069"}],"wp:term":[{"taxonomy":"certification","embeddable":true,"href":"https:\/\/www.linkceramics.com\/es\/wp-json\/wp\/v2\/certification?post=2069"},{"taxonomy":"product_brand","embeddable":true,"href":"https:\/\/www.linkceramics.com\/es\/wp-json\/wp\/v2\/product_brand?post=2069"},{"taxonomy":"product_cat","embeddable":true,"href":"https:\/\/www.linkceramics.com\/es\/wp-json\/wp\/v2\/product_cat?post=2069"},{"taxonomy":"product_tag","embeddable":true,"href":"https:\/\/www.linkceramics.com\/es\/wp-json\/wp\/v2\/product_tag?post=2069"}],"curies":[{"name":"wp","href":"https:\/\/api.w.org\/{rel}","templated":true}]}}