{"id":2073,"date":"2025-04-14T09:11:46","date_gmt":"2025-04-14T09:11:46","guid":{"rendered":"https:\/\/www.linkceramics.com\/?post_type=product&#038;p=2073"},"modified":"2025-09-30T08:23:11","modified_gmt":"2025-09-30T08:23:11","slug":"bulk-ceramic-candle-jars","status":"publish","type":"product","link":"https:\/\/www.linkceramics.com\/es\/product\/bulk-ceramic-candle-jars\/","title":{"rendered":"Tarros de cer\u00e1mica a granel para velas, velas arom\u00e1ticas de primera calidad para la decoraci\u00f3n del hogar"},"content":{"rendered":"<div class=\"wp-block-columns is-layout-flex wp-container-core-columns-is-layout-9d6595d7 wp-block-columns-is-layout-flex\">\n<div class=\"wp-block-column is-layout-flow wp-block-column-is-layout-flow\" style=\"flex-basis:50%\">\n<h3 class=\"wp-block-heading\">Tarros de cer\u00e1mica a granel para velas Caracter\u00edsticas:<\/h3>\n\n\n\n<p><strong>Dise\u00f1o de tarros de cer\u00e1mica de lujo:<\/strong> Estos tarros de cer\u00e1mica para velas a granel son elegantes tarros de dise\u00f1o exclusivo hechos de cer\u00e1mica duradera, que ayudan a potenciar la elegancia de la decoraci\u00f3n del hogar, a la vez que est\u00e1n muy de moda en todos los estilos de decoraci\u00f3n de interiores.<\/p>\n\n\n\n<p><strong>Aromaterapia de calidad: <\/strong>Nuestros tarros de cer\u00e1mica contienen cera de soja y fragancias naturales dise\u00f1adas para arder durante periodos prolongados, no producen humo ni emiten subproductos t\u00f3xicos, creando ambientes acogedores y c\u00e1lidos y mejorando su calidad de vida.<\/p>\n\n\n\n<p><strong>Sutil, acabado mate:<\/strong> Nuestros tarros de cer\u00e1mica para velas a granel presentan un aspecto moderno con un acabado mate que proporciona la est\u00e9tica deseada para cualquier tema de dise\u00f1o de interiores. El tarro encajar\u00e1 a la perfecci\u00f3n en decoraciones minimalistas o modernas.<\/p>\n\n\n\n<p><strong>Flexibilidad en los pedidos al por mayor:<\/strong> Apoyamos las compras al por mayor para satisfacer las necesidades de los clientes comerciales, la personalizaci\u00f3n de regalos y los eventos a gran escala. Garantizamos un suministro suficiente de nuestras velas perfumadas al por mayor y disfrutamos de precios preferentes.<\/p>\n\n\n\n<p><strong>Polivalente:<\/strong> Todos los tarros de cer\u00e1mica para velas a granel no s\u00f3lo pueden servir como recipientes para velas arom\u00e1ticas, sino que tambi\u00e9n pueden utilizarse como recipientes para regalos o como decoraci\u00f3n para el hogar, donde se incorporan funcionalidad y dise\u00f1o.<\/p>\n<\/div>\n\n\n\n<div class=\"wp-block-column is-layout-flow wp-block-column-is-layout-flow\" style=\"flex-basis:50%\">\n<figure class=\"wp-block-image size-full\"><img decoding=\"async\" width=\"1200\" height=\"1200\" src=\"https:\/\/www.linkceramics.com\/wp-content\/uploads\/2025\/04\/bulk-ceramic-candle-jars-premium-scented-candles-for-home-decor-3.webp\" alt=\"tarros de cer\u00e1mica a granel - velas perfumadas premium para la decoraci\u00f3n del hogar - 3\" class=\"wp-image-2685\" srcset=\"https:\/\/www.linkceramics.com\/wp-content\/uploads\/2025\/04\/bulk-ceramic-candle-jars-premium-scented-candles-for-home-decor-3.webp 1200w, https:\/\/www.linkceramics.com\/wp-content\/uploads\/2025\/04\/bulk-ceramic-candle-jars-premium-scented-candles-for-home-decor-3-300x300.webp 300w, https:\/\/www.linkceramics.com\/wp-content\/uploads\/2025\/04\/bulk-ceramic-candle-jars-premium-scented-candles-for-home-decor-3-150x150.webp 150w, https:\/\/www.linkceramics.com\/wp-content\/uploads\/2025\/04\/bulk-ceramic-candle-jars-premium-scented-candles-for-home-decor-3-768x768.webp 768w, https:\/\/www.linkceramics.com\/wp-content\/uploads\/2025\/04\/bulk-ceramic-candle-jars-premium-scented-candles-for-home-decor-3-12x12.webp 12w, https:\/\/www.linkceramics.com\/wp-content\/uploads\/2025\/04\/bulk-ceramic-candle-jars-premium-scented-candles-for-home-decor-3-600x600.webp 600w, https:\/\/www.linkceramics.com\/wp-content\/uploads\/2025\/04\/bulk-ceramic-candle-jars-premium-scented-candles-for-home-decor-3-100x100.webp 100w\" sizes=\"(max-width: 1200px) 100vw, 1200px\" \/><\/figure>\n<\/div>\n<\/div>","protected":false},"excerpt":{"rendered":"<p>Le damos la bienvenida a la compra de estos tarros de velas de cer\u00e1mica a granel, con velas arom\u00e1ticas de primera calidad, dise\u00f1ados para hacer realidad el principio de dise\u00f1o de belleza y funci\u00f3n. Est\u00e1n hechos con cera de soja gruesa de alta calidad con fragancias naturales para una experiencia de fragancia mejorada y duradera. Combinan funcionalidad y belleza, por lo que son perfectos tanto para tarros de velas perfumadas como para la aplicaci\u00f3n de decoraci\u00f3n del hogar.<\/p>\n<h2>Tarros de cer\u00e1mica a granel para velas Par\u00e1metros:<\/h2>\n<table border=\"0\" width=\"338\" cellspacing=\"0\" cellpadding=\"0\">\n<tbody>\n<tr>\n<td width=\"124\" height=\"18\">Fabricante<\/td>\n<td width=\"214\">Un hogar lleno de amor<\/td>\n<\/tr>\n<tr>\n<td width=\"124\" height=\"18\">Nombre de la colecci\u00f3n<\/td>\n<td width=\"214\">Vela perfumada<\/td>\n<\/tr>\n<tr>\n<td width=\"124\" height=\"18\">Estilo de dise\u00f1o<\/td>\n<td width=\"214\">Estilo retro de lujo<\/td>\n<\/tr>\n<tr>\n<td width=\"124\" height=\"18\">Utilizaci\u00f3n<\/td>\n<td width=\"214\">Hogar, Restaurante, Hotel<\/td>\n<\/tr>\n<tr>\n<td width=\"124\" height=\"18\">Tipo de vela<\/td>\n<td width=\"214\">Tarro de vela, Vela perfumada<\/td>\n<\/tr>\n<tr>\n<td width=\"124\" height=\"18\">Material<\/td>\n<td width=\"214\">Porcelana resistente<\/td>\n<\/tr>\n<tr>\n<td width=\"124\" height=\"18\">Dimensi\u00f3n<\/td>\n<td width=\"214\">Como imagen detallada<\/td>\n<\/tr>\n<tr>\n<td width=\"124\" height=\"18\">Unidades de venta<\/td>\n<td width=\"214\">Art\u00edculo \u00fanico<\/td>\n<\/tr>\n<tr>\n<td width=\"124\" height=\"18\">MOQ<\/td>\n<td width=\"214\">1200 unid. por art\u00edculo<\/td>\n<\/tr>\n<tr>\n<td width=\"124\" height=\"18\">Opci\u00f3n personalizada<\/td>\n<td width=\"214\">Color\/Tama\u00f1o\/Glaseado\/Logotipo\/Embalaje<\/td>\n<\/tr>\n<\/tbody>\n<\/table>","protected":false},"featured_media":2683,"comment_status":"open","ping_status":"closed","template":"","meta":{"_acf_changed":false},"certification":[63,64,66,58,65,61,60,62],"product_brand":[],"product_cat":[37,16],"product_tag":[],"class_list":{"0":"post-2073","1":"product","2":"type-product","3":"status-publish","4":"has-post-thumbnail","6":"certification-amfori","7":"certification-bsci","8":"certification-cnas","9":"certification-fda","10":"certification-iaf","11":"certification-iso-14001","12":"certification-iso-45001","13":"certification-iso-9001","14":"product_cat-decorative-ceramic-wholesale","15":"product_cat-ceramic-candle-holder","17":"first","18":"instock","19":"shipping-taxable","20":"product-type-simple"},"acf":[],"_links":{"self":[{"href":"https:\/\/www.linkceramics.com\/es\/wp-json\/wp\/v2\/product\/2073","targetHints":{"allow":["GET"]}}],"collection":[{"href":"https:\/\/www.linkceramics.com\/es\/wp-json\/wp\/v2\/product"}],"about":[{"href":"https:\/\/www.linkceramics.com\/es\/wp-json\/wp\/v2\/types\/product"}],"replies":[{"embeddable":true,"href":"https:\/\/www.linkceramics.com\/es\/wp-json\/wp\/v2\/comments?post=2073"}],"wp:featuredmedia":[{"embeddable":true,"href":"https:\/\/www.linkceramics.com\/es\/wp-json\/wp\/v2\/media\/2683"}],"wp:attachment":[{"href":"https:\/\/www.linkceramics.com\/es\/wp-json\/wp\/v2\/media?parent=2073"}],"wp:term":[{"taxonomy":"certification","embeddable":true,"href":"https:\/\/www.linkceramics.com\/es\/wp-json\/wp\/v2\/certification?post=2073"},{"taxonomy":"product_brand","embeddable":true,"href":"https:\/\/www.linkceramics.com\/es\/wp-json\/wp\/v2\/product_brand?post=2073"},{"taxonomy":"product_cat","embeddable":true,"href":"https:\/\/www.linkceramics.com\/es\/wp-json\/wp\/v2\/product_cat?post=2073"},{"taxonomy":"product_tag","embeddable":true,"href":"https:\/\/www.linkceramics.com\/es\/wp-json\/wp\/v2\/product_tag?post=2073"}],"curies":[{"name":"wp","href":"https:\/\/api.w.org\/{rel}","templated":true}]}}