{"id":2078,"date":"2025-04-21T01:57:44","date_gmt":"2025-04-21T01:57:44","guid":{"rendered":"https:\/\/www.linkceramics.com\/?post_type=product&#038;p=2078"},"modified":"2025-10-08T02:31:32","modified_gmt":"2025-10-08T02:31:32","slug":"custom-ceramic-wax-melter","status":"publish","type":"product","link":"https:\/\/www.linkceramics.com\/es\/product\/custom-ceramic-wax-melter\/","title":{"rendered":"Fundidor de Cera Cer\u00e1mica Personalizado, Chimenea Porta Palo Santo Granel"},"content":{"rendered":"<div class=\"wp-block-columns is-layout-flex wp-container-core-columns-is-layout-9d6595d7 wp-block-columns-is-layout-flex\">\n<div class=\"wp-block-column is-layout-flow wp-block-column-is-layout-flow\" style=\"flex-basis:50%\">\n<h3 class=\"wp-block-heading\">Fundidor de cera de cer\u00e1mica personalizado Caracter\u00edsticas:<\/h3>\n\n\n\n<p><strong>Material cer\u00e1mico:<\/strong> Este fundidor de cera a granel personalizado utiliza un material cer\u00e1mico de alta calidad, manteniendo una mayor y m\u00e1s larga durabilidad que puede sostener altas temperaturas sin romperse.<\/p>\n\n\n\n<p><strong>Forma \u00fanica:<\/strong> La forma de este porta palo santo al por mayor es \u00fanica, con l\u00edneas suaves y bordes redondeados. La abertura es lo suficientemente grande como para contener una cierta cantidad de manojos de palo santo o salvia. Hay una abertura en la parte superior, a modo de chimenea, y el aroma de la madera quemada se difunde desde la abertura para ofrecer una experiencia arom\u00e1tica duradera.<\/p>\n\n\n\n<p><strong>Color vibrante:<\/strong> Este porta-incienso de cer\u00e1mica a granel utiliza el naranja como color principal, que desprende calidez, brillo, viveza y una energ\u00eda llena de vigor.<\/p>\n\n\n\n<p><strong>Versatilidad:<\/strong> Este fundidor de cera de cer\u00e1mica a granel personalizado tiene una amplia funcionalidad en la que la quema de madera de palo santo tambi\u00e9n se puede ampliar con otros tipos de le\u00f1as e incluso con variedades de especias como un manojo de salvia para crear un ambiente c\u00e1lido y una fragancia.<\/p>\n<\/div>\n\n\n\n<div class=\"wp-block-column is-layout-flow wp-block-column-is-layout-flow\" style=\"flex-basis:50%\">\n<figure class=\"wp-block-image size-full\"><img decoding=\"async\" width=\"1500\" height=\"1500\" src=\"https:\/\/www.linkceramics.com\/wp-content\/uploads\/2025\/04\/custom-ceramic-wax-melter-chimney-palo-santo-holder-bulk-3.webp\" alt=\"fundidor de cera ceramica a medida-portachimeneas-palo-santo-granel-3\" class=\"wp-image-2724\" srcset=\"https:\/\/www.linkceramics.com\/wp-content\/uploads\/2025\/04\/custom-ceramic-wax-melter-chimney-palo-santo-holder-bulk-3.webp 1500w, https:\/\/www.linkceramics.com\/wp-content\/uploads\/2025\/04\/custom-ceramic-wax-melter-chimney-palo-santo-holder-bulk-3-300x300.webp 300w, https:\/\/www.linkceramics.com\/wp-content\/uploads\/2025\/04\/custom-ceramic-wax-melter-chimney-palo-santo-holder-bulk-3-150x150.webp 150w, https:\/\/www.linkceramics.com\/wp-content\/uploads\/2025\/04\/custom-ceramic-wax-melter-chimney-palo-santo-holder-bulk-3-768x768.webp 768w, https:\/\/www.linkceramics.com\/wp-content\/uploads\/2025\/04\/custom-ceramic-wax-melter-chimney-palo-santo-holder-bulk-3-12x12.webp 12w, https:\/\/www.linkceramics.com\/wp-content\/uploads\/2025\/04\/custom-ceramic-wax-melter-chimney-palo-santo-holder-bulk-3-1200x1200.webp 1200w, https:\/\/www.linkceramics.com\/wp-content\/uploads\/2025\/04\/custom-ceramic-wax-melter-chimney-palo-santo-holder-bulk-3-600x600.webp 600w, https:\/\/www.linkceramics.com\/wp-content\/uploads\/2025\/04\/custom-ceramic-wax-melter-chimney-palo-santo-holder-bulk-3-100x100.webp 100w\" sizes=\"(max-width: 1500px) 100vw, 1500px\" \/><\/figure>\n<\/div>\n<\/div>","protected":false},"excerpt":{"rendered":"<p>Bienvenido a comprar nuestro porta Palo Santo al por mayor. Nuestro fundidor de cera de cer\u00e1mica al por mayor est\u00e1 fabricado con material cer\u00e1mico de alta calidad. Este elegante accesorio es ideal para quemar incienso, salvia, Palo Santo o simplemente para difundir aromas naturales. El material cer\u00e1mico de alta calidad no s\u00f3lo es eficaz en la difusi\u00f3n de aromas naturales fragantes durante largos per\u00edodos, sino que tambi\u00e9n a\u00f1ade un encanto retro y elegante a cualquier espacio del hogar.<\/p>\n<h2>Par\u00e1metros del fundidor de cera de cer\u00e1mica personalizado:<\/h2>\n<table border=\"0\" width=\"476\" cellspacing=\"0\" cellpadding=\"0\">\n<tbody>\n<tr>\n<td width=\"187\" height=\"29\">Fabricante<\/td>\n<td width=\"289\">JINHUA<\/td>\n<\/tr>\n<tr>\n<td height=\"29\">N\u00ba de modelo<\/td>\n<td>JHC42<\/td>\n<\/tr>\n<tr>\n<td height=\"29\">Dise\u00f1o<\/td>\n<td>Forma de la chimenea<\/td>\n<\/tr>\n<tr>\n<td height=\"29\">Material<\/td>\n<td>Cer\u00e1mica<\/td>\n<\/tr>\n<tr>\n<td height=\"29\">Color<\/td>\n<td width=\"289\">Naranja<\/td>\n<\/tr>\n<tr>\n<td height=\"29\">A medida<\/td>\n<td>Color\/Tama\u00f1o\/Logotipo\/Embalaje<\/td>\n<\/tr>\n<tr>\n<td height=\"29\">MOQ<\/td>\n<td>500 unidades<\/td>\n<\/tr>\n<tr>\n<td height=\"29\">Dimensi\u00f3n<\/td>\n<td width=\"289\">11,9*10,9*9cm<\/td>\n<\/tr>\n<\/tbody>\n<\/table>","protected":false},"featured_media":2725,"comment_status":"open","ping_status":"closed","template":"","meta":{"_acf_changed":false},"certification":[66,58,65,61,60,62,57],"product_brand":[],"product_cat":[37,16],"product_tag":[],"class_list":{"0":"post-2078","1":"product","2":"type-product","3":"status-publish","4":"has-post-thumbnail","6":"certification-cnas","7":"certification-fda","8":"certification-iaf","9":"certification-iso-14001","10":"certification-iso-45001","11":"certification-iso-9001","12":"certification-lfgb","13":"product_cat-decorative-ceramic-wholesale","14":"product_cat-ceramic-candle-holder","16":"first","17":"instock","18":"shipping-taxable","19":"product-type-simple"},"acf":[],"_links":{"self":[{"href":"https:\/\/www.linkceramics.com\/es\/wp-json\/wp\/v2\/product\/2078","targetHints":{"allow":["GET"]}}],"collection":[{"href":"https:\/\/www.linkceramics.com\/es\/wp-json\/wp\/v2\/product"}],"about":[{"href":"https:\/\/www.linkceramics.com\/es\/wp-json\/wp\/v2\/types\/product"}],"replies":[{"embeddable":true,"href":"https:\/\/www.linkceramics.com\/es\/wp-json\/wp\/v2\/comments?post=2078"}],"wp:featuredmedia":[{"embeddable":true,"href":"https:\/\/www.linkceramics.com\/es\/wp-json\/wp\/v2\/media\/2725"}],"wp:attachment":[{"href":"https:\/\/www.linkceramics.com\/es\/wp-json\/wp\/v2\/media?parent=2078"}],"wp:term":[{"taxonomy":"certification","embeddable":true,"href":"https:\/\/www.linkceramics.com\/es\/wp-json\/wp\/v2\/certification?post=2078"},{"taxonomy":"product_brand","embeddable":true,"href":"https:\/\/www.linkceramics.com\/es\/wp-json\/wp\/v2\/product_brand?post=2078"},{"taxonomy":"product_cat","embeddable":true,"href":"https:\/\/www.linkceramics.com\/es\/wp-json\/wp\/v2\/product_cat?post=2078"},{"taxonomy":"product_tag","embeddable":true,"href":"https:\/\/www.linkceramics.com\/es\/wp-json\/wp\/v2\/product_tag?post=2078"}],"curies":[{"name":"wp","href":"https:\/\/api.w.org\/{rel}","templated":true}]}}