{"id":2103,"date":"2025-05-05T03:02:14","date_gmt":"2025-05-05T03:02:14","guid":{"rendered":"https:\/\/www.linkceramics.com\/?post_type=product&#038;p=2103"},"modified":"2025-09-30T07:22:59","modified_gmt":"2025-09-30T07:22:59","slug":"wholesale-ceramic-dessert-bowls","status":"publish","type":"product","link":"https:\/\/www.linkceramics.com\/es\/product\/wholesale-ceramic-dessert-bowls\/","title":{"rendered":"Peque\u00f1os al por mayor de cer\u00e1mica postre cuencos para ensalada, pud\u00edn"},"content":{"rendered":"<div class=\"wp-block-columns is-layout-flex wp-container-core-columns-is-layout-9d6595d7 wp-block-columns-is-layout-flex\">\n<div class=\"wp-block-column is-layout-flow wp-block-column-is-layout-flow\" style=\"flex-basis:50%\">\n<h3 class=\"wp-block-heading\">Tazones de postre de cer\u00e1mica al por mayor Caracter\u00edsticas:<\/h3>\n\n\n\n<ul class=\"wp-block-list\">\n<li><strong>Esmalte reactivo, natural y \u00fanico:<\/strong> Estos peque\u00f1os cuencos de postre de cer\u00e1mica al por mayor utilizan la tecnolog\u00eda tradicional de esmaltado reactivo al fuego. Cada pieza de cer\u00e1mica tiene un cambio de color de esmalte natural y ricas capas de color, que es tan \u00fanico como una obra de arte, mostrando la belleza de la artesan\u00eda.<\/li>\n\n\n\n<li><strong>M\u00faltiples combinaciones de cuencos, gran practicidad: <\/strong>Incluye cuencos para cereales a granel, cuencos para pudding, cuencos para ensalada y otros tama\u00f1os y formas para satisfacer diferentes necesidades diet\u00e9ticas, adecuados para desayunos, postres, ensaladas, pasta y otros platos.<\/li>\n\n\n\n<li><strong>Seguridad alimentaria, sin plomo y no t\u00f3xico:<\/strong> Fabricado con materiales cer\u00e1micos sanos y ecol\u00f3gicos, sin plomo ni otros productos qu\u00edmicos t\u00f3xicos, apto para alimentos, con esmalte liso, no se mancha f\u00e1cilmente con manchas de aceite y es f\u00e1cil de limpiar.<\/li>\n\n\n\n<li><strong>Est\u00e9tica oriental, fusi\u00f3n moderna: <\/strong>Estos cuencos de postre de cer\u00e1mica al por mayor presentan una forma sencilla y generosa, que integra a la perfecci\u00f3n la artesan\u00eda tradicional oriental con la est\u00e9tica contempor\u00e1nea. Se adaptan a distintos tipos de mesa y mejoran la experiencia gastron\u00f3mica en general.<\/li>\n<\/ul>\n<\/div>\n\n\n\n<div class=\"wp-block-column is-layout-flow wp-block-column-is-layout-flow\" style=\"flex-basis:50%\">\n<figure class=\"wp-block-image size-full\"><img decoding=\"async\" width=\"800\" height=\"800\" src=\"https:\/\/www.linkceramics.com\/wp-content\/uploads\/2025\/05\/small-wholesale-ceramic-dessert-bowls-for-salad-pudding-1.webp\" alt=\"tazones-cer\u00e1mica-para-postre-para-ensalada-pudding-1\" class=\"wp-image-2675\" srcset=\"https:\/\/www.linkceramics.com\/wp-content\/uploads\/2025\/05\/small-wholesale-ceramic-dessert-bowls-for-salad-pudding-1.webp 800w, https:\/\/www.linkceramics.com\/wp-content\/uploads\/2025\/05\/small-wholesale-ceramic-dessert-bowls-for-salad-pudding-1-300x300.webp 300w, https:\/\/www.linkceramics.com\/wp-content\/uploads\/2025\/05\/small-wholesale-ceramic-dessert-bowls-for-salad-pudding-1-150x150.webp 150w, https:\/\/www.linkceramics.com\/wp-content\/uploads\/2025\/05\/small-wholesale-ceramic-dessert-bowls-for-salad-pudding-1-768x768.webp 768w, https:\/\/www.linkceramics.com\/wp-content\/uploads\/2025\/05\/small-wholesale-ceramic-dessert-bowls-for-salad-pudding-1-12x12.webp 12w, https:\/\/www.linkceramics.com\/wp-content\/uploads\/2025\/05\/small-wholesale-ceramic-dessert-bowls-for-salad-pudding-1-600x600.webp 600w, https:\/\/www.linkceramics.com\/wp-content\/uploads\/2025\/05\/small-wholesale-ceramic-dessert-bowls-for-salad-pudding-1-100x100.webp 100w\" sizes=\"(max-width: 800px) 100vw, 800px\" \/><\/figure>\n<\/div>\n<\/div>\n\n\n\n<p><\/p>","protected":false},"excerpt":{"rendered":"<p data-pm-slice=\"1 1 []\">Bienvenido a comprar nuestros cuencos de postre de cer\u00e1mica al por mayor. Estos peque\u00f1os cuencos de cer\u00e1mica al por mayor se cuecen utilizando tecnolog\u00eda de esmaltado reactivo, con colores naturales y ricos y un encanto \u00fanico. La combinaci\u00f3n de varias formas de cuencos es pr\u00e1ctica y hermosa, adecuada para el desayuno, postres, ensaladas y otras escenas de comedor.<\/p>\n<h2>Mayorista Tazones de postre de cer\u00e1mica Par\u00e1metros:<\/h2>\n<table border=\"0\" width=\"654\" cellspacing=\"0\" cellpadding=\"0\">\n<tbody>\n<tr>\n<td width=\"254\" height=\"33\">Fabricante<\/td>\n<td width=\"400\">Yongjian<\/td>\n<\/tr>\n<tr>\n<td height=\"33\">N\u00ba de modelo<\/td>\n<td width=\"400\">YJ-121<\/td>\n<\/tr>\n<tr>\n<td height=\"33\">Tipo de producto<\/td>\n<td>Servicios y ensaladeras<\/td>\n<\/tr>\n<tr>\n<td height=\"33\">Material<\/td>\n<td>Porcelana<\/td>\n<\/tr>\n<tr>\n<td height=\"33\">Color<\/td>\n<td>Como imagen<\/td>\n<\/tr>\n<tr>\n<td height=\"66\">Dimensi\u00f3n<\/td>\n<td width=\"400\">15,4*15,4*4,2cm 18*18*2,3cm<\/td>\n<\/tr>\n<tr>\n<td height=\"33\">MOQ<\/td>\n<td>500 unidades<\/td>\n<\/tr>\n<tr>\n<td height=\"33\">A medida<\/td>\n<td>Color\/Tama\u00f1o\/Logotipo\/Embalaje<\/td>\n<\/tr>\n<\/tbody>\n<\/table>","protected":false},"featured_media":2676,"comment_status":"open","ping_status":"closed","template":"","meta":{"_acf_changed":false},"certification":[63,64,66,58,65,61,60,62,57],"product_brand":[],"product_cat":[34,18],"product_tag":[],"class_list":{"0":"post-2103","1":"product","2":"type-product","3":"status-publish","4":"has-post-thumbnail","6":"certification-amfori","7":"certification-bsci","8":"certification-cnas","9":"certification-fda","10":"certification-iaf","11":"certification-iso-14001","12":"certification-iso-45001","13":"certification-iso-9001","14":"certification-lfgb","15":"product_cat-custom-household-ceramics","16":"product_cat-ceramic-tableware-wholesale","18":"first","19":"instock","20":"shipping-taxable","21":"product-type-simple"},"acf":[],"_links":{"self":[{"href":"https:\/\/www.linkceramics.com\/es\/wp-json\/wp\/v2\/product\/2103","targetHints":{"allow":["GET"]}}],"collection":[{"href":"https:\/\/www.linkceramics.com\/es\/wp-json\/wp\/v2\/product"}],"about":[{"href":"https:\/\/www.linkceramics.com\/es\/wp-json\/wp\/v2\/types\/product"}],"replies":[{"embeddable":true,"href":"https:\/\/www.linkceramics.com\/es\/wp-json\/wp\/v2\/comments?post=2103"}],"wp:featuredmedia":[{"embeddable":true,"href":"https:\/\/www.linkceramics.com\/es\/wp-json\/wp\/v2\/media\/2676"}],"wp:attachment":[{"href":"https:\/\/www.linkceramics.com\/es\/wp-json\/wp\/v2\/media?parent=2103"}],"wp:term":[{"taxonomy":"certification","embeddable":true,"href":"https:\/\/www.linkceramics.com\/es\/wp-json\/wp\/v2\/certification?post=2103"},{"taxonomy":"product_brand","embeddable":true,"href":"https:\/\/www.linkceramics.com\/es\/wp-json\/wp\/v2\/product_brand?post=2103"},{"taxonomy":"product_cat","embeddable":true,"href":"https:\/\/www.linkceramics.com\/es\/wp-json\/wp\/v2\/product_cat?post=2103"},{"taxonomy":"product_tag","embeddable":true,"href":"https:\/\/www.linkceramics.com\/es\/wp-json\/wp\/v2\/product_tag?post=2103"}],"curies":[{"name":"wp","href":"https:\/\/api.w.org\/{rel}","templated":true}]}}