{"id":2107,"date":"2025-05-12T03:01:37","date_gmt":"2025-05-12T03:01:37","guid":{"rendered":"https:\/\/www.linkceramics.com\/?post_type=product&#038;p=2107"},"modified":"2025-09-30T06:46:34","modified_gmt":"2025-09-30T06:46:34","slug":"custom-ceramic-tableware-set","status":"publish","type":"product","link":"https:\/\/www.linkceramics.com\/es\/product\/custom-ceramic-tableware-set\/","title":{"rendered":"Vajilla de Cer\u00e1mica Personalizada, Vajilla Cotidiana Bonita a Granel"},"content":{"rendered":"<div class=\"wp-block-columns is-layout-flex wp-container-core-columns-is-layout-9d6595d7 wp-block-columns-is-layout-flex\">\n<div class=\"wp-block-column is-layout-flow wp-block-column-is-layout-flow\" style=\"flex-basis:50%\">\n<h3 class=\"wp-block-heading\">Vajilla de cer\u00e1mica personalizada Caracter\u00edsticas:<\/h3>\n\n\n\n<p>Exquisito dise\u00f1o de ilustraci\u00f3n de dibujos animados: El juego de vajilla de cer\u00e1mica personalizado con ilustraciones de personajes dibujados a mano, estilo suave y rom\u00e1ntico, combinado con un fondo de punto de color lindo, puede mejorar el ambiente de comedor<\/p>\n\n\n\n<p><strong>Vajilla completa:<\/strong> Esta vajilla de uso diario no t\u00f3xica a granel incluye platos, tetera, tazas de caf\u00e9, lechera, azucarero y mucho m\u00e1s, perfectos para el desayuno, el t\u00e9 de la tarde y las comidas de todos los d\u00edas.<\/p>\n\n\n\n<p><strong>Polivalente:<\/strong> El juego de vajilla de cer\u00e1mica personalizada es adecuado para uso dom\u00e9stico, cafeter\u00edas, tiendas de postres y para regalar, ya que combina belleza y practicidad.<\/p>\n\n\n\n<p><strong>Servicio OEM\/ODM:<\/strong> Podemos dise\u00f1ar logotipos de marca, patrones exclusivos o ilustraciones con temas festivos seg\u00fan las necesidades del cliente para que la vajilla sea m\u00e1s reconocible.<\/p>\n\n\n\n<p><strong>Buen material cer\u00e1mico: <\/strong>El juego de vajilla de cer\u00e1mica a medida utiliza buena cer\u00e1mica para producir cada pieza de vajilla robusta y duradera, con mayor resistencia al calor y a las ca\u00eddas, ideal para el uso diario.<\/p>\n\n\n\n<p><strong>Uso universal:<\/strong> Estas simp\u00e1ticas vajillas al por mayor de dibujos animados se pueden utilizar en el microondas, el horno o la placa de inducci\u00f3n, en diferentes condiciones de cocci\u00f3n, lo que resulta c\u00f3modo y ahorra tiempo.<\/p>\n<\/div>\n\n\n\n<div class=\"wp-block-column is-layout-flow wp-block-column-is-layout-flow\" style=\"flex-basis:50%\">\n<figure class=\"wp-block-image size-full\"><img decoding=\"async\" width=\"700\" height=\"700\" src=\"https:\/\/www.linkceramics.com\/wp-content\/uploads\/2025\/05\/custom-ceramic-tableware-set-cute-everyday-tableware-bulk-1.webp\" alt=\"vajilla-cer\u00e1mica-a-la-medida-cortada-vajilla-del-d\u00eda-bultos-1\" class=\"wp-image-2671\" srcset=\"https:\/\/www.linkceramics.com\/wp-content\/uploads\/2025\/05\/custom-ceramic-tableware-set-cute-everyday-tableware-bulk-1.webp 700w, https:\/\/www.linkceramics.com\/wp-content\/uploads\/2025\/05\/custom-ceramic-tableware-set-cute-everyday-tableware-bulk-1-300x300.webp 300w, https:\/\/www.linkceramics.com\/wp-content\/uploads\/2025\/05\/custom-ceramic-tableware-set-cute-everyday-tableware-bulk-1-150x150.webp 150w, https:\/\/www.linkceramics.com\/wp-content\/uploads\/2025\/05\/custom-ceramic-tableware-set-cute-everyday-tableware-bulk-1-12x12.webp 12w, https:\/\/www.linkceramics.com\/wp-content\/uploads\/2025\/05\/custom-ceramic-tableware-set-cute-everyday-tableware-bulk-1-600x600.webp 600w, https:\/\/www.linkceramics.com\/wp-content\/uploads\/2025\/05\/custom-ceramic-tableware-set-cute-everyday-tableware-bulk-1-100x100.webp 100w\" sizes=\"(max-width: 700px) 100vw, 700px\" \/><\/figure>\n<\/div>\n<\/div>\n\n\n\n<p><\/p>","protected":false},"excerpt":{"rendered":"<p>Bienvenido a comprar nuestro juego de vajilla de cer\u00e1mica personalizado, estilo est\u00e9tico de ilustraciones de personajes de dibujos animados, m\u00faltiples colores y combinaciones, de alta calidad y duradero, perfecto para el hogar, cafeter\u00eda y uso de regalo. Lianyuan ofrece una variedad de tama\u00f1os y un conjunto completo de vajilla, el apoyo a OEM y ODM. \u00a1P\u00f3ngase en contacto con nosotros para una cotizaci\u00f3n ahora!<\/p>\n<h2>Vajilla de cer\u00e1mica Par\u00e1metro:<\/h2>\n<table border=\"0\" width=\"618\" cellspacing=\"0\" cellpadding=\"0\">\n<tbody>\n<tr>\n<td width=\"180\" height=\"26\">Fabricante<\/td>\n<td width=\"438\">Lianyuan<\/td>\n<\/tr>\n<tr>\n<td height=\"26\">Tipo de producto<\/td>\n<td>Platos y cuencos, Juegos de t\u00e9, Soporte para tartas, Platos de postre, Azucareros, Bandejas,<\/td>\n<\/tr>\n<tr>\n<td height=\"26\">Patr\u00f3n<\/td>\n<td>Estilo a la moda<\/td>\n<\/tr>\n<tr>\n<td height=\"26\">Color<\/td>\n<td>Multi<\/td>\n<\/tr>\n<tr>\n<td height=\"26\">Material<\/td>\n<td>Porcelana resistente<\/td>\n<\/tr>\n<tr>\n<td height=\"26\">Artesan\u00eda<\/td>\n<td>Calcoman\u00eda In-Glaze<\/td>\n<\/tr>\n<tr>\n<td height=\"26\">Aplicaci\u00f3n<\/td>\n<td>Apto para microondas, lavavajillas y horno<\/td>\n<\/tr>\n<tr>\n<td height=\"26\">A medida<\/td>\n<td>Color\/Tama\u00f1o\/Logotipo\/Embalaje<\/td>\n<\/tr>\n<\/tbody>\n<\/table>","protected":false},"featured_media":2671,"comment_status":"open","ping_status":"closed","template":"","meta":{"_acf_changed":false},"certification":[66,58,65,61,60,62,57],"product_brand":[],"product_cat":[34,18],"product_tag":[],"class_list":{"0":"post-2107","1":"product","2":"type-product","3":"status-publish","4":"has-post-thumbnail","6":"certification-cnas","7":"certification-fda","8":"certification-iaf","9":"certification-iso-14001","10":"certification-iso-45001","11":"certification-iso-9001","12":"certification-lfgb","13":"product_cat-custom-household-ceramics","14":"product_cat-ceramic-tableware-wholesale","16":"first","17":"instock","18":"shipping-taxable","19":"product-type-simple"},"acf":[],"_links":{"self":[{"href":"https:\/\/www.linkceramics.com\/es\/wp-json\/wp\/v2\/product\/2107","targetHints":{"allow":["GET"]}}],"collection":[{"href":"https:\/\/www.linkceramics.com\/es\/wp-json\/wp\/v2\/product"}],"about":[{"href":"https:\/\/www.linkceramics.com\/es\/wp-json\/wp\/v2\/types\/product"}],"replies":[{"embeddable":true,"href":"https:\/\/www.linkceramics.com\/es\/wp-json\/wp\/v2\/comments?post=2107"}],"wp:featuredmedia":[{"embeddable":true,"href":"https:\/\/www.linkceramics.com\/es\/wp-json\/wp\/v2\/media\/2671"}],"wp:attachment":[{"href":"https:\/\/www.linkceramics.com\/es\/wp-json\/wp\/v2\/media?parent=2107"}],"wp:term":[{"taxonomy":"certification","embeddable":true,"href":"https:\/\/www.linkceramics.com\/es\/wp-json\/wp\/v2\/certification?post=2107"},{"taxonomy":"product_brand","embeddable":true,"href":"https:\/\/www.linkceramics.com\/es\/wp-json\/wp\/v2\/product_brand?post=2107"},{"taxonomy":"product_cat","embeddable":true,"href":"https:\/\/www.linkceramics.com\/es\/wp-json\/wp\/v2\/product_cat?post=2107"},{"taxonomy":"product_tag","embeddable":true,"href":"https:\/\/www.linkceramics.com\/es\/wp-json\/wp\/v2\/product_tag?post=2107"}],"curies":[{"name":"wp","href":"https:\/\/api.w.org\/{rel}","templated":true}]}}