{"id":2108,"date":"2025-05-05T06:22:22","date_gmt":"2025-05-05T06:22:22","guid":{"rendered":"https:\/\/www.linkceramics.com\/?post_type=product&#038;p=2108"},"modified":"2025-09-30T09:11:49","modified_gmt":"2025-09-30T09:11:49","slug":"wholesale-bathroom-sets","status":"publish","type":"product","link":"https:\/\/www.linkceramics.com\/es\/product\/wholesale-bathroom-sets\/","title":{"rendered":"Mayorista Conjuntos de Ba\u00f1o Birdcage Dise\u00f1o, Esenciales de Ba\u00f1o de Cer\u00e1mica"},"content":{"rendered":"<div class=\"wp-block-columns is-layout-flex wp-container-core-columns-is-layout-9d6595d7 wp-block-columns-is-layout-flex\">\n<div class=\"wp-block-column is-layout-flow wp-block-column-is-layout-flow\" style=\"flex-basis:50%\">\n<h3 class=\"wp-block-heading\">Mayorista Conjuntos de Ba\u00f1o Caracter\u00edsticas:<\/h3>\n\n\n\n<p><strong>Dise\u00f1o de jaula de p\u00e1jaros: <\/strong>Los conjuntos de ba\u00f1o al por mayor con forma de jaula de p\u00e1jaros presentan detallados motivos en relieve en la superficie con el mismo realismo y viveza. Tales dise\u00f1os pueden a\u00f1adir mucho gusto art\u00edstico y decorativo al cuarto de ba\u00f1o y altamente mostrar su estilo.<\/p>\n\n\n\n<p><strong>Practicidad: <\/strong>Estos sets de ba\u00f1o al por mayor con dise\u00f1o de jaula de p\u00e1jaro incluyen un dispensador de jab\u00f3n l\u00edquido, un portacepillos de dientes y una jabonera, que satisfacen las necesidades de colocaci\u00f3n de los art\u00edculos de aseo diario en el cuarto de ba\u00f1o. Son totalmente funcionales y f\u00e1ciles de usar.<\/p>\n\n\n\n<p><strong>Material cer\u00e1mico de alta calidad: <\/strong>Estos juegos de ba\u00f1o al por mayor est\u00e1n fabricados con cer\u00e1mica de alta calidad, lisa y resistente, f\u00e1cil de limpiar, para proporcionar un uso duradero sin deformaci\u00f3n ni decoloraci\u00f3n.<\/p>\n\n\n\n<p><strong>Natural y seguro: <\/strong>Estos juegos de ba\u00f1o al por mayor optan por materiales cer\u00e1micos no t\u00f3xicos y naturales que son sanos y seguros y, por lo tanto, seguros para usted y su familia.<\/p>\n\n\n\n<p><strong>F\u00e1cil de limpiar y mantener:<\/strong> Los accesorios de ba\u00f1o a granel la propiedad antiincrustante de la cer\u00e1mica con una superficie lisa, lo que facilita la limpieza, manteniendo as\u00ed el cuarto de ba\u00f1o limpio y fresco como nuevo.<\/p>\n<\/div>\n\n\n\n<div class=\"wp-block-column is-layout-flow wp-block-column-is-layout-flow\" style=\"flex-basis:50%\">\n<figure class=\"wp-block-image size-full\"><img decoding=\"async\" width=\"1600\" height=\"1600\" src=\"https:\/\/www.linkceramics.com\/wp-content\/uploads\/2025\/05\/wholesale-bathroom-sets-birdcage-design-ceramic-bathroom-essentials-6.webp\" alt=\"venta al por mayor-conjuntos-de-ba\u00f1o-de-dise\u00f1o-de-aves-ceramica-6\" class=\"wp-image-2694\" srcset=\"https:\/\/www.linkceramics.com\/wp-content\/uploads\/2025\/05\/wholesale-bathroom-sets-birdcage-design-ceramic-bathroom-essentials-6.webp 1600w, https:\/\/www.linkceramics.com\/wp-content\/uploads\/2025\/05\/wholesale-bathroom-sets-birdcage-design-ceramic-bathroom-essentials-6-300x300.webp 300w, https:\/\/www.linkceramics.com\/wp-content\/uploads\/2025\/05\/wholesale-bathroom-sets-birdcage-design-ceramic-bathroom-essentials-6-150x150.webp 150w, https:\/\/www.linkceramics.com\/wp-content\/uploads\/2025\/05\/wholesale-bathroom-sets-birdcage-design-ceramic-bathroom-essentials-6-768x768.webp 768w, https:\/\/www.linkceramics.com\/wp-content\/uploads\/2025\/05\/wholesale-bathroom-sets-birdcage-design-ceramic-bathroom-essentials-6-12x12.webp 12w, https:\/\/www.linkceramics.com\/wp-content\/uploads\/2025\/05\/wholesale-bathroom-sets-birdcage-design-ceramic-bathroom-essentials-6-1200x1200.webp 1200w, https:\/\/www.linkceramics.com\/wp-content\/uploads\/2025\/05\/wholesale-bathroom-sets-birdcage-design-ceramic-bathroom-essentials-6-600x600.webp 600w, https:\/\/www.linkceramics.com\/wp-content\/uploads\/2025\/05\/wholesale-bathroom-sets-birdcage-design-ceramic-bathroom-essentials-6-100x100.webp 100w\" sizes=\"(max-width: 1600px) 100vw, 1600px\" \/><\/figure>\n<\/div>\n<\/div>","protected":false},"excerpt":{"rendered":"<p>Bienvenido a comprar juegos de ba\u00f1o al por mayor. Estos accesorios de ba\u00f1o de cer\u00e1mica al por mayor vienen en un dise\u00f1o de jaula \u00fanico y elegante que puede elevar el estilo de su cuarto de ba\u00f1o en general. El material cer\u00e1mico es resistente y f\u00e1cil de limpiar, combinando belleza y funcionalidad y haciendo de estos accesorios de ba\u00f1o un art\u00edculo necesario para aquellos que persiguen una calidad de vida.<\/p>\n<h2>Mayorista Juegos de ba\u00f1o Par\u00e1metros:<\/h2>\n<table border=\"0\" width=\"476\" cellspacing=\"0\" cellpadding=\"0\">\n<tbody>\n<tr>\n<td width=\"187\" height=\"29\">Fabricante<\/td>\n<td width=\"289\">JINHUA<\/td>\n<\/tr>\n<tr>\n<td height=\"29\">N\u00ba de modelo<\/td>\n<td>JHB69<\/td>\n<\/tr>\n<tr>\n<td height=\"29\">Dise\u00f1o<\/td>\n<td>Juego de 3 piezas<\/td>\n<\/tr>\n<tr>\n<td height=\"29\">Material<\/td>\n<td>Cer\u00e1mica<\/td>\n<\/tr>\n<tr>\n<td height=\"29\">Color<\/td>\n<td width=\"289\">Blanco<\/td>\n<\/tr>\n<tr>\n<td height=\"29\">A medida<\/td>\n<td>Color\/Tama\u00f1o\/Logotipo\/Embalaje<\/td>\n<\/tr>\n<tr>\n<td height=\"29\">MOQ<\/td>\n<td>500 juegos<\/td>\n<\/tr>\n<tr>\n<td height=\"116\">Dimensi\u00f3n<\/td>\n<td width=\"289\">Botella de jab\u00f3n: 7.9*7.9*18.5cm<br \/>Soporte para cepillo de dientes: 7.4*7.4*10.9cm<br \/>Jabonera: 12.4*9.4*2.5cm<\/td>\n<\/tr>\n<\/tbody>\n<\/table>","protected":false},"featured_media":2690,"comment_status":"open","ping_status":"closed","template":"","meta":{"_acf_changed":false},"certification":[63,64,66,58,65,61,60,62,57],"product_brand":[],"product_cat":[35,22],"product_tag":[],"class_list":{"0":"post-2108","1":"product","2":"type-product","3":"status-publish","4":"has-post-thumbnail","6":"certification-amfori","7":"certification-bsci","8":"certification-cnas","9":"certification-fda","10":"certification-iaf","11":"certification-iso-14001","12":"certification-iso-45001","13":"certification-iso-9001","14":"certification-lfgb","15":"product_cat-bathroom-ceramics-supply","16":"product_cat-ceramic-bathroom-set","18":"first","19":"instock","20":"shipping-taxable","21":"product-type-simple"},"acf":[],"_links":{"self":[{"href":"https:\/\/www.linkceramics.com\/es\/wp-json\/wp\/v2\/product\/2108","targetHints":{"allow":["GET"]}}],"collection":[{"href":"https:\/\/www.linkceramics.com\/es\/wp-json\/wp\/v2\/product"}],"about":[{"href":"https:\/\/www.linkceramics.com\/es\/wp-json\/wp\/v2\/types\/product"}],"replies":[{"embeddable":true,"href":"https:\/\/www.linkceramics.com\/es\/wp-json\/wp\/v2\/comments?post=2108"}],"wp:featuredmedia":[{"embeddable":true,"href":"https:\/\/www.linkceramics.com\/es\/wp-json\/wp\/v2\/media\/2690"}],"wp:attachment":[{"href":"https:\/\/www.linkceramics.com\/es\/wp-json\/wp\/v2\/media?parent=2108"}],"wp:term":[{"taxonomy":"certification","embeddable":true,"href":"https:\/\/www.linkceramics.com\/es\/wp-json\/wp\/v2\/certification?post=2108"},{"taxonomy":"product_brand","embeddable":true,"href":"https:\/\/www.linkceramics.com\/es\/wp-json\/wp\/v2\/product_brand?post=2108"},{"taxonomy":"product_cat","embeddable":true,"href":"https:\/\/www.linkceramics.com\/es\/wp-json\/wp\/v2\/product_cat?post=2108"},{"taxonomy":"product_tag","embeddable":true,"href":"https:\/\/www.linkceramics.com\/es\/wp-json\/wp\/v2\/product_tag?post=2108"}],"curies":[{"name":"wp","href":"https:\/\/api.w.org\/{rel}","templated":true}]}}