{"id":2127,"date":"2025-05-20T02:28:46","date_gmt":"2025-05-20T02:28:46","guid":{"rendered":"https:\/\/www.linkceramics.com\/?post_type=product&#038;p=2127"},"modified":"2025-05-20T02:28:48","modified_gmt":"2025-05-20T02:28:48","slug":"wholesale-royal-china-dinnerware","status":"publish","type":"product","link":"https:\/\/www.linkceramics.com\/es\/product\/wholesale-royal-china-dinnerware\/","title":{"rendered":"Mayorista Vajilla China Real, Vajilla Occidental, Juego de T\u00e9 Personalizado"},"content":{"rendered":"<div class=\"wp-block-columns is-layout-flex wp-container-core-columns-is-layout-9d6595d7 wp-block-columns-is-layout-flex\">\n<div class=\"wp-block-column is-layout-flow wp-block-column-is-layout-flow\" style=\"flex-basis:50%\">\n<h3 class=\"wp-block-heading\">Vajilla al por mayor Royal China Caracter\u00edsticas:<\/h3>\n\n\n\n<p><strong>Estilo cl\u00e1sico de la realeza brit\u00e1nica:<\/strong> Representa la arquitectura europea y los paisajes pastorales, utilizando la combinaci\u00f3n de colores rojo real y blanco, mostrando lujo y elegancia.<\/p>\n\n\n\n<p><strong>Forma de palacio retro: <\/strong>Los bordes ondulados y la decoraci\u00f3n tallada en hueco realzan el temperamento aristocr\u00e1tico del palacio.<\/p>\n\n\n\n<p><strong>Excelente calidad:<\/strong> Fabricada en porcelana duradera cocida a altas temperaturas, segura y no t\u00f3xica, resistente al desgaste, adecuada para un uso prolongado en entornos comerciales como restaurantes de alta gama, cafeter\u00edas, hoteles, etc.<\/p>\n\n\n\n<p><strong>Tecnolog\u00eda In-Glaze Decal:<\/strong> Mediante la tecnolog\u00eda In-Glaze Decal, el motivo se integra en la capa de esmalte, la superficie esmaltada es lisa y brillante, el color es pleno y no se desvanece f\u00e1cilmente.<\/p>\n\n\n\n<p><strong>Juego completo de varias especificaciones:<\/strong> incluye teteras, tazas de t\u00e9, bandejas, soperas, platos de postre, platos llanos, lecheras, azucareros, etc., adecuados para diferentes escenas de cenas y tomas de t\u00e9.<\/p>\n<\/div>\n\n\n\n<div class=\"wp-block-column is-layout-flow wp-block-column-is-layout-flow\" style=\"flex-basis:50%\">\n<figure class=\"wp-block-image size-full\"><img decoding=\"async\" width=\"2606\" height=\"2606\" src=\"https:\/\/www.linkceramics.com\/wp-content\/uploads\/2025\/05\/wholesale-royal-china-dinnerware-3-1.webp\" alt=\"mayorista-royal-china-vajilla-3-1\" class=\"wp-image-2128\" srcset=\"https:\/\/www.linkceramics.com\/wp-content\/uploads\/2025\/05\/wholesale-royal-china-dinnerware-3-1.webp 2606w, https:\/\/www.linkceramics.com\/wp-content\/uploads\/2025\/05\/wholesale-royal-china-dinnerware-3-1-300x300.webp 300w, https:\/\/www.linkceramics.com\/wp-content\/uploads\/2025\/05\/wholesale-royal-china-dinnerware-3-1-150x150.webp 150w, https:\/\/www.linkceramics.com\/wp-content\/uploads\/2025\/05\/wholesale-royal-china-dinnerware-3-1-768x768.webp 768w, https:\/\/www.linkceramics.com\/wp-content\/uploads\/2025\/05\/wholesale-royal-china-dinnerware-3-1-1200x1200.webp 1200w, https:\/\/www.linkceramics.com\/wp-content\/uploads\/2025\/05\/wholesale-royal-china-dinnerware-3-1-600x600.webp 600w, https:\/\/www.linkceramics.com\/wp-content\/uploads\/2025\/05\/wholesale-royal-china-dinnerware-3-1-100x100.webp 100w\" sizes=\"(max-width: 2606px) 100vw, 2606px\" \/><\/figure>\n<\/div>\n<\/div>","protected":false},"excerpt":{"rendered":"<div class=\"D5aOJc vJwDU\">\n<div data-zone-id=\"0\" data-line-index=\"0\" data-line=\"true\">\n<p>Vajilla, servicio y juego de t\u00e9 de porcelana real al por mayor, dise\u00f1o arquitect\u00f3nico vintage rojo y blanco, adecuado para restaurantes de gama alta, hoteles, etc. \u00a1Fabricaci\u00f3n de alta calidad, salida de f\u00e1brica, personalizaci\u00f3n a granel de la ayuda, recepci\u00f3n para entrarnos en contacto con ahora!<\/p>\n<\/div>\n<\/div>\n<h2>Par\u00e1metros de la Vajilla de China Real<\/h2>\n<table border=\"0\" width=\"618\" cellspacing=\"0\" cellpadding=\"0\">\n<tbody>\n<tr>\n<td class=\"et3\" width=\"180\" height=\"26\">Fabricante<\/td>\n<td class=\"et3\" width=\"438\">Lianyuan<\/td>\n<\/tr>\n<tr>\n<td class=\"et3\" height=\"26\">Tipo de producto<\/td>\n<td class=\"et3\">Teteras, tazas de t\u00e9, bandejas, soperas, platos de postre, platos llanos, lecheras, azucareros, etc.<\/td>\n<\/tr>\n<tr>\n<td class=\"et3\" height=\"26\">Patr\u00f3n<\/td>\n<td class=\"et3\">Estilo brit\u00e1nico antiguo<\/td>\n<\/tr>\n<tr>\n<td class=\"et3\" height=\"26\">Color<\/td>\n<td class=\"et3\">Rojo y blanco<\/td>\n<\/tr>\n<tr>\n<td class=\"et3\" height=\"26\">Material<\/td>\n<td class=\"et3\">Porcelana resistente<\/td>\n<\/tr>\n<tr>\n<td class=\"et3\" height=\"26\">Artesan\u00eda<\/td>\n<td class=\"et3\">Calcoman\u00eda In-Glaze<\/td>\n<\/tr>\n<tr>\n<td class=\"et3\" height=\"26\">Aplicaci\u00f3n<\/td>\n<td class=\"et3\">Apto para microondas, lavavajillas y horno<\/td>\n<\/tr>\n<tr>\n<td class=\"et3\" height=\"26\">A medida<\/td>\n<td class=\"et3\">Color\/Tama\u00f1o\/Logotipo\/Embalaje<\/td>\n<\/tr>\n<\/tbody>\n<\/table>\n<p>&nbsp;<\/p>","protected":false},"featured_media":2128,"comment_status":"open","ping_status":"closed","template":"","meta":{"_acf_changed":true},"certification":[66,58,65,61,60,62,57],"product_brand":[],"product_cat":[34,18,19],"product_tag":[],"class_list":{"0":"post-2127","1":"product","2":"type-product","3":"status-publish","4":"has-post-thumbnail","6":"certification-cnas","7":"certification-fda","8":"certification-iaf","9":"certification-iso-14001","10":"certification-iso-45001","11":"certification-iso-9001","12":"certification-lfgb","13":"product_cat-custom-household-ceramics","14":"product_cat-ceramic-tableware-wholesale","15":"product_cat-ceramic-tea-set-wholesale","17":"first","18":"instock","19":"shipping-taxable","20":"product-type-simple"},"acf":[],"_links":{"self":[{"href":"https:\/\/www.linkceramics.com\/es\/wp-json\/wp\/v2\/product\/2127","targetHints":{"allow":["GET"]}}],"collection":[{"href":"https:\/\/www.linkceramics.com\/es\/wp-json\/wp\/v2\/product"}],"about":[{"href":"https:\/\/www.linkceramics.com\/es\/wp-json\/wp\/v2\/types\/product"}],"replies":[{"embeddable":true,"href":"https:\/\/www.linkceramics.com\/es\/wp-json\/wp\/v2\/comments?post=2127"}],"wp:featuredmedia":[{"embeddable":true,"href":"https:\/\/www.linkceramics.com\/es\/wp-json\/wp\/v2\/media\/2128"}],"wp:attachment":[{"href":"https:\/\/www.linkceramics.com\/es\/wp-json\/wp\/v2\/media?parent=2127"}],"wp:term":[{"taxonomy":"certification","embeddable":true,"href":"https:\/\/www.linkceramics.com\/es\/wp-json\/wp\/v2\/certification?post=2127"},{"taxonomy":"product_brand","embeddable":true,"href":"https:\/\/www.linkceramics.com\/es\/wp-json\/wp\/v2\/product_brand?post=2127"},{"taxonomy":"product_cat","embeddable":true,"href":"https:\/\/www.linkceramics.com\/es\/wp-json\/wp\/v2\/product_cat?post=2127"},{"taxonomy":"product_tag","embeddable":true,"href":"https:\/\/www.linkceramics.com\/es\/wp-json\/wp\/v2\/product_tag?post=2127"}],"curies":[{"name":"wp","href":"https:\/\/api.w.org\/{rel}","templated":true}]}}