{"id":2132,"date":"2025-05-26T03:03:54","date_gmt":"2025-05-26T03:03:54","guid":{"rendered":"https:\/\/www.linkceramics.com\/?post_type=product&#038;p=2132"},"modified":"2025-05-26T03:05:25","modified_gmt":"2025-05-26T03:05:25","slug":"customized-wash-basin","status":"publish","type":"product","link":"https:\/\/www.linkceramics.com\/es\/product\/customized-wash-basin\/","title":{"rendered":"Lavabo Personalizado Color Plata, Mayorista Lavabos De Ba\u00f1o"},"content":{"rendered":"<div class=\"wp-block-columns is-layout-flex wp-container-core-columns-is-layout-9d6595d7 wp-block-columns-is-layout-flex\">\n<div class=\"wp-block-column is-layout-flow wp-block-column-is-layout-flow\" style=\"flex-basis:50%\">\n<h3 class=\"wp-block-heading\">Premium Lavabo Personalizado Caracter\u00edsticas:<\/h3>\n\n\n\n<ul class=\"wp-block-list\">\n<li><strong>Dise\u00f1o de instalaci\u00f3n de encimeras:<\/strong> Este lavabo personalizado de color plata galvanizada tiene un dise\u00f1o que se instala sobre la encimera, conservando el espacio y permitiendo el uso diario, la limpieza y la comodidad y el atractivo de todo el cuarto de ba\u00f1o.<\/li>\n\n\n\n<li><strong>Materiales de calidad:<\/strong> La plata al por mayor lavabos de ba\u00f1o est\u00e1n hechos de materiales cer\u00e1micos de alta calidad para que la cuenca puede ser duro, pero con una capa exterior lisa f\u00e1cil de limpiar, electrochapado de plata todos los d\u00edas.<\/li>\n\n\n\n<li><strong>Suministro r\u00e1pido:<\/strong> Como f\u00e1brica de lavabos comprometida, disponemos de un s\u00f3lido sistema de producci\u00f3n y suministro de lavabos de tocador al por mayor que puede responder r\u00e1pidamente a los pedidos y entregar los suministros a tiempo para las necesidades puntuales de los proyectos.<\/li>\n\n\n\n<li><strong>Asequible: <\/strong>verdaderas tarifas m\u00e1s competitivas en fregaderos de ba\u00f1o al por mayor al por mayor, que es de calidad pero a un precio asequible para ayudarle a ahorrar dinero en el trabajo al por mayor.<\/li>\n<\/ul>\n<\/div>\n\n\n\n<div class=\"wp-block-column is-layout-flow wp-block-column-is-layout-flow\" style=\"flex-basis:50%\">\n<figure class=\"wp-block-image size-full\"><img decoding=\"async\" width=\"600\" height=\"893\" src=\"https:\/\/www.linkceramics.com\/wp-content\/uploads\/2025\/05\/Electroplated-silver-color-washbasin-sink-supplier-5.webp\" alt=\"lavabo ceramico a medida color plata - mayorista - lavabos-1\" class=\"wp-image-2136\" srcset=\"https:\/\/www.linkceramics.com\/wp-content\/uploads\/2025\/05\/Electroplated-silver-color-washbasin-sink-supplier-5.webp 600w, https:\/\/www.linkceramics.com\/wp-content\/uploads\/2025\/05\/Electroplated-silver-color-washbasin-sink-supplier-5-202x300.webp 202w\" sizes=\"(max-width: 600px) 100vw, 600px\" \/><\/figure>\n<\/div>\n<\/div>","protected":false},"excerpt":{"rendered":"<div id=\"brxe-0ee1ca\" class=\"brxe-product-meta product_meta\">\n<div id=\"brxe-0ee1ca\" class=\"brxe-product-meta product_meta\">Bienvenido a comprar lavabos de ba\u00f1o al por mayor. Nuestro lavabo personalizado plateado est\u00e1 fabricado con materiales cer\u00e1micos de calidad superior para garantizar que el lavabo sea s\u00f3lido y duradero. Como fabricante de lavabos de ba\u00f1o a medida, poseemos una potente red de producci\u00f3n y log\u00edstica para lavabos de tocador al por mayor que puede responder r\u00e1pidamente a los pedidos y garantizar la entrega r\u00e1pida del producto para las necesidades urgentes del proyecto.<\/div>\n<\/div>\n<div id=\"brxe-8c5ca9\" class=\"brxe-product-short-description\">\n<div class=\"woocommerce-product-details__short-description\">\n<h2>Lavabo personalizado Especificaciones:<\/h2>\n<table border=\"0\" width=\"478\" cellspacing=\"0\" cellpadding=\"0\">\n<tbody>\n<tr>\n<td width=\"166\" height=\"23\">Fabricante<\/td>\n<td width=\"312\">HanYu<\/td>\n<\/tr>\n<tr>\n<td height=\"23\">N\u00ba de modelo<\/td>\n<td>HY-8184SY<\/td>\n<\/tr>\n<tr>\n<td height=\"23\">Tipo<\/td>\n<td width=\"312\">Fregaderos galvanizados<\/td>\n<\/tr>\n<tr>\n<td height=\"24\">Forma<\/td>\n<td>Forma hexagonal<\/td>\n<\/tr>\n<tr>\n<td height=\"46\">Color<\/td>\n<td width=\"312\">negro\/blanco\/azul\/gris\/rosa\/verde\/marr\u00f3n\/caqui<\/td>\n<\/tr>\n<tr>\n<td height=\"24\">Dimensi\u00f3n<\/td>\n<td width=\"312\">47.5*35.5*11.5<\/td>\n<\/tr>\n<tr>\n<td height=\"23\">N.W \/SET<\/td>\n<td>8KGS\/PCS<\/td>\n<\/tr>\n<tr>\n<td height=\"23\">MOQ<\/td>\n<td>20 piezas<\/td>\n<\/tr>\n<tr>\n<td height=\"23\">Opci\u00f3n personalizada<\/td>\n<td>Color\/Patr\u00f3n\/Tama\u00f1o\/Logotipo\/Embalaje<\/td>\n<\/tr>\n<\/tbody>\n<\/table>\n<p><\/div>\n<\/div>","protected":false},"featured_media":2135,"comment_status":"open","ping_status":"closed","template":"","meta":{"_acf_changed":true},"certification":[59,61,60,62],"product_brand":[],"product_cat":[35,21],"product_tag":[],"class_list":{"0":"post-2132","1":"product","2":"type-product","3":"status-publish","4":"has-post-thumbnail","6":"certification-ce","7":"certification-iso-14001","8":"certification-iso-45001","9":"certification-iso-9001","10":"product_cat-bathroom-ceramics-supply","11":"product_cat-wholesale-ceramic-basin","13":"first","14":"instock","15":"shipping-taxable","16":"product-type-simple"},"acf":[],"_links":{"self":[{"href":"https:\/\/www.linkceramics.com\/es\/wp-json\/wp\/v2\/product\/2132","targetHints":{"allow":["GET"]}}],"collection":[{"href":"https:\/\/www.linkceramics.com\/es\/wp-json\/wp\/v2\/product"}],"about":[{"href":"https:\/\/www.linkceramics.com\/es\/wp-json\/wp\/v2\/types\/product"}],"replies":[{"embeddable":true,"href":"https:\/\/www.linkceramics.com\/es\/wp-json\/wp\/v2\/comments?post=2132"}],"wp:featuredmedia":[{"embeddable":true,"href":"https:\/\/www.linkceramics.com\/es\/wp-json\/wp\/v2\/media\/2135"}],"wp:attachment":[{"href":"https:\/\/www.linkceramics.com\/es\/wp-json\/wp\/v2\/media?parent=2132"}],"wp:term":[{"taxonomy":"certification","embeddable":true,"href":"https:\/\/www.linkceramics.com\/es\/wp-json\/wp\/v2\/certification?post=2132"},{"taxonomy":"product_brand","embeddable":true,"href":"https:\/\/www.linkceramics.com\/es\/wp-json\/wp\/v2\/product_brand?post=2132"},{"taxonomy":"product_cat","embeddable":true,"href":"https:\/\/www.linkceramics.com\/es\/wp-json\/wp\/v2\/product_cat?post=2132"},{"taxonomy":"product_tag","embeddable":true,"href":"https:\/\/www.linkceramics.com\/es\/wp-json\/wp\/v2\/product_tag?post=2132"}],"curies":[{"name":"wp","href":"https:\/\/api.w.org\/{rel}","templated":true}]}}