{"id":2137,"date":"2025-05-26T03:26:44","date_gmt":"2025-05-26T03:26:44","guid":{"rendered":"https:\/\/www.linkceramics.com\/?post_type=product&#038;p=2137"},"modified":"2025-05-26T03:26:45","modified_gmt":"2025-05-26T03:26:45","slug":"custom-made-washbasin","status":"publish","type":"product","link":"https:\/\/www.linkceramics.com\/es\/product\/custom-made-washbasin\/","title":{"rendered":"Lavabo de cer\u00e1mica de m\u00e1rmol artificial al por mayor, lavabo de cer\u00e1mica de m\u00e1rmol artificial al por mayor, lavabo de cer\u00e1mica de m\u00e1rmol artificial al por mayor"},"content":{"rendered":"<div class=\"wp-block-columns is-layout-flex wp-container-core-columns-is-layout-9d6595d7 wp-block-columns-is-layout-flex\">\n<div class=\"wp-block-column is-layout-flow wp-block-column-is-layout-flow\" style=\"flex-basis:50%\">\n<h3 class=\"wp-block-heading\">Lavabo Premium a medida Caracter\u00edsticas:<\/h3>\n\n\n\n<ul class=\"wp-block-list\">\n<li><strong>Tecnolog\u00eda de impresi\u00f3n por transferencia de agua:<\/strong> Este lavabo a medida adopta una avanzada tecnolog\u00eda de impresi\u00f3n por transferencia de agua para garantizar que el dibujo de la superficie de cada lavabo sea fino y uniforme, mostrando un delicado efecto de textura, a\u00f1adiendo un moderno sentido art\u00edstico al cuarto de ba\u00f1o.<\/li>\n\n\n\n<li><strong>Nuevo dise\u00f1o de textura de m\u00e1rmol:<\/strong> Nuestros lavabos de ba\u00f1o de cer\u00e1mica al por mayor adoptan una textura de m\u00e1rmol de nuevo dise\u00f1o con textura natural y suave y ricos colores, que pueden aportar lujo y moda a ba\u00f1os de diferentes estilos e integrar perfectamente la decoraci\u00f3n moderna del hogar.<\/li>\n\n\n\n<li><strong>Selecci\u00f3n de color personalizada: <\/strong>Este lavabo a medida viene con una variedad de opciones de color personalizadas para satisfacer sus necesidades a la hora de mezclar el color perfecto para que su lavabo de ba\u00f1o combine perfectamente con el estilo general de su casa y refleje caracter\u00edsticas personalizadas.<\/li>\n\n\n\n<li><strong>Material cer\u00e1mico de alta calidad: <\/strong>Este lavabo de ba\u00f1o de cer\u00e1mica al por mayor adopta materiales cer\u00e1micos de alta calidad, y despu\u00e9s de un procesamiento fino, la superficie puede ser lo suficientemente suave como para resistencia al desgaste, antiincrustante, f\u00e1cil de limpiar, y mantener nuevo en su servicio a largo plazo.<\/li>\n<\/ul>\n<\/div>\n\n\n\n<div class=\"wp-block-column is-layout-flow wp-block-column-is-layout-flow\" style=\"flex-basis:50%\">\n<figure class=\"wp-block-image size-full\"><img decoding=\"async\" width=\"1345\" height=\"1787\" src=\"https:\/\/www.linkceramics.com\/wp-content\/uploads\/2025\/05\/wholesale-counter-bathroom-sink-6-1.jpg\" alt=\"lavabo de cer\u00e1mica de m\u00e1rmol artificial de color nuevo-hecho-a-la-medida-fregadero-mayorista-1\" class=\"wp-image-2142\" srcset=\"https:\/\/www.linkceramics.com\/wp-content\/uploads\/2025\/05\/wholesale-counter-bathroom-sink-6-1.jpg 1345w, https:\/\/www.linkceramics.com\/wp-content\/uploads\/2025\/05\/wholesale-counter-bathroom-sink-6-1-226x300.jpg 226w, https:\/\/www.linkceramics.com\/wp-content\/uploads\/2025\/05\/wholesale-counter-bathroom-sink-6-1-768x1020.jpg 768w, https:\/\/www.linkceramics.com\/wp-content\/uploads\/2025\/05\/wholesale-counter-bathroom-sink-6-1-1200x1594.jpg 1200w, https:\/\/www.linkceramics.com\/wp-content\/uploads\/2025\/05\/wholesale-counter-bathroom-sink-6-1-600x797.jpg 600w\" sizes=\"(max-width: 1345px) 100vw, 1345px\" \/><\/figure>\n<\/div>\n<\/div>","protected":false},"excerpt":{"rendered":"<div id=\"brxe-0ee1ca\" class=\"brxe-product-meta product_meta\">\n<div id=\"brxe-0ee1ca\" class=\"brxe-product-meta product_meta\">Bienvenido a comprar al por mayor lavabos de ba\u00f1o de cer\u00e1mica. Este lavabo hecho a medida incorpora una avanzada tecnolog\u00eda de impresi\u00f3n por transferencia de agua para mostrar un nuevo patr\u00f3n de m\u00e1rmol, mezclado con material cer\u00e1mico de primera calidad, con varios colores personalizados para elegir, personalizable seg\u00fan los diferentes estilos de decoraci\u00f3n del hogar. Su patr\u00f3n duradero y delicado lo hacen a la vez moderno y lujoso, lo que ser\u00e1 la elecci\u00f3n \u00f3ptima para la decoraci\u00f3n interior de su cuarto de ba\u00f1o.<\/div>\n<\/div>\n<div id=\"brxe-8c5ca9\" class=\"brxe-product-short-description\">\n<div class=\"woocommerce-product-details__short-description\">\n<h2>Lavabo a medida Especificaciones:<\/h2>\n<table border=\"0\" width=\"311\" cellspacing=\"0\" cellpadding=\"0\">\n<tbody>\n<tr>\n<td width=\"108\" height=\"17\">Fabricante<\/td>\n<td width=\"202\">HanYu<\/td>\n<\/tr>\n<tr>\n<td height=\"17\">N\u00ba de modelo<\/td>\n<td>HY-8015D78<\/td>\n<\/tr>\n<tr>\n<td height=\"36\">Tipo<\/td>\n<td width=\"202\">Lavabo Color M\u00e1rmol, Lavabo Encimera<\/td>\n<\/tr>\n<tr>\n<td height=\"17\">Forma<\/td>\n<td>Forma ovalada<\/td>\n<\/tr>\n<tr>\n<td height=\"18\">Color<\/td>\n<td width=\"202\">Blanco y negro<\/td>\n<\/tr>\n<tr>\n<td height=\"18\">Dimensi\u00f3n<\/td>\n<td width=\"202\">49*35.5*13<\/td>\n<\/tr>\n<tr>\n<td height=\"17\">N.W \/SET<\/td>\n<td>7 KGS\/PCS<\/td>\n<\/tr>\n<tr>\n<td height=\"17\">MOQ<\/td>\n<td>20 piezas<\/td>\n<\/tr>\n<tr>\n<td height=\"17\">Opci\u00f3n personalizada<\/td>\n<td>Color\/Patr\u00f3n\/Tama\u00f1o\/Logotipo\/Embalaje<\/td>\n<\/tr>\n<\/tbody>\n<\/table>\n<\/div>\n<\/div>","protected":false},"featured_media":2138,"comment_status":"open","ping_status":"closed","template":"","meta":{"_acf_changed":true},"certification":[59,61,60,62],"product_brand":[],"product_cat":[35,21],"product_tag":[],"class_list":{"0":"post-2137","1":"product","2":"type-product","3":"status-publish","4":"has-post-thumbnail","6":"certification-ce","7":"certification-iso-14001","8":"certification-iso-45001","9":"certification-iso-9001","10":"product_cat-bathroom-ceramics-supply","11":"product_cat-wholesale-ceramic-basin","13":"first","14":"instock","15":"shipping-taxable","16":"product-type-simple"},"acf":[],"_links":{"self":[{"href":"https:\/\/www.linkceramics.com\/es\/wp-json\/wp\/v2\/product\/2137","targetHints":{"allow":["GET"]}}],"collection":[{"href":"https:\/\/www.linkceramics.com\/es\/wp-json\/wp\/v2\/product"}],"about":[{"href":"https:\/\/www.linkceramics.com\/es\/wp-json\/wp\/v2\/types\/product"}],"replies":[{"embeddable":true,"href":"https:\/\/www.linkceramics.com\/es\/wp-json\/wp\/v2\/comments?post=2137"}],"wp:featuredmedia":[{"embeddable":true,"href":"https:\/\/www.linkceramics.com\/es\/wp-json\/wp\/v2\/media\/2138"}],"wp:attachment":[{"href":"https:\/\/www.linkceramics.com\/es\/wp-json\/wp\/v2\/media?parent=2137"}],"wp:term":[{"taxonomy":"certification","embeddable":true,"href":"https:\/\/www.linkceramics.com\/es\/wp-json\/wp\/v2\/certification?post=2137"},{"taxonomy":"product_brand","embeddable":true,"href":"https:\/\/www.linkceramics.com\/es\/wp-json\/wp\/v2\/product_brand?post=2137"},{"taxonomy":"product_cat","embeddable":true,"href":"https:\/\/www.linkceramics.com\/es\/wp-json\/wp\/v2\/product_cat?post=2137"},{"taxonomy":"product_tag","embeddable":true,"href":"https:\/\/www.linkceramics.com\/es\/wp-json\/wp\/v2\/product_tag?post=2137"}],"curies":[{"name":"wp","href":"https:\/\/api.w.org\/{rel}","templated":true}]}}