{"id":2164,"date":"2025-06-02T02:04:18","date_gmt":"2025-06-02T02:04:18","guid":{"rendered":"https:\/\/www.linkceramics.com\/?post_type=product&#038;p=2164"},"modified":"2025-06-02T02:05:44","modified_gmt":"2025-06-02T02:05:44","slug":"wholesale-rustic-dinnerware-sets","status":"publish","type":"product","link":"https:\/\/www.linkceramics.com\/es\/product\/wholesale-rustic-dinnerware-sets\/","title":{"rendered":"Mayorista Vajillas R\u00fasticas Con Motivos Navide\u00f1os"},"content":{"rendered":"<div class=\"wp-block-columns is-layout-flex wp-container-core-columns-is-layout-9d6595d7 wp-block-columns-is-layout-flex\">\n<div class=\"wp-block-column is-layout-flow wp-block-column-is-layout-flow\" style=\"flex-basis:50%\">\n<h3 class=\"wp-block-heading\">Premium Vajilla R\u00fastica al por mayor Caracter\u00edsticas:<\/h3>\n\n\n\n<p><strong>Dise\u00f1o de estilo r\u00fastico:<\/strong> Esta vajilla r\u00fastica al por mayor tiene una forma r\u00fastica y natural, creando un ambiente c\u00e1lido y confortable para las cenas navide\u00f1as, en l\u00ednea con la actual tendencia popular de los hogares \"r\u00fasticos\".<\/p>\n\n\n\n<p><strong>Decoraci\u00f3n cl\u00e1sica con motivos navide\u00f1os:<\/strong> Estas vajillas de cer\u00e1mica a granel se combinan con elementos navide\u00f1os tradicionales como acebos, \u00e1rboles de Navidad y coronas. El ambiente festivo es fuerte y adecuado para las ventas calientes durante la temporada navide\u00f1a.<\/p>\n\n\n\n<p><strong>Artesan\u00eda cer\u00e1mica de alto nivel: <\/strong>Los juegos de vajilla r\u00fastica al por mayor utilizan tecnolog\u00eda de cocci\u00f3n a alta temperatura, consiguiendo una superficie resistente, que no se raya f\u00e1cilmente, por lo que son ideales para un uso duradero en hogares y empresas.<\/p>\n\n\n\n<p><strong>Vers\u00e1til para su uso en muchos canales: <\/strong>Nuestra vajilla de cer\u00e1mica a granel se vende al por mayor y a medida, por lo que es la m\u00e1s adecuada para supermercados, tiendas de compras en l\u00ednea, marcas para el hogar, l\u00edneas de productos navide\u00f1os de temporada, etc.<\/p>\n<\/div>\n\n\n\n<div class=\"wp-block-column is-layout-flow wp-block-column-is-layout-flow\" style=\"flex-basis:50%\">\n<figure class=\"wp-block-image size-full\"><img decoding=\"async\" width=\"768\" height=\"768\" src=\"https:\/\/www.linkceramics.com\/wp-content\/uploads\/2025\/06\/Wholesale-Rustic-Dinnerware-Sets-With-Christmas-Patterns-8-768x768-1.webp\" alt=\"mayorista-vajillas-r\u00fasticas-con-estampados-navide\u00f1os-8\" class=\"wp-image-2169\" srcset=\"https:\/\/www.linkceramics.com\/wp-content\/uploads\/2025\/06\/Wholesale-Rustic-Dinnerware-Sets-With-Christmas-Patterns-8-768x768-1.webp 768w, https:\/\/www.linkceramics.com\/wp-content\/uploads\/2025\/06\/Wholesale-Rustic-Dinnerware-Sets-With-Christmas-Patterns-8-768x768-1-300x300.webp 300w, https:\/\/www.linkceramics.com\/wp-content\/uploads\/2025\/06\/Wholesale-Rustic-Dinnerware-Sets-With-Christmas-Patterns-8-768x768-1-150x150.webp 150w, https:\/\/www.linkceramics.com\/wp-content\/uploads\/2025\/06\/Wholesale-Rustic-Dinnerware-Sets-With-Christmas-Patterns-8-768x768-1-12x12.webp 12w, https:\/\/www.linkceramics.com\/wp-content\/uploads\/2025\/06\/Wholesale-Rustic-Dinnerware-Sets-With-Christmas-Patterns-8-768x768-1-600x600.webp 600w, https:\/\/www.linkceramics.com\/wp-content\/uploads\/2025\/06\/Wholesale-Rustic-Dinnerware-Sets-With-Christmas-Patterns-8-768x768-1-100x100.webp 100w\" sizes=\"(max-width: 768px) 100vw, 768px\" \/><\/figure>\n<\/div>\n<\/div>","protected":false},"excerpt":{"rendered":"<div id=\"brxe-0ee1ca\" class=\"brxe-product-meta product_meta\">\n<div id=\"brxe-0ee1ca\" class=\"brxe-product-meta product_meta\">\n<div id=\"brxe-0ee1ca\" class=\"brxe-product-meta product_meta\">Bienvenido a comprar vajillas de cer\u00e1mica al por mayor. Nuestra vajilla r\u00fastica al por mayor de estilo navide\u00f1o combina texturas naturales con motivos navide\u00f1os tradicionales. Es c\u00e1lido y r\u00fastico, lleno de ambiente invernal, y es una opci\u00f3n ideal para la configuraci\u00f3n de la mesa de Navidad, regalos de vacaciones y venta al por mayor al por menor.<\/div>\n<\/div>\n<\/div>\n<div id=\"brxe-8c5ca9\" class=\"brxe-product-short-description\">\n<div class=\"woocommerce-product-details__short-description\">\n<h2>Premium Vajilla R\u00fastica al por mayor Especificaciones:<\/h2>\n<table width=\"338\">\n<tbody>\n<tr>\n<td width=\"124\">Fabricante<\/td>\n<td width=\"214\">Un hogar lleno de amor<\/td>\n<\/tr>\n<tr>\n<td width=\"124\">Nombre de la colecci\u00f3n<\/td>\n<td width=\"214\">Colecci\u00f3n de regalos de Pap\u00e1 Noel<\/td>\n<\/tr>\n<tr>\n<td width=\"124\">Utilizaci\u00f3n<\/td>\n<td width=\"214\">Hogar, Hotel, Restaurante<\/td>\n<\/tr>\n<tr>\n<td width=\"124\">Tipo de vajilla<\/td>\n<td width=\"214\">Taza, Taza y Plato, Plato hondo, Taz\u00f3n, Taz\u00f3n para mojar<\/td>\n<\/tr>\n<tr>\n<td width=\"124\">Material<\/td>\n<td width=\"214\">Porcelana resistente<\/td>\n<\/tr>\n<tr>\n<td width=\"124\">Dimensi\u00f3n<\/td>\n<td width=\"214\">Como cuadro de detalle<\/td>\n<\/tr>\n<tr>\n<td width=\"124\">Unidades de venta<\/td>\n<td width=\"214\">Art\u00edculo \u00fanico<\/td>\n<\/tr>\n<tr>\n<td width=\"124\">MOQ<\/td>\n<td width=\"214\">1200 unid. por art\u00edculo<\/td>\n<\/tr>\n<tr>\n<td width=\"124\">Opci\u00f3n personalizada<\/td>\n<td width=\"214\">Color\/Tama\u00f1o\/Glaseado\/Logotipo\/Embalaje<\/td>\n<\/tr>\n<\/tbody>\n<\/table>\n<\/div>\n<\/div>","protected":false},"featured_media":2165,"comment_status":"open","ping_status":"closed","template":"","meta":{"_acf_changed":true},"certification":[63,64,66,58,65,61,60,62],"product_brand":[],"product_cat":[34,18],"product_tag":[],"class_list":{"0":"post-2164","1":"product","2":"type-product","3":"status-publish","4":"has-post-thumbnail","6":"certification-amfori","7":"certification-bsci","8":"certification-cnas","9":"certification-fda","10":"certification-iaf","11":"certification-iso-14001","12":"certification-iso-45001","13":"certification-iso-9001","14":"product_cat-custom-household-ceramics","15":"product_cat-ceramic-tableware-wholesale","17":"first","18":"instock","19":"shipping-taxable","20":"product-type-simple"},"acf":[],"_links":{"self":[{"href":"https:\/\/www.linkceramics.com\/es\/wp-json\/wp\/v2\/product\/2164","targetHints":{"allow":["GET"]}}],"collection":[{"href":"https:\/\/www.linkceramics.com\/es\/wp-json\/wp\/v2\/product"}],"about":[{"href":"https:\/\/www.linkceramics.com\/es\/wp-json\/wp\/v2\/types\/product"}],"replies":[{"embeddable":true,"href":"https:\/\/www.linkceramics.com\/es\/wp-json\/wp\/v2\/comments?post=2164"}],"wp:featuredmedia":[{"embeddable":true,"href":"https:\/\/www.linkceramics.com\/es\/wp-json\/wp\/v2\/media\/2165"}],"wp:attachment":[{"href":"https:\/\/www.linkceramics.com\/es\/wp-json\/wp\/v2\/media?parent=2164"}],"wp:term":[{"taxonomy":"certification","embeddable":true,"href":"https:\/\/www.linkceramics.com\/es\/wp-json\/wp\/v2\/certification?post=2164"},{"taxonomy":"product_brand","embeddable":true,"href":"https:\/\/www.linkceramics.com\/es\/wp-json\/wp\/v2\/product_brand?post=2164"},{"taxonomy":"product_cat","embeddable":true,"href":"https:\/\/www.linkceramics.com\/es\/wp-json\/wp\/v2\/product_cat?post=2164"},{"taxonomy":"product_tag","embeddable":true,"href":"https:\/\/www.linkceramics.com\/es\/wp-json\/wp\/v2\/product_tag?post=2164"}],"curies":[{"name":"wp","href":"https:\/\/api.w.org\/{rel}","templated":true}]}}