{"id":2171,"date":"2025-06-02T02:19:53","date_gmt":"2025-06-02T02:19:53","guid":{"rendered":"https:\/\/www.linkceramics.com\/?post_type=product&#038;p=2171"},"modified":"2025-06-02T02:20:12","modified_gmt":"2025-06-02T02:20:12","slug":"ceramic-coffee-cup-wholesale","status":"publish","type":"product","link":"https:\/\/www.linkceramics.com\/es\/product\/ceramic-coffee-cup-wholesale\/","title":{"rendered":"Albaricoque Gradiente Taza de caf\u00e9 de cer\u00e1mica al por mayor con borde de oro"},"content":{"rendered":"<div class=\"wp-block-columns is-layout-flex wp-container-core-columns-is-layout-9d6595d7 wp-block-columns-is-layout-flex\">\n<div class=\"wp-block-column is-layout-flow wp-block-column-is-layout-flow\" style=\"flex-basis:50%\">\n<h3 class=\"wp-block-heading\">Taza de caf\u00e9 de cer\u00e1mica Premium al por mayor Caracter\u00edsticas:<\/h3>\n\n\n\n<p><strong>Esmalte de albaricoque degradado, curaci\u00f3n suave: <\/strong>El color albaricoque degradado natural del cuerpo de la taza en esta taza de caf\u00e9 de cer\u00e1mica al por mayor es visualmente suave y relajante, y con el estilo de moda del hogar y la vida moderna.<\/p>\n\n\n\n<p><strong>Los detalles dorados realzan la textura: <\/strong>Los bordes dorados pintados de estas tazas de cer\u00e1mica a granel son sutiles y elegantes, creando una sensaci\u00f3n de lujo perfecta para las cajas regalo de Navidad y las cafeter\u00edas boutique.<\/p>\n\n\n\n<p><strong>Material cer\u00e1mico de alta calidad:<\/strong> Nuestra taza de caf\u00e9 de cer\u00e1mica al por mayor es fuerte y resistente, exquisita en aislamiento t\u00e9rmico, perfecta para el uso diario bebiendo caf\u00e9 caliente, caf\u00e9 con leche, chocolate caliente, etc.<\/p>\n\n\n\n<p><strong>Adecuado para ventas al por mayor multicanal: <\/strong>Nuestras tazas de cer\u00e1mica a granel se pueden personalizar, son perfectas para tiendas de regalos, tiendas en l\u00ednea, cafeter\u00edas y venta al por menor a juego con la marca.<\/p>\n<\/div>\n\n\n\n<div class=\"wp-block-column is-layout-flow wp-block-column-is-layout-flow\" style=\"flex-basis:50%\">\n<figure class=\"wp-block-image size-full\"><img decoding=\"async\" width=\"1200\" height=\"1200\" src=\"https:\/\/www.linkceramics.com\/wp-content\/uploads\/2025\/06\/Gradient-Apricot-Ceramic-Coffee-Cup-Wholesale-With-Gold-Rim-1.webp\" alt=\"taza de caf\u00e9 de cer\u00e1mica albaricoque degradado con borde dorado al por mayor-1\" class=\"wp-image-2172\" srcset=\"https:\/\/www.linkceramics.com\/wp-content\/uploads\/2025\/06\/Gradient-Apricot-Ceramic-Coffee-Cup-Wholesale-With-Gold-Rim-1.webp 1200w, https:\/\/www.linkceramics.com\/wp-content\/uploads\/2025\/06\/Gradient-Apricot-Ceramic-Coffee-Cup-Wholesale-With-Gold-Rim-1-300x300.webp 300w, https:\/\/www.linkceramics.com\/wp-content\/uploads\/2025\/06\/Gradient-Apricot-Ceramic-Coffee-Cup-Wholesale-With-Gold-Rim-1-150x150.webp 150w, https:\/\/www.linkceramics.com\/wp-content\/uploads\/2025\/06\/Gradient-Apricot-Ceramic-Coffee-Cup-Wholesale-With-Gold-Rim-1-768x768.webp 768w, https:\/\/www.linkceramics.com\/wp-content\/uploads\/2025\/06\/Gradient-Apricot-Ceramic-Coffee-Cup-Wholesale-With-Gold-Rim-1-12x12.webp 12w, https:\/\/www.linkceramics.com\/wp-content\/uploads\/2025\/06\/Gradient-Apricot-Ceramic-Coffee-Cup-Wholesale-With-Gold-Rim-1-600x600.webp 600w, https:\/\/www.linkceramics.com\/wp-content\/uploads\/2025\/06\/Gradient-Apricot-Ceramic-Coffee-Cup-Wholesale-With-Gold-Rim-1-100x100.webp 100w\" sizes=\"(max-width: 1200px) 100vw, 1200px\" \/><\/figure>\n<\/div>\n<\/div>","protected":false},"excerpt":{"rendered":"<div id=\"brxe-0ee1ca\" class=\"brxe-product-meta product_meta\">\n<div id=\"brxe-0ee1ca\" class=\"brxe-product-meta product_meta\">\n<div id=\"brxe-0ee1ca\" class=\"brxe-product-meta product_meta\">Bienvenido a comprar tazas de cer\u00e1mica al por mayor. Este gradiente de albaricoque taza de caf\u00e9 de cer\u00e1mica al por mayor con un exquisito dise\u00f1o de oro con bordes combina tonos suaves con detalles elegantes, adecuados para las necesidades al por mayor de alta calidad de los caf\u00e9s boutique, marcas de origen y los mercados de regalo.<\/div>\n<\/div>\n<\/div>\n<div id=\"brxe-8c5ca9\" class=\"brxe-product-short-description\">\n<div class=\"woocommerce-product-details__short-description\">\n<h2>Taza de caf\u00e9 de cer\u00e1mica Premium al por mayor Especificaciones:<\/h2>\n<table border=\"0\" width=\"338\" cellspacing=\"0\" cellpadding=\"0\">\n<tbody>\n<tr>\n<td width=\"124\" height=\"18\">Fabricante<\/td>\n<td width=\"214\">Un hogar lleno de amor<\/td>\n<\/tr>\n<tr>\n<td width=\"124\" height=\"18\">Nombre de la colecci\u00f3n<\/td>\n<td width=\"214\">Torbellino de colores<\/td>\n<\/tr>\n<tr>\n<td width=\"124\" height=\"18\">Tipo de producto<\/td>\n<td width=\"214\">Taza y Plato de Cer\u00e1mica, Taza, Tetera<\/td>\n<\/tr>\n<tr>\n<td width=\"124\" height=\"18\">Material<\/td>\n<td width=\"214\">Porcelana resistente<\/td>\n<\/tr>\n<tr>\n<td width=\"124\" height=\"18\">Dimensi\u00f3n<\/td>\n<td width=\"214\">Como cuadro de detalle<\/td>\n<\/tr>\n<tr>\n<td width=\"124\" height=\"18\">Unidades de venta<\/td>\n<td width=\"214\">Art\u00edculo \u00fanico<\/td>\n<\/tr>\n<tr>\n<td width=\"124\" height=\"18\">MOQ<\/td>\n<td width=\"214\">1200 unid. por art\u00edculo<\/td>\n<\/tr>\n<tr>\n<td width=\"124\" height=\"18\">Opci\u00f3n personalizada<\/td>\n<td width=\"214\">Color\/Tama\u00f1o\/Glaseado\/Logotipo\/Embalaje<\/td>\n<\/tr>\n<\/tbody>\n<\/table>\n<\/div>\n<\/div>","protected":false},"featured_media":2173,"comment_status":"open","ping_status":"closed","template":"","meta":{"_acf_changed":false},"certification":[63,64,66,58,65,61,60,62],"product_brand":[],"product_cat":[34,19],"product_tag":[],"class_list":{"0":"post-2171","1":"product","2":"type-product","3":"status-publish","4":"has-post-thumbnail","6":"certification-amfori","7":"certification-bsci","8":"certification-cnas","9":"certification-fda","10":"certification-iaf","11":"certification-iso-14001","12":"certification-iso-45001","13":"certification-iso-9001","14":"product_cat-custom-household-ceramics","15":"product_cat-ceramic-tea-set-wholesale","17":"first","18":"instock","19":"shipping-taxable","20":"product-type-simple"},"acf":[],"_links":{"self":[{"href":"https:\/\/www.linkceramics.com\/es\/wp-json\/wp\/v2\/product\/2171","targetHints":{"allow":["GET"]}}],"collection":[{"href":"https:\/\/www.linkceramics.com\/es\/wp-json\/wp\/v2\/product"}],"about":[{"href":"https:\/\/www.linkceramics.com\/es\/wp-json\/wp\/v2\/types\/product"}],"replies":[{"embeddable":true,"href":"https:\/\/www.linkceramics.com\/es\/wp-json\/wp\/v2\/comments?post=2171"}],"wp:featuredmedia":[{"embeddable":true,"href":"https:\/\/www.linkceramics.com\/es\/wp-json\/wp\/v2\/media\/2173"}],"wp:attachment":[{"href":"https:\/\/www.linkceramics.com\/es\/wp-json\/wp\/v2\/media?parent=2171"}],"wp:term":[{"taxonomy":"certification","embeddable":true,"href":"https:\/\/www.linkceramics.com\/es\/wp-json\/wp\/v2\/certification?post=2171"},{"taxonomy":"product_brand","embeddable":true,"href":"https:\/\/www.linkceramics.com\/es\/wp-json\/wp\/v2\/product_brand?post=2171"},{"taxonomy":"product_cat","embeddable":true,"href":"https:\/\/www.linkceramics.com\/es\/wp-json\/wp\/v2\/product_cat?post=2171"},{"taxonomy":"product_tag","embeddable":true,"href":"https:\/\/www.linkceramics.com\/es\/wp-json\/wp\/v2\/product_tag?post=2171"}],"curies":[{"name":"wp","href":"https:\/\/api.w.org\/{rel}","templated":true}]}}