{"id":2187,"date":"2025-06-09T02:48:24","date_gmt":"2025-06-09T02:48:24","guid":{"rendered":"https:\/\/www.linkceramics.com\/?post_type=product&#038;p=2187"},"modified":"2025-06-09T02:48:25","modified_gmt":"2025-06-09T02:48:25","slug":"slip-casting-machine","status":"publish","type":"product","link":"https:\/\/www.linkceramics.com\/es\/product\/slip-casting-machine\/","title":{"rendered":"M\u00e1quina automatizada de colada por deslizamiento para moldeado de cer\u00e1mica"},"content":{"rendered":"<div class=\"wp-block-columns is-layout-flex wp-container-core-columns-is-layout-9d6595d7 wp-block-columns-is-layout-flex\">\n<div class=\"wp-block-column is-layout-flow wp-block-column-is-layout-flow\">\n<div class=\"wp-block-columns is-layout-flex wp-container-core-columns-is-layout-9d6595d7 wp-block-columns-is-layout-flex\">\n<div class=\"wp-block-column is-layout-flow wp-block-column-is-layout-flow\">\n<h3 class=\"wp-block-heading\">M\u00e1quina de fundici\u00f3n por deslizamiento Caracter\u00edsticas:<\/h3>\n\n\n\n<p>Proceso automatizado: Permite la colada automatizada, incluido el llenado y vaciado autom\u00e1tico de moldes y el secado automatizado de moldes. Esto agiliza todo el proceso de producci\u00f3n.<\/p>\n\n\n\n<p>Versatilidad de producci\u00f3n: Capaz de manipular varios tipos de productos simult\u00e1neamente en una l\u00ednea de producci\u00f3n automatizada, mejorando la productividad as\u00ed como la eficiencia operativa.<\/p>\n\n\n\n<p>Mejora de la calidad: Reduce las burbujas superficiales y evita la distorsi\u00f3n de los productos, proporcionando alta calidad y uniformidad en los productos cer\u00e1micos finales.<\/p>\n\n\n\n<p>Secado integrado: Incorpora secado por aire caliente para moldes, lo que acelera el ciclo de producci\u00f3n al preparar r\u00e1pidamente los moldes para su reutilizaci\u00f3n y reducir los tiempos de espera.<\/p>\n<\/div>\n\n\n\n<div class=\"wp-block-column is-layout-flow wp-block-column-is-layout-flow\">\n<figure class=\"wp-block-embed is-type-video is-provider-youtube wp-block-embed-youtube wp-embed-aspect-16-9 wp-has-aspect-ratio\"><div class=\"wp-block-embed__wrapper\">\n<iframe title=\"L\u00ednea de producci\u00f3n de fundici\u00f3n de cer\u00e1mica totalmente autom\u00e1tica\" width=\"500\" height=\"281\" src=\"https:\/\/www.youtube.com\/embed\/n2QHyzDZy20?feature=oembed\" frameborder=\"0\" allow=\"accelerometer; autoplay; clipboard-write; encrypted-media; gyroscope; picture-in-picture; web-share\" referrerpolicy=\"strict-origin-when-cross-origin\" allowfullscreen><\/iframe>\n<\/div><\/figure>\n<\/div>\n<\/div>\n<\/div>\n<\/div>\n\n\n\n<h2 class=\"wp-block-heading\">Par\u00e1metros de la m\u00e1quina de colada por deslizamiento<\/h2>\n\n\n\n<figure class=\"wp-block-table\"><table class=\"has-fixed-layout\"><tbody><tr><td>Dimensi\u00f3n<\/td><td>1,3x30m (wxl)<\/td><\/tr><tr><td>Estaci\u00f3n<\/td><td>1,3x30m (xl)<\/td><\/tr><tr><td>Potencia (kw)<\/td><td>8 kw<\/td><\/tr><tr><td>M\u00e9todo del molde<\/td><td>Ciclo de apertura ininterrumpida del molde, apertura manual del molde izquierda y derecha por una sola persona<\/td><\/tr><tr><td>Capacidad<\/td><td>M\u00e1quina de fundici\u00f3n autom\u00e1tica de molde deslizante personalizada, equipada con molde de secado, para lograr la formaci\u00f3n autom\u00e1tica de cer\u00e1mica. Puede producir diferentes formas al mismo tiempo, alto rendimiento y alta eficiencia.<\/td><\/tr><\/tbody><\/table><\/figure>","protected":false},"excerpt":{"rendered":"<div class=\"elementor-element elementor-element-e8e3df8 elementor-widget elementor-widget-woocommerce-product-short-description\" data-id=\"e8e3df8\" data-element_type=\"widget\" data-widget_type=\"woocommerce-product-short-description.default\">\n<div class=\"elementor-widget-container\">\n<div class=\"woocommerce-product-details__short-description\">\n<div class=\"elementor-element elementor-element-e8e3df8 elementor-widget elementor-widget-woocommerce-product-short-description\" data-id=\"e8e3df8\" data-element_type=\"widget\" data-widget_type=\"woocommerce-product-short-description.default\">\n<div class=\"elementor-widget-container\">\n<div class=\"woocommerce-product-details__short-description\">\n<div class=\"elementor-element elementor-element-e8e3df8 elementor-widget elementor-widget-woocommerce-product-short-description\" data-id=\"e8e3df8\" data-element_type=\"widget\" data-widget_type=\"woocommerce-product-short-description.default\">\n<div class=\"elementor-widget-container\">\n<div class=\"woocommerce-product-details__short-description\">\n<div class=\"elementor-element elementor-element-e8e3df8 elementor-widget elementor-widget-woocommerce-product-short-description\" data-id=\"e8e3df8\" data-element_type=\"widget\" data-widget_type=\"woocommerce-product-short-description.default\">\n<div class=\"elementor-widget-container\">\n<div class=\"woocommerce-product-details__short-description\">\n<div class=\"elementor-element elementor-element-e8e3df8 elementor-widget elementor-widget-woocommerce-product-short-description\" data-id=\"e8e3df8\" data-element_type=\"widget\" data-widget_type=\"woocommerce-product-short-description.default\">\n<div class=\"elementor-widget-container\">\n<div class=\"woocommerce-product-details__short-description\">\n<div class=\"elementor-element elementor-element-e8e3df8 elementor-widget elementor-widget-woocommerce-product-short-description\" data-id=\"e8e3df8\" data-element_type=\"widget\" data-widget_type=\"woocommerce-product-short-description.default\">\n<div class=\"elementor-widget-container\">\n<div class=\"woocommerce-product-details__short-description\">\n<div class=\"elementor-element elementor-element-e8e3df8 elementor-widget elementor-widget-woocommerce-product-short-description\" data-id=\"e8e3df8\" data-element_type=\"widget\" data-widget_type=\"woocommerce-product-short-description.default\">\n<div class=\"elementor-widget-container\">\n<div class=\"woocommerce-product-details__short-description\">\n<p>M\u00e1quina de colada autom\u00e1tica personalizada con molde de secado, para conseguir una l\u00ednea de producci\u00f3n autom\u00e1tica de conformado de cer\u00e1mica. Puede producir diferentes formas al mismo tiempo, alto rendimiento y alta eficiencia.<\/p>\n<h2>Soluci\u00f3n integral para la m\u00e1quina de colada por deslizamiento:<\/h2>\n<ul>\n<li><strong>Precio de f\u00e1brica:<\/strong> Como fabricante de maquinaria de cer\u00e1mica, ofrecemos m\u00e1quinas de corte de arcilla rentables, bienvenido a contactarnos para obtener el precio de f\u00e1brica.<\/li>\n<li><strong>Asistencia t\u00e9cnica:<\/strong> Proporcionan orientaci\u00f3n t\u00e9cnica profesional e instalaci\u00f3n mec\u00e1nica, con gu\u00edas en v\u00eddeo para garantizar un uso r\u00e1pido del producto<\/li>\n<li><strong>Piezas de recambio:<\/strong> Suministro de piezas de repuesto originales.<\/li>\n<li><strong>Asistencia posventa:<\/strong> 24 horas de ayuda en l\u00ednea para garantizar que est\u00e1 satisfecho con la m\u00e1quina de colada y que se utiliza sin problemas en su l\u00ednea de producci\u00f3n.<\/li>\n<\/ul>\n<p>Como fabricante l\u00edder de maquinaria de cer\u00e1mica dedicado a proporcionar excelentes m\u00e1quinas de vajilla de cer\u00e1mica y servicios para potenciar el \u00e9xito de nuestros clientes.-Yutai<\/p>\n<\/div>\n<\/div>\n<\/div>\n<\/div>\n<\/div>\n<\/div>\n<\/div>\n<\/div>\n<\/div>\n<\/div>\n<\/div>\n<\/div>\n<\/div>\n<\/div>\n<\/div>\n<\/div>\n<\/div>\n<\/div>\n<\/div>\n<\/div>\n<\/div>","protected":false},"featured_media":2196,"comment_status":"open","ping_status":"closed","template":"","meta":{"_acf_changed":false},"certification":[59,61,60,62],"product_brand":[],"product_cat":[39,40],"product_tag":[],"class_list":{"0":"post-2187","1":"product","2":"type-product","3":"status-publish","4":"has-post-thumbnail","6":"certification-ce","7":"certification-iso-14001","8":"certification-iso-45001","9":"certification-iso-9001","10":"product_cat-ceramic-machinery","11":"product_cat-ceramic-machines","13":"first","14":"instock","15":"shipping-taxable","16":"product-type-simple"},"acf":[],"_links":{"self":[{"href":"https:\/\/www.linkceramics.com\/es\/wp-json\/wp\/v2\/product\/2187","targetHints":{"allow":["GET"]}}],"collection":[{"href":"https:\/\/www.linkceramics.com\/es\/wp-json\/wp\/v2\/product"}],"about":[{"href":"https:\/\/www.linkceramics.com\/es\/wp-json\/wp\/v2\/types\/product"}],"replies":[{"embeddable":true,"href":"https:\/\/www.linkceramics.com\/es\/wp-json\/wp\/v2\/comments?post=2187"}],"wp:featuredmedia":[{"embeddable":true,"href":"https:\/\/www.linkceramics.com\/es\/wp-json\/wp\/v2\/media\/2196"}],"wp:attachment":[{"href":"https:\/\/www.linkceramics.com\/es\/wp-json\/wp\/v2\/media?parent=2187"}],"wp:term":[{"taxonomy":"certification","embeddable":true,"href":"https:\/\/www.linkceramics.com\/es\/wp-json\/wp\/v2\/certification?post=2187"},{"taxonomy":"product_brand","embeddable":true,"href":"https:\/\/www.linkceramics.com\/es\/wp-json\/wp\/v2\/product_brand?post=2187"},{"taxonomy":"product_cat","embeddable":true,"href":"https:\/\/www.linkceramics.com\/es\/wp-json\/wp\/v2\/product_cat?post=2187"},{"taxonomy":"product_tag","embeddable":true,"href":"https:\/\/www.linkceramics.com\/es\/wp-json\/wp\/v2\/product_tag?post=2187"}],"curies":[{"name":"wp","href":"https:\/\/api.w.org\/{rel}","templated":true}]}}