{"id":2188,"date":"2025-06-09T02:26:15","date_gmt":"2025-06-09T02:26:15","guid":{"rendered":"https:\/\/www.linkceramics.com\/?post_type=product&#038;p=2188"},"modified":"2025-06-09T02:26:57","modified_gmt":"2025-06-09T02:26:57","slug":"pug-mill-machine","status":"publish","type":"product","link":"https:\/\/www.linkceramics.com\/es\/product\/pug-mill-machine\/","title":{"rendered":"Peque\u00f1o molino de vac\u00edo de la arcilla de cer\u00e1mica De aireaci\u00f3n"},"content":{"rendered":"<div class=\"wp-block-columns is-layout-flex wp-container-core-columns-is-layout-9d6595d7 wp-block-columns-is-layout-flex\">\n<div class=\"wp-block-column is-layout-flow wp-block-column-is-layout-flow\">\n<h3 class=\"wp-block-heading\"><strong>Caracter\u00edsticas de <strong>M\u00e1quina Pug Mill<\/strong><\/strong><\/h3>\n\n\n\n<p>La peque\u00f1a m\u00e1quina de molienda al vac\u00edo se utiliza para preparar arcilla cer\u00e1mica. Utiliza un mezclado de doble espiral y un desaireado al vac\u00edo para eliminar las burbujas de aire incrustadas en la arcilla. Gracias a su tama\u00f1o compacto y a su f\u00e1cil movilidad, se utiliza con frecuencia en laboratorios, escuelas, talleres de bricolaje y peque\u00f1os estudios de cer\u00e1mica.<\/p>\n<\/div>\n\n\n\n<div class=\"wp-block-column is-layout-flow wp-block-column-is-layout-flow\">\n<figure class=\"wp-block-image size-full\"><img decoding=\"async\" width=\"887\" height=\"887\" src=\"https:\/\/www.linkceramics.com\/wp-content\/uploads\/2025\/06\/small-vacuum-pug-mill-machine-ceramic-clay-de-airing-3.webp\" alt=\"peque\u00f1o molino de vac\u00edo de aireaci\u00f3n de arcilla cer\u00e1mica-3\" class=\"wp-image-2191\" srcset=\"https:\/\/www.linkceramics.com\/wp-content\/uploads\/2025\/06\/small-vacuum-pug-mill-machine-ceramic-clay-de-airing-3.webp 887w, https:\/\/www.linkceramics.com\/wp-content\/uploads\/2025\/06\/small-vacuum-pug-mill-machine-ceramic-clay-de-airing-3-300x300.webp 300w, https:\/\/www.linkceramics.com\/wp-content\/uploads\/2025\/06\/small-vacuum-pug-mill-machine-ceramic-clay-de-airing-3-150x150.webp 150w, https:\/\/www.linkceramics.com\/wp-content\/uploads\/2025\/06\/small-vacuum-pug-mill-machine-ceramic-clay-de-airing-3-768x768.webp 768w, https:\/\/www.linkceramics.com\/wp-content\/uploads\/2025\/06\/small-vacuum-pug-mill-machine-ceramic-clay-de-airing-3-12x12.webp 12w, https:\/\/www.linkceramics.com\/wp-content\/uploads\/2025\/06\/small-vacuum-pug-mill-machine-ceramic-clay-de-airing-3-600x600.webp 600w, https:\/\/www.linkceramics.com\/wp-content\/uploads\/2025\/06\/small-vacuum-pug-mill-machine-ceramic-clay-de-airing-3-100x100.webp 100w\" sizes=\"(max-width: 887px) 100vw, 887px\" \/><\/figure>\n<\/div>\n<\/div>\n\n\n\n<h2 class=\"wp-block-heading\"><strong>Par\u00e1metros de la m\u00e1quina Pug Mill:<\/strong><\/h2>\n\n\n\n<figure class=\"wp-block-table\"><table class=\"has-fixed-layout\"><tbody><tr><td>Modelo<\/td><td>Tama\u00f1o m\u00e1ximo de salida (cm)<\/td><td>Capacidad<\/td><td>Potencia (kw)<\/td><td>Dimensiones(lxwxh)<\/td><td>Peso (kg)<\/td><\/tr><tr><td>90<\/td><td>7<\/td><td>200-400 kg\/h<\/td><td>1,5-2,2 kW<\/td><td>1260x400x800cm(h)<\/td><td>140<\/td><\/tr><\/tbody><\/table><\/figure>","protected":false},"excerpt":{"rendered":"<div class=\"elementor-element elementor-element-e8e3df8 elementor-widget elementor-widget-woocommerce-product-short-description\" data-id=\"e8e3df8\" data-element_type=\"widget\" data-widget_type=\"woocommerce-product-short-description.default\">\n<div class=\"elementor-widget-container\">\n<div class=\"woocommerce-product-details__short-description\">\n<div class=\"elementor-element elementor-element-e8e3df8 elementor-widget elementor-widget-woocommerce-product-short-description\" data-id=\"e8e3df8\" data-element_type=\"widget\" data-widget_type=\"woocommerce-product-short-description.default\">\n<div class=\"elementor-widget-container\">\n<div class=\"woocommerce-product-details__short-description\">\n<div class=\"elementor-element elementor-element-e8e3df8 elementor-widget elementor-widget-woocommerce-product-short-description\" data-id=\"e8e3df8\" data-element_type=\"widget\" data-widget_type=\"woocommerce-product-short-description.default\">\n<div class=\"elementor-widget-container\">\n<div class=\"woocommerce-product-details__short-description\">\n<p>Venta al por mayor precio de f\u00e1brica mini pug molino de la m\u00e1quina para la arcilla de cer\u00e1mica. Utiliza tecnolog\u00eda de vac\u00edo, la plasticidad de la arcilla procesada es fuerte, conveniente para el hogar DIY o un taller de cer\u00e1mica.<\/p>\n<h2>Soluci\u00f3n integral para la m\u00e1quina Pug Mill:<\/h2>\n<ul>\n<li><strong>Precio de f\u00e1brica:<\/strong> Somos un fabricante de maquinaria de cer\u00e1mica, proporcionando una arcilla de cer\u00e1mica rentable que hace la m\u00e1quina. Bienvenido a contactarnos para obtener el precio de f\u00e1brica.<\/li>\n<li><strong>Asistencia t\u00e9cnica:<\/strong> Proporcionar orientaci\u00f3n y asistencia t\u00e9cnica profesional, con gu\u00edas en v\u00eddeo para garantizar un uso r\u00e1pido del producto.<\/li>\n<li><strong>Piezas de recambio:<\/strong> Se suministra una gama de piezas de repuesto originales.<\/li>\n<li><strong>Asistencia posventa:<\/strong> Ayuda en l\u00ednea las 24 horas del d\u00eda para garantizar que est\u00e1 satisfecho con la m\u00e1quina trituradora de gravilla y que se utiliza sin problemas en su l\u00ednea de producci\u00f3n.<\/li>\n<\/ul>\n<p>Como fabricante l\u00edder de maquinaria de cer\u00e1mica dedicado a proporcionar excelentes m\u00e1quinas de vajilla de cer\u00e1mica y servicios para potenciar el \u00e9xito de nuestros clientes.-Yutai<\/p>\n<\/div>\n<\/div>\n<\/div>\n<\/div>\n<\/div>\n<\/div>\n<\/div>\n<\/div>\n<\/div>","protected":false},"featured_media":2192,"comment_status":"open","ping_status":"closed","template":"","meta":{"_acf_changed":true},"certification":[59,61,60,62],"product_brand":[],"product_cat":[39,40],"product_tag":[],"class_list":{"0":"post-2188","1":"product","2":"type-product","3":"status-publish","4":"has-post-thumbnail","6":"certification-ce","7":"certification-iso-14001","8":"certification-iso-45001","9":"certification-iso-9001","10":"product_cat-ceramic-machinery","11":"product_cat-ceramic-machines","13":"first","14":"instock","15":"shipping-taxable","16":"product-type-simple"},"acf":[],"_links":{"self":[{"href":"https:\/\/www.linkceramics.com\/es\/wp-json\/wp\/v2\/product\/2188","targetHints":{"allow":["GET"]}}],"collection":[{"href":"https:\/\/www.linkceramics.com\/es\/wp-json\/wp\/v2\/product"}],"about":[{"href":"https:\/\/www.linkceramics.com\/es\/wp-json\/wp\/v2\/types\/product"}],"replies":[{"embeddable":true,"href":"https:\/\/www.linkceramics.com\/es\/wp-json\/wp\/v2\/comments?post=2188"}],"wp:featuredmedia":[{"embeddable":true,"href":"https:\/\/www.linkceramics.com\/es\/wp-json\/wp\/v2\/media\/2192"}],"wp:attachment":[{"href":"https:\/\/www.linkceramics.com\/es\/wp-json\/wp\/v2\/media?parent=2188"}],"wp:term":[{"taxonomy":"certification","embeddable":true,"href":"https:\/\/www.linkceramics.com\/es\/wp-json\/wp\/v2\/certification?post=2188"},{"taxonomy":"product_brand","embeddable":true,"href":"https:\/\/www.linkceramics.com\/es\/wp-json\/wp\/v2\/product_brand?post=2188"},{"taxonomy":"product_cat","embeddable":true,"href":"https:\/\/www.linkceramics.com\/es\/wp-json\/wp\/v2\/product_cat?post=2188"},{"taxonomy":"product_tag","embeddable":true,"href":"https:\/\/www.linkceramics.com\/es\/wp-json\/wp\/v2\/product_tag?post=2188"}],"curies":[{"name":"wp","href":"https:\/\/api.w.org\/{rel}","templated":true}]}}