{"id":2214,"date":"2025-06-16T08:20:54","date_gmt":"2025-06-16T08:20:54","guid":{"rendered":"https:\/\/www.linkceramics.com\/?post_type=product&#038;p=2214"},"modified":"2025-06-16T08:20:55","modified_gmt":"2025-06-16T08:20:55","slug":"ceramic-candle-holder-wholesale","status":"publish","type":"product","link":"https:\/\/www.linkceramics.com\/es\/product\/ceramic-candle-holder-wholesale\/","title":{"rendered":"Portavelas de Cer\u00e1mica Esmaltada Azul Profundo al por Mayor para Hogar y Tiendas de Regalos"},"content":{"rendered":"<h3 class=\"wp-block-heading\">Caracter\u00edsticas del Portavelas de Cer\u00e1mica Esmaltada Azul Profundo<\/h3>\n\n\n\n<p><strong>Varias tallas disponibles: <\/strong>Nuestros portavelas de cer\u00e1mica al por mayor est\u00e1n disponibles en una gran variedad de tama\u00f1os para albergar velas de distintos tama\u00f1os, satisfaciendo las necesidades de decoraci\u00f3n y colocaci\u00f3n de diferentes espacios.<\/p>\n\n\n\n<p><strong>Alta calidad: <\/strong>Estos portavelas de cer\u00e1mica al por mayor est\u00e1n fabricados con materias primas cer\u00e1micas de alta calidad y cocidos a altas temperaturas. El portavelas de cer\u00e1mica tiene una estructura inferior estable, una textura dura y un tacto delicado.<\/p>\n\n\n\n<p><strong>Dise\u00f1o de aspecto \u00fanico y exquisito: <\/strong>El portavelas de cer\u00e1mica al por mayor adopta un dise\u00f1o \u00fanico de esmalte azul, sencillo y avanzado. Adecuado para mostrar en varios tipos de decoraciones.<\/p>\n\n\n\n<div class=\"wp-block-columns is-layout-flex wp-container-core-columns-is-layout-9d6595d7 wp-block-columns-is-layout-flex\">\n<div class=\"wp-block-column is-layout-flow wp-block-column-is-layout-flow\">\n<figure class=\"wp-block-image size-full\"><img decoding=\"async\" width=\"1500\" height=\"1250\" src=\"https:\/\/www.linkceramics.com\/wp-content\/uploads\/2025\/06\/deep-blue-glazed-ceramic-candle-holder-wholesale-for-home-and-gift-shops-3.webp\" alt=\"portavelas de cer\u00e1mica esmaltada azul oscuro - mayorista para hogar y tiendas de regalos - 3\" class=\"wp-image-2217\" srcset=\"https:\/\/www.linkceramics.com\/wp-content\/uploads\/2025\/06\/deep-blue-glazed-ceramic-candle-holder-wholesale-for-home-and-gift-shops-3.webp 1500w, https:\/\/www.linkceramics.com\/wp-content\/uploads\/2025\/06\/deep-blue-glazed-ceramic-candle-holder-wholesale-for-home-and-gift-shops-3-300x250.webp 300w, https:\/\/www.linkceramics.com\/wp-content\/uploads\/2025\/06\/deep-blue-glazed-ceramic-candle-holder-wholesale-for-home-and-gift-shops-3-768x640.webp 768w, https:\/\/www.linkceramics.com\/wp-content\/uploads\/2025\/06\/deep-blue-glazed-ceramic-candle-holder-wholesale-for-home-and-gift-shops-3-14x12.webp 14w, https:\/\/www.linkceramics.com\/wp-content\/uploads\/2025\/06\/deep-blue-glazed-ceramic-candle-holder-wholesale-for-home-and-gift-shops-3-1200x1000.webp 1200w, https:\/\/www.linkceramics.com\/wp-content\/uploads\/2025\/06\/deep-blue-glazed-ceramic-candle-holder-wholesale-for-home-and-gift-shops-3-600x500.webp 600w\" sizes=\"(max-width: 1500px) 100vw, 1500px\" \/><\/figure>\n<\/div>\n\n\n\n<div class=\"wp-block-column is-layout-flow wp-block-column-is-layout-flow\">\n<figure class=\"wp-block-image size-full\"><img decoding=\"async\" width=\"1500\" height=\"1249\" src=\"https:\/\/www.linkceramics.com\/wp-content\/uploads\/2025\/06\/deep-blue-glazed-ceramic-candle-holder-wholesale-for-home-and-gift-shops-1.webp\" alt=\"portavelas de cer\u00e1mica esmaltada azul oscuro - mayorista para hogar y tiendas de regalos-1\" class=\"wp-image-2215\" srcset=\"https:\/\/www.linkceramics.com\/wp-content\/uploads\/2025\/06\/deep-blue-glazed-ceramic-candle-holder-wholesale-for-home-and-gift-shops-1.webp 1500w, https:\/\/www.linkceramics.com\/wp-content\/uploads\/2025\/06\/deep-blue-glazed-ceramic-candle-holder-wholesale-for-home-and-gift-shops-1-300x250.webp 300w, https:\/\/www.linkceramics.com\/wp-content\/uploads\/2025\/06\/deep-blue-glazed-ceramic-candle-holder-wholesale-for-home-and-gift-shops-1-768x639.webp 768w, https:\/\/www.linkceramics.com\/wp-content\/uploads\/2025\/06\/deep-blue-glazed-ceramic-candle-holder-wholesale-for-home-and-gift-shops-1-14x12.webp 14w, https:\/\/www.linkceramics.com\/wp-content\/uploads\/2025\/06\/deep-blue-glazed-ceramic-candle-holder-wholesale-for-home-and-gift-shops-1-1200x999.webp 1200w, https:\/\/www.linkceramics.com\/wp-content\/uploads\/2025\/06\/deep-blue-glazed-ceramic-candle-holder-wholesale-for-home-and-gift-shops-1-600x500.webp 600w\" sizes=\"(max-width: 1500px) 100vw, 1500px\" \/><\/figure>\n<\/div>\n<\/div>\n\n\n\n<p><\/p>","protected":false},"excerpt":{"rendered":"<div id=\"brxe-raacbk\" class=\"brxe-product-meta product_meta\">\n<p data-pm-slice=\"0 0 []\">Bienvenido a comprar nuestro portavelas de cer\u00e1mica azul profundo al por mayor, con suave esmalte azul profundo, aporta una buena experiencia visual, adecuado para productos al por menor. Y los jarrones de cer\u00e1mica azul profundo tienen buena durabilidad y resistencia al calor, no se agrieta f\u00e1cilmente, y puede sostener velas durante mucho tiempo. Apoyamos la personalizaci\u00f3n y MOQ bajo. P\u00f3ngase en contacto con nosotros para solicitar un presupuesto.<\/p>\n<h2>Especificaci\u00f3n de Portavelas de cer\u00e1mica al por mayor<\/h2>\n<table width=\"855\">\n<tbody>\n<tr>\n<td width=\"285\">N\u00famero de modelo<\/td>\n<td width=\"285\">A34848-L136-A01<\/td>\n<td width=\"285\">A34848-L136-A02<\/td>\n<\/tr>\n<tr>\n<td>Nombre del producto<\/td>\n<td>Portavelas de cer\u00e1mica<\/td>\n<td>Portavelas de cer\u00e1mica<\/td>\n<\/tr>\n<tr>\n<td>Color<\/td>\n<td>Azul oscuro<\/td>\n<td>Azul oscuro<\/td>\n<\/tr>\n<tr>\n<td>Material<\/td>\n<td>Cer\u00e1mica\u00a0<\/td>\n<td>Cer\u00e1mica\u00a0<\/td>\n<\/tr>\n<tr>\n<td>Escenarios de uso<\/td>\n<td>decoraci\u00f3n del hogar<\/td>\n<td>decoraci\u00f3n del hogar<\/td>\n<\/tr>\n<tr>\n<td>Dimensiones<\/td>\n<td>P:14,5X26cm<\/td>\n<td>P:14,5X19cm<\/td>\n<\/tr>\n<tr>\n<td>Peso<\/td>\n<td>1 kg\/unidad<\/td>\n<td>0,8 kg\/unidad<\/td>\n<\/tr>\n<\/tbody>\n<\/table>\n<\/div>","protected":false},"featured_media":2216,"comment_status":"open","ping_status":"closed","template":"","meta":{"_acf_changed":true},"certification":[63,64,66,65,61,60,62],"product_brand":[],"product_cat":[37,16],"product_tag":[],"class_list":{"0":"post-2214","1":"product","2":"type-product","3":"status-publish","4":"has-post-thumbnail","6":"certification-amfori","7":"certification-bsci","8":"certification-cnas","9":"certification-iaf","10":"certification-iso-14001","11":"certification-iso-45001","12":"certification-iso-9001","13":"product_cat-decorative-ceramic-wholesale","14":"product_cat-ceramic-candle-holder","16":"first","17":"instock","18":"shipping-taxable","19":"product-type-simple"},"acf":[],"_links":{"self":[{"href":"https:\/\/www.linkceramics.com\/es\/wp-json\/wp\/v2\/product\/2214","targetHints":{"allow":["GET"]}}],"collection":[{"href":"https:\/\/www.linkceramics.com\/es\/wp-json\/wp\/v2\/product"}],"about":[{"href":"https:\/\/www.linkceramics.com\/es\/wp-json\/wp\/v2\/types\/product"}],"replies":[{"embeddable":true,"href":"https:\/\/www.linkceramics.com\/es\/wp-json\/wp\/v2\/comments?post=2214"}],"wp:featuredmedia":[{"embeddable":true,"href":"https:\/\/www.linkceramics.com\/es\/wp-json\/wp\/v2\/media\/2216"}],"wp:attachment":[{"href":"https:\/\/www.linkceramics.com\/es\/wp-json\/wp\/v2\/media?parent=2214"}],"wp:term":[{"taxonomy":"certification","embeddable":true,"href":"https:\/\/www.linkceramics.com\/es\/wp-json\/wp\/v2\/certification?post=2214"},{"taxonomy":"product_brand","embeddable":true,"href":"https:\/\/www.linkceramics.com\/es\/wp-json\/wp\/v2\/product_brand?post=2214"},{"taxonomy":"product_cat","embeddable":true,"href":"https:\/\/www.linkceramics.com\/es\/wp-json\/wp\/v2\/product_cat?post=2214"},{"taxonomy":"product_tag","embeddable":true,"href":"https:\/\/www.linkceramics.com\/es\/wp-json\/wp\/v2\/product_tag?post=2214"}],"curies":[{"name":"wp","href":"https:\/\/api.w.org\/{rel}","templated":true}]}}