{"id":2219,"date":"2025-06-16T08:40:59","date_gmt":"2025-06-16T08:40:59","guid":{"rendered":"https:\/\/www.linkceramics.com\/?post_type=product&#038;p=2219"},"modified":"2025-06-16T08:41:00","modified_gmt":"2025-06-16T08:41:00","slug":"unique-vases-wholesale","status":"publish","type":"product","link":"https:\/\/www.linkceramics.com\/es\/product\/unique-vases-wholesale\/","title":{"rendered":"Jarrones \u00fanicos al por mayor para arreglos florales y decoraci\u00f3n del hogar"},"content":{"rendered":"<h3 class=\"wp-block-heading\">Caracter\u00edsticas de Unique Vases Wholesale<\/h3>\n\n\n\n<p><strong>M\u00faltiples tama\u00f1os: <\/strong>El exclusivo juego de jarrones al por mayor incluye dos tama\u00f1os diferentes para una gran variedad de usos: grande para flores decorativas y peque\u00f1o para adornos sencillos.<\/p>\n\n\n\n<p><strong>Base estable: <\/strong>La base redonda y ancha de los jarrones para flores al por mayor aumenta la estabilidad y evita que se vuelquen, por lo que son ideales para acomodar ramos m\u00e1s pesados.<\/p>\n\n\n\n<p><strong>Excelente servicio: <\/strong>Como fabricante profesional de jarrones de cer\u00e1mica, SANTAI ofrece excelentes servicios, como precios de f\u00e1brica y MOQ bajo.<\/p>\n\n\n\n<div class=\"wp-block-columns is-layout-flex wp-container-core-columns-is-layout-9d6595d7 wp-block-columns-is-layout-flex\">\n<div class=\"wp-block-column is-layout-flow wp-block-column-is-layout-flow\">\n<figure class=\"wp-block-image size-full\"><img decoding=\"async\" width=\"1500\" height=\"1249\" src=\"https:\/\/www.linkceramics.com\/wp-content\/uploads\/2025\/06\/unique-vases-wholesale-for-flower-arrangement-and-home-decor-4.webp\" alt=\"floreros-\u00fanicos-al-mayor-para-arreglo-de-flores-y-decoraci\u00f3n-4\" class=\"wp-image-2223\" srcset=\"https:\/\/www.linkceramics.com\/wp-content\/uploads\/2025\/06\/unique-vases-wholesale-for-flower-arrangement-and-home-decor-4.webp 1500w, https:\/\/www.linkceramics.com\/wp-content\/uploads\/2025\/06\/unique-vases-wholesale-for-flower-arrangement-and-home-decor-4-300x250.webp 300w, https:\/\/www.linkceramics.com\/wp-content\/uploads\/2025\/06\/unique-vases-wholesale-for-flower-arrangement-and-home-decor-4-768x639.webp 768w, https:\/\/www.linkceramics.com\/wp-content\/uploads\/2025\/06\/unique-vases-wholesale-for-flower-arrangement-and-home-decor-4-14x12.webp 14w, https:\/\/www.linkceramics.com\/wp-content\/uploads\/2025\/06\/unique-vases-wholesale-for-flower-arrangement-and-home-decor-4-1200x999.webp 1200w, https:\/\/www.linkceramics.com\/wp-content\/uploads\/2025\/06\/unique-vases-wholesale-for-flower-arrangement-and-home-decor-4-600x500.webp 600w\" sizes=\"(max-width: 1500px) 100vw, 1500px\" \/><\/figure>\n<\/div>\n\n\n\n<div class=\"wp-block-column is-layout-flow wp-block-column-is-layout-flow\">\n<figure class=\"wp-block-image size-full\"><img decoding=\"async\" width=\"1500\" height=\"1249\" src=\"https:\/\/www.linkceramics.com\/wp-content\/uploads\/2025\/06\/unique-vases-wholesale-for-flower-arrangement-and-home-decor-3.webp\" alt=\"jarrones \u00fanicos al por mayor para arreglos florales y decoraci\u00f3n del hogar-3\" class=\"wp-image-2220\" srcset=\"https:\/\/www.linkceramics.com\/wp-content\/uploads\/2025\/06\/unique-vases-wholesale-for-flower-arrangement-and-home-decor-3.webp 1500w, https:\/\/www.linkceramics.com\/wp-content\/uploads\/2025\/06\/unique-vases-wholesale-for-flower-arrangement-and-home-decor-3-300x250.webp 300w, https:\/\/www.linkceramics.com\/wp-content\/uploads\/2025\/06\/unique-vases-wholesale-for-flower-arrangement-and-home-decor-3-768x639.webp 768w, https:\/\/www.linkceramics.com\/wp-content\/uploads\/2025\/06\/unique-vases-wholesale-for-flower-arrangement-and-home-decor-3-14x12.webp 14w, https:\/\/www.linkceramics.com\/wp-content\/uploads\/2025\/06\/unique-vases-wholesale-for-flower-arrangement-and-home-decor-3-1200x999.webp 1200w, https:\/\/www.linkceramics.com\/wp-content\/uploads\/2025\/06\/unique-vases-wholesale-for-flower-arrangement-and-home-decor-3-600x500.webp 600w\" sizes=\"(max-width: 1500px) 100vw, 1500px\" \/><\/figure>\n<\/div>\n<\/div>","protected":false},"excerpt":{"rendered":"<div id=\"brxe-raacbk\" class=\"brxe-product-meta product_meta\">\n<p>Le invitamos a encargar nuestros exclusivos jarrones al por mayor. Los jarrones de cer\u00e1mica tienen curvas elegantes, detalles de textura y esmalte de alto brillo, aportando efectivamente atractivo visual. La F\u00e1brica de Jarrones de Cer\u00e1mica SANTAI ofrece diferentes tama\u00f1os y tipos de jarrones para elegir y proporciona servicios OEM y ODM de alta calidad. P\u00f3ngase en contacto con nosotros para solicitar un presupuesto.<\/p>\n<h2>Especificaciones de Jarrones \u00fanicos al por mayor<\/h2>\n<table width=\"855\">\n<tbody>\n<tr>\n<td width=\"285\">N\u00famero de modelo<\/td>\n<td width=\"285\">A35023-L136-A01<\/td>\n<td width=\"285\">A35023-L136-A02<\/td>\n<\/tr>\n<tr>\n<td>Nombre del producto<\/td>\n<td>Jarr\u00f3n de cer\u00e1mica<\/td>\n<td>Jarr\u00f3n de cer\u00e1mica<\/td>\n<\/tr>\n<tr>\n<td>Color<\/td>\n<td>Azul oscuro<\/td>\n<td>Azul oscuro<\/td>\n<\/tr>\n<tr>\n<td>Material<\/td>\n<td>Cer\u00e1mica\u00a0<\/td>\n<td>Cer\u00e1mica\u00a0<\/td>\n<\/tr>\n<tr>\n<td>Escenarios de uso<\/td>\n<td>decoraci\u00f3n del hogar<\/td>\n<td>decoraci\u00f3n del hogar<\/td>\n<\/tr>\n<tr>\n<td>Dimensiones<\/td>\n<td>P:15X21cm<\/td>\n<td>P:11X15cm<\/td>\n<\/tr>\n<tr>\n<td>Peso<\/td>\n<td>0,9 kg\/unidad<\/td>\n<td>0,4 kg\/unidad<\/td>\n<\/tr>\n<\/tbody>\n<\/table>\n<\/div>","protected":false},"featured_media":2221,"comment_status":"open","ping_status":"closed","template":"","meta":{"_acf_changed":true},"certification":[63,64,66,65,61,60,62],"product_brand":[],"product_cat":[37,17],"product_tag":[],"class_list":{"0":"post-2219","1":"product","2":"type-product","3":"status-publish","4":"has-post-thumbnail","6":"certification-amfori","7":"certification-bsci","8":"certification-cnas","9":"certification-iaf","10":"certification-iso-14001","11":"certification-iso-45001","12":"certification-iso-9001","13":"product_cat-decorative-ceramic-wholesale","14":"product_cat-ceramic-vases-wholesale","16":"first","17":"instock","18":"shipping-taxable","19":"product-type-simple"},"acf":[],"_links":{"self":[{"href":"https:\/\/www.linkceramics.com\/es\/wp-json\/wp\/v2\/product\/2219","targetHints":{"allow":["GET"]}}],"collection":[{"href":"https:\/\/www.linkceramics.com\/es\/wp-json\/wp\/v2\/product"}],"about":[{"href":"https:\/\/www.linkceramics.com\/es\/wp-json\/wp\/v2\/types\/product"}],"replies":[{"embeddable":true,"href":"https:\/\/www.linkceramics.com\/es\/wp-json\/wp\/v2\/comments?post=2219"}],"wp:featuredmedia":[{"embeddable":true,"href":"https:\/\/www.linkceramics.com\/es\/wp-json\/wp\/v2\/media\/2221"}],"wp:attachment":[{"href":"https:\/\/www.linkceramics.com\/es\/wp-json\/wp\/v2\/media?parent=2219"}],"wp:term":[{"taxonomy":"certification","embeddable":true,"href":"https:\/\/www.linkceramics.com\/es\/wp-json\/wp\/v2\/certification?post=2219"},{"taxonomy":"product_brand","embeddable":true,"href":"https:\/\/www.linkceramics.com\/es\/wp-json\/wp\/v2\/product_brand?post=2219"},{"taxonomy":"product_cat","embeddable":true,"href":"https:\/\/www.linkceramics.com\/es\/wp-json\/wp\/v2\/product_cat?post=2219"},{"taxonomy":"product_tag","embeddable":true,"href":"https:\/\/www.linkceramics.com\/es\/wp-json\/wp\/v2\/product_tag?post=2219"}],"curies":[{"name":"wp","href":"https:\/\/api.w.org\/{rel}","templated":true}]}}