{"id":2224,"date":"2025-06-23T08:07:29","date_gmt":"2025-06-23T08:07:29","guid":{"rendered":"https:\/\/www.linkceramics.com\/?post_type=product&#038;p=2224"},"modified":"2025-06-23T09:23:09","modified_gmt":"2025-06-23T09:23:09","slug":"tea-cups-in-bulk","status":"publish","type":"product","link":"https:\/\/www.linkceramics.com\/es\/product\/tea-cups-in-bulk\/","title":{"rendered":"Tazas de t\u00e9 de cer\u00e1mica japonesa de dibujos animados a granel con caja de regalo"},"content":{"rendered":"<div class=\"wp-block-columns is-layout-flex wp-container-core-columns-is-layout-9d6595d7 wp-block-columns-is-layout-flex\">\n<div class=\"wp-block-column is-layout-flow wp-block-column-is-layout-flow\" style=\"flex-basis:66.66%\">\n<h3 class=\"wp-block-heading\">Tazas de T\u00e9 de Cer\u00e1mica Premium a Granel Caracter\u00edsticas:<\/h3>\n\n\n\n<ul class=\"wp-block-list\">\n<li><strong>Dise\u00f1o creativo de dibujos animados, lleno de diversi\u00f3n: <\/strong>Estas tazas de t\u00e9 al por mayor est\u00e1n dise\u00f1adas con diferentes motivos de dibujos animados, con formas vivas e interesantes, llenas de infantilismo y personalidad, que realzan la diversi\u00f3n de beber t\u00e9 y son adecuadas para el uso familiar diario o como regalo.<\/li>\n\n\n\n<li><strong>Estilo japon\u00e9s, forma exquisita:<\/strong> Estas tazas de cer\u00e1mica al por mayor incorporan elementos sencillos japoneses, con l\u00edneas suaves y copas redondeadas, que son a la vez culturales y modernos.<\/li>\n\n\n\n<li><strong>Exquisito embalaje en caja de color, una buena opci\u00f3n para regalos:<\/strong> Estas tazas de t\u00e9 al por mayor est\u00e1n cuidadosamente embaladas en una caja de color de alta gama con un embalaje de alta gama, que pueden ser excelentes regalos de vacaciones, regalos de empresa o recuerdos, pr\u00e1cticos y memorables.<\/li>\n\n\n\n<li><strong>Cer\u00e1mica de alta temperatura, segura y saludable:<\/strong> Nuestras tazas de cer\u00e1mica al por mayor no tienen sustancias t\u00f3xicas, son resistentes al agrietamiento y al calor, y son seguras y dignas de confianza para su uso diario. Es apropiado para caf\u00e9 caliente, t\u00e9, leche y otras bebidas.<\/li>\n<\/ul>\n<\/div>\n\n\n\n<div class=\"wp-block-column is-layout-flow wp-block-column-is-layout-flow\" style=\"flex-basis:33.33%\">\n<figure class=\"wp-block-image size-full\"><img decoding=\"async\" width=\"800\" height=\"800\" src=\"https:\/\/www.linkceramics.com\/wp-content\/uploads\/2025\/06\/cartoon-japanese-ceramic-tea-cups-in-bulk-with-gift-box-1.webp\" alt=\"cartoon-japanese-ceramic-tea-cups-in-bulk-with-gift-box- (1)\" class=\"wp-image-2232\" srcset=\"https:\/\/www.linkceramics.com\/wp-content\/uploads\/2025\/06\/cartoon-japanese-ceramic-tea-cups-in-bulk-with-gift-box-1.webp 800w, https:\/\/www.linkceramics.com\/wp-content\/uploads\/2025\/06\/cartoon-japanese-ceramic-tea-cups-in-bulk-with-gift-box-1-300x300.webp 300w, https:\/\/www.linkceramics.com\/wp-content\/uploads\/2025\/06\/cartoon-japanese-ceramic-tea-cups-in-bulk-with-gift-box-1-150x150.webp 150w, https:\/\/www.linkceramics.com\/wp-content\/uploads\/2025\/06\/cartoon-japanese-ceramic-tea-cups-in-bulk-with-gift-box-1-768x768.webp 768w, https:\/\/www.linkceramics.com\/wp-content\/uploads\/2025\/06\/cartoon-japanese-ceramic-tea-cups-in-bulk-with-gift-box-1-12x12.webp 12w, https:\/\/www.linkceramics.com\/wp-content\/uploads\/2025\/06\/cartoon-japanese-ceramic-tea-cups-in-bulk-with-gift-box-1-600x600.webp 600w, https:\/\/www.linkceramics.com\/wp-content\/uploads\/2025\/06\/cartoon-japanese-ceramic-tea-cups-in-bulk-with-gift-box-1-100x100.webp 100w\" sizes=\"(max-width: 800px) 100vw, 800px\" \/><\/figure>\n<\/div>\n<\/div>","protected":false},"excerpt":{"rendered":"<div id=\"brxe-0ee1ca\" class=\"brxe-product-meta product_meta\">Bienvenido a comprar tazas de t\u00e9 de cer\u00e1mica al por mayor. Nuestras tazas de cer\u00e1mica japonesa al por mayor, con dise\u00f1o de dibujos animados, tienen diferentes motivos y van acompa\u00f1adas de un exquisito embalaje en caja de color. Est\u00e1 lleno de creatividad y regalos, y es una opci\u00f3n ideal para beber t\u00e9 en casa o regalos del festival.<\/div>\n<div id=\"brxe-8c5ca9\" class=\"brxe-product-short-description\">\n<div class=\"woocommerce-product-details__short-description\">\n<h2>Tazas de t\u00e9 de cer\u00e1mica a granel Especificaciones:<\/h2>\n<table border=\"0\" width=\"542\" cellspacing=\"0\" cellpadding=\"0\">\n<tbody>\n<tr>\n<td width=\"271\" height=\"24\">Fabricante<\/td>\n<td width=\"271\">Yongjian<\/td>\n<\/tr>\n<tr>\n<td width=\"271\" height=\"24\">N\u00ba de modelo<\/td>\n<td width=\"271\">YJ-093\/YJ-094<\/td>\n<\/tr>\n<tr>\n<td width=\"271\" height=\"48\">Tipo de producto<\/td>\n<td width=\"271\">Cuencos con asa, fuentes y ensaladeras<\/td>\n<\/tr>\n<tr>\n<td width=\"271\" height=\"24\">Material<\/td>\n<td width=\"271\">Porcelana<\/td>\n<\/tr>\n<tr>\n<td width=\"271\" height=\"24\">Color<\/td>\n<td width=\"271\">Blanco\/Negro<\/td>\n<\/tr>\n<tr>\n<td rowspan=\"2\" width=\"271\" height=\"48\">Dimensi\u00f3n<\/td>\n<td width=\"271\">6,5 pulgadas:17*17*8<\/td>\n<\/tr>\n<tr>\n<td width=\"271\">12 pulgadas:23*23*8.5<\/td>\n<\/tr>\n<tr>\n<td width=\"271\" height=\"24\">MOQ<\/td>\n<td width=\"271\">500 unidades<\/td>\n<\/tr>\n<tr>\n<td width=\"271\" height=\"24\">A medida<\/td>\n<td width=\"271\">Color\/Tama\u00f1o\/Logotipo\/Embalaje<\/td>\n<\/tr>\n<\/tbody>\n<\/table>\n<p><\/div>\n<\/div>","protected":false},"featured_media":2230,"comment_status":"open","ping_status":"closed","template":"","meta":{"_acf_changed":false},"certification":[63,64,66,58,65,61,60,62,57],"product_brand":[],"product_cat":[19,34],"product_tag":[],"class_list":{"0":"post-2224","1":"product","2":"type-product","3":"status-publish","4":"has-post-thumbnail","6":"certification-amfori","7":"certification-bsci","8":"certification-cnas","9":"certification-fda","10":"certification-iaf","11":"certification-iso-14001","12":"certification-iso-45001","13":"certification-iso-9001","14":"certification-lfgb","15":"product_cat-ceramic-tea-set-wholesale","16":"product_cat-custom-household-ceramics","18":"first","19":"instock","20":"shipping-taxable","21":"product-type-simple"},"acf":[],"_links":{"self":[{"href":"https:\/\/www.linkceramics.com\/es\/wp-json\/wp\/v2\/product\/2224","targetHints":{"allow":["GET"]}}],"collection":[{"href":"https:\/\/www.linkceramics.com\/es\/wp-json\/wp\/v2\/product"}],"about":[{"href":"https:\/\/www.linkceramics.com\/es\/wp-json\/wp\/v2\/types\/product"}],"replies":[{"embeddable":true,"href":"https:\/\/www.linkceramics.com\/es\/wp-json\/wp\/v2\/comments?post=2224"}],"wp:featuredmedia":[{"embeddable":true,"href":"https:\/\/www.linkceramics.com\/es\/wp-json\/wp\/v2\/media\/2230"}],"wp:attachment":[{"href":"https:\/\/www.linkceramics.com\/es\/wp-json\/wp\/v2\/media?parent=2224"}],"wp:term":[{"taxonomy":"certification","embeddable":true,"href":"https:\/\/www.linkceramics.com\/es\/wp-json\/wp\/v2\/certification?post=2224"},{"taxonomy":"product_brand","embeddable":true,"href":"https:\/\/www.linkceramics.com\/es\/wp-json\/wp\/v2\/product_brand?post=2224"},{"taxonomy":"product_cat","embeddable":true,"href":"https:\/\/www.linkceramics.com\/es\/wp-json\/wp\/v2\/product_cat?post=2224"},{"taxonomy":"product_tag","embeddable":true,"href":"https:\/\/www.linkceramics.com\/es\/wp-json\/wp\/v2\/product_tag?post=2224"}],"curies":[{"name":"wp","href":"https:\/\/api.w.org\/{rel}","templated":true}]}}