{"id":2234,"date":"2025-06-23T09:48:37","date_gmt":"2025-06-23T09:48:37","guid":{"rendered":"https:\/\/www.linkceramics.com\/?post_type=product&#038;p=2234"},"modified":"2025-09-22T07:10:36","modified_gmt":"2025-09-22T07:10:36","slug":"bulk-lotion-dispensers","status":"publish","type":"product","link":"https:\/\/www.linkceramics.com\/es\/product\/bulk-lotion-dispensers\/","title":{"rendered":"Dispensadores de loci\u00f3n a granel, suministro de botellas de loci\u00f3n de cer\u00e1mica minimalistas"},"content":{"rendered":"<div class=\"wp-block-columns is-layout-flex wp-container-core-columns-is-layout-9d6595d7 wp-block-columns-is-layout-flex\">\n<div class=\"wp-block-column is-layout-flow wp-block-column-is-layout-flow\" style=\"flex-basis:50%\">\n<h3 class=\"wp-block-heading\">Dispensadores de loci\u00f3n a granel Caracter\u00edsticas:<\/h3>\n\n\n\n<p><strong>Cer\u00e1mica de buena calidad:<\/strong> Nuestros dispensadores de loci\u00f3n a granel est\u00e1n fabricados con material cer\u00e1mico de primera calidad; la superficie es suave y delicada, dura y resistente, y no se agrieta ni se arruga tras un uso prolongado.<\/p>\n\n\n\n<p><strong>Aplicaci\u00f3n multifuncional:<\/strong> El dispensador a medida puede utilizarse para envasar gran cantidad de l\u00edquidos, como jab\u00f3n de manos, gel de ducha, champ\u00fa, etc., para satisfacer un uso dom\u00e9stico cotidiano, c\u00f3modo y pr\u00e1ctico.<\/p>\n\n\n\n<p><strong>F\u00e1cil de limpiar y mantener:<\/strong> La superficie cer\u00e1mica lisa y antiincrustante de los frascos de nuestros dispensadores de loci\u00f3n a granel no absorbe f\u00e1cilmente las manchas y se mantiene limpia y nueva con una simple limpieza.<\/p>\n\n\n\n<p><strong>Adecuado para una gran variedad de escenas:<\/strong> nuestros dispensadores de loci\u00f3n a granel no s\u00f3lo son adecuados para ba\u00f1os familiares, sino que tambi\u00e9n se pueden utilizar en lugares de alta gama como hoteles y casas de familia para mostrar moda y gusto.<\/p>\n\n\n\n<p><strong>Dise\u00f1o moderno:<\/strong> La forma total de estos dispensadores de loci\u00f3n a granel utilizan el dise\u00f1o de presi\u00f3n f\u00e1cil, es f\u00e1cil y simple, descargando uniformemente los l\u00edquidos. Mientras tanto, la cabeza de la bomba de oro a\u00f1ade un toque de lujo a este dispensador de jab\u00f3n. Podr\u00edan encajar bien con diferentes estilos de hogar y a\u00f1adir a la belleza general del cuarto de ba\u00f1o o aseo.<\/p>\n\n\n\n<p><strong>Varios colores:<\/strong> Colores Diversificados: Esta botella dispensadora de espuma de cer\u00e1mica al por mayor contiene varios colores como verde, gris, blanco y negro para atender a las preferencias y estilos de diferentes personas y casas. Como fabricante, tambi\u00e9n podemos personalizar otros colores o a\u00f1adir logotipos de la marca de acuerdo a los requerimientos del cliente.<\/p>\n<\/div>\n\n\n\n<div class=\"wp-block-column is-layout-flow wp-block-column-is-layout-flow\" style=\"flex-basis:50%\">\n<figure class=\"wp-block-image size-full\"><img decoding=\"async\" width=\"1000\" height=\"1000\" src=\"https:\/\/www.linkceramics.com\/wp-content\/uploads\/2025\/06\/bulk-lotion-dispensers-minimalist-ceramic-lotion-bottles-supply-7.webp\" alt=\"dispensadores de loci\u00f3n a granel - botellas de loci\u00f3n cer\u00e1micas minimalistas - suministro 7\" class=\"wp-image-2573\" srcset=\"https:\/\/www.linkceramics.com\/wp-content\/uploads\/2025\/06\/bulk-lotion-dispensers-minimalist-ceramic-lotion-bottles-supply-7.webp 1000w, https:\/\/www.linkceramics.com\/wp-content\/uploads\/2025\/06\/bulk-lotion-dispensers-minimalist-ceramic-lotion-bottles-supply-7-300x300.webp 300w, https:\/\/www.linkceramics.com\/wp-content\/uploads\/2025\/06\/bulk-lotion-dispensers-minimalist-ceramic-lotion-bottles-supply-7-150x150.webp 150w, https:\/\/www.linkceramics.com\/wp-content\/uploads\/2025\/06\/bulk-lotion-dispensers-minimalist-ceramic-lotion-bottles-supply-7-768x768.webp 768w, https:\/\/www.linkceramics.com\/wp-content\/uploads\/2025\/06\/bulk-lotion-dispensers-minimalist-ceramic-lotion-bottles-supply-7-12x12.webp 12w, https:\/\/www.linkceramics.com\/wp-content\/uploads\/2025\/06\/bulk-lotion-dispensers-minimalist-ceramic-lotion-bottles-supply-7-600x600.webp 600w, https:\/\/www.linkceramics.com\/wp-content\/uploads\/2025\/06\/bulk-lotion-dispensers-minimalist-ceramic-lotion-bottles-supply-7-100x100.webp 100w\" sizes=\"(max-width: 1000px) 100vw, 1000px\" \/><\/figure>\n<\/div>\n<\/div>\n\n\n\n<p><\/p>","protected":false},"excerpt":{"rendered":"<p>Bienvenido a comprar botellas dispensadoras de espuma de jab\u00f3n al por mayor. Estos dispensadores de loci\u00f3n al por mayor son populares en el mercado por su variado color, aspecto exquisito, material duradero y funci\u00f3n pr\u00e1ctica. Es adecuado para dispensar l\u00edquidos como jab\u00f3n de manos y gel de ducha. Es c\u00f3modo de pulsar, f\u00e1cil de usar y f\u00e1cil de limpiar. Tanto en el cuarto de ba\u00f1o de casa como en el de un hotel, es una opci\u00f3n ideal para realzar la textura del espacio.<\/p>\n<h2>Dispensadores de loci\u00f3n a granel Par\u00e1metros:<\/h2>\n<div data-id=\"bef26dc\" data-element_type=\"widget\" data-widget_type=\"text-editor.default\">\n<div>\n<table border=\"0\" width=\"476\" cellspacing=\"0\" cellpadding=\"0\">\n<tbody>\n<tr>\n<td width=\"187\" height=\"29\">Fabricante<\/td>\n<td width=\"289\">JINHUA<\/td>\n<\/tr>\n<tr>\n<td height=\"29\">N\u00ba de modelo<\/td>\n<td>JHB58<\/td>\n<\/tr>\n<tr>\n<td height=\"29\">Dise\u00f1o<\/td>\n<td>Forma cil\u00edndrica<\/td>\n<\/tr>\n<tr>\n<td height=\"29\">Material<\/td>\n<td>Cer\u00e1mica<\/td>\n<\/tr>\n<tr>\n<td height=\"29\">Color<\/td>\n<td width=\"289\">Blanco, Gris, Verde, Negro<\/td>\n<\/tr>\n<tr>\n<td height=\"29\">A medida<\/td>\n<td>Color\/Tama\u00f1o\/Logotipo\/Embalaje<\/td>\n<\/tr>\n<tr>\n<td height=\"29\">MOQ<\/td>\n<td>500 unidades<\/td>\n<\/tr>\n<tr>\n<td height=\"29\">Dimensi\u00f3n<\/td>\n<td width=\"289\">7,2*7,2*20cm<\/td>\n<\/tr>\n<\/tbody>\n<\/table>\n<\/div>\n<\/div>\n<div class=\"elementor-element elementor-element-b03ea8d elementor-widget elementor-widget-button\" data-id=\"b03ea8d\" data-element_type=\"widget\" data-widget_type=\"button.default\">\n<div class=\"elementor-widget-container\">\n<div class=\"elementor-button-wrapper\">\u00a0<\/div>\n<\/div>\n<\/div>","protected":false},"featured_media":2574,"comment_status":"open","ping_status":"closed","template":"","meta":{"_acf_changed":true},"certification":[63,64,66,58,65,61,60,62,57],"product_brand":[],"product_cat":[22,35],"product_tag":[],"class_list":{"0":"post-2234","1":"product","2":"type-product","3":"status-publish","4":"has-post-thumbnail","6":"certification-amfori","7":"certification-bsci","8":"certification-cnas","9":"certification-fda","10":"certification-iaf","11":"certification-iso-14001","12":"certification-iso-45001","13":"certification-iso-9001","14":"certification-lfgb","15":"product_cat-ceramic-bathroom-set","16":"product_cat-bathroom-ceramics-supply","18":"first","19":"instock","20":"shipping-taxable","21":"product-type-simple"},"acf":[],"_links":{"self":[{"href":"https:\/\/www.linkceramics.com\/es\/wp-json\/wp\/v2\/product\/2234","targetHints":{"allow":["GET"]}}],"collection":[{"href":"https:\/\/www.linkceramics.com\/es\/wp-json\/wp\/v2\/product"}],"about":[{"href":"https:\/\/www.linkceramics.com\/es\/wp-json\/wp\/v2\/types\/product"}],"replies":[{"embeddable":true,"href":"https:\/\/www.linkceramics.com\/es\/wp-json\/wp\/v2\/comments?post=2234"}],"wp:featuredmedia":[{"embeddable":true,"href":"https:\/\/www.linkceramics.com\/es\/wp-json\/wp\/v2\/media\/2574"}],"wp:attachment":[{"href":"https:\/\/www.linkceramics.com\/es\/wp-json\/wp\/v2\/media?parent=2234"}],"wp:term":[{"taxonomy":"certification","embeddable":true,"href":"https:\/\/www.linkceramics.com\/es\/wp-json\/wp\/v2\/certification?post=2234"},{"taxonomy":"product_brand","embeddable":true,"href":"https:\/\/www.linkceramics.com\/es\/wp-json\/wp\/v2\/product_brand?post=2234"},{"taxonomy":"product_cat","embeddable":true,"href":"https:\/\/www.linkceramics.com\/es\/wp-json\/wp\/v2\/product_cat?post=2234"},{"taxonomy":"product_tag","embeddable":true,"href":"https:\/\/www.linkceramics.com\/es\/wp-json\/wp\/v2\/product_tag?post=2234"}],"curies":[{"name":"wp","href":"https:\/\/api.w.org\/{rel}","templated":true}]}}