{"id":2264,"date":"2025-07-02T10:16:24","date_gmt":"2025-07-02T10:16:24","guid":{"rendered":"https:\/\/www.linkceramics.com\/?post_type=product&#038;p=2264"},"modified":"2025-07-02T10:29:31","modified_gmt":"2025-07-02T10:29:31","slug":"restaurant-dinnerware-wholesale","status":"publish","type":"product","link":"https:\/\/www.linkceramics.com\/es\/product\/restaurant-dinnerware-wholesale\/","title":{"rendered":"Vajilla de Restaurante al por mayor, Vajilla Dolomire blanca a granel"},"content":{"rendered":"<div class=\"wp-block-columns is-layout-flex wp-container-core-columns-is-layout-9d6595d7 wp-block-columns-is-layout-flex\">\n<div class=\"wp-block-column is-layout-flow wp-block-column-is-layout-flow\" style=\"flex-basis:50%\">\n<h3 class=\"wp-block-heading\">Vajilla de restaurante al por mayor Caracter\u00edsticas:<\/h3>\n\n\n\n<p><strong>Material de dolomita respetuoso con el medio ambiente:<\/strong> Esta vajilla de restaurante al por mayor est\u00e1 hecha de dolomita reciclada, es ligera, duradera y blanca.<\/p>\n\n\n\n<p><strong>Esmalte blanco y liso:<\/strong> Nuestra vajilla de dolomire a granel utiliza tecnolog\u00eda de esmaltado blanco, la superficie es lisa y brillante, mostrando una alta calidad.<\/p>\n\n\n\n<p><strong>Dise\u00f1o de aspecto martillado:<\/strong> Esta vajilla de restaurante al por mayor de dise\u00f1o martillado aporta una sensaci\u00f3n rica, minimalista y \u00fanica.<\/p>\n\n\n\n<p><strong>M\u00faltiples opciones de color: <\/strong>Adem\u00e1s del blanco cl\u00e1sico, tambi\u00e9n hay rojo activo, azul y verde, colisiones de colores brillantes, adecuados para diversas ocasiones de comer.<\/p>\n\n\n\n<p><strong>M\u00faltiples especificaciones de juegos de vajilla para restaurantes:<\/strong> que incluyen platos llanos, soperas, tazas, tazas de caf\u00e9, teteras, etc., pueden satisfacer las diversas necesidades de distintos restaurantes y hoteles.<\/p>\n<\/div>\n\n\n\n<div class=\"wp-block-column is-layout-flow wp-block-column-is-layout-flow\" style=\"flex-basis:50%\">\n<figure class=\"wp-block-image size-full\"><img decoding=\"async\" width=\"2915\" height=\"1648\" src=\"https:\/\/www.linkceramics.com\/wp-content\/uploads\/2025\/07\/Restaurant-Dinnerware-Wholesale-White-Dolomire-Serveware-Bulk-11.webp\" alt=\"Restaurant-Dinnerware-Wholesale-White-Dolomire-Serveware-Bulk-11\" class=\"wp-image-2267\" srcset=\"https:\/\/www.linkceramics.com\/wp-content\/uploads\/2025\/07\/Restaurant-Dinnerware-Wholesale-White-Dolomire-Serveware-Bulk-11.webp 2915w, https:\/\/www.linkceramics.com\/wp-content\/uploads\/2025\/07\/Restaurant-Dinnerware-Wholesale-White-Dolomire-Serveware-Bulk-11-300x170.webp 300w, https:\/\/www.linkceramics.com\/wp-content\/uploads\/2025\/07\/Restaurant-Dinnerware-Wholesale-White-Dolomire-Serveware-Bulk-11-768x434.webp 768w, https:\/\/www.linkceramics.com\/wp-content\/uploads\/2025\/07\/Restaurant-Dinnerware-Wholesale-White-Dolomire-Serveware-Bulk-11-18x10.webp 18w, https:\/\/www.linkceramics.com\/wp-content\/uploads\/2025\/07\/Restaurant-Dinnerware-Wholesale-White-Dolomire-Serveware-Bulk-11-1200x678.webp 1200w, https:\/\/www.linkceramics.com\/wp-content\/uploads\/2025\/07\/Restaurant-Dinnerware-Wholesale-White-Dolomire-Serveware-Bulk-11-600x339.webp 600w\" sizes=\"(max-width: 2915px) 100vw, 2915px\" \/><\/figure>\n<\/div>\n<\/div>","protected":false},"excerpt":{"rendered":"<div class=\"D5aOJc vJwDU\">\n<div id=\"brxe-26696e\" class=\"brxe-product-short-description brxe-text-basic\">\n<div class=\"woocommerce-product-details__short-description\">\n<div class=\"D5aOJc vJwDU\">Bienvenido a comprar nuestra vajilla de restaurante al por mayor con acabado martillado, varias especificaciones, juegos de vajilla sencillos y exquisitos para restaurantes. \u00a1Venta directa de f\u00e1brica, descuentos de personalizaci\u00f3n a granel est\u00e1n disponibles, consulte ahora!<\/div>\n<h2 class=\"D5aOJc vJwDU\">Vajilla de restaurante al por mayor Par\u00e1metros:<\/h2>\n<table border=\"0\" width=\"618\" cellspacing=\"0\" cellpadding=\"0\">\n<tbody>\n<tr>\n<td width=\"180\" height=\"26\">Fabricante<\/td>\n<td width=\"438\">Lianyuan<\/td>\n<\/tr>\n<tr>\n<td height=\"26\">Tipo de producto<\/td>\n<td>Platos, cuencos, soperas, tazas y teteras<\/td>\n<\/tr>\n<tr>\n<td height=\"26\">Patr\u00f3n<\/td>\n<td>Dise\u00f1o martillado<\/td>\n<\/tr>\n<tr>\n<td height=\"26\">Color<\/td>\n<td>Blanco<\/td>\n<\/tr>\n<tr>\n<td height=\"26\">Material<\/td>\n<td>\n<p>Dolomita<\/p>\n<\/td>\n<\/tr>\n<tr>\n<td height=\"26\">Artesan\u00eda<\/td>\n<td>Glaseado blanco<\/td>\n<\/tr>\n<tr>\n<td height=\"26\">Aplicaci\u00f3n<\/td>\n<td>Apto para microondas, lavavajillas y horno<\/td>\n<\/tr>\n<tr>\n<td height=\"26\">A medida<\/td>\n<td>Color\/Tama\u00f1o\/Logotipo\/Embalaje<\/td>\n<\/tr>\n<\/tbody>\n<\/table>\n<\/div>\n<\/div>\n<div id=\"brxe-ae2c03\" class=\"brxe-product-meta product_meta\">\u00a0<\/div>\n<\/div>","protected":false},"featured_media":2266,"comment_status":"open","ping_status":"closed","template":"","meta":{"_acf_changed":true},"certification":[66,58,65,61,60,62,57],"product_brand":[],"product_cat":[34,18],"product_tag":[],"class_list":{"0":"post-2264","1":"product","2":"type-product","3":"status-publish","4":"has-post-thumbnail","6":"certification-cnas","7":"certification-fda","8":"certification-iaf","9":"certification-iso-14001","10":"certification-iso-45001","11":"certification-iso-9001","12":"certification-lfgb","13":"product_cat-custom-household-ceramics","14":"product_cat-ceramic-tableware-wholesale","16":"first","17":"instock","18":"shipping-taxable","19":"product-type-simple"},"acf":[],"_links":{"self":[{"href":"https:\/\/www.linkceramics.com\/es\/wp-json\/wp\/v2\/product\/2264","targetHints":{"allow":["GET"]}}],"collection":[{"href":"https:\/\/www.linkceramics.com\/es\/wp-json\/wp\/v2\/product"}],"about":[{"href":"https:\/\/www.linkceramics.com\/es\/wp-json\/wp\/v2\/types\/product"}],"replies":[{"embeddable":true,"href":"https:\/\/www.linkceramics.com\/es\/wp-json\/wp\/v2\/comments?post=2264"}],"wp:featuredmedia":[{"embeddable":true,"href":"https:\/\/www.linkceramics.com\/es\/wp-json\/wp\/v2\/media\/2266"}],"wp:attachment":[{"href":"https:\/\/www.linkceramics.com\/es\/wp-json\/wp\/v2\/media?parent=2264"}],"wp:term":[{"taxonomy":"certification","embeddable":true,"href":"https:\/\/www.linkceramics.com\/es\/wp-json\/wp\/v2\/certification?post=2264"},{"taxonomy":"product_brand","embeddable":true,"href":"https:\/\/www.linkceramics.com\/es\/wp-json\/wp\/v2\/product_brand?post=2264"},{"taxonomy":"product_cat","embeddable":true,"href":"https:\/\/www.linkceramics.com\/es\/wp-json\/wp\/v2\/product_cat?post=2264"},{"taxonomy":"product_tag","embeddable":true,"href":"https:\/\/www.linkceramics.com\/es\/wp-json\/wp\/v2\/product_tag?post=2264"}],"curies":[{"name":"wp","href":"https:\/\/api.w.org\/{rel}","templated":true}]}}