{"id":2268,"date":"2025-07-02T10:41:42","date_gmt":"2025-07-02T10:41:42","guid":{"rendered":"https:\/\/www.linkceramics.com\/?post_type=product&#038;p=2268"},"modified":"2025-09-22T09:02:42","modified_gmt":"2025-09-22T09:02:42","slug":"custom-candle-jars","status":"publish","type":"product","link":"https:\/\/www.linkceramics.com\/es\/product\/custom-candle-jars\/","title":{"rendered":"Tarros personalizados para velas, Recipientes de lujo para velas al por mayor"},"content":{"rendered":"<div class=\"wp-block-columns is-layout-flex wp-container-core-columns-is-layout-9d6595d7 wp-block-columns-is-layout-flex\">\n<div class=\"wp-block-column is-layout-flow wp-block-column-is-layout-flow\" style=\"flex-basis:50%\">\n<h3 class=\"wp-block-heading\">Tarros para velas personalizados Caracter\u00edsticas:<\/h3>\n\n\n\n<p><strong>Admite dise\u00f1o personalizado:<\/strong> Estos tarros para velas personalizados tienen varias formas, tama\u00f1os y superficies artesanales que se pueden proporcionar para hacer recipientes para velas \u00fanicos seg\u00fan las necesidades de la marca o las preferencias personales.<\/p>\n\n\n\n<p><strong>Materia prima de alta calidad: <\/strong>Estos tarros personalizados para velas son duraderos en cer\u00e1mica o yeso, resistentes al calor y no t\u00f3xicos para el medio ambiente; contienen cera de soja o cualquier cera perfumada con gran excelencia.<\/p>\n\n\n\n<p><strong>Exquisito dise\u00f1o de l\u00edneas en relieve:<\/strong> Estos tarros para velas personalizados presentan un exquisito dise\u00f1o de l\u00edneas en relieve con una textura tridimensional, que a\u00f1ade una estratificaci\u00f3n visual al producto. Cada detalle est\u00e1 cuidadosamente tallado para crear un aspecto general lujoso y de alta gama.<\/p>\n\n\n\n<p><strong>Sistema de color Morandi de alta gama:<\/strong> Nuestros lujosos recipientes para velas al por mayor ofrecen una gran variedad de opciones de colores Morandi, con tonos suaves y sobrios que pueden combinarse f\u00e1cilmente con diversos estilos de decoraci\u00f3n de interiores. Tanto si se trata de un entorno dom\u00e9stico como de un local comercial, los tonos Morandi pueden aportar un disfrute visual apacible y confortable y realzar el sabor del espacio.<\/p>\n\n\n\n<p><strong>Excelente toque: <\/strong>La superficie de estos tarros de velas personalizados se ha procesado con delicadeza y ofrece un tacto agradable. Al tocarlo, se percibe la textura tridimensional del exquisito relieve, que a\u00f1ade una sensaci\u00f3n de artesan\u00eda al producto. Este delicado tacto hace que el producto no s\u00f3lo destaque visualmente, sino que tambi\u00e9n proporcione a la gente una experiencia agradable al utilizarlo.<\/p>\n<\/div>\n\n\n\n<div class=\"wp-block-column is-layout-flow wp-block-column-is-layout-flow\" style=\"flex-basis:50%\">\n<figure class=\"wp-block-image size-full\"><img decoding=\"async\" width=\"800\" height=\"800\" src=\"https:\/\/www.linkceramics.com\/wp-content\/uploads\/2025\/07\/custom-candle-jars-luxury-candle-containers-wholesale-2.webp\" alt=\"porta-velas de lujo al por mayor-2\" class=\"wp-image-2585\" srcset=\"https:\/\/www.linkceramics.com\/wp-content\/uploads\/2025\/07\/custom-candle-jars-luxury-candle-containers-wholesale-2.webp 800w, https:\/\/www.linkceramics.com\/wp-content\/uploads\/2025\/07\/custom-candle-jars-luxury-candle-containers-wholesale-2-300x300.webp 300w, https:\/\/www.linkceramics.com\/wp-content\/uploads\/2025\/07\/custom-candle-jars-luxury-candle-containers-wholesale-2-150x150.webp 150w, https:\/\/www.linkceramics.com\/wp-content\/uploads\/2025\/07\/custom-candle-jars-luxury-candle-containers-wholesale-2-768x768.webp 768w, https:\/\/www.linkceramics.com\/wp-content\/uploads\/2025\/07\/custom-candle-jars-luxury-candle-containers-wholesale-2-12x12.webp 12w, https:\/\/www.linkceramics.com\/wp-content\/uploads\/2025\/07\/custom-candle-jars-luxury-candle-containers-wholesale-2-600x600.webp 600w, https:\/\/www.linkceramics.com\/wp-content\/uploads\/2025\/07\/custom-candle-jars-luxury-candle-containers-wholesale-2-100x100.webp 100w\" sizes=\"(max-width: 800px) 100vw, 800px\" \/><\/figure>\n<\/div>\n<\/div>\n\n\n\n<p><\/p>","protected":false},"excerpt":{"rendered":"<div id=\"brxe-777fc5\" class=\"brxe-product-short-description brxe-text-basic\">\n<div class=\"woocommerce-product-details__short-description\">\n<p>Le invitamos a adquirir nuestros tarros para velas personalizados, fabricados con materiales de alta calidad. Nuestros lujosos recipientes para velas al por mayor est\u00e1n dise\u00f1ados con exquisitas l\u00edneas en relieve y colores Morandi de alta calidad, que aportan efectos visuales elegantes y discretos y una excelente experiencia al tacto. La practicidad se une a la elegancia en estos vers\u00e1tiles tarros para velas, adecuados para velas arom\u00e1ticas, decoraci\u00f3n del hogar y mucho m\u00e1s.<\/p>\n<h2>Tarros para velas personalizados Par\u00e1metro:<\/h2>\n<table border=\"0\" width=\"582\" cellspacing=\"0\" cellpadding=\"0\">\n<tbody>\n<tr>\n<td width=\"229\" height=\"33\">Fabricante<\/td>\n<td width=\"353\">JINHUA<\/td>\n<\/tr>\n<tr>\n<td height=\"33\">N\u00ba de modelo<\/td>\n<td>JHC25<\/td>\n<\/tr>\n<tr>\n<td height=\"33\">Dise\u00f1o<\/td>\n<td>Forma cil\u00edndrica<\/td>\n<\/tr>\n<tr>\n<td height=\"33\">Material<\/td>\n<td>Cer\u00e1mica<\/td>\n<\/tr>\n<tr>\n<td height=\"33\">Color<\/td>\n<td width=\"353\">Verde, Blanco, Rosa, Azul<\/td>\n<\/tr>\n<tr>\n<td height=\"33\">A medida<\/td>\n<td>Color\/Tama\u00f1o\/Logotipo\/Embalaje<\/td>\n<\/tr>\n<tr>\n<td height=\"33\">MOQ<\/td>\n<td>500 unidades<\/td>\n<\/tr>\n<tr>\n<td height=\"33\">Dimensi\u00f3n<\/td>\n<td width=\"353\">7,2*7,2*7cm<\/td>\n<\/tr>\n<\/tbody>\n<\/table>\n<\/div>\n<\/div>","protected":false},"featured_media":2586,"comment_status":"open","ping_status":"closed","template":"","meta":{"_acf_changed":false},"certification":[63,64,66,58,65,61,60,62,57],"product_brand":[],"product_cat":[37,16],"product_tag":[],"class_list":{"0":"post-2268","1":"product","2":"type-product","3":"status-publish","4":"has-post-thumbnail","6":"certification-amfori","7":"certification-bsci","8":"certification-cnas","9":"certification-fda","10":"certification-iaf","11":"certification-iso-14001","12":"certification-iso-45001","13":"certification-iso-9001","14":"certification-lfgb","15":"product_cat-decorative-ceramic-wholesale","16":"product_cat-ceramic-candle-holder","18":"first","19":"instock","20":"shipping-taxable","21":"product-type-simple"},"acf":[],"_links":{"self":[{"href":"https:\/\/www.linkceramics.com\/es\/wp-json\/wp\/v2\/product\/2268","targetHints":{"allow":["GET"]}}],"collection":[{"href":"https:\/\/www.linkceramics.com\/es\/wp-json\/wp\/v2\/product"}],"about":[{"href":"https:\/\/www.linkceramics.com\/es\/wp-json\/wp\/v2\/types\/product"}],"replies":[{"embeddable":true,"href":"https:\/\/www.linkceramics.com\/es\/wp-json\/wp\/v2\/comments?post=2268"}],"wp:featuredmedia":[{"embeddable":true,"href":"https:\/\/www.linkceramics.com\/es\/wp-json\/wp\/v2\/media\/2586"}],"wp:attachment":[{"href":"https:\/\/www.linkceramics.com\/es\/wp-json\/wp\/v2\/media?parent=2268"}],"wp:term":[{"taxonomy":"certification","embeddable":true,"href":"https:\/\/www.linkceramics.com\/es\/wp-json\/wp\/v2\/certification?post=2268"},{"taxonomy":"product_brand","embeddable":true,"href":"https:\/\/www.linkceramics.com\/es\/wp-json\/wp\/v2\/product_brand?post=2268"},{"taxonomy":"product_cat","embeddable":true,"href":"https:\/\/www.linkceramics.com\/es\/wp-json\/wp\/v2\/product_cat?post=2268"},{"taxonomy":"product_tag","embeddable":true,"href":"https:\/\/www.linkceramics.com\/es\/wp-json\/wp\/v2\/product_tag?post=2268"}],"curies":[{"name":"wp","href":"https:\/\/api.w.org\/{rel}","templated":true}]}}