{"id":2283,"date":"2025-07-14T03:55:15","date_gmt":"2025-07-14T03:55:15","guid":{"rendered":"https:\/\/www.linkceramics.com\/?post_type=product&#038;p=2283"},"modified":"2025-07-14T03:58:27","modified_gmt":"2025-07-14T03:58:27","slug":"wholesale-bath-accessory-set","status":"publish","type":"product","link":"https:\/\/www.linkceramics.com\/es\/product\/wholesale-bath-accessory-set\/","title":{"rendered":"Juego de accesorios de ba\u00f1o de 6 piezas al por mayor, set de ba\u00f1o de cer\u00e1mica morada"},"content":{"rendered":"<div class=\"wp-block-columns is-layout-flex wp-container-core-columns-is-layout-9d6595d7 wp-block-columns-is-layout-flex\">\n<div class=\"wp-block-column is-layout-flow wp-block-column-is-layout-flow\" style=\"flex-basis:50%\">\n<h3 class=\"wp-block-heading\">Juego de accesorios de ba\u00f1o al por mayor de primera calidad Caracter\u00edsticas:<\/h3>\n\n\n\n<ul class=\"wp-block-list\">\n<li><strong>Dise\u00f1o elegante:<\/strong> Estos juegos de accesorios de ba\u00f1o al por mayor presentan un esquema de color morado degradado, con transiciones naturales de colores claros a oscuros de arriba a abajo, creando un efecto visual suave y en capas. Todos los accesorios tienen texturas irregulares y sutiles en sus superficies, lo que a\u00f1ade una sensaci\u00f3n de refinamiento a los productos.<\/li>\n\n\n\n<li><strong>Material duradero: <\/strong>Estos juegos de ba\u00f1o de cer\u00e1mica cocida a alta temperatura a granel tienen una gran dureza y resistencia, no son propensos al desgaste y los da\u00f1os, y tienen una larga vida \u00fatil. Y la superficie de la cer\u00e1mica es lisa, f\u00e1cil de limpiar y mantener.<\/li>\n\n\n\n<li><strong>Juego completo:<\/strong> Nuestros juegos de accesorios de ba\u00f1o al por mayor de 6 piezas incluyen un dispensador de jab\u00f3n, una jabonera, un tarro de algod\u00f3n, un soporte para cepillos de dientes, un vaso para enjuague bucal y un escobillero, que combinan varias funciones de ba\u00f1o como lavado, limpieza y almacenamiento.<\/li>\n\n\n\n<li><strong>Opciones coloridas: <\/strong>Estos conjuntos de ba\u00f1o de cer\u00e1mica a granel est\u00e1n disponibles en tres colores diferentes, adem\u00e1s del morado. Los usuarios pueden elegir el color m\u00e1s adecuado seg\u00fan su estilo de ba\u00f1o para crear su propio espacio de ba\u00f1o \u00fanico.<\/li>\n<\/ul>\n<\/div>\n\n\n\n<div class=\"wp-block-column is-layout-flow wp-block-column-is-layout-flow\" style=\"flex-basis:50%\">\n<figure class=\"wp-block-image size-full\"><img decoding=\"async\" width=\"1600\" height=\"1600\" src=\"https:\/\/www.linkceramics.com\/wp-content\/uploads\/2025\/07\/6-Piece-Purple-Ceramic-Bathroom-Set-Wholesale-Custom-Bath-Accessories.webp\" alt=\"Set de ba\u00f1o de cer\u00e1mica p\u00farpura de 6 piezas - Accesorios de ba\u00f1o personalizados al por mayor\" class=\"wp-image-2288\" srcset=\"https:\/\/www.linkceramics.com\/wp-content\/uploads\/2025\/07\/6-Piece-Purple-Ceramic-Bathroom-Set-Wholesale-Custom-Bath-Accessories.webp 1600w, https:\/\/www.linkceramics.com\/wp-content\/uploads\/2025\/07\/6-Piece-Purple-Ceramic-Bathroom-Set-Wholesale-Custom-Bath-Accessories-300x300.webp 300w, https:\/\/www.linkceramics.com\/wp-content\/uploads\/2025\/07\/6-Piece-Purple-Ceramic-Bathroom-Set-Wholesale-Custom-Bath-Accessories-150x150.webp 150w, https:\/\/www.linkceramics.com\/wp-content\/uploads\/2025\/07\/6-Piece-Purple-Ceramic-Bathroom-Set-Wholesale-Custom-Bath-Accessories-768x768.webp 768w, https:\/\/www.linkceramics.com\/wp-content\/uploads\/2025\/07\/6-Piece-Purple-Ceramic-Bathroom-Set-Wholesale-Custom-Bath-Accessories-12x12.webp 12w, https:\/\/www.linkceramics.com\/wp-content\/uploads\/2025\/07\/6-Piece-Purple-Ceramic-Bathroom-Set-Wholesale-Custom-Bath-Accessories-1200x1200.webp 1200w, https:\/\/www.linkceramics.com\/wp-content\/uploads\/2025\/07\/6-Piece-Purple-Ceramic-Bathroom-Set-Wholesale-Custom-Bath-Accessories-600x600.webp 600w, https:\/\/www.linkceramics.com\/wp-content\/uploads\/2025\/07\/6-Piece-Purple-Ceramic-Bathroom-Set-Wholesale-Custom-Bath-Accessories-100x100.webp 100w\" sizes=\"(max-width: 1600px) 100vw, 1600px\" \/><\/figure>\n<\/div>\n<\/div>\n\n\n\n<p><\/p>","protected":false},"excerpt":{"rendered":"<div class=\"elementor-element elementor-element-12826c1 elementor-widget elementor-widget-text-editor\" data-id=\"12826c1\" data-element_type=\"widget\" data-widget_type=\"text-editor.default\">\n<div class=\"elementor-widget-container\">\n<div class=\"elementor-element elementor-element-12826c1 elementor-widget elementor-widget-text-editor\" data-id=\"12826c1\" data-element_type=\"widget\" data-widget_type=\"text-editor.default\">\n<div class=\"elementor-widget-container\">\n<p>Bienvenido a comprar conjuntos de accesorios de ba\u00f1o al por mayor. Estos juegos de ba\u00f1o de cer\u00e1mica al por mayor est\u00e1n dise\u00f1ados con estilo y pueden a\u00f1adir un ambiente elegante y c\u00e1lido al cuarto de ba\u00f1o. Adem\u00e1s, el material cer\u00e1mico es duradero y f\u00e1cil de limpiar, por lo que resulta muy pr\u00e1ctico.<\/p>\n<\/div>\n<\/div>\n<h2 class=\"wp-block-heading\">Juego de accesorios de ba\u00f1o al por mayor Especificaciones:<\/h2>\n<\/div>\n<\/div>\n<div data-id=\"bef26dc\" data-element_type=\"widget\" data-widget_type=\"text-editor.default\">\n<div>\n<table border=\"0\" width=\"476\" cellspacing=\"0\" cellpadding=\"0\">\n<tbody>\n<tr>\n<td width=\"187\" height=\"29\">Fabricante<\/td>\n<td width=\"289\">JINHUA<\/td>\n<\/tr>\n<tr>\n<td height=\"29\">N\u00ba de modelo<\/td>\n<td>JHB77<\/td>\n<\/tr>\n<tr>\n<td height=\"29\">Dise\u00f1o<\/td>\n<td>Juego de 6 piezas<\/td>\n<\/tr>\n<tr>\n<td height=\"29\">Material<\/td>\n<td>Cer\u00e1mica<\/td>\n<\/tr>\n<tr>\n<td height=\"29\">Color<\/td>\n<td width=\"289\">Morado, Rojo, Verde<\/td>\n<\/tr>\n<tr>\n<td height=\"29\">A medida<\/td>\n<td>Color\/Tama\u00f1o\/Logotipo\/Embalaje<\/td>\n<\/tr>\n<tr>\n<td height=\"29\">MOQ<\/td>\n<td>500 juegos<\/td>\n<\/tr>\n<tr>\n<td height=\"232\">Dimensi\u00f3n<\/td>\n<td width=\"289\">botella de jab\u00f3n: 10*10*19,5cm<br \/>taza: 9*9*12cm<br \/>Soporte para cepillo de dientes: 9.5*9.5*12cm<br \/>jabonera: 13*9*2cm<br \/>tarro: 10*10*11.5cm<br \/>Escobillero: 9.5*9.5*36.5cm<\/td>\n<\/tr>\n<\/tbody>\n<\/table>\n<\/div>\n<\/div>\n<div class=\"elementor-element elementor-element-b03ea8d elementor-widget elementor-widget-button\" data-id=\"b03ea8d\" data-element_type=\"widget\" data-widget_type=\"button.default\">\n<div class=\"elementor-widget-container\">\n<div class=\"elementor-button-wrapper\">\u00a0<\/div>\n<\/div>\n<\/div>","protected":false},"featured_media":2287,"comment_status":"open","ping_status":"closed","template":"","meta":{"_acf_changed":false},"certification":[63,64,66,58,65,61,60,62,57],"product_brand":[],"product_cat":[35,22],"product_tag":[],"class_list":{"0":"post-2283","1":"product","2":"type-product","3":"status-publish","4":"has-post-thumbnail","6":"certification-amfori","7":"certification-bsci","8":"certification-cnas","9":"certification-fda","10":"certification-iaf","11":"certification-iso-14001","12":"certification-iso-45001","13":"certification-iso-9001","14":"certification-lfgb","15":"product_cat-bathroom-ceramics-supply","16":"product_cat-ceramic-bathroom-set","18":"first","19":"instock","20":"shipping-taxable","21":"product-type-simple"},"acf":[],"_links":{"self":[{"href":"https:\/\/www.linkceramics.com\/es\/wp-json\/wp\/v2\/product\/2283","targetHints":{"allow":["GET"]}}],"collection":[{"href":"https:\/\/www.linkceramics.com\/es\/wp-json\/wp\/v2\/product"}],"about":[{"href":"https:\/\/www.linkceramics.com\/es\/wp-json\/wp\/v2\/types\/product"}],"replies":[{"embeddable":true,"href":"https:\/\/www.linkceramics.com\/es\/wp-json\/wp\/v2\/comments?post=2283"}],"wp:featuredmedia":[{"embeddable":true,"href":"https:\/\/www.linkceramics.com\/es\/wp-json\/wp\/v2\/media\/2287"}],"wp:attachment":[{"href":"https:\/\/www.linkceramics.com\/es\/wp-json\/wp\/v2\/media?parent=2283"}],"wp:term":[{"taxonomy":"certification","embeddable":true,"href":"https:\/\/www.linkceramics.com\/es\/wp-json\/wp\/v2\/certification?post=2283"},{"taxonomy":"product_brand","embeddable":true,"href":"https:\/\/www.linkceramics.com\/es\/wp-json\/wp\/v2\/product_brand?post=2283"},{"taxonomy":"product_cat","embeddable":true,"href":"https:\/\/www.linkceramics.com\/es\/wp-json\/wp\/v2\/product_cat?post=2283"},{"taxonomy":"product_tag","embeddable":true,"href":"https:\/\/www.linkceramics.com\/es\/wp-json\/wp\/v2\/product_tag?post=2283"}],"curies":[{"name":"wp","href":"https:\/\/api.w.org\/{rel}","templated":true}]}}