{"id":2299,"date":"2025-07-14T09:50:43","date_gmt":"2025-07-14T09:50:43","guid":{"rendered":"https:\/\/www.linkceramics.com\/?post_type=product&#038;p=2299"},"modified":"2025-07-14T09:50:45","modified_gmt":"2025-07-14T09:50:45","slug":"crockery-bulk","status":"publish","type":"product","link":"https:\/\/www.linkceramics.com\/es\/product\/crockery-bulk\/","title":{"rendered":"Catering Supplies Vajilla al por mayor, Vajilla de lujo al por mayor Platos y cuencos"},"content":{"rendered":"<div class=\"wp-block-columns is-layout-flex wp-container-core-columns-is-layout-9d6595d7 wp-block-columns-is-layout-flex\">\n<div class=\"wp-block-column is-layout-flow wp-block-column-is-layout-flow\" style=\"flex-basis:66.66%\">\n<h3 class=\"wp-block-heading\">Suministros de catering Vajilla a granel Caracter\u00edsticas:<\/h3>\n\n\n\n<ul class=\"wp-block-list\">\n<li><strong>Azul claro fresco, elegante y natural: <\/strong>Nuestros platos y cuencos de vajilla al por mayor son principalmente de color azul claro fresco, con un suave dise\u00f1o de borde de loto, a\u00f1adiendo un toque de elegancia y belleza natural a la mesa de comedor, especialmente adecuados para banquetes de alta gama y escenas de catering.<\/li>\n\n\n\n<li><strong>Combinaci\u00f3n de varios tama\u00f1os para satisfacer diversas necesidades:<\/strong> Nuestra vajilla a granel para catering incluye platos y cuencos de distintos tama\u00f1os, que permiten presentar perfectamente desde aperitivos hasta platos principales y postres, y se adaptan con flexibilidad a las distintas necesidades de los platos.<\/li>\n\n\n\n<li><strong>Materiales de alta calidad, pr\u00e1cticos y duraderos:<\/strong> Estos platos y cuencos de vajilla al por mayor se seleccionan a partir de cer\u00e1mica cocida a alta temperatura, con superficies lisas y delicadas, buena resistencia a los ara\u00f1azos y capacidad antiincrustante, adecuados para escenas de servicio de catering de alta frecuencia.<\/li>\n\n\n\n<li><strong>Suministro a granel, soporte para personalizaci\u00f3n a medida:<\/strong> Proporcionamos servicios de suministro a granel de vajilla de catering a granel y atendemos necesidades personalizadas, como el ajuste del color y la impresi\u00f3n del logotipo, para ayudar a los clientes comerciales a mejorar su imagen de marca y la calidad de su servicio.<\/li>\n<\/ul>\n<\/div>\n\n\n\n<div class=\"wp-block-column is-layout-flow wp-block-column-is-layout-flow\" style=\"flex-basis:33.33%\">\n<figure class=\"wp-block-image size-full\"><img decoding=\"async\" width=\"800\" height=\"800\" src=\"https:\/\/www.linkceramics.com\/wp-content\/uploads\/2025\/07\/catering-supplies-crockery-bulk-fancy-wholesale-dinnerware-plates-and-bowls-3.webp\" alt=\"catering-suministros-crockery-bulk-fancy-wholesale-dinnerware-plates-and-bowls-3\" class=\"wp-image-2302\" srcset=\"https:\/\/www.linkceramics.com\/wp-content\/uploads\/2025\/07\/catering-supplies-crockery-bulk-fancy-wholesale-dinnerware-plates-and-bowls-3.webp 800w, https:\/\/www.linkceramics.com\/wp-content\/uploads\/2025\/07\/catering-supplies-crockery-bulk-fancy-wholesale-dinnerware-plates-and-bowls-3-300x300.webp 300w, https:\/\/www.linkceramics.com\/wp-content\/uploads\/2025\/07\/catering-supplies-crockery-bulk-fancy-wholesale-dinnerware-plates-and-bowls-3-150x150.webp 150w, https:\/\/www.linkceramics.com\/wp-content\/uploads\/2025\/07\/catering-supplies-crockery-bulk-fancy-wholesale-dinnerware-plates-and-bowls-3-768x768.webp 768w, https:\/\/www.linkceramics.com\/wp-content\/uploads\/2025\/07\/catering-supplies-crockery-bulk-fancy-wholesale-dinnerware-plates-and-bowls-3-12x12.webp 12w, https:\/\/www.linkceramics.com\/wp-content\/uploads\/2025\/07\/catering-supplies-crockery-bulk-fancy-wholesale-dinnerware-plates-and-bowls-3-600x600.webp 600w, https:\/\/www.linkceramics.com\/wp-content\/uploads\/2025\/07\/catering-supplies-crockery-bulk-fancy-wholesale-dinnerware-plates-and-bowls-3-100x100.webp 100w\" sizes=\"(max-width: 800px) 100vw, 800px\" \/><\/figure>\n<\/div>\n<\/div>","protected":false},"excerpt":{"rendered":"<div id=\"brxe-0ee1ca\" class=\"brxe-product-meta product_meta\">Bienvenido a comprar vajilla de suministros de catering al por mayor. Nuestros platos y cuencos de cer\u00e1mica azul claro al por mayor son frescos y elegantes en su dise\u00f1o, adecuados para una variedad de escenas. Proporcionan una variedad de combinaciones de tama\u00f1o, presentaci\u00f3n perfecta desde aperitivos hasta postres. La cer\u00e1mica de alta calidad seleccionada es duradera y f\u00e1cil de limpiar, y admite el suministro y la personalizaci\u00f3n a gran escala.<\/div>\n<div id=\"brxe-8c5ca9\" class=\"brxe-product-short-description\">\n<div class=\"woocommerce-product-details__short-description\">\n<h2>Suministros de catering Vajilla a granel Especificaciones:<\/h2>\n<table border=\"0\" width=\"654\" cellspacing=\"0\" cellpadding=\"0\">\n<tbody>\n<tr>\n<td width=\"254\" height=\"33\">Fabricante<\/td>\n<td width=\"400\">Yongjian<\/td>\n<\/tr>\n<tr>\n<td height=\"33\">N\u00ba de modelo<\/td>\n<td width=\"400\">YJ-105<\/td>\n<\/tr>\n<tr>\n<td width=\"254\" height=\"33\">Tipo de vajilla<\/td>\n<td width=\"400\">Bandejas, Platos, Cuencos<\/td>\n<\/tr>\n<tr>\n<td height=\"33\">T\u00e9cnica<\/td>\n<td>Efecto esmaltado en horno<\/td>\n<\/tr>\n<tr>\n<td height=\"33\">Material<\/td>\n<td>Porcelana<\/td>\n<\/tr>\n<tr>\n<td height=\"66\">Aplicable<\/td>\n<td width=\"400\">Esterilizador, Lavavajillas, Horno, Microondas<\/td>\n<\/tr>\n<tr>\n<td height=\"33\">Dimensi\u00f3n<\/td>\n<td>Como imagen<\/td>\n<\/tr>\n<tr>\n<td height=\"33\">MOQ<\/td>\n<td>500 unidades<\/td>\n<\/tr>\n<tr>\n<td height=\"33\">A medida<\/td>\n<td>Color\/Tama\u00f1o\/Logotipo\/Embalaje<\/td>\n<\/tr>\n<\/tbody>\n<\/table>\n<\/div>\n<\/div>","protected":false},"featured_media":2304,"comment_status":"open","ping_status":"closed","template":"","meta":{"_acf_changed":false},"certification":[63,64,66,58,65,61,60,62],"product_brand":[],"product_cat":[34,18],"product_tag":[],"class_list":{"0":"post-2299","1":"product","2":"type-product","3":"status-publish","4":"has-post-thumbnail","6":"certification-amfori","7":"certification-bsci","8":"certification-cnas","9":"certification-fda","10":"certification-iaf","11":"certification-iso-14001","12":"certification-iso-45001","13":"certification-iso-9001","14":"product_cat-custom-household-ceramics","15":"product_cat-ceramic-tableware-wholesale","17":"first","18":"instock","19":"shipping-taxable","20":"product-type-simple"},"acf":[],"_links":{"self":[{"href":"https:\/\/www.linkceramics.com\/es\/wp-json\/wp\/v2\/product\/2299","targetHints":{"allow":["GET"]}}],"collection":[{"href":"https:\/\/www.linkceramics.com\/es\/wp-json\/wp\/v2\/product"}],"about":[{"href":"https:\/\/www.linkceramics.com\/es\/wp-json\/wp\/v2\/types\/product"}],"replies":[{"embeddable":true,"href":"https:\/\/www.linkceramics.com\/es\/wp-json\/wp\/v2\/comments?post=2299"}],"wp:featuredmedia":[{"embeddable":true,"href":"https:\/\/www.linkceramics.com\/es\/wp-json\/wp\/v2\/media\/2304"}],"wp:attachment":[{"href":"https:\/\/www.linkceramics.com\/es\/wp-json\/wp\/v2\/media?parent=2299"}],"wp:term":[{"taxonomy":"certification","embeddable":true,"href":"https:\/\/www.linkceramics.com\/es\/wp-json\/wp\/v2\/certification?post=2299"},{"taxonomy":"product_brand","embeddable":true,"href":"https:\/\/www.linkceramics.com\/es\/wp-json\/wp\/v2\/product_brand?post=2299"},{"taxonomy":"product_cat","embeddable":true,"href":"https:\/\/www.linkceramics.com\/es\/wp-json\/wp\/v2\/product_cat?post=2299"},{"taxonomy":"product_tag","embeddable":true,"href":"https:\/\/www.linkceramics.com\/es\/wp-json\/wp\/v2\/product_tag?post=2299"}],"curies":[{"name":"wp","href":"https:\/\/api.w.org\/{rel}","templated":true}]}}