{"id":2306,"date":"2025-07-14T10:54:06","date_gmt":"2025-07-14T10:54:06","guid":{"rendered":"https:\/\/www.linkceramics.com\/?post_type=product&#038;p=2306"},"modified":"2025-07-14T10:54:08","modified_gmt":"2025-07-14T10:54:08","slug":"custom-chinese-casserole-dish","status":"publish","type":"product","link":"https:\/\/www.linkceramics.com\/es\/product\/custom-chinese-casserole-dish\/","title":{"rendered":"Plato de la cacerola de encargo chino olla de sopa negro utensilios de cocina de cer\u00e1mica"},"content":{"rendered":"<div class=\"wp-block-columns is-layout-flex wp-container-core-columns-is-layout-9d6595d7 wp-block-columns-is-layout-flex\">\n<div class=\"wp-block-column is-layout-flow wp-block-column-is-layout-flow\" style=\"flex-basis:50%\">\n<h3 class=\"wp-block-heading\">Cacerola china personalizada Caracter\u00edsticas:<\/h3>\n\n\n\n<p><strong>Dise\u00f1o minimalista moderno en negro<\/strong><br>El elegante aspecto de la cacerola china personalizada negra contin\u00faa el popular dise\u00f1o de las ollas de hierro fundido en el extranjero. Es moderna y cl\u00e1sica, adecuada para cualquier estilo de cocina y muy decorativa.<\/p>\n\n\n\n<p><strong>Porcelana ecol\u00f3gica resistente al calor<\/strong><br>La bater\u00eda de cocina de cer\u00e1mica al por mayor hecha de material de porcelana resistente a altas temperaturas, seguro y no t\u00f3xico. El cuerpo de la cacerola china es robusto y duradero, con transferencia de calor uniforme, que puede mantener la comida caliente durante mucho tiempo y es adecuado para el uso a largo plazo.<\/p>\n\n\n\n<p><strong>Esmalte de alta calidad<br><\/strong>La superficie de cer\u00e1mica cocida a alta temperatura es duradera y f\u00e1cil de limpiar, a la vez que resistente a los ara\u00f1azos y no se decolora ni desti\u00f1e f\u00e1cilmente.<\/p>\n\n\n\n<p><strong>Pomo de madera antical<br><\/strong>La cacerola china personalizada con pomos de madera natural respetuosa con el medio ambiente, es sana y no t\u00f3xica, y tiene funci\u00f3n antiescaldamiento, lo que mejora la seguridad y la comodidad de uso.<\/p>\n\n\n\n<p>Varios tipos de utensilios de cocina para elegir<br>La bater\u00eda de cocina de cer\u00e1mica al por mayor incluye ollas soperas, ollas guiseras multifunci\u00f3n y ollas lecheras, etc., para satisfacer diferentes necesidades culinarias, adecuadas para la cocina familiar diaria o para banquetes.<\/p>\n<\/div>\n\n\n\n<div class=\"wp-block-column is-layout-flow wp-block-column-is-layout-flow\" style=\"flex-basis:50%\">\n<figure class=\"wp-block-image size-full\"><img decoding=\"async\" width=\"4139\" height=\"4139\" src=\"https:\/\/www.linkceramics.com\/wp-content\/uploads\/2025\/07\/custom-chinese-casserole-dish-7.webp\" alt=\"custom-chinese-casserole-dish-7\" class=\"wp-image-2309\" srcset=\"https:\/\/www.linkceramics.com\/wp-content\/uploads\/2025\/07\/custom-chinese-casserole-dish-7.webp 4139w, https:\/\/www.linkceramics.com\/wp-content\/uploads\/2025\/07\/custom-chinese-casserole-dish-7-300x300.webp 300w, https:\/\/www.linkceramics.com\/wp-content\/uploads\/2025\/07\/custom-chinese-casserole-dish-7-150x150.webp 150w, https:\/\/www.linkceramics.com\/wp-content\/uploads\/2025\/07\/custom-chinese-casserole-dish-7-768x768.webp 768w, https:\/\/www.linkceramics.com\/wp-content\/uploads\/2025\/07\/custom-chinese-casserole-dish-7-12x12.webp 12w, https:\/\/www.linkceramics.com\/wp-content\/uploads\/2025\/07\/custom-chinese-casserole-dish-7-1200x1200.webp 1200w, https:\/\/www.linkceramics.com\/wp-content\/uploads\/2025\/07\/custom-chinese-casserole-dish-7-600x600.webp 600w, https:\/\/www.linkceramics.com\/wp-content\/uploads\/2025\/07\/custom-chinese-casserole-dish-7-100x100.webp 100w\" sizes=\"(max-width: 4139px) 100vw, 4139px\" \/><\/figure>\n<\/div>\n<\/div>","protected":false},"excerpt":{"rendered":"<div class=\"D5aOJc vJwDU\">\n<div id=\"brxe-26696e\" class=\"brxe-product-short-description brxe-text-basic\">\n<div class=\"woocommerce-product-details__short-description\">\n<div class=\"D5aOJc vJwDU\">\n<p>Cacerola china a medida con un moderno cuerpo negro y mango de madera, que presenta un dise\u00f1o de olla de hierro fundido fabricada en cer\u00e1mica resistente a altas temperaturas. Ofrece una excelente retenci\u00f3n del calor y un calentamiento uniforme. Suministrado directamente por el fabricante de la cacerola, \u00a1le invitamos a informarse!<\/p>\n<\/div>\n<h2 class=\"D5aOJc vJwDU\">Vajilla de restaurante al por mayor Par\u00e1metros:<\/h2>\n<table border=\"0\" width=\"618\" cellspacing=\"0\" cellpadding=\"0\">\n<tbody>\n<tr>\n<td width=\"180\" height=\"26\">Fabricante<\/td>\n<td width=\"438\">Lianyuan<\/td>\n<\/tr>\n<tr>\n<td height=\"26\">Tipo de producto<\/td>\n<td>Cacerola para sopa, Cacerola multifuncional, Olla para leche<\/td>\n<\/tr>\n<tr>\n<td height=\"26\">Color<\/td>\n<td>Negro con pomo de madera<\/td>\n<\/tr>\n<tr>\n<td height=\"26\">Material<\/td>\n<td>Porcelana resistente al calor<\/td>\n<\/tr>\n<tr>\n<td height=\"26\">Aplicaci\u00f3n<\/td>\n<td>Apto para microondas, lavavajillas y horno<\/td>\n<\/tr>\n<tr>\n<td height=\"26\">A medida<\/td>\n<td>Color\/Tama\u00f1o\/Logotipo\/Embalaje<\/td>\n<\/tr>\n<\/tbody>\n<\/table>\n<\/div>\n<\/div>\n<div id=\"brxe-ae2c03\" class=\"brxe-product-meta product_meta\">\u00a0<\/div>\n<\/div>","protected":false},"featured_media":2308,"comment_status":"open","ping_status":"closed","template":"","meta":{"_acf_changed":false},"certification":[66,58,65,61,60,62,57],"product_brand":[],"product_cat":[34,20],"product_tag":[],"class_list":{"0":"post-2306","1":"product","2":"type-product","3":"status-publish","4":"has-post-thumbnail","6":"certification-cnas","7":"certification-fda","8":"certification-iaf","9":"certification-iso-14001","10":"certification-iso-45001","11":"certification-iso-9001","12":"certification-lfgb","13":"product_cat-custom-household-ceramics","14":"product_cat-ceramic-kitchenware-wholesale","16":"first","17":"instock","18":"shipping-taxable","19":"product-type-simple"},"acf":[],"_links":{"self":[{"href":"https:\/\/www.linkceramics.com\/es\/wp-json\/wp\/v2\/product\/2306","targetHints":{"allow":["GET"]}}],"collection":[{"href":"https:\/\/www.linkceramics.com\/es\/wp-json\/wp\/v2\/product"}],"about":[{"href":"https:\/\/www.linkceramics.com\/es\/wp-json\/wp\/v2\/types\/product"}],"replies":[{"embeddable":true,"href":"https:\/\/www.linkceramics.com\/es\/wp-json\/wp\/v2\/comments?post=2306"}],"wp:featuredmedia":[{"embeddable":true,"href":"https:\/\/www.linkceramics.com\/es\/wp-json\/wp\/v2\/media\/2308"}],"wp:attachment":[{"href":"https:\/\/www.linkceramics.com\/es\/wp-json\/wp\/v2\/media?parent=2306"}],"wp:term":[{"taxonomy":"certification","embeddable":true,"href":"https:\/\/www.linkceramics.com\/es\/wp-json\/wp\/v2\/certification?post=2306"},{"taxonomy":"product_brand","embeddable":true,"href":"https:\/\/www.linkceramics.com\/es\/wp-json\/wp\/v2\/product_brand?post=2306"},{"taxonomy":"product_cat","embeddable":true,"href":"https:\/\/www.linkceramics.com\/es\/wp-json\/wp\/v2\/product_cat?post=2306"},{"taxonomy":"product_tag","embeddable":true,"href":"https:\/\/www.linkceramics.com\/es\/wp-json\/wp\/v2\/product_tag?post=2306"}],"curies":[{"name":"wp","href":"https:\/\/api.w.org\/{rel}","templated":true}]}}