{"id":2342,"date":"2025-07-22T04:01:03","date_gmt":"2025-07-22T04:01:03","guid":{"rendered":"https:\/\/www.linkceramics.com\/?post_type=product&#038;p=2342"},"modified":"2025-07-22T04:01:05","modified_gmt":"2025-07-22T04:01:05","slug":"teapots-wholesale","status":"publish","type":"product","link":"https:\/\/www.linkceramics.com\/es\/product\/teapots-wholesale\/","title":{"rendered":"Solecasa Teteras de Porcelana 1.5L al por mayor, Articulos de Beber al por mayor"},"content":{"rendered":"<div class=\"wp-block-columns is-layout-flex wp-container-core-columns-is-layout-9d6595d7 wp-block-columns-is-layout-flex\">\n<div class=\"wp-block-column is-layout-flow wp-block-column-is-layout-flow\" style=\"flex-basis:50%\">\n<h3 class=\"wp-block-heading\">Teteras de Porcelana Premium al por mayor Caracter\u00edsticas:<\/h3>\n\n\n\n<ul class=\"wp-block-list\">\n<li><strong>Dise\u00f1o cl\u00e1sico en azul y blanco:<\/strong> Nuestras teteras de cer\u00e1mica al por mayor adoptan el cl\u00e1sico patr\u00f3n azul y blanco como estilo de dise\u00f1o, a la vez elegante y generoso, mostrando un fuerte sabor cultural tradicional, proporcionando un sabor art\u00edstico para la cena o el t\u00e9 de la tarde.<\/li>\n\n\n\n<li><strong>Material de porcelana de alta calidad:<\/strong> Nuestra vajilla para restaurantes utiliza porcelana de alta calidad para garantizar que cada tetera sea resistente y duradera, pueda soportar altas temperaturas sin deformarse y sea f\u00e1cil de limpiar, manteniendo su belleza y valor de uso a largo plazo.<\/li>\n\n\n\n<li><strong>Opci\u00f3n de LOGO personalizado: <\/strong>Ofrecemos un servicio de LOGO personalizado para teteras al por mayor, que es adecuado para la promoci\u00f3n de marcas, actividades corporativas, hoteles o restaurantes y otros lugares. Las teteras con logotipos de marca personalizados pueden mejorar eficazmente la imagen corporativa.<\/li>\n\n\n\n<li><strong>Dise\u00f1o de gran capacidad: <\/strong>Esta tetera de hosteler\u00eda tiene una capacidad de 1,5 l, adecuada para reuniones familiares, fiestas del t\u00e9 u ocasiones comerciales.<\/li>\n\n\n\n<li><strong>Aplicable a m\u00faltiples ocasiones:<\/strong> Ya sea para uso diario en el hogar, hoteles, restaurantes, oficinas, o como regalos de empresa o recuerdos personalizados, estas teteras de porcelana al por mayor pueden integrarse perfectamente en diversos entornos.<\/li>\n<\/ul>\n<\/div>\n\n\n\n<div class=\"wp-block-column is-layout-flow wp-block-column-is-layout-flow\" style=\"flex-basis:50%\">\n<figure class=\"wp-block-image size-full\"><img decoding=\"async\" width=\"426\" height=\"426\" src=\"https:\/\/www.linkceramics.com\/wp-content\/uploads\/2025\/07\/Solecasa-Porcelain-Teapots-Wholesale-Custom-Logo-Drinkware-3.webp\" alt=\"Solecasa-Porcelana-Teteras-Mayorista-Personalizado-Logoterapia-3\" class=\"wp-image-2345\" srcset=\"https:\/\/www.linkceramics.com\/wp-content\/uploads\/2025\/07\/Solecasa-Porcelain-Teapots-Wholesale-Custom-Logo-Drinkware-3.webp 426w, https:\/\/www.linkceramics.com\/wp-content\/uploads\/2025\/07\/Solecasa-Porcelain-Teapots-Wholesale-Custom-Logo-Drinkware-3-300x300.webp 300w, https:\/\/www.linkceramics.com\/wp-content\/uploads\/2025\/07\/Solecasa-Porcelain-Teapots-Wholesale-Custom-Logo-Drinkware-3-150x150.webp 150w, https:\/\/www.linkceramics.com\/wp-content\/uploads\/2025\/07\/Solecasa-Porcelain-Teapots-Wholesale-Custom-Logo-Drinkware-3-12x12.webp 12w, https:\/\/www.linkceramics.com\/wp-content\/uploads\/2025\/07\/Solecasa-Porcelain-Teapots-Wholesale-Custom-Logo-Drinkware-3-100x100.webp 100w\" sizes=\"(max-width: 426px) 100vw, 426px\" \/><\/figure>\n<\/div>\n<\/div>","protected":false},"excerpt":{"rendered":"<div id=\"brxe-0ee1ca\" class=\"brxe-product-meta product_meta\">\n<p>Bienvenido a comprar vajilla para restaurantes. Nuestro patr\u00f3n de flores teteras de cer\u00e1mica al por mayor se hacen a mano en un estilo elegante y colores puros, con estilos cl\u00e1sicos y modernos, y son adecuados para todo tipo de escenas de comedor.<\/p>\n<\/div>\n<div id=\"brxe-8c5ca9\" class=\"brxe-product-short-description\">\n<div class=\"woocommerce-product-details__short-description\">\n<h2>Teteras al por mayor Especificaciones:<\/h2>\n<table border=\"0\" width=\"370\" cellspacing=\"0\" cellpadding=\"0\">\n<tbody>\n<tr>\n<td width=\"139\" height=\"18\">Fabricante<\/td>\n<td width=\"231\">SOLECASA<\/td>\n<\/tr>\n<tr>\n<td width=\"139\" height=\"18\">Colecci\u00f3n Pertenecer<\/td>\n<td width=\"231\">Azul gamma<\/td>\n<\/tr>\n<tr>\n<td width=\"139\" height=\"18\">Tipo de producto<\/td>\n<td width=\"231\">Tetera en vidrio de 1,3 L<\/td>\n<\/tr>\n<tr>\n<td width=\"139\" height=\"18\">N\u00famero de modelo<\/td>\n<td width=\"231\">BD006F03540-XB<\/td>\n<\/tr>\n<tr>\n<td width=\"139\" height=\"18\">Material<\/td>\n<td width=\"231\">Porcelana<\/td>\n<\/tr>\n<tr>\n<td width=\"139\" height=\"18\">Dimensi\u00f3n<\/td>\n<td width=\"231\">1.3L<\/td>\n<\/tr>\n<tr>\n<td width=\"139\" height=\"18\">MOQ<\/td>\n<td width=\"231\">MOQ bajo<\/td>\n<\/tr>\n<tr>\n<td width=\"139\" height=\"18\">Muestra gratuita<\/td>\n<td width=\"231\">Disponible<\/td>\n<\/tr>\n<tr>\n<td width=\"139\" height=\"18\">Opci\u00f3n personalizada<\/td>\n<td width=\"231\">Color\/Tama\u00f1o\/Glaseado\/Logotipo\/Embalaje<\/td>\n<\/tr>\n<\/tbody>\n<\/table>\n<\/div>\n<\/div>","protected":false},"featured_media":2343,"comment_status":"open","ping_status":"closed","template":"","meta":{"_acf_changed":true},"certification":[63,64,66,58,65,61,60,62,57],"product_brand":[],"product_cat":[19,34],"product_tag":[],"class_list":{"0":"post-2342","1":"product","2":"type-product","3":"status-publish","4":"has-post-thumbnail","6":"certification-amfori","7":"certification-bsci","8":"certification-cnas","9":"certification-fda","10":"certification-iaf","11":"certification-iso-14001","12":"certification-iso-45001","13":"certification-iso-9001","14":"certification-lfgb","15":"product_cat-ceramic-tea-set-wholesale","16":"product_cat-custom-household-ceramics","18":"first","19":"instock","20":"shipping-taxable","21":"product-type-simple"},"acf":[],"_links":{"self":[{"href":"https:\/\/www.linkceramics.com\/es\/wp-json\/wp\/v2\/product\/2342","targetHints":{"allow":["GET"]}}],"collection":[{"href":"https:\/\/www.linkceramics.com\/es\/wp-json\/wp\/v2\/product"}],"about":[{"href":"https:\/\/www.linkceramics.com\/es\/wp-json\/wp\/v2\/types\/product"}],"replies":[{"embeddable":true,"href":"https:\/\/www.linkceramics.com\/es\/wp-json\/wp\/v2\/comments?post=2342"}],"wp:featuredmedia":[{"embeddable":true,"href":"https:\/\/www.linkceramics.com\/es\/wp-json\/wp\/v2\/media\/2343"}],"wp:attachment":[{"href":"https:\/\/www.linkceramics.com\/es\/wp-json\/wp\/v2\/media?parent=2342"}],"wp:term":[{"taxonomy":"certification","embeddable":true,"href":"https:\/\/www.linkceramics.com\/es\/wp-json\/wp\/v2\/certification?post=2342"},{"taxonomy":"product_brand","embeddable":true,"href":"https:\/\/www.linkceramics.com\/es\/wp-json\/wp\/v2\/product_brand?post=2342"},{"taxonomy":"product_cat","embeddable":true,"href":"https:\/\/www.linkceramics.com\/es\/wp-json\/wp\/v2\/product_cat?post=2342"},{"taxonomy":"product_tag","embeddable":true,"href":"https:\/\/www.linkceramics.com\/es\/wp-json\/wp\/v2\/product_tag?post=2342"}],"curies":[{"name":"wp","href":"https:\/\/api.w.org\/{rel}","templated":true}]}}