{"id":2346,"date":"2025-07-22T04:11:46","date_gmt":"2025-07-22T04:11:46","guid":{"rendered":"https:\/\/www.linkceramics.com\/?post_type=product&#038;p=2346"},"modified":"2025-08-04T06:50:32","modified_gmt":"2025-08-04T06:50:32","slug":"wholesale-dinnerware","status":"publish","type":"product","link":"https:\/\/www.linkceramics.com\/es\/product\/wholesale-dinnerware\/","title":{"rendered":"Vajilla Mayorista Vintage R\u00fastico, Platos, Tazones, Tazas"},"content":{"rendered":"<div class=\"wp-block-columns is-layout-flex wp-container-core-columns-is-layout-9d6595d7 wp-block-columns-is-layout-flex\">\n<div class=\"wp-block-column is-layout-flow wp-block-column-is-layout-flow\" style=\"flex-basis:50%\">\n<h3 class=\"wp-block-heading\">Premium Vajilla R\u00fastica Vintage al por mayor Caracter\u00edsticas:<\/h3>\n\n\n\n<ul class=\"wp-block-list\">\n<li><strong>Dise\u00f1o retro pastoral:<\/strong> El dise\u00f1o de esta vajilla al por mayor se inspira en la cer\u00e1mica tradicional polaca. El estampado floral, c\u00e1lido y natural, aporta estilo a la mesa.<\/li>\n\n\n\n<li><strong>M\u00faltiples combinaciones:<\/strong> Este juego de vajilla a granel contiene platos, cuencos, tazas y otros tipos de utensilios para satisfacer diferentes necesidades culinarias.<\/li>\n\n\n\n<li><strong>Cocci\u00f3n a alta temperatura, segura y duradera:<\/strong> Nuestra vajilla al por mayor adopta la tecnolog\u00eda de esmaltado a alta temperatura, que no es f\u00e1cil de decolorar, resistente a los ara\u00f1azos y al calor, adecuada para el uso diario.<\/li>\n\n\n\n<li><strong>Aplicable a diversos escenarios:<\/strong> Tanto si se trata de una cena familiar, de la disposici\u00f3n de un festival o de una cafeter\u00eda o restaurante B&amp;B, nuestra vajilla de estilo retro a granel puede integrarse perfectamente.<\/li>\n\n\n\n<li><strong>Apoyo a la venta al por mayor y la personalizaci\u00f3n<\/strong>: Ofrecemos servicios de venta al por mayor de vajillas al por mayor, y podemos personalizar los dise\u00f1os, logotipos y embalajes para satisfacer las necesidades de adquisici\u00f3n de marcas o proyectos.<\/li>\n<\/ul>\n<\/div>\n\n\n\n<div class=\"wp-block-column is-layout-flow wp-block-column-is-layout-flow\" style=\"flex-basis:50%\">\n<figure class=\"wp-block-image size-full\"><img decoding=\"async\" width=\"800\" height=\"800\" src=\"https:\/\/www.linkceramics.com\/wp-content\/uploads\/2025\/07\/Rustic-Vintage-Wholesale-Dinnerware-Plate-Bowl-Cup-Sets-3.webp\" alt=\"R\u00fastico-Vintage-Mayorista-Vajilla-Plato-Bowl-Cup-Sets-3\" class=\"wp-image-2348\" srcset=\"https:\/\/www.linkceramics.com\/wp-content\/uploads\/2025\/07\/Rustic-Vintage-Wholesale-Dinnerware-Plate-Bowl-Cup-Sets-3.webp 800w, https:\/\/www.linkceramics.com\/wp-content\/uploads\/2025\/07\/Rustic-Vintage-Wholesale-Dinnerware-Plate-Bowl-Cup-Sets-3-300x300.webp 300w, https:\/\/www.linkceramics.com\/wp-content\/uploads\/2025\/07\/Rustic-Vintage-Wholesale-Dinnerware-Plate-Bowl-Cup-Sets-3-150x150.webp 150w, https:\/\/www.linkceramics.com\/wp-content\/uploads\/2025\/07\/Rustic-Vintage-Wholesale-Dinnerware-Plate-Bowl-Cup-Sets-3-768x768.webp 768w, https:\/\/www.linkceramics.com\/wp-content\/uploads\/2025\/07\/Rustic-Vintage-Wholesale-Dinnerware-Plate-Bowl-Cup-Sets-3-12x12.webp 12w, https:\/\/www.linkceramics.com\/wp-content\/uploads\/2025\/07\/Rustic-Vintage-Wholesale-Dinnerware-Plate-Bowl-Cup-Sets-3-600x600.webp 600w, https:\/\/www.linkceramics.com\/wp-content\/uploads\/2025\/07\/Rustic-Vintage-Wholesale-Dinnerware-Plate-Bowl-Cup-Sets-3-100x100.webp 100w\" sizes=\"(max-width: 800px) 100vw, 800px\" \/><\/figure>\n<\/div>\n<\/div>","protected":false},"excerpt":{"rendered":"<div id=\"brxe-0ee1ca\" class=\"brxe-product-meta product_meta\">\n<p>Bienvenido a comprar vajilla al por mayor. Este juego de vajilla al por mayor de estilo country retro tiene una base de porcelana blanca lechosa con motivos florales y contornos azules, que resulta fresca y natural. Incluye platos, cuencos, tazas y otros tipos de utensilios, adecuados para escenas dom\u00e9sticas o comerciales.<\/p>\n<\/div>\n<div id=\"brxe-8c5ca9\" class=\"brxe-product-short-description\">\n<div class=\"woocommerce-product-details__short-description\">\n<h2>Vajilla R\u00fastica Vintage al por mayor Especificaciones:<\/h2>\n<table border=\"0\" width=\"370\" cellspacing=\"0\" cellpadding=\"0\">\n<tbody>\n<tr>\n<td width=\"139\" height=\"18\">Fabricante<\/td>\n<td width=\"231\">SOLECASA<\/td>\n<\/tr>\n<tr>\n<td width=\"139\" height=\"18\">Nombre de la colecci\u00f3n<\/td>\n<td width=\"231\">Amuleto de porcelana pulida<\/td>\n<\/tr>\n<tr>\n<td width=\"139\" height=\"18\">Productos incluidos<\/td>\n<td width=\"231\">Plato, Bol, Taza y Plato, Cuchara<\/td>\n<\/tr>\n<tr>\n<td width=\"139\" height=\"18\">Material<\/td>\n<td width=\"231\">Porcelana<\/td>\n<\/tr>\n<tr>\n<td width=\"139\" height=\"18\">Paquete<\/td>\n<td width=\"231\">Paquete a granel<\/td>\n<\/tr>\n<tr>\n<td width=\"139\" height=\"18\">Unidades de venta<\/td>\n<td width=\"231\">Art\u00edculo \u00fanico<\/td>\n<\/tr>\n<tr>\n<td width=\"139\" height=\"18\">MOQ<\/td>\n<td width=\"231\">MOQ bajo<\/td>\n<\/tr>\n<tr>\n<td width=\"139\" height=\"18\">Muestra gratuita<\/td>\n<td width=\"231\">Disponible<\/td>\n<\/tr>\n<tr>\n<td width=\"139\" height=\"18\">Opci\u00f3n personalizada<\/td>\n<td width=\"231\">Color\/Tama\u00f1o\/Glaseado\/Logotipo\/Embalaje<\/td>\n<\/tr>\n<\/tbody>\n<\/table>\n<p><\/div>\n<\/div>\n<p>\n<script src=\"chrome-extension:\/\/fpelahbljekknahkcaegamhcndkfpfnc\/iFrame.js\" type=\"text\/javascript\"><\/script><\/p>","protected":false},"featured_media":2350,"comment_status":"open","ping_status":"closed","template":"","meta":{"_acf_changed":false},"certification":[63,64,66,58,65,61,60,62,57],"product_brand":[],"product_cat":[34,18],"product_tag":[],"class_list":{"0":"post-2346","1":"product","2":"type-product","3":"status-publish","4":"has-post-thumbnail","6":"certification-amfori","7":"certification-bsci","8":"certification-cnas","9":"certification-fda","10":"certification-iaf","11":"certification-iso-14001","12":"certification-iso-45001","13":"certification-iso-9001","14":"certification-lfgb","15":"product_cat-custom-household-ceramics","16":"product_cat-ceramic-tableware-wholesale","18":"first","19":"instock","20":"shipping-taxable","21":"product-type-simple"},"acf":[],"_links":{"self":[{"href":"https:\/\/www.linkceramics.com\/es\/wp-json\/wp\/v2\/product\/2346","targetHints":{"allow":["GET"]}}],"collection":[{"href":"https:\/\/www.linkceramics.com\/es\/wp-json\/wp\/v2\/product"}],"about":[{"href":"https:\/\/www.linkceramics.com\/es\/wp-json\/wp\/v2\/types\/product"}],"replies":[{"embeddable":true,"href":"https:\/\/www.linkceramics.com\/es\/wp-json\/wp\/v2\/comments?post=2346"}],"wp:featuredmedia":[{"embeddable":true,"href":"https:\/\/www.linkceramics.com\/es\/wp-json\/wp\/v2\/media\/2350"}],"wp:attachment":[{"href":"https:\/\/www.linkceramics.com\/es\/wp-json\/wp\/v2\/media?parent=2346"}],"wp:term":[{"taxonomy":"certification","embeddable":true,"href":"https:\/\/www.linkceramics.com\/es\/wp-json\/wp\/v2\/certification?post=2346"},{"taxonomy":"product_brand","embeddable":true,"href":"https:\/\/www.linkceramics.com\/es\/wp-json\/wp\/v2\/product_brand?post=2346"},{"taxonomy":"product_cat","embeddable":true,"href":"https:\/\/www.linkceramics.com\/es\/wp-json\/wp\/v2\/product_cat?post=2346"},{"taxonomy":"product_tag","embeddable":true,"href":"https:\/\/www.linkceramics.com\/es\/wp-json\/wp\/v2\/product_tag?post=2346"}],"curies":[{"name":"wp","href":"https:\/\/api.w.org\/{rel}","templated":true}]}}