{"id":2403,"date":"2025-07-28T04:18:12","date_gmt":"2025-07-28T04:18:12","guid":{"rendered":"https:\/\/www.linkceramics.com\/?post_type=product&#038;p=2403"},"modified":"2025-07-28T04:18:14","modified_gmt":"2025-07-28T04:18:14","slug":"wholesale-wall-hung-toilets","status":"publish","type":"product","link":"https:\/\/www.linkceramics.com\/es\/product\/wholesale-wall-hung-toilets\/","title":{"rendered":"Mayorista Inodoros de pared, Inodoros de cer\u00e1mica para ba\u00f1o al por mayor"},"content":{"rendered":"<div class=\"wp-block-columns is-layout-flex wp-container-core-columns-is-layout-9d6595d7 wp-block-columns-is-layout-flex\">\n<div class=\"wp-block-column is-layout-flow wp-block-column-is-layout-flow\" style=\"flex-basis:50%\">\n<h3 class=\"wp-block-heading\">Venta al por mayor inodoros colgados de la pared Caracter\u00edsticas\uff1a<\/h3>\n\n\n\n<ul class=\"wp-block-list\">\n<li><strong>Dise\u00f1o mural:<\/strong> El inodoro de cer\u00e1mica a medida se monta en la pared para liberar espacio en el suelo, lo que resulta especialmente adecuado para cuartos de ba\u00f1o modernos y compactos.<\/li>\n\n\n\n<li><strong>Aspecto elegante y sencillo: <\/strong>Los inodoros suspendidos al por mayor de forma cuadrada se combinan con esquinas redondeadas para realzar el espacio general del cuarto de ba\u00f1o.<\/li>\n\n\n\n<li><strong>Cer\u00e1mica cocida a alta temperatura: <\/strong>Los inodoros murales al por mayor son de cer\u00e1mica de alta calidad, el esmalte es liso sin tendencia a ocultar la suciedad, y es m\u00e1s c\u00f3modo de limpiar.<\/li>\n\n\n\n<li><strong>Sistema de descarga que ahorra agua:<\/strong> Adopta un sistema de descarga de agua de alta eficiencia con gran fuerza de descarga y bajo consumo de agua, que proporciona soluciones de ba\u00f1o ecol\u00f3gicas que ahorran energ\u00eda.<\/li>\n\n\n\n<li><strong>Soluciones flexibles y personalizadas:<\/strong> El tama\u00f1o del inodoro, la entrada de agua, el sistema de salida y la altura de suspensi\u00f3n pueden personalizarse seg\u00fan las distintas condiciones de instalaci\u00f3n, y puede adaptarse a las distintas condiciones de construcci\u00f3n.<\/li>\n<\/ul>\n<\/div>\n\n\n\n<div class=\"wp-block-column is-layout-flow wp-block-column-is-layout-flow\" style=\"flex-basis:50%\">\n<figure class=\"wp-block-image size-full\"><img decoding=\"async\" width=\"827\" height=\"827\" src=\"https:\/\/www.linkceramics.com\/wp-content\/uploads\/2025\/07\/wholesale-wall-hung-toilets-ceramic-toilet-for-bathroom-bulk-1.webp\" alt=\"mayorista-wall-hung-toilets-ceramic-toilet-for-bathroom-bulk-1\" class=\"wp-image-2404\" srcset=\"https:\/\/www.linkceramics.com\/wp-content\/uploads\/2025\/07\/wholesale-wall-hung-toilets-ceramic-toilet-for-bathroom-bulk-1.webp 827w, https:\/\/www.linkceramics.com\/wp-content\/uploads\/2025\/07\/wholesale-wall-hung-toilets-ceramic-toilet-for-bathroom-bulk-1-300x300.webp 300w, https:\/\/www.linkceramics.com\/wp-content\/uploads\/2025\/07\/wholesale-wall-hung-toilets-ceramic-toilet-for-bathroom-bulk-1-150x150.webp 150w, https:\/\/www.linkceramics.com\/wp-content\/uploads\/2025\/07\/wholesale-wall-hung-toilets-ceramic-toilet-for-bathroom-bulk-1-768x768.webp 768w, https:\/\/www.linkceramics.com\/wp-content\/uploads\/2025\/07\/wholesale-wall-hung-toilets-ceramic-toilet-for-bathroom-bulk-1-12x12.webp 12w, https:\/\/www.linkceramics.com\/wp-content\/uploads\/2025\/07\/wholesale-wall-hung-toilets-ceramic-toilet-for-bathroom-bulk-1-600x600.webp 600w, https:\/\/www.linkceramics.com\/wp-content\/uploads\/2025\/07\/wholesale-wall-hung-toilets-ceramic-toilet-for-bathroom-bulk-1-100x100.webp 100w\" sizes=\"(max-width: 827px) 100vw, 827px\" \/><\/figure>\n<\/div>\n<\/div>","protected":false},"excerpt":{"rendered":"<div id=\"brxe-0ee1ca\" class=\"brxe-product-meta product_meta\">\n<div id=\"brxe-0ee1ca\" class=\"brxe-product-meta product_meta\">\n<p>Inodoros murales al por mayor para cuartos de ba\u00f1o de gama alta. Material cer\u00e1mico blanco, duradero y f\u00e1cil de limpiar. Ofrecemos soluciones integrales de sanitarios para cuartos de ba\u00f1o, incluidos los lavabos. P\u00f3ngase en contacto con nosotros para solicitar un presupuesto.<\/p>\n<h2>Atributos de los inodoros colgados de la pared al por mayor\uff1a<\/h2>\n<p>N\u00ba de art\u00edculo:SYT250301<br \/>Material: Cer\u00e1mica<br \/>Color: Blanco<br \/>Dimensiones (L\u00d7A\u00d7H): 52x36x35 cm<br \/>Peso bruto: 15 kg\/unidad<br \/>OEM y ODM: compatible<\/p>\n<p>&nbsp;<\/p>\n<\/div>\n<\/div>\n<p>\n<script src=\"chrome-extension:\/\/fpelahbljekknahkcaegamhcndkfpfnc\/iFrame.js\" type=\"text\/javascript\"><\/script><\/p>","protected":false},"featured_media":2404,"comment_status":"open","ping_status":"closed","template":"","meta":{"_acf_changed":false},"certification":[59,61,60,62],"product_brand":[],"product_cat":[35,36],"product_tag":[],"class_list":{"0":"post-2403","1":"product","2":"type-product","3":"status-publish","4":"has-post-thumbnail","6":"certification-ce","7":"certification-iso-14001","8":"certification-iso-45001","9":"certification-iso-9001","10":"product_cat-bathroom-ceramics-supply","11":"product_cat-ceramic-toilet-wholesale","13":"first","14":"instock","15":"shipping-taxable","16":"product-type-simple"},"acf":[],"_links":{"self":[{"href":"https:\/\/www.linkceramics.com\/es\/wp-json\/wp\/v2\/product\/2403","targetHints":{"allow":["GET"]}}],"collection":[{"href":"https:\/\/www.linkceramics.com\/es\/wp-json\/wp\/v2\/product"}],"about":[{"href":"https:\/\/www.linkceramics.com\/es\/wp-json\/wp\/v2\/types\/product"}],"replies":[{"embeddable":true,"href":"https:\/\/www.linkceramics.com\/es\/wp-json\/wp\/v2\/comments?post=2403"}],"wp:featuredmedia":[{"embeddable":true,"href":"https:\/\/www.linkceramics.com\/es\/wp-json\/wp\/v2\/media\/2404"}],"wp:attachment":[{"href":"https:\/\/www.linkceramics.com\/es\/wp-json\/wp\/v2\/media?parent=2403"}],"wp:term":[{"taxonomy":"certification","embeddable":true,"href":"https:\/\/www.linkceramics.com\/es\/wp-json\/wp\/v2\/certification?post=2403"},{"taxonomy":"product_brand","embeddable":true,"href":"https:\/\/www.linkceramics.com\/es\/wp-json\/wp\/v2\/product_brand?post=2403"},{"taxonomy":"product_cat","embeddable":true,"href":"https:\/\/www.linkceramics.com\/es\/wp-json\/wp\/v2\/product_cat?post=2403"},{"taxonomy":"product_tag","embeddable":true,"href":"https:\/\/www.linkceramics.com\/es\/wp-json\/wp\/v2\/product_tag?post=2403"}],"curies":[{"name":"wp","href":"https:\/\/api.w.org\/{rel}","templated":true}]}}