{"id":2409,"date":"2025-08-04T01:24:37","date_gmt":"2025-08-04T01:24:37","guid":{"rendered":"https:\/\/www.linkceramics.com\/?post_type=product&#038;p=2409"},"modified":"2025-08-04T03:59:29","modified_gmt":"2025-08-04T03:59:29","slug":"wholesale-wall-cabinet-bathroom","status":"publish","type":"product","link":"https:\/\/www.linkceramics.com\/es\/product\/wholesale-wall-cabinet-bathroom\/","title":{"rendered":"Mayorista Armario de Pared Ba\u00f1o, Tocador de Ba\u00f1o Blanco con Cajones Fabricante de Armarios con Espejo de Alta Calidad"},"content":{"rendered":"<div class=\"wp-block-columns is-layout-flex wp-container-core-columns-is-layout-9d6595d7 wp-block-columns-is-layout-flex\">\n<div class=\"wp-block-column is-layout-flow wp-block-column-is-layout-flow\" style=\"flex-basis:50%\">\n<h3 class=\"wp-block-heading\">Venta al por mayor pared gabinete ba\u00f1o caracter\u00edsticas\uff1a<\/h3>\n\n\n\n<ul class=\"wp-block-list\">\n<li>Aspecto moderno: La combinaci\u00f3n de dos cajones y una sola puerta de armario crea una disposici\u00f3n limpia y ordenada. Todo el cuerpo adopta un tono blanco suave y claro, con un alto grado de uniformidad crom\u00e1tica desde el cuerpo del armario hasta la encimera y el armario con espejo.<\/li>\n\n\n\n<li>Material de madera contrachapada de primera calidad: El ba\u00f1o de gabinete de pared al por mayor est\u00e1 hecho por prensado cruzado de m\u00faltiples capas de chapas, el material de madera contrachapada tiene una estructura estable y puede soportar la frecuente apertura y cierre de cajones y puertas de armario sin deformaci\u00f3n. Tiene buena resistencia a la humedad.<\/li>\n\n\n\n<li>Funci\u00f3n de almacenamiento: Los dos cajones se utilizan para clasificar los art\u00edculos peque\u00f1os, y la puerta del armario simple oculta los art\u00edculos grandes. Combinado con el armario con espejo LED para el almacenamiento, las \u00e1reas de almacenamiento est\u00e1n claramente definidas, por lo que es conveniente tomar las cosas, y eliminar el desorden, satisfacer las necesidades de almacenamiento de art\u00edculos de tocador diarios.<\/li>\n\n\n\n<li>Ventajas de tama\u00f1o: La anchura del ba\u00f1o del gabinete de pared al por mayor de 100 cm es un tama\u00f1o de oro, adecuado para la mayor\u00eda de los dise\u00f1os de ba\u00f1o familiar. El espacio es amplio y no estrecho, capaz de acomodar el dise\u00f1o de doble caj\u00f3n y un solo gabinete, el equilibrio de almacenamiento y movimiento, no abarrotado en peque\u00f1os apartamentos, y armonioso en grandes cuartos de ba\u00f1o.<\/li>\n\n\n\n<li>Suministro de f\u00e1brica de Shouya: Personalizaci\u00f3n a granel goza de m\u00e1s descuentos para satisfacer las necesidades de adquisici\u00f3n.<\/li>\n<\/ul>\n<\/div>\n\n\n\n<div class=\"wp-block-column is-layout-flow wp-block-column-is-layout-flow\" style=\"flex-basis:50%\">\n<figure class=\"wp-block-image size-full\"><img decoding=\"async\" width=\"700\" height=\"700\" src=\"https:\/\/www.linkceramics.com\/wp-content\/uploads\/2025\/08\/white-bathroom-cabinet-with-two-drawers-and-one-door.webp\" alt=\"armario-ba\u00f1o-blanco-con-dos-cajones-y-una-puerta\" class=\"wp-image-2412\" srcset=\"https:\/\/www.linkceramics.com\/wp-content\/uploads\/2025\/08\/white-bathroom-cabinet-with-two-drawers-and-one-door.webp 700w, https:\/\/www.linkceramics.com\/wp-content\/uploads\/2025\/08\/white-bathroom-cabinet-with-two-drawers-and-one-door-300x300.webp 300w, https:\/\/www.linkceramics.com\/wp-content\/uploads\/2025\/08\/white-bathroom-cabinet-with-two-drawers-and-one-door-150x150.webp 150w, https:\/\/www.linkceramics.com\/wp-content\/uploads\/2025\/08\/white-bathroom-cabinet-with-two-drawers-and-one-door-12x12.webp 12w, https:\/\/www.linkceramics.com\/wp-content\/uploads\/2025\/08\/white-bathroom-cabinet-with-two-drawers-and-one-door-600x600.webp 600w, https:\/\/www.linkceramics.com\/wp-content\/uploads\/2025\/08\/white-bathroom-cabinet-with-two-drawers-and-one-door-100x100.webp 100w\" sizes=\"(max-width: 700px) 100vw, 700px\" \/><\/figure>\n<\/div>\n<\/div>","protected":false},"excerpt":{"rendered":"<div id=\"brxe-0ee1ca\" class=\"brxe-product-meta product_meta\">\n<div id=\"brxe-0ee1ca\" class=\"brxe-product-meta product_meta\">\n<p>Bienvenido a la venta al por mayor de armario de pared para cuarto de ba\u00f1o. El dise\u00f1o montado en la pared combina un armario con espejo con un amplio espacio de almacenamiento para aportar pulcritud y comodidad a su cuarto de ba\u00f1o. Incluye cajones y armarios grandes para satisfacer perfectamente diversas necesidades de almacenamiento. P\u00f3ngase en contacto con nosotros para obtener un presupuesto y un cat\u00e1logo de productos.<\/p>\n<h2>Atributos del gabinete de pared de ba\u00f1o\uff1a<\/h2>\n<p>N\u00ba de art\u00edculo:9501-100c<br \/>Material del armario: Contrachapado<br \/>Color del mueble: Blanco<br \/>Espejo: Espejo LED (3,5 mm\/3,8 mm), iluminaci\u00f3n tricolor, desempa\u00f1ado con un solo toque, asegurado con embalaje de espuma multicapa.<br \/>Tipo de instalaci\u00f3n: Montaje en pared<br \/>Dimensiones (L\u00d7A\u00d7H): 100x50x51 cm<br \/>Peso bruto: 32 kg\/set<\/p>\n<h2>Personalizaci\u00f3n y servicios:<\/h2>\n<p>OEM y ODM: compatible<br \/>Dise\u00f1o: Gratis<br \/>Accesorios: Lavabos, espejos, grifos y otros accesorios de ba\u00f1o<br \/>Embalaje: Listo para montar<\/p>\n<\/div>\n<\/div>\n<p>\n<script src=\"chrome-extension:\/\/fpelahbljekknahkcaegamhcndkfpfnc\/iFrame.js\" type=\"text\/javascript\"><\/script><\/p>","protected":false},"featured_media":2416,"comment_status":"open","ping_status":"closed","template":"","meta":{"_acf_changed":false},"certification":[59,61,60,62],"product_brand":[],"product_cat":[35,83],"product_tag":[],"class_list":{"0":"post-2409","1":"product","2":"type-product","3":"status-publish","4":"has-post-thumbnail","6":"certification-ce","7":"certification-iso-14001","8":"certification-iso-45001","9":"certification-iso-9001","10":"product_cat-bathroom-ceramics-supply","11":"product_cat-wholesale-bathroom-vanity","13":"first","14":"instock","15":"shipping-taxable","16":"product-type-simple"},"acf":[],"_links":{"self":[{"href":"https:\/\/www.linkceramics.com\/es\/wp-json\/wp\/v2\/product\/2409","targetHints":{"allow":["GET"]}}],"collection":[{"href":"https:\/\/www.linkceramics.com\/es\/wp-json\/wp\/v2\/product"}],"about":[{"href":"https:\/\/www.linkceramics.com\/es\/wp-json\/wp\/v2\/types\/product"}],"replies":[{"embeddable":true,"href":"https:\/\/www.linkceramics.com\/es\/wp-json\/wp\/v2\/comments?post=2409"}],"wp:featuredmedia":[{"embeddable":true,"href":"https:\/\/www.linkceramics.com\/es\/wp-json\/wp\/v2\/media\/2416"}],"wp:attachment":[{"href":"https:\/\/www.linkceramics.com\/es\/wp-json\/wp\/v2\/media?parent=2409"}],"wp:term":[{"taxonomy":"certification","embeddable":true,"href":"https:\/\/www.linkceramics.com\/es\/wp-json\/wp\/v2\/certification?post=2409"},{"taxonomy":"product_brand","embeddable":true,"href":"https:\/\/www.linkceramics.com\/es\/wp-json\/wp\/v2\/product_brand?post=2409"},{"taxonomy":"product_cat","embeddable":true,"href":"https:\/\/www.linkceramics.com\/es\/wp-json\/wp\/v2\/product_cat?post=2409"},{"taxonomy":"product_tag","embeddable":true,"href":"https:\/\/www.linkceramics.com\/es\/wp-json\/wp\/v2\/product_tag?post=2409"}],"curies":[{"name":"wp","href":"https:\/\/api.w.org\/{rel}","templated":true}]}}