{"id":2419,"date":"2025-08-04T07:09:11","date_gmt":"2025-08-04T07:09:11","guid":{"rendered":"https:\/\/www.linkceramics.com\/?post_type=product&#038;p=2419"},"modified":"2025-08-04T07:09:13","modified_gmt":"2025-08-04T07:09:13","slug":"bulk-dinnerware-sets-2","status":"publish","type":"product","link":"https:\/\/www.linkceramics.com\/es\/product\/bulk-dinnerware-sets-2\/","title":{"rendered":"Vajilla a Granel Blanca, Vajilla de Porcelana Ligera"},"content":{"rendered":"<div class=\"wp-block-columns is-layout-flex wp-container-core-columns-is-layout-9d6595d7 wp-block-columns-is-layout-flex\">\n<div class=\"wp-block-column is-layout-flow wp-block-column-is-layout-flow\" style=\"flex-basis:50%\">\n<h3 class=\"wp-block-heading\">Premium Blanco Vajilla a Granel Caracter\u00edsticas:<\/h3>\n\n\n\n<ul class=\"wp-block-list\">\n<li><strong>Exquisito dise\u00f1o de p\u00e9talos:<\/strong> Estas vajillas a granel poseen una preciosa forma de p\u00e9talo, que proporciona un ambiente art\u00edstico en la mesa y mejora la experiencia gastron\u00f3mica.<\/li>\n\n\n\n<li><strong>Material porcel\u00e1nico ligero:<\/strong> Nuestra vajilla de cer\u00e1mica a granel se compone de porcelana ligera, que es extremadamente fina pero no dura, por lo que la vajilla resulta ligera de transportar y utilizar.<\/li>\n\n\n\n<li><strong>Sutiles adornos de color:<\/strong> El dise\u00f1o de p\u00e9talos de estas vajillas a granel se combina con sutiles acentos de color, que es simple y elegante, y puede proporcionar un color c\u00e1lido y acogedor a la mesa.<\/li>\n\n\n\n<li><strong>Diversas combinaciones de tallas:<\/strong> Nuestra vajilla de cer\u00e1mica a granel incluye cuencos y platos de varios tama\u00f1os para satisfacer las necesidades de diferentes comidas. Desde platos principales a platos de postre, pasando por cuencos para sopa y cuencos para arroz, las opciones de tama\u00f1o flexible pueden hacer frente a una gran variedad de comidas.<\/li>\n<\/ul>\n<\/div>\n\n\n\n<div class=\"wp-block-column is-layout-flow wp-block-column-is-layout-flow\" style=\"flex-basis:50%\">\n<figure class=\"wp-block-image size-full\"><img decoding=\"async\" width=\"800\" height=\"800\" src=\"https:\/\/www.linkceramics.com\/wp-content\/uploads\/2025\/08\/SOLECASA-Bulk-Dinnerware-Sets-White-Porcelain-Tableware-4-2.webp\" alt=\"SOLECASA-Vajilla a granel-Vajilla de porcelana blanca-4-2\" class=\"wp-image-2422\" srcset=\"https:\/\/www.linkceramics.com\/wp-content\/uploads\/2025\/08\/SOLECASA-Bulk-Dinnerware-Sets-White-Porcelain-Tableware-4-2.webp 800w, https:\/\/www.linkceramics.com\/wp-content\/uploads\/2025\/08\/SOLECASA-Bulk-Dinnerware-Sets-White-Porcelain-Tableware-4-2-300x300.webp 300w, https:\/\/www.linkceramics.com\/wp-content\/uploads\/2025\/08\/SOLECASA-Bulk-Dinnerware-Sets-White-Porcelain-Tableware-4-2-150x150.webp 150w, https:\/\/www.linkceramics.com\/wp-content\/uploads\/2025\/08\/SOLECASA-Bulk-Dinnerware-Sets-White-Porcelain-Tableware-4-2-768x768.webp 768w, https:\/\/www.linkceramics.com\/wp-content\/uploads\/2025\/08\/SOLECASA-Bulk-Dinnerware-Sets-White-Porcelain-Tableware-4-2-12x12.webp 12w, https:\/\/www.linkceramics.com\/wp-content\/uploads\/2025\/08\/SOLECASA-Bulk-Dinnerware-Sets-White-Porcelain-Tableware-4-2-600x600.webp 600w, https:\/\/www.linkceramics.com\/wp-content\/uploads\/2025\/08\/SOLECASA-Bulk-Dinnerware-Sets-White-Porcelain-Tableware-4-2-100x100.webp 100w\" sizes=\"(max-width: 800px) 100vw, 800px\" \/><\/figure>\n<\/div>\n<\/div>","protected":false},"excerpt":{"rendered":"<div id=\"brxe-0ee1ca\" class=\"brxe-product-meta product_meta\">\n<p>Bienvenido a comprar vajilla de cer\u00e1mica a granel. Nuestros juegos de vajilla a granel de porcelana blanca y ligera tienen forma de p\u00e9talo y delicados acentos de color, a\u00f1adiendo elegancia y suavidad a la mesa.<\/p>\n<\/div>\n<div id=\"brxe-8c5ca9\" class=\"brxe-product-short-description\">\n<div class=\"woocommerce-product-details__short-description\">\n<h2>Vajilla a Granel Blanca Especificaciones:<\/h2>\n<table border=\"0\" width=\"390\" cellspacing=\"0\" cellpadding=\"0\">\n<tbody>\n<tr>\n<td width=\"155\" height=\"18\">Fabricante<\/td>\n<td width=\"235\">SOLECASA<\/td>\n<\/tr>\n<tr>\n<td width=\"155\" height=\"18\">Nombre de la colecci\u00f3n<\/td>\n<td width=\"235\">Iridiscencia gal\u00e1ctica<\/td>\n<\/tr>\n<tr>\n<td width=\"155\" height=\"18\">Productos incluidos<\/td>\n<td width=\"235\">Plato, Cuenco<\/td>\n<\/tr>\n<tr>\n<td width=\"155\" height=\"18\">Material<\/td>\n<td width=\"235\">Porcelana<\/td>\n<\/tr>\n<tr>\n<td width=\"155\" height=\"18\">Paquete<\/td>\n<td width=\"235\">Paquete a granel<\/td>\n<\/tr>\n<tr>\n<td width=\"155\" height=\"18\">Unidades de venta<\/td>\n<td width=\"235\">Art\u00edculo \u00fanico<\/td>\n<\/tr>\n<tr>\n<td width=\"155\" height=\"18\">MOQ<\/td>\n<td width=\"235\">MOQ bajo<\/td>\n<\/tr>\n<tr>\n<td width=\"155\" height=\"18\">Muestra gratuita<\/td>\n<td width=\"235\">Disponible<\/td>\n<\/tr>\n<tr>\n<td width=\"155\" height=\"18\">Opci\u00f3n personalizada<\/td>\n<td width=\"235\">Color\/Tama\u00f1o\/Glaseado\/Logotipo\/Embalaje<\/td>\n<\/tr>\n<\/tbody>\n<\/table>\n<\/div>\n<\/div>\n<p>\n<script src=\"chrome-extension:\/\/fpelahbljekknahkcaegamhcndkfpfnc\/iFrame.js\" type=\"text\/javascript\"><\/script><\/p>","protected":false},"featured_media":2421,"comment_status":"open","ping_status":"closed","template":"","meta":{"_acf_changed":false},"certification":[63,64,66,58,65,61,60,62,57],"product_brand":[],"product_cat":[34,18],"product_tag":[],"class_list":{"0":"post-2419","1":"product","2":"type-product","3":"status-publish","4":"has-post-thumbnail","6":"certification-amfori","7":"certification-bsci","8":"certification-cnas","9":"certification-fda","10":"certification-iaf","11":"certification-iso-14001","12":"certification-iso-45001","13":"certification-iso-9001","14":"certification-lfgb","15":"product_cat-custom-household-ceramics","16":"product_cat-ceramic-tableware-wholesale","18":"first","19":"instock","20":"shipping-taxable","21":"product-type-simple"},"acf":[],"_links":{"self":[{"href":"https:\/\/www.linkceramics.com\/es\/wp-json\/wp\/v2\/product\/2419","targetHints":{"allow":["GET"]}}],"collection":[{"href":"https:\/\/www.linkceramics.com\/es\/wp-json\/wp\/v2\/product"}],"about":[{"href":"https:\/\/www.linkceramics.com\/es\/wp-json\/wp\/v2\/types\/product"}],"replies":[{"embeddable":true,"href":"https:\/\/www.linkceramics.com\/es\/wp-json\/wp\/v2\/comments?post=2419"}],"wp:featuredmedia":[{"embeddable":true,"href":"https:\/\/www.linkceramics.com\/es\/wp-json\/wp\/v2\/media\/2421"}],"wp:attachment":[{"href":"https:\/\/www.linkceramics.com\/es\/wp-json\/wp\/v2\/media?parent=2419"}],"wp:term":[{"taxonomy":"certification","embeddable":true,"href":"https:\/\/www.linkceramics.com\/es\/wp-json\/wp\/v2\/certification?post=2419"},{"taxonomy":"product_brand","embeddable":true,"href":"https:\/\/www.linkceramics.com\/es\/wp-json\/wp\/v2\/product_brand?post=2419"},{"taxonomy":"product_cat","embeddable":true,"href":"https:\/\/www.linkceramics.com\/es\/wp-json\/wp\/v2\/product_cat?post=2419"},{"taxonomy":"product_tag","embeddable":true,"href":"https:\/\/www.linkceramics.com\/es\/wp-json\/wp\/v2\/product_tag?post=2419"}],"curies":[{"name":"wp","href":"https:\/\/api.w.org\/{rel}","templated":true}]}}