{"id":2465,"date":"2025-08-19T10:19:20","date_gmt":"2025-08-19T10:19:20","guid":{"rendered":"https:\/\/www.linkceramics.com\/?post_type=product&#038;p=2465"},"modified":"2025-08-19T10:19:22","modified_gmt":"2025-08-19T10:19:22","slug":"wholesale-vanity-cabinets-bathroom","status":"publish","type":"product","link":"https:\/\/www.linkceramics.com\/es\/product\/wholesale-vanity-cabinets-bathroom\/","title":{"rendered":"Wholesale Vanity Cabinets Bathroom, Procurement Preferred Bathroom Vanity Supplier"},"content":{"rendered":"<div class=\"wp-block-columns is-layout-flex wp-container-core-columns-is-layout-9d6595d7 wp-block-columns-is-layout-flex\">\n<div class=\"wp-block-column is-layout-flow wp-block-column-is-layout-flow\" style=\"flex-basis:50%\">\n<h3 class=\"wp-block-heading\">Venta al por mayor gabinetes de la vanidad caracter\u00edsticas del cuarto de ba\u00f1o\uff1a<\/h3>\n\n\n\n<ul class=\"wp-block-list\">\n<li><strong>Gran compatibilidad de tama\u00f1os:<\/strong> El mayorista de gabinetes de la vanidad cuarto de ba\u00f1o es de 80 cm en el dise\u00f1o de especificaciones, lo que permite una adaptaci\u00f3n flexible a diversos espacios de ba\u00f1o. Tanto si se trata de un dise\u00f1o peque\u00f1o y compacto o un dise\u00f1o regular, puede utilizar eficazmente el \u00e1rea de la pared y evitar el desperdicio de espacio.<\/li>\n\n\n\n<li><strong>Material pr\u00e1ctico y duradero: <\/strong>El cuerpo del armario est\u00e1 hecho de madera contrachapada, que tiene cierta capacidad de carga y estabilidad, y tiene una alta relaci\u00f3n coste-rendimiento, por lo que es adecuado para el consumo masivo.<\/li>\n\n\n\n<li><strong>Armario con espejo LED integrado:<\/strong> No s\u00f3lo proporciona una iluminaci\u00f3n clara para lavarse, asearse, etc., sino que tambi\u00e9n puede utilizarse para guardar los art\u00edculos de aseo en el armario, consiguiendo una disposici\u00f3n ordenada de los art\u00edculos de ba\u00f1o y proporcionando limpieza al espacio.<\/li>\n\n\n\n<li><strong>F\u00e1cil limpieza:<\/strong> Complementada con lavabos de cer\u00e1mica, la superficie de los armarios de ba\u00f1o al por mayor es resistente a las manchas y a la suciedad, f\u00e1cil de limpiar y sencilla de usar y mantener a diario.<\/li>\n\n\n\n<li><strong>Dise\u00f1o general previsto: <\/strong>La venta al por mayor gabinetes de la vanidad cuarto de ba\u00f1o, lavabo de cer\u00e1mica, y el gabinete de espejo LED son un conjunto, coherente en su estilo, que puede ser introducido en muchos modernos, minimalistas, y otros planes de decoraci\u00f3n de ba\u00f1o, y puede tanto cumplir funciones funcionales y mejorar el atractivo del cuarto de ba\u00f1o.<\/li>\n<\/ul>\n<\/div>\n\n\n\n<div class=\"wp-block-column is-layout-flow wp-block-column-is-layout-flow\" style=\"flex-basis:50%\">\n<figure class=\"wp-block-image size-full\"><img decoding=\"async\" width=\"700\" height=\"700\" src=\"https:\/\/www.linkceramics.com\/wp-content\/uploads\/2025\/08\/wholesale-vanity-cabinets-bathroom-engineering-procurement-preferred-bathroom-vanity-supplier-2.webp\" alt=\"mayorista-armarios-de-ba\u00f1o-proveedor-preferido-de-ba\u00f1os-2\" class=\"wp-image-2467\" srcset=\"https:\/\/www.linkceramics.com\/wp-content\/uploads\/2025\/08\/wholesale-vanity-cabinets-bathroom-engineering-procurement-preferred-bathroom-vanity-supplier-2.webp 700w, https:\/\/www.linkceramics.com\/wp-content\/uploads\/2025\/08\/wholesale-vanity-cabinets-bathroom-engineering-procurement-preferred-bathroom-vanity-supplier-2-300x300.webp 300w, https:\/\/www.linkceramics.com\/wp-content\/uploads\/2025\/08\/wholesale-vanity-cabinets-bathroom-engineering-procurement-preferred-bathroom-vanity-supplier-2-150x150.webp 150w, https:\/\/www.linkceramics.com\/wp-content\/uploads\/2025\/08\/wholesale-vanity-cabinets-bathroom-engineering-procurement-preferred-bathroom-vanity-supplier-2-12x12.webp 12w, https:\/\/www.linkceramics.com\/wp-content\/uploads\/2025\/08\/wholesale-vanity-cabinets-bathroom-engineering-procurement-preferred-bathroom-vanity-supplier-2-600x600.webp 600w, https:\/\/www.linkceramics.com\/wp-content\/uploads\/2025\/08\/wholesale-vanity-cabinets-bathroom-engineering-procurement-preferred-bathroom-vanity-supplier-2-100x100.webp 100w\" sizes=\"(max-width: 700px) 100vw, 700px\" \/><\/figure>\n<\/div>\n<\/div>","protected":false},"excerpt":{"rendered":"<div id=\"brxe-0ee1ca\" class=\"brxe-product-meta product_meta\">\n<div id=\"brxe-0ee1ca\" class=\"brxe-product-meta product_meta\">\n<p>Bienvenido a comprar los gabinetes de la vanidad al por mayor cuarto de ba\u00f1o. El gabinete del cuarto de ba\u00f1o de la madera contrachapada de los 80cm con el gabinete de cer\u00e1mica del lavabo + del espejo del LED. Rentable y duradero, adecuado para escenarios a granel como hoteles y apartamentos. Ingenier\u00eda de personalizaci\u00f3n apoyado. \u00a1Bienvenido a preguntar y negociar en cualquier momento!<\/p>\n<h2>Tocadores y armarios de ba\u00f1o Atributos\uff1a<\/h2>\n<p><strong>N\u00ba de art\u00edculo<\/strong>: 7028-80<br \/><strong>Material del armario:<\/strong>\u00a0Contrachapado<br \/><strong>Color del armario:\u00a0<\/strong>Marr\u00f3n<br \/><strong>Espejo:<\/strong>\u00a0Espejo LED (3,5 mm\/3,8 mm), iluminaci\u00f3n tricolor, desempa\u00f1ado con un solo toque, protegido con embalaje de espuma multicapa<br \/><strong>Tipo de instalaci\u00f3n:<\/strong>\u00a0Montaje en pared<br \/><strong>Dimensiones (L\u00d7A\u00d7H):<\/strong>\u00a080x50x52 cm<br \/><strong>Peso bruto:<\/strong>\u00a030 kg\/set<\/p>\n<h2>Personalizaci\u00f3n y servicios:<\/h2>\n<p><strong>OEM Y ODM<\/strong>: Soporte<br \/><strong>Dise\u00f1o<\/strong>: Gratis<br \/><strong>Accesorios<\/strong>: Lavabos, espejos, grifos y otros accesorios de ba\u00f1o<br \/><strong>Embalaje<\/strong>: Listo para montar<\/p>\n<\/div>\n<\/div>\n<p>\n<script src=\"chrome-extension:\/\/fpelahbljekknahkcaegamhcndkfpfnc\/iFrame.js\" type=\"text\/javascript\"><\/script><\/p>","protected":false},"featured_media":2466,"comment_status":"open","ping_status":"closed","template":"","meta":{"_acf_changed":false},"certification":[59,61,60,62],"product_brand":[],"product_cat":[35,83],"product_tag":[],"class_list":{"0":"post-2465","1":"product","2":"type-product","3":"status-publish","4":"has-post-thumbnail","6":"certification-ce","7":"certification-iso-14001","8":"certification-iso-45001","9":"certification-iso-9001","10":"product_cat-bathroom-ceramics-supply","11":"product_cat-wholesale-bathroom-vanity","13":"first","14":"instock","15":"shipping-taxable","16":"product-type-simple"},"acf":[],"_links":{"self":[{"href":"https:\/\/www.linkceramics.com\/es\/wp-json\/wp\/v2\/product\/2465","targetHints":{"allow":["GET"]}}],"collection":[{"href":"https:\/\/www.linkceramics.com\/es\/wp-json\/wp\/v2\/product"}],"about":[{"href":"https:\/\/www.linkceramics.com\/es\/wp-json\/wp\/v2\/types\/product"}],"replies":[{"embeddable":true,"href":"https:\/\/www.linkceramics.com\/es\/wp-json\/wp\/v2\/comments?post=2465"}],"wp:featuredmedia":[{"embeddable":true,"href":"https:\/\/www.linkceramics.com\/es\/wp-json\/wp\/v2\/media\/2466"}],"wp:attachment":[{"href":"https:\/\/www.linkceramics.com\/es\/wp-json\/wp\/v2\/media?parent=2465"}],"wp:term":[{"taxonomy":"certification","embeddable":true,"href":"https:\/\/www.linkceramics.com\/es\/wp-json\/wp\/v2\/certification?post=2465"},{"taxonomy":"product_brand","embeddable":true,"href":"https:\/\/www.linkceramics.com\/es\/wp-json\/wp\/v2\/product_brand?post=2465"},{"taxonomy":"product_cat","embeddable":true,"href":"https:\/\/www.linkceramics.com\/es\/wp-json\/wp\/v2\/product_cat?post=2465"},{"taxonomy":"product_tag","embeddable":true,"href":"https:\/\/www.linkceramics.com\/es\/wp-json\/wp\/v2\/product_tag?post=2465"}],"curies":[{"name":"wp","href":"https:\/\/api.w.org\/{rel}","templated":true}]}}