{"id":2470,"date":"2025-08-20T02:17:11","date_gmt":"2025-08-20T02:17:11","guid":{"rendered":"https:\/\/www.linkceramics.com\/?post_type=product&#038;p=2470"},"modified":"2025-08-20T02:17:13","modified_gmt":"2025-08-20T02:17:13","slug":"bathroom-cabinets-and-vanities-custom","status":"publish","type":"product","link":"https:\/\/www.linkceramics.com\/es\/product\/bathroom-cabinets-and-vanities-custom\/","title":{"rendered":"Armarios y Tocadores de Ba\u00f1o a Medida, Mayorista Tocador con Fregadero Espejo"},"content":{"rendered":"<div class=\"wp-block-columns is-layout-flex wp-container-core-columns-is-layout-9d6595d7 wp-block-columns-is-layout-flex\">\n<div class=\"wp-block-column is-layout-flow wp-block-column-is-layout-flow\" style=\"flex-basis:50%\">\n<h3 class=\"wp-block-heading\">Armarios y tocadores de ba\u00f1o caracter\u00edsticas personalizadas\uff1a<\/h3>\n\n\n\n<ul class=\"wp-block-list\">\n<li>Material de alta calidad: Los gabinetes de ba\u00f1o y tocadores personalizados utilizando material compuesto de pl\u00e1stico Stone, tiene un excelente rendimiento a prueba de agua y humedad y es adecuado para ambientes h\u00famedos de ba\u00f1o.<\/li>\n\n\n\n<li>Aspecto moderno y atmosf\u00e9rico: Los armarios y tocadores de ba\u00f1o a medida con armario gris azulado y el lavabo de cer\u00e1mica blanca se complementan entre s\u00ed, creando una experiencia visual armoniosa y confortable.<\/li>\n\n\n\n<li>Dise\u00f1o \u00fanico del armario con espejo: hay un espejo a la izquierda para satisfacer las necesidades de vestirse y lavarse a diario; el lado derecho es un dise\u00f1o abierto de tres rejillas, que se puede utilizar para colocar los productos de cuidado de la piel y art\u00edculos de tocador de uso com\u00fan.<\/li>\n\n\n\n<li><strong>Espejo antihumedad y antivaho:<\/strong> El espejo tiene una funci\u00f3n antivaho para evitar la interferencia del vapor de agua, y se combina con un armario a prueba de humedad para mantenerlo seco e higi\u00e9nico durante mucho tiempo.<\/li>\n\n\n\n<li><strong>F\u00e1cil de limpiar:<\/strong> En el uso diario, las manchas no se adhieren f\u00e1cilmente. Las manchas de agua, pasta de dientes, etc., pueden eliminarse pasando un pa\u00f1o suave. No es f\u00e1cil ocultar la suciedad y es f\u00e1cil de mantener.<\/li>\n\n\n\n<li><strong>Adaptaci\u00f3n multi-escena:<\/strong> Los armarios y tocadores de ba\u00f1o a medida tienen un dise\u00f1o de tama\u00f1o estandarizado, compatible con la mayor\u00eda de los espacios de ba\u00f1o, aspecto elegante que se adapta a varios estilos de decoraci\u00f3n, y admite combinaciones personalizadas para satisfacer diversas necesidades.<\/li>\n<\/ul>\n<\/div>\n\n\n\n<div class=\"wp-block-column is-layout-flow wp-block-column-is-layout-flow\" style=\"flex-basis:50%\">\n<figure class=\"wp-block-image size-full\"><img decoding=\"async\" width=\"800\" height=\"800\" src=\"https:\/\/www.linkceramics.com\/wp-content\/uploads\/2025\/08\/Bathroom-Cabinets-and-Vanities-Custom-Factory-Wholesale-Bathroom-Vanity-with-Mirror-1.jpg\" alt=\"Armarios y muebles para cuarto de ba\u00f1o - Mayorista de productos personalizados - Lavabo con espejo-1\" class=\"wp-image-2472\" srcset=\"https:\/\/www.linkceramics.com\/wp-content\/uploads\/2025\/08\/Bathroom-Cabinets-and-Vanities-Custom-Factory-Wholesale-Bathroom-Vanity-with-Mirror-1.jpg 800w, https:\/\/www.linkceramics.com\/wp-content\/uploads\/2025\/08\/Bathroom-Cabinets-and-Vanities-Custom-Factory-Wholesale-Bathroom-Vanity-with-Mirror-1-300x300.jpg 300w, https:\/\/www.linkceramics.com\/wp-content\/uploads\/2025\/08\/Bathroom-Cabinets-and-Vanities-Custom-Factory-Wholesale-Bathroom-Vanity-with-Mirror-1-150x150.jpg 150w, https:\/\/www.linkceramics.com\/wp-content\/uploads\/2025\/08\/Bathroom-Cabinets-and-Vanities-Custom-Factory-Wholesale-Bathroom-Vanity-with-Mirror-1-768x768.jpg 768w, https:\/\/www.linkceramics.com\/wp-content\/uploads\/2025\/08\/Bathroom-Cabinets-and-Vanities-Custom-Factory-Wholesale-Bathroom-Vanity-with-Mirror-1-12x12.jpg 12w, https:\/\/www.linkceramics.com\/wp-content\/uploads\/2025\/08\/Bathroom-Cabinets-and-Vanities-Custom-Factory-Wholesale-Bathroom-Vanity-with-Mirror-1-600x600.jpg 600w, https:\/\/www.linkceramics.com\/wp-content\/uploads\/2025\/08\/Bathroom-Cabinets-and-Vanities-Custom-Factory-Wholesale-Bathroom-Vanity-with-Mirror-1-100x100.jpg 100w\" sizes=\"(max-width: 800px) 100vw, 800px\" \/><\/figure>\n<\/div>\n<\/div>","protected":false},"excerpt":{"rendered":"<div id=\"brxe-0ee1ca\" class=\"brxe-product-meta product_meta\">\n<div id=\"brxe-0ee1ca\" class=\"brxe-product-meta product_meta\">\n<p>Bienvenido a comprar los gabinetes de ba\u00f1o y tocadores personalizados, material SPC, gabinetes de espejo multifuncionales, equipados con lavabos de cer\u00e1mica, grifos, etc. Azul, gris y blanco a juego de color es adecuado para varios estilos de ba\u00f1o. Shouya apoya la personalizaci\u00f3n a granel. \u00a1P\u00f3ngase en contacto con nosotros para obtener un presupuesto!<\/p>\n<h2>Armarios y tocadores de ba\u00f1o Atributos\uff1a<\/h2>\n<p><strong>Art\u00edculo No:<\/strong>HR2201-80<strong><br \/>Material del armario:<\/strong>\u00a0Tablero de pl\u00e1stico p\u00e9treo<br \/><strong>Color del armario:<\/strong>\u00a0Azul Gris<br \/><strong>Espejo:<\/strong>\u00a0Espejo LED (3,5 mm \/ 3,8 mm), iluminaci\u00f3n tricolor, desempa\u00f1ado con un solo toque, protegido con embalaje de espuma multicapa<br \/><strong>Tipo de instalaci\u00f3n:<\/strong>\u00a0Montaje en pared<br \/><strong>Dimensiones (L \u00d7 A \u00d7 A):<\/strong>\u00a080*47,5*48cm<br \/><strong>Peso bruto:<\/strong>\u00a032 kg\/set<\/p>\n<h2>Personalizaci\u00f3n y servicios:<\/h2>\n<p><strong>OEM Y ODM<\/strong>: Soporte<br \/><strong>Dise\u00f1o<\/strong>: Gratis<br \/><strong>Accesorios<\/strong>: Lavabos, espejos, grifos y otros accesorios de ba\u00f1o<br \/><strong>Embalaje<\/strong>: Listo para montar<\/p>\n<\/div>\n<\/div>\n<p><script src=\"chrome-extension:\/\/fpelahbljekknahkcaegamhcndkfpfnc\/iFrame.js\" type=\"text\/javascript\"><\/script><\/p>\n<p>\n<script src=\"chrome-extension:\/\/fpelahbljekknahkcaegamhcndkfpfnc\/iFrame.js\" type=\"text\/javascript\"><\/script><\/p>","protected":false},"featured_media":2473,"comment_status":"open","ping_status":"closed","template":"","meta":{"_acf_changed":false},"certification":[59,61,60,62],"product_brand":[],"product_cat":[35,83],"product_tag":[],"class_list":{"0":"post-2470","1":"product","2":"type-product","3":"status-publish","4":"has-post-thumbnail","6":"certification-ce","7":"certification-iso-14001","8":"certification-iso-45001","9":"certification-iso-9001","10":"product_cat-bathroom-ceramics-supply","11":"product_cat-wholesale-bathroom-vanity","13":"first","14":"instock","15":"shipping-taxable","16":"product-type-simple"},"acf":[],"_links":{"self":[{"href":"https:\/\/www.linkceramics.com\/es\/wp-json\/wp\/v2\/product\/2470","targetHints":{"allow":["GET"]}}],"collection":[{"href":"https:\/\/www.linkceramics.com\/es\/wp-json\/wp\/v2\/product"}],"about":[{"href":"https:\/\/www.linkceramics.com\/es\/wp-json\/wp\/v2\/types\/product"}],"replies":[{"embeddable":true,"href":"https:\/\/www.linkceramics.com\/es\/wp-json\/wp\/v2\/comments?post=2470"}],"wp:featuredmedia":[{"embeddable":true,"href":"https:\/\/www.linkceramics.com\/es\/wp-json\/wp\/v2\/media\/2473"}],"wp:attachment":[{"href":"https:\/\/www.linkceramics.com\/es\/wp-json\/wp\/v2\/media?parent=2470"}],"wp:term":[{"taxonomy":"certification","embeddable":true,"href":"https:\/\/www.linkceramics.com\/es\/wp-json\/wp\/v2\/certification?post=2470"},{"taxonomy":"product_brand","embeddable":true,"href":"https:\/\/www.linkceramics.com\/es\/wp-json\/wp\/v2\/product_brand?post=2470"},{"taxonomy":"product_cat","embeddable":true,"href":"https:\/\/www.linkceramics.com\/es\/wp-json\/wp\/v2\/product_cat?post=2470"},{"taxonomy":"product_tag","embeddable":true,"href":"https:\/\/www.linkceramics.com\/es\/wp-json\/wp\/v2\/product_tag?post=2470"}],"curies":[{"name":"wp","href":"https:\/\/api.w.org\/{rel}","templated":true}]}}