{"id":2502,"date":"2025-09-11T02:34:15","date_gmt":"2025-09-11T02:34:15","guid":{"rendered":"https:\/\/www.linkceramics.com\/?post_type=product&#038;p=2502"},"modified":"2025-09-11T02:34:17","modified_gmt":"2025-09-11T02:34:17","slug":"countertop-sinks-in-bulk","status":"publish","type":"product","link":"https:\/\/www.linkceramics.com\/es\/product\/countertop-sinks-in-bulk\/","title":{"rendered":"Fregaderos De Encimera De Tama\u00f1o Mini A Granel, Lavabo De Forma Redonda Personalizado"},"content":{"rendered":"<div class=\"wp-block-columns is-layout-flex wp-container-core-columns-is-layout-9d6595d7 wp-block-columns-is-layout-flex\">\n<div class=\"wp-block-column is-layout-flow wp-block-column-is-layout-flow\" style=\"flex-basis:50%\">\n<h3 class=\"wp-block-heading\">Fregaderos de Encimera Premium a Granel Caracter\u00edsticas:<\/h3>\n\n\n\n<ul class=\"wp-block-list\">\n<li><strong>Dise\u00f1o compacto, adaptaci\u00f3n flexible: <\/strong>Con su tama\u00f1o compacto y dise\u00f1o redondo, nuestro mini fregadero redondo para encimera encaja perfectamente en cualquier espacio. Su aspecto moderno tambi\u00e9n puede mejorar el estilo de decoraci\u00f3n general y resolver problemas de dise\u00f1o para espacios peque\u00f1os.<\/li>\n\n\n\n<li><strong>Buen material:<\/strong> Nuestros fregaderos para encimeras al por mayor est\u00e1n fabricados con materiales cer\u00e1micos de alta calidad que presentan una excelente durabilidad y resistencia a las manchas. Incluso despu\u00e9s de ser utilizado repetidamente, puede aparecer como nuevo. Adem\u00e1s, es f\u00e1cil de mantener, lo que reduce el trabajo de mantenimiento. Al mismo tiempo, es f\u00e1cil de limpiar, lo que reduce el trabajo de mantenimiento.<\/li>\n\n\n\n<li><strong>Embalaje personalizado:<\/strong> Ofrecemos soluciones de envasado a medida para fregaderos de encimera a granel y podemos dise\u00f1ar envases exclusivos seg\u00fan las necesidades de los clientes, como la imagen de marca, los requisitos del producto y el posicionamiento en el mercado.<\/li>\n\n\n\n<li><strong>Descuentos por compras al por mayor, ahorro de costes:<\/strong> Nuestros fregaderos de encimera al por mayor ofrecen descuentos competitivos para compras a gran escala, ayud\u00e1ndole a reducir significativamente los costes.<\/li>\n<\/ul>\n<\/div>\n\n\n\n<div class=\"wp-block-column is-layout-flow wp-block-column-is-layout-flow\" style=\"flex-basis:50%\">\n<figure class=\"wp-block-image size-full\"><img decoding=\"async\" width=\"750\" height=\"750\" src=\"https:\/\/www.linkceramics.com\/wp-content\/uploads\/2025\/09\/mini-size-countertop-sinks-in-bulk-round-shape-basin-custom-1.webp\" alt=\"fregadero sobre encimera miniatura a granel con forma redonda lavabo personalizado-1\" class=\"wp-image-2503\" srcset=\"https:\/\/www.linkceramics.com\/wp-content\/uploads\/2025\/09\/mini-size-countertop-sinks-in-bulk-round-shape-basin-custom-1.webp 750w, https:\/\/www.linkceramics.com\/wp-content\/uploads\/2025\/09\/mini-size-countertop-sinks-in-bulk-round-shape-basin-custom-1-300x300.webp 300w, https:\/\/www.linkceramics.com\/wp-content\/uploads\/2025\/09\/mini-size-countertop-sinks-in-bulk-round-shape-basin-custom-1-150x150.webp 150w, https:\/\/www.linkceramics.com\/wp-content\/uploads\/2025\/09\/mini-size-countertop-sinks-in-bulk-round-shape-basin-custom-1-12x12.webp 12w, https:\/\/www.linkceramics.com\/wp-content\/uploads\/2025\/09\/mini-size-countertop-sinks-in-bulk-round-shape-basin-custom-1-600x600.webp 600w, https:\/\/www.linkceramics.com\/wp-content\/uploads\/2025\/09\/mini-size-countertop-sinks-in-bulk-round-shape-basin-custom-1-100x100.webp 100w\" sizes=\"(max-width: 750px) 100vw, 750px\" \/><\/figure>\n<\/div>\n<\/div>","protected":false},"excerpt":{"rendered":"<div id=\"brxe-0ee1ca\" class=\"brxe-product-meta product_meta\">\n<div id=\"brxe-0ee1ca\" class=\"brxe-product-meta product_meta\">Bienvenido a comprar los fregaderos de encimera al por mayor. Nuestros mini fregaderos de encimera redondos al por mayor tienen un dise\u00f1o compacto y moderno que encaja en cualquier espacio, ya sea de uso dom\u00e9stico o comercial. Est\u00e1n construidos con buenos materiales y tienen una larga vida \u00fatil a la vez que son muy c\u00f3modos de manejar. Ofrecemos un servicio de embalaje personalizado para ajustarnos a sus necesidades espec\u00edficas, y tarifas preferentes si compra al por mayor, ideal para grandes cantidades<\/div>\n<\/div>\n<div id=\"brxe-8c5ca9\" class=\"brxe-product-short-description\">\n<div class=\"woocommerce-product-details__short-description\">\n<h2>Fregaderos de Encimera a Granel Especificaciones:<\/h2>\n<table border=\"0\" width=\"311\" cellspacing=\"0\" cellpadding=\"0\">\n<tbody>\n<tr>\n<td width=\"108\" height=\"17\">Fabricante<\/td>\n<td width=\"202\">HanYu<\/td>\n<\/tr>\n<tr>\n<td height=\"17\">N\u00ba de modelo<\/td>\n<td>HY-8200<\/td>\n<\/tr>\n<tr>\n<td height=\"18\">Tipo<\/td>\n<td width=\"202\">Lavabo sobre encimera<\/td>\n<\/tr>\n<tr>\n<td height=\"17\">Forma<\/td>\n<td>Forma redonda<\/td>\n<\/tr>\n<tr>\n<td height=\"18\">Color<\/td>\n<td width=\"202\">Blanco<\/td>\n<\/tr>\n<tr>\n<td height=\"18\">Dimensi\u00f3n<\/td>\n<td width=\"202\">20*20*9<\/td>\n<\/tr>\n<tr>\n<td height=\"17\">N.W \/SET<\/td>\n<td>5KGS\/PCS<\/td>\n<\/tr>\n<tr>\n<td height=\"17\">MOQ<\/td>\n<td>20 piezas<\/td>\n<\/tr>\n<tr>\n<td height=\"17\">Opci\u00f3n personalizada<\/td>\n<td>Color\/Patr\u00f3n\/Tama\u00f1o\/Logotipo\/Embalaje<\/td>\n<\/tr>\n<\/tbody>\n<\/table>\n<p><\/div>\n<\/div>","protected":false},"featured_media":2506,"comment_status":"open","ping_status":"closed","template":"","meta":{"_acf_changed":false},"certification":[59,61,60,62],"product_brand":[],"product_cat":[35,21],"product_tag":[],"class_list":{"0":"post-2502","1":"product","2":"type-product","3":"status-publish","4":"has-post-thumbnail","6":"certification-ce","7":"certification-iso-14001","8":"certification-iso-45001","9":"certification-iso-9001","10":"product_cat-bathroom-ceramics-supply","11":"product_cat-wholesale-ceramic-basin","13":"first","14":"instock","15":"shipping-taxable","16":"product-type-simple"},"acf":[],"_links":{"self":[{"href":"https:\/\/www.linkceramics.com\/es\/wp-json\/wp\/v2\/product\/2502","targetHints":{"allow":["GET"]}}],"collection":[{"href":"https:\/\/www.linkceramics.com\/es\/wp-json\/wp\/v2\/product"}],"about":[{"href":"https:\/\/www.linkceramics.com\/es\/wp-json\/wp\/v2\/types\/product"}],"replies":[{"embeddable":true,"href":"https:\/\/www.linkceramics.com\/es\/wp-json\/wp\/v2\/comments?post=2502"}],"wp:featuredmedia":[{"embeddable":true,"href":"https:\/\/www.linkceramics.com\/es\/wp-json\/wp\/v2\/media\/2506"}],"wp:attachment":[{"href":"https:\/\/www.linkceramics.com\/es\/wp-json\/wp\/v2\/media?parent=2502"}],"wp:term":[{"taxonomy":"certification","embeddable":true,"href":"https:\/\/www.linkceramics.com\/es\/wp-json\/wp\/v2\/certification?post=2502"},{"taxonomy":"product_brand","embeddable":true,"href":"https:\/\/www.linkceramics.com\/es\/wp-json\/wp\/v2\/product_brand?post=2502"},{"taxonomy":"product_cat","embeddable":true,"href":"https:\/\/www.linkceramics.com\/es\/wp-json\/wp\/v2\/product_cat?post=2502"},{"taxonomy":"product_tag","embeddable":true,"href":"https:\/\/www.linkceramics.com\/es\/wp-json\/wp\/v2\/product_tag?post=2502"}],"curies":[{"name":"wp","href":"https:\/\/api.w.org\/{rel}","templated":true}]}}