{"id":2508,"date":"2025-09-11T03:16:38","date_gmt":"2025-09-11T03:16:38","guid":{"rendered":"https:\/\/www.linkceramics.com\/?post_type=product&#038;p=2508"},"modified":"2025-09-11T03:16:40","modified_gmt":"2025-09-11T03:16:40","slug":"corner-wall-hang-basin-wholesale","status":"publish","type":"product","link":"https:\/\/www.linkceramics.com\/es\/product\/corner-wall-hang-basin-wholesale\/","title":{"rendered":"Lavabo Esquinero de Pared al por Mayor, Lavabo Esquinero de Cer\u00e1mica a Medida"},"content":{"rendered":"<div class=\"wp-block-columns is-layout-flex wp-container-core-columns-is-layout-9d6595d7 wp-block-columns-is-layout-flex\">\n<div class=\"wp-block-column is-layout-flow wp-block-column-is-layout-flow\" style=\"flex-basis:50%\">\n<h3 class=\"wp-block-heading\">Lavabo de Esquina Premium para Colgar en la Pared al por Mayor Caracter\u00edsticas<\/h3>\n\n\n\n<ul class=\"wp-block-list\">\n<li><strong>Dise\u00f1o esquinero que ahorra espacio:<\/strong> Este lavabo de esquina colgado de la pared al por mayor est\u00e1 dise\u00f1ado para cuartos de ba\u00f1o peque\u00f1os o espacios compactos, aprovechando al m\u00e1ximo la posici\u00f3n esquinera y mejorando la eficiencia en el uso del espacio. Es muy ideal para zonas como viviendas, hoteles y complejos empresariales en los que se debe conservar el espacio.<\/li>\n\n\n\n<li><strong>Productos cer\u00e1micos cocidos a alta temperatura:<\/strong> Nuestro fregadero esquinero a medida est\u00e1 hecho de cer\u00e1mica de alta calidad, cocida a alta temperatura con una superficie lisa y elegante. Tiene buena resistencia a los ara\u00f1azos, resistencia a las manchas y durabilidad, lo que garantiza que nunca perder\u00e1 su brillo y luminosidad despu\u00e9s de un uso prolongado, y se puede mantener limpio y mantener f\u00e1cilmente.<\/li>\n\n\n\n<li><strong>Montaje en pared:<\/strong> Este dise\u00f1o de lavabo colgante de esquina al por mayor no s\u00f3lo ahorra espacio en el suelo, sino que tambi\u00e9n proporciona una sensaci\u00f3n general de amplitud al cuarto de ba\u00f1o.<\/li>\n\n\n\n<li><strong>Apoyo a los servicios personalizados:<\/strong> Proporcionamos servicios personalizados para fregaderos de esquina a medida en una variedad de tama\u00f1os, colores y formas, que se pueden adaptar seg\u00fan los diferentes requisitos del proyecto para satisfacer los requisitos de dise\u00f1o personalizado de la decoraci\u00f3n del hogar, proyectos hoteleros o proyectos comerciales.<\/li>\n<\/ul>\n<\/div>\n\n\n\n<div class=\"wp-block-column is-layout-flow wp-block-column-is-layout-flow\" style=\"flex-basis:50%\">\n<figure class=\"wp-block-image size-full\"><img decoding=\"async\" width=\"573\" height=\"800\" src=\"https:\/\/www.linkceramics.com\/wp-content\/uploads\/2025\/09\/corner-wall-hang-basin-wholesale-custom-ceramic-corner-sink-6.webp\" alt=\"lavabo esquinero colgante al por mayor - fregadero esquinero de cer\u00e1mica personalizado - 6\" class=\"wp-image-2514\" srcset=\"https:\/\/www.linkceramics.com\/wp-content\/uploads\/2025\/09\/corner-wall-hang-basin-wholesale-custom-ceramic-corner-sink-6.webp 573w, https:\/\/www.linkceramics.com\/wp-content\/uploads\/2025\/09\/corner-wall-hang-basin-wholesale-custom-ceramic-corner-sink-6-215x300.webp 215w, https:\/\/www.linkceramics.com\/wp-content\/uploads\/2025\/09\/corner-wall-hang-basin-wholesale-custom-ceramic-corner-sink-6-9x12.webp 9w\" sizes=\"(max-width: 573px) 100vw, 573px\" \/><\/figure>\n<\/div>\n<\/div>\n\n\n\n<p><\/p>","protected":false},"excerpt":{"rendered":"<div id=\"brxe-0ee1ca\" class=\"brxe-product-meta product_meta\">\n<div id=\"brxe-0ee1ca\" class=\"brxe-product-meta product_meta\">Bienvenido al fregadero de esquina personalizado.Lavabo de esquina colgante de calidad al por mayor con un dise\u00f1o que ahorra espacio, ideal para ba\u00f1os peque\u00f1os y proyectos comerciales. Hecho de cer\u00e1mica duradera con opciones personalizables, nuestros fregaderos de esquina personalizados combinan elegancia, practicidad y f\u00e1cil mantenimiento.<\/div>\n<\/div>\n<div id=\"brxe-8c5ca9\" class=\"brxe-product-short-description\">\n<div class=\"woocommerce-product-details__short-description\">\n<h2>Lavabo Esquinero de Pared al por Mayor Especificaciones:<\/h2>\n<table border=\"0\" width=\"478\" cellspacing=\"0\" cellpadding=\"0\">\n<tbody>\n<tr>\n<td width=\"166\" height=\"23\">Fabricante<\/td>\n<td width=\"312\">HanYu<\/td>\n<\/tr>\n<tr>\n<td height=\"23\">N\u00ba de modelo<\/td>\n<td>HY-3042<\/td>\n<\/tr>\n<tr>\n<td height=\"23\">Tipo<\/td>\n<td width=\"312\">Fregaderos murales, lavabos peque\u00f1os<\/td>\n<\/tr>\n<tr>\n<td height=\"24\">Forma<\/td>\n<td>Forma redonda<\/td>\n<\/tr>\n<tr>\n<td height=\"46\">Color<\/td>\n<td width=\"312\">negro\/blanco\/azul\/gris\/rosa\/verde\/marr\u00f3n\/caqui<\/td>\n<\/tr>\n<tr>\n<td height=\"24\">Dimensi\u00f3n<\/td>\n<td width=\"312\">31*43*12.5<\/td>\n<\/tr>\n<tr>\n<td height=\"23\">N.W \/SET<\/td>\n<td>7KGS\/PCS<\/td>\n<\/tr>\n<tr>\n<td height=\"23\">MOQ<\/td>\n<td>20 piezas<\/td>\n<\/tr>\n<tr>\n<td height=\"23\">Opci\u00f3n personalizada<\/td>\n<td>Color\/Patr\u00f3n\/Tama\u00f1o\/Logotipo\/Embalaje<\/td>\n<\/tr>\n<\/tbody>\n<\/table>\n<p><\/div>\n<\/div>","protected":false},"featured_media":2512,"comment_status":"open","ping_status":"closed","template":"","meta":{"_acf_changed":true},"certification":[59,61,60,62],"product_brand":[],"product_cat":[35,21],"product_tag":[],"class_list":{"0":"post-2508","1":"product","2":"type-product","3":"status-publish","4":"has-post-thumbnail","6":"certification-ce","7":"certification-iso-14001","8":"certification-iso-45001","9":"certification-iso-9001","10":"product_cat-bathroom-ceramics-supply","11":"product_cat-wholesale-ceramic-basin","13":"first","14":"instock","15":"shipping-taxable","16":"product-type-simple"},"acf":[],"_links":{"self":[{"href":"https:\/\/www.linkceramics.com\/es\/wp-json\/wp\/v2\/product\/2508","targetHints":{"allow":["GET"]}}],"collection":[{"href":"https:\/\/www.linkceramics.com\/es\/wp-json\/wp\/v2\/product"}],"about":[{"href":"https:\/\/www.linkceramics.com\/es\/wp-json\/wp\/v2\/types\/product"}],"replies":[{"embeddable":true,"href":"https:\/\/www.linkceramics.com\/es\/wp-json\/wp\/v2\/comments?post=2508"}],"wp:featuredmedia":[{"embeddable":true,"href":"https:\/\/www.linkceramics.com\/es\/wp-json\/wp\/v2\/media\/2512"}],"wp:attachment":[{"href":"https:\/\/www.linkceramics.com\/es\/wp-json\/wp\/v2\/media?parent=2508"}],"wp:term":[{"taxonomy":"certification","embeddable":true,"href":"https:\/\/www.linkceramics.com\/es\/wp-json\/wp\/v2\/certification?post=2508"},{"taxonomy":"product_brand","embeddable":true,"href":"https:\/\/www.linkceramics.com\/es\/wp-json\/wp\/v2\/product_brand?post=2508"},{"taxonomy":"product_cat","embeddable":true,"href":"https:\/\/www.linkceramics.com\/es\/wp-json\/wp\/v2\/product_cat?post=2508"},{"taxonomy":"product_tag","embeddable":true,"href":"https:\/\/www.linkceramics.com\/es\/wp-json\/wp\/v2\/product_tag?post=2508"}],"curies":[{"name":"wp","href":"https:\/\/api.w.org\/{rel}","templated":true}]}}