{"id":2515,"date":"2025-09-11T05:45:52","date_gmt":"2025-09-11T05:45:52","guid":{"rendered":"https:\/\/www.linkceramics.com\/?post_type=product&#038;p=2515"},"modified":"2025-09-11T06:06:45","modified_gmt":"2025-09-11T06:06:45","slug":"ceramic-vase-wholesale","status":"publish","type":"product","link":"https:\/\/www.linkceramics.com\/es\/product\/ceramic-vase-wholesale\/","title":{"rendered":"Solecasa Jarr\u00f3n de Cer\u00e1mica al por mayor, Elegantes Floreros Verdes"},"content":{"rendered":"<div class=\"wp-block-columns is-layout-flex wp-container-core-columns-is-layout-9d6595d7 wp-block-columns-is-layout-flex\">\n<div class=\"wp-block-column is-layout-flow wp-block-column-is-layout-flow\" style=\"flex-basis:50%\">\n<h3 class=\"wp-block-heading\">Premium Jarr\u00f3n de cer\u00e1mica al por mayor Caracter\u00edsticas:<\/h3>\n\n\n\n<ul class=\"wp-block-list\">\n<li><strong>Forma de botella llena:<\/strong> Este jarr\u00f3n de cer\u00e1mica al por mayor combina practicidad y belleza art\u00edstica, con un dise\u00f1o de contorno redondo y n\u00edtido, una forma limpia y atmosf\u00e9rica, y realza el nivel de decoraci\u00f3n del espacio.<\/li>\n\n\n\n<li><strong>El elemento del color y el color del confort: <\/strong>El color beige y el color verde utilizados en nuestros floreros a granel dan el efecto natural de un ambiente aireado y fresco para estilos de decoraci\u00f3n del hogar como el moderno, pastoral y elegante.<\/li>\n\n\n\n<li><strong>Motivo floral en l\u00ednea verde: <\/strong>Este jarr\u00f3n de cer\u00e1mica al por mayor es sencillo y exquisito, con flores pintadas a mano que embellecen el cuerpo de la botella, presentando una atm\u00f3sfera de vivacidad art\u00edstica y naturalidad.<\/li>\n\n\n\n<li><strong>Material cer\u00e1mico de alta temperatura:<\/strong> El material de nuestros jarrones de flores a granel es delicado y suave, estable y duradero, material grueso y superficie lisa; ambos estilos son adecuados para el uso diario o la exhibici\u00f3n de arte.<\/li>\n\n\n\n<li><strong>Adaptable a m\u00faltiples escenarios:<\/strong> Nuestro jarr\u00f3n de cer\u00e1mica al por mayor es adecuado para la venta al por menor, para regalar o para ambientar espacios. Tambi\u00e9n se puede utilizar como regalo festivo, decoraci\u00f3n de tiendas o decoraci\u00f3n del hogar.<\/li>\n<\/ul>\n<\/div>\n\n\n\n<div class=\"wp-block-column is-layout-flow wp-block-column-is-layout-flow\" style=\"flex-basis:50%\">\n<figure class=\"wp-block-image size-full\"><img decoding=\"async\" width=\"1440\" height=\"1440\" src=\"https:\/\/www.linkceramics.com\/wp-content\/uploads\/2025\/09\/Solecasa-Ceramic-Vase-wholesale-Elegant-Green-Flower-Vases.webp\" alt=\"Solecasa-Mayorista de floreros de cer\u00e1mica-verde-elegante\" class=\"wp-image-2516\" srcset=\"https:\/\/www.linkceramics.com\/wp-content\/uploads\/2025\/09\/Solecasa-Ceramic-Vase-wholesale-Elegant-Green-Flower-Vases.webp 1440w, https:\/\/www.linkceramics.com\/wp-content\/uploads\/2025\/09\/Solecasa-Ceramic-Vase-wholesale-Elegant-Green-Flower-Vases-300x300.webp 300w, https:\/\/www.linkceramics.com\/wp-content\/uploads\/2025\/09\/Solecasa-Ceramic-Vase-wholesale-Elegant-Green-Flower-Vases-150x150.webp 150w, https:\/\/www.linkceramics.com\/wp-content\/uploads\/2025\/09\/Solecasa-Ceramic-Vase-wholesale-Elegant-Green-Flower-Vases-768x768.webp 768w, https:\/\/www.linkceramics.com\/wp-content\/uploads\/2025\/09\/Solecasa-Ceramic-Vase-wholesale-Elegant-Green-Flower-Vases-12x12.webp 12w, https:\/\/www.linkceramics.com\/wp-content\/uploads\/2025\/09\/Solecasa-Ceramic-Vase-wholesale-Elegant-Green-Flower-Vases-1200x1200.webp 1200w, https:\/\/www.linkceramics.com\/wp-content\/uploads\/2025\/09\/Solecasa-Ceramic-Vase-wholesale-Elegant-Green-Flower-Vases-600x600.webp 600w, https:\/\/www.linkceramics.com\/wp-content\/uploads\/2025\/09\/Solecasa-Ceramic-Vase-wholesale-Elegant-Green-Flower-Vases-100x100.webp 100w\" sizes=\"(max-width: 1440px) 100vw, 1440px\" \/><\/figure>\n<\/div>\n<\/div>\n\n\n\n<p><\/p>","protected":false},"excerpt":{"rendered":"<div id=\"brxe-0ee1ca\" class=\"brxe-product-meta product_meta\">\n<p>Bienvenido a comprar jarrones para flores al por mayor. Este jarr\u00f3n de cer\u00e1mica al por mayor adopta un dise\u00f1o de botella llena con l\u00edneas suaves y redondeadas, mostrando una belleza oriental suave y elegante. La combinaci\u00f3n de colores beige y verde es natural y armoniosa, fresca y elegante.<\/p>\n<\/div>\n<div id=\"brxe-8c5ca9\" class=\"brxe-product-short-description\">\n<div class=\"woocommerce-product-details__short-description\">\n<h2>Solecasa Jarr\u00f3n de cer\u00e1mica al por mayor Especificaciones:<\/h2>\n<div id=\"brxe-e78fbc\" class=\"brxe-product-short-description brxe-text-basic\">\n<div class=\"woocommerce-product-details__short-description\">\n<table border=\"0\" width=\"370\" cellspacing=\"0\" cellpadding=\"0\">\n<tbody>\n<tr>\n<td width=\"139\" height=\"18\">Fabricante<\/td>\n<td width=\"231\">SOLECASA<\/td>\n<\/tr>\n<tr>\n<td width=\"139\" height=\"18\">Colecci\u00f3n Pertenecer<\/td>\n<td width=\"231\">Momentos verdes<\/td>\n<\/tr>\n<tr>\n<td width=\"139\" height=\"18\">Tipo de producto<\/td>\n<td width=\"231\">Jarr\u00f3n en esmalte<\/td>\n<\/tr>\n<tr>\n<td width=\"139\" height=\"18\">N\u00famero de modelo<\/td>\n<td width=\"231\">17772F03838-XG-CH5<\/td>\n<\/tr>\n<tr>\n<td width=\"139\" height=\"18\">Material<\/td>\n<td width=\"231\">Porcelana<\/td>\n<\/tr>\n<tr>\n<td width=\"139\" height=\"18\">Dimensi\u00f3n<\/td>\n<td width=\"231\">140 mm<\/td>\n<\/tr>\n<tr>\n<td width=\"139\" height=\"18\">MOQ<\/td>\n<td width=\"231\">MOQ bajo<\/td>\n<\/tr>\n<tr>\n<td width=\"139\" height=\"18\">Muestra gratuita<\/td>\n<td width=\"231\">Disponible<\/td>\n<\/tr>\n<tr>\n<td width=\"139\" height=\"18\">Opci\u00f3n personalizada<\/td>\n<td width=\"231\">Color\/Tama\u00f1o\/Glaseado\/Logotipo\/Embalaje<\/td>\n<\/tr>\n<\/tbody>\n<\/table>\n<\/div>\n<\/div>\n<div id=\"brxe-93988a\" class=\"brxe-block\">\u00a0<\/div>\n<\/div>\n<\/div>\n<p><script src=\"chrome-extension:\/\/fpelahbljekknahkcaegamhcndkfpfnc\/iFrame.js\" type=\"text\/javascript\"><\/script><\/p>","protected":false},"featured_media":2516,"comment_status":"open","ping_status":"closed","template":"","meta":{"_acf_changed":false},"certification":[63,64,66,58,65,61,60,62,57],"product_brand":[],"product_cat":[37,17],"product_tag":[],"class_list":{"0":"post-2515","1":"product","2":"type-product","3":"status-publish","4":"has-post-thumbnail","6":"certification-amfori","7":"certification-bsci","8":"certification-cnas","9":"certification-fda","10":"certification-iaf","11":"certification-iso-14001","12":"certification-iso-45001","13":"certification-iso-9001","14":"certification-lfgb","15":"product_cat-decorative-ceramic-wholesale","16":"product_cat-ceramic-vases-wholesale","18":"first","19":"instock","20":"shipping-taxable","21":"product-type-simple"},"acf":[],"_links":{"self":[{"href":"https:\/\/www.linkceramics.com\/es\/wp-json\/wp\/v2\/product\/2515","targetHints":{"allow":["GET"]}}],"collection":[{"href":"https:\/\/www.linkceramics.com\/es\/wp-json\/wp\/v2\/product"}],"about":[{"href":"https:\/\/www.linkceramics.com\/es\/wp-json\/wp\/v2\/types\/product"}],"replies":[{"embeddable":true,"href":"https:\/\/www.linkceramics.com\/es\/wp-json\/wp\/v2\/comments?post=2515"}],"wp:featuredmedia":[{"embeddable":true,"href":"https:\/\/www.linkceramics.com\/es\/wp-json\/wp\/v2\/media\/2516"}],"wp:attachment":[{"href":"https:\/\/www.linkceramics.com\/es\/wp-json\/wp\/v2\/media?parent=2515"}],"wp:term":[{"taxonomy":"certification","embeddable":true,"href":"https:\/\/www.linkceramics.com\/es\/wp-json\/wp\/v2\/certification?post=2515"},{"taxonomy":"product_brand","embeddable":true,"href":"https:\/\/www.linkceramics.com\/es\/wp-json\/wp\/v2\/product_brand?post=2515"},{"taxonomy":"product_cat","embeddable":true,"href":"https:\/\/www.linkceramics.com\/es\/wp-json\/wp\/v2\/product_cat?post=2515"},{"taxonomy":"product_tag","embeddable":true,"href":"https:\/\/www.linkceramics.com\/es\/wp-json\/wp\/v2\/product_tag?post=2515"}],"curies":[{"name":"wp","href":"https:\/\/api.w.org\/{rel}","templated":true}]}}